{"id":15840,"date":"2026-03-02T17:00:29","date_gmt":"2026-03-02T14:00:29","guid":{"rendered":"https:\/\/aura-istanbul.com\/?page_id=15840"},"modified":"2026-03-02T17:00:29","modified_gmt":"2026-03-02T14:00:29","slug":"aura-alumni-alim-yildirim","status":"publish","type":"page","link":"https:\/\/aura-istanbul.com\/index.php\/aura-alumni-alim-yildirim\/","title":{"rendered":"AURA Alumni: Al\u0131m Y\u0131ld\u0131r\u0131m"},"content":{"rendered":"<div class=\"wpb-content-wrapper\"><p>[vc_section][vc_row][vc_column width=&#8221;1\/6&#8243;][vc_single_image image=&#8221;15850&#8243; img_size=&#8221;large&#8221; alignment=&#8221;center&#8221; css=&#8221;&#8221;][vc_empty_space][vc_column_text css=&#8221;&#8221;]<strong>Al\u0131m Y\u0131ld\u0131r\u0131m<\/strong>[\/vc_column_text][vc_empty_space height=&#8221;16px&#8221;][vc_column_text css=&#8221;&#8221;]Mimarl\u0131k<br \/>\nMimar Sinan G\u00fczel Sanatlar \u00dcniversitesi<\/p>\n<p><span data-sheets-root=\"1\">\u00a0<\/span><\/p>\n<p>G\u00fcz 2025<br \/>\nDan\u0131\u015fman: H\u00fcseyin Yanar[\/vc_column_text][vc_empty_space][vc_row_inner][vc_column_inner width=&#8221;1\/4&#8243;][\/vc_column_inner][vc_column_inner width=&#8221;1\/4&#8243;][vc_icon icon_fontawesome=&#8221;fa fa-brands fa-linkedin&#8221; color=&#8221;chino&#8221; size=&#8221;xs&#8221; css=&#8221;&#8221; link=&#8221;url:https%3A%2F%2Fwww.linkedin.com%2Fin%2Fal%25C4%25B1m-y%25C4%25B1ld%25C4%25B1r%25C4%25B1m-ab36bb217%2F&#8221;][\/vc_column_inner][vc_column_inner width=&#8221;1\/4&#8243;][\/vc_column_inner][vc_column_inner width=&#8221;1\/4&#8243;][\/vc_column_inner][\/vc_row_inner][\/vc_column][vc_column width=&#8221;2\/3&#8243;][vc_empty_space][vc_column_text css=&#8221;&#8221;]<\/p>\n<p style=\"text-align: left;\"><strong>Sanat ve Mimarl\u0131k: S I N I R L A R<\/strong><\/p>\n<p>[\/vc_column_text][vc_empty_space][vc_column_text css=&#8221;&#8221;]<b>1- Beni Anlatan Bir \u015eey: Ben : <\/b><span style=\"font-weight: 400;\">B\u00fck\u00fclm\u00fc\u015f al\u00fcminyum bant ile yazd\u0131\u011f\u0131m \u201cal\u0131m\u201d\u0131n \u00fczerine ast\u0131\u011f\u0131m \u00e7e\u015fitli nesneler ile her an yeniden kurulabilir hareketli ve sesli bir heykelcik.<br \/>\n<\/span><em>1- Something That Describes Me: Me: <span style=\"font-weight: 400;\">A kinetic and sound-producing small sculpture, reconfigurable at any moment, composed of various objects suspended from the word \u201cal\u0131m,\u201d which I formed using bent aluminum wire.<\/span><\/em><\/p>\n<p><strong>2- Ve-ne-dik?: <\/strong><span style=\"font-weight: 400;\">Kap\u0131 zilleri, direkler ve g\u00f6lgeler gibi Venedik\u2019te olduk\u00e7a g\u00f6r\u00fcn\u00fcr olan \u00fc\u00e7 eleman\u0131 soyutlay\u0131p yeniden bir araya getirmek i\u00e7in g\u00f6lgesiyle birlikte tasarlanan bir enstalasyon.<br \/>\n<\/span><em>2- Ve ne zia: An installation designed together with its shadow, abstracting and reassembling three elements that are highly visible in Venice: doorbells, poles, and shadows.<\/em><\/p>\n<p><strong>3- <\/strong><i>Seppo Salminen ile <\/i><strong>Irritating: <span style=\"font-weight: 400;\">Kentte bak\u0131ms\u0131zl\u0131\u011fa terk edilen veya oldu\u011fu gibi g\u00f6r\u00fcnmeyen \u00f6geler beni rahats\u0131z ediyor. <\/span><span style=\"font-weight: 400;\"><br \/>\n<\/span><span style=\"font-weight: 400;\">Tam da bu y\u00fczden Be\u015fikta\u015f\u2019taki bu saatin beni irite etti\u011fi gibi ben de onu sallayarak onun \u2018irite edicisi\u2019 olmak istedim.<br \/>\n<\/span><\/strong><em>3- Irritating: Elements in the city that are left neglected or that do not appear as they truly are disturb me. <\/em><em>For this very reason, just as this clock in Be\u015fikta\u015f irritated me, I wanted to become its irritant by setting it in motion.<\/em><\/p>\n<p>4- <b>Ahtapotun S\u00fcreci: <\/b><span style=\"font-weight: 400;\">\u00c7izgisel bir ahtapot \u00e7izim ile ba\u015flayan s\u00fcre\u00e7, Ayd\u0131n\u2019da yol kenar\u0131ndaki jeotermal borular\u0131n bir land-art gibi \u00e7evresini sarmas\u0131ndan yola \u00e7\u0131karak AURA Istanbul\u2019un teras\u0131nda borular ile yapt\u0131\u011f\u0131m bir performans ve videoya d\u00f6n\u00fc\u015ft\u00fc.<br \/>\n<\/span><em>4- Process of Octopus: The process, which began with a linear octopus drawing, evolved into a performance and video I created on the terrace of AURA Istanbul using pipes, inspired by the way geothermal pipes along the roadside in Ayd\u0131n wrap around their surroundings.<\/em><\/p>\n<p><strong>5-<\/strong> <b><\/b><i><span style=\"font-weight: 400;\">Samuli Woolston ile <\/span><\/i><b>Sounds of Bosphorus: <\/b><span style=\"font-weight: 400;\">Be\u015fikta\u015f Meydan\u0131 i\u00e7in mevcut i\u015flevsiz platformlar \u00fczerine a\u015fa\u011f\u0131dan deniz suyu ile ba\u011flant\u0131l\u0131 bak\u0131r yar\u0131mk\u00fcreler yerle\u015ftirilerek dalga vurduk\u00e7a Bo\u011faz\u2019\u0131n sesinin dinlenebilece\u011fi bir enstalasyon tasarlanm\u0131\u015ft\u0131r.<br \/>\n<\/span><em>5- Sounds of Bosphorus: <span style=\"font-weight: 400;\">An installation was designed for Be\u015fikta\u015f Square in which copper hemispheres, connected to seawater from below, are placed on the existing unused platforms, allowing the sound of the Bosphorus to be heard as the waves strike.<\/span><\/em><\/p>\n<p><strong>6-<\/strong> <b>Olas\u0131l\u0131klar\u0131n Maketi<\/b><b>: <\/b><span style=\"font-weight: 400;\">Nysa Antik Kenti forum ve \u00e7ar\u015f\u0131 bazilikas\u0131n\u0131n par\u00e7alanm\u0131\u015f izleri \u00fczerinde, tamamlanmam\u0131\u015f ve spek\u00fclatif bir sahne tasar\u0131m\u0131, olas\u0131l\u0131klar\u0131n maketi olarak sunulmu\u015ftur.<br \/>\n<\/span><em><span style=\"font-weight: 400;\">Foto\u011fraf: A. Atakan Keskin<br \/>\n<\/span><\/em><em>6- Model of Possibilities: On the fragmented traces of the forum and the basilica of the agora in the Ancient City of Nysa, an unfinished and speculative stage design was presented as a model of possibilities.<\/em><\/p>\n<p><em>Photograph: A. Atakan Keskin<\/em><\/p>\n<p><strong>7-<\/strong> <i><span style=\"font-weight: 400;\">Kaarina Kaikkonen ile <\/span><\/i><b>Icebreaker: <\/b><span style=\"font-weight: 400;\">Benim ate\u015fle aramdaki buzlar\u0131 eriten bir ara\u00e7 olarak tan\u0131mlad\u0131\u011f\u0131m bu i\u015f, kendi g\u00fcvenli alan\u0131mdan \u00e7\u0131kmam i\u00e7in beni \u00e7ocuklu\u011fumla ve an\u0131lar\u0131mla y\u00fczle\u015ftirdi.<br \/>\n<\/span><span style=\"font-weight: 400;\">Buzun i\u00e7inde yak\u0131lan ate\u015f ile eriyen buzu ve o eridik\u00e7e g\u00fc\u00e7lenen \u0131\u015f\u0131\u011f\u0131 deneyimlemek<br \/>\n<\/span><em>7- Icebreaker: This work, which I describe as an icebreaker between me and fire, confronted me with my childhood and my memories in order to push me out of my comfort zone.<br \/>\n<\/em><em>To experience the melting ice ignited from within, and the light that grows stronger as it melts\u2026<\/em><\/p>\n<p><strong>8-<\/strong> <b>Pazardan Cumaya: <\/b>Pazardan Cumaya, LIMINALXIII kolektifi taraf\u0131ndan geli\u015ftirilen bir kamusal mek\u00e2n projesidir. Farkl\u0131 disiplinlerden bir araya gelen ekibin ortak \u00fcretim s\u00fcrecinden do\u011fan \u00e7al\u0131\u015fma, nesne \u00fcretmekten \u00e7ok ili\u015fkiler, kar\u015f\u0131la\u015fmalar ve g\u00fcndelik kamusal deneyimler olu\u015fturmay\u0131 hedefler.<br \/>\nProje, \u0130stanbul Be\u015fikta\u015f\u2019taki pazar alan\u0131n\u0131 haftada bir g\u00fcn kullan\u0131lan bir ticaret zemini olmaktan \u00e7\u0131kararak, haftan\u0131n tamam\u0131na yay\u0131lan ya\u015fayan, kat\u0131l\u0131mc\u0131 ve esnek bir kar\u015f\u0131la\u015fma alan\u0131na d\u00f6n\u00fc\u015ft\u00fcrmeyi \u00f6nerir. Pazar tezg\u00e2h\u0131 \u00f6l\u00e7\u00fclerinden t\u00fcretilen katlanabilir mod\u00fcler sistemler pazar g\u00fcnleri altyap\u0131 sa\u011flarken di\u011fer g\u00fcnlerde kamusal kullan\u0131m y\u00fczeylerine d\u00f6n\u00fc\u015f\u00fcr; yerle\u015ftirme ve video \u00e7al\u0131\u015fmalar\u0131 ise kullan\u0131c\u0131 kat\u0131l\u0131m\u0131yla s\u00fcrekli yeniden kurulabilen bir mek\u00e2nsal deneyim \u00fcretir.<br \/>\nBu \u00f6neri, sonu\u00e7tan \u00e7ok s\u00fcrece, nesneden \u00e7ok etkile\u015fime ve sabit tan\u0131mlar yerine<br \/>\nd\u00f6n\u00fc\u015febilir kullan\u0131mlara odaklanan a\u00e7\u0131k bir kamusal \u00fcretim yakla\u015f\u0131m\u0131 sunar.<\/p>\n<p>https:\/\/youtu.be\/arMLymwqhKA[\/vc_column_text][vc_empty_space][vc_gallery interval=&#8221;10&#8243; images=&#8221;16018,16019,16020,16021,16022,16023,16024,16159&#8243; img_size=&#8221;full&#8221; css=&#8221;&#8221;][vc_empty_space][\/vc_column][vc_column width=&#8221;1\/6&#8243;][vc_single_image image=&#8221;15851&#8243; img_size=&#8221;FULL&#8221; alignment=&#8221;center&#8221; style=&#8221;vc_box_border&#8221; css=&#8221;&#8221;][vc_empty_space height=&#8221;16px&#8221;][vc_row_inner][vc_column_inner][vc_column_text][\/vc_column_text][vc_column_text][\/vc_column_text][\/vc_column_inner][\/vc_row_inner][vc_row_inner][vc_column_inner width=&#8221;2\/3&#8243;][\/vc_column_inner][vc_column_inner width=&#8221;1\/3&#8243;][\/vc_column_inner][\/vc_row_inner][\/vc_column][\/vc_row][\/vc_section]<\/p>\n<\/div>","protected":false},"excerpt":{"rendered":"<p>[vc_section][vc_row][vc_column width=&#8221;1\/6&#8243;][vc_single_image image=&#8221;15850&#8243; img_size=&#8221;large&#8221; alignment=&#8221;center&#8221; css=&#8221;&#8221;][vc_empty_space][vc_column_text css=&#8221;&#8221;]Al\u0131m Y\u0131ld\u0131r\u0131m[\/vc_column_text][vc_empty_space height=&#8221;16px&#8221;][vc_column_text css=&#8221;&#8221;]Mimarl\u0131k Mimar Sinan G\u00fczel Sanatlar \u00dcniversitesi \u00a0 G\u00fcz 2025 Dan\u0131\u015fman: H\u00fcseyin Yanar[\/vc_column_text][vc_empty_space][vc_row_inner][vc_column_inner width=&#8221;1\/4&#8243;][\/vc_column_inner][vc_column_inner width=&#8221;1\/4&#8243;][vc_icon icon_fontawesome=&#8221;fa fa-brands fa-linkedin&#8221; color=&#8221;chino&#8221; size=&#8221;xs&#8221; css=&#8221;&#8221; link=&#8221;url:https%3A%2F%2Fwww.linkedin.com%2Fin%2Fal%25C4%25B1m-y%25C4%25B1ld%25C4%25B1r%25C4%25B1m-ab36bb217%2F&#8221;][\/vc_column_inner][vc_column_inner [&hellip;]<\/p>\n","protected":false},"author":11,"featured_media":0,"parent":0,"menu_order":0,"comment_status":"closed","ping_status":"closed","template":"","meta":{"_acf_changed":false,"_seopress_robots_primary_cat":"","_seopress_titles_title":"AURA Alumni: Al\u0131m Y\u0131ld\u0131r\u0131m","_seopress_titles_desc":"2025 G\u00fcz Do\u0308nemi\u2019nde \u201cAras\u0327t\u0131rma Tabanl\u0131 Tasar\u0131m Stu\u0308dyosu\u201dnda, kat\u0131l\u0131mc\u0131lar\u0131m\u0131z, H\u00fcseyin Yanar y\u00fcr\u00fct\u00fcc\u00fcl\u00fc\u011f\u00fcndeki st\u00fcdyoda Sanat ve Mimarl\u0131k: SINIRLAR temas\u0131na odakland\u0131.","_seopress_robots_index":"","_price":"","_stock":"","_tribe_ticket_header":"","_tribe_default_ticket_provider":"","_tribe_ticket_capacity":"0","_ticket_start_date":"","_ticket_end_date":"","_tribe_ticket_show_description":"","_tribe_ticket_show_not_going":false,"_tribe_ticket_use_global_stock":"","_tribe_ticket_global_stock_level":"","_global_stock_mode":"","_global_stock_cap":"","_tribe_rsvp_for_event":"","_tribe_ticket_going_count":"","_tribe_ticket_not_going_count":"","_tribe_tickets_list":"[]","_tribe_ticket_has_attendee_info_fields":false,"_EventAllDay":false,"_EventTimezone":"","_EventStartDate":"","_EventEndDate":"","_EventStartDateUTC":"","_EventEndDateUTC":"","_EventShowMap":false,"_EventShowMapLink":false,"_EventURL":"","_EventCost":"","_EventCostDescription":"","_EventCurrencySymbol":"","_EventCurrencyCode":"","_EventCurrencyPosition":"","_EventDateTimeSeparator":"","_EventTimeRangeSeparator":"","_EventOrganizerID":[],"_EventVenueID":[],"_OrganizerEmail":"","_OrganizerPhone":"","_OrganizerWebsite":"","_VenueAddress":"","_VenueCity":"","_VenueCountry":"","_VenueProvince":"","_VenueState":"","_VenueZip":"","_VenuePhone":"","_VenueURL":"","_VenueStateProvince":"","_VenueLat":"","_VenueLng":"","_VenueShowMap":false,"_VenueShowMapLink":false,"footnotes":"","_tec_slr_enabled":"","_tec_slr_layout":""},"class_list":["post-15840","page","type-page","status-publish","hentry"],"acf":[],"ticketed":false,"_links":{"self":[{"href":"https:\/\/aura-istanbul.com\/index.php\/wp-json\/wp\/v2\/pages\/15840","targetHints":{"allow":["GET"]}}],"collection":[{"href":"https:\/\/aura-istanbul.com\/index.php\/wp-json\/wp\/v2\/pages"}],"about":[{"href":"https:\/\/aura-istanbul.com\/index.php\/wp-json\/wp\/v2\/types\/page"}],"author":[{"embeddable":true,"href":"https:\/\/aura-istanbul.com\/index.php\/wp-json\/wp\/v2\/users\/11"}],"replies":[{"embeddable":true,"href":"https:\/\/aura-istanbul.com\/index.php\/wp-json\/wp\/v2\/comments?post=15840"}],"version-history":[{"count":10,"href":"https:\/\/aura-istanbul.com\/index.php\/wp-json\/wp\/v2\/pages\/15840\/revisions"}],"predecessor-version":[{"id":16160,"href":"https:\/\/aura-istanbul.com\/index.php\/wp-json\/wp\/v2\/pages\/15840\/revisions\/16160"}],"wp:attachment":[{"href":"https:\/\/aura-istanbul.com\/index.php\/wp-json\/wp\/v2\/media?parent=15840"}],"curies":[{"name":"wp","href":"https:\/\/api.w.org\/{rel}","templated":true}]}}