{"id":15854,"date":"2026-03-02T17:01:48","date_gmt":"2026-03-02T14:01:48","guid":{"rendered":"https:\/\/aura-istanbul.com\/?page_id=15854"},"modified":"2026-03-02T17:01:48","modified_gmt":"2026-03-02T14:01:48","slug":"aura-alumni-alperen-kurumaz","status":"publish","type":"page","link":"https:\/\/aura-istanbul.com\/index.php\/aura-alumni-alperen-kurumaz\/","title":{"rendered":"AURA Alumni: Alperen Kurumaz"},"content":{"rendered":"<div class=\"wpb-content-wrapper\"><p>[vc_section][vc_row][vc_column width=&#8221;1\/6&#8243;][vc_single_image image=&#8221;15855&#8243; img_size=&#8221;large&#8221; alignment=&#8221;center&#8221; css=&#8221;&#8221;][vc_empty_space][vc_column_text css=&#8221;&#8221;]<strong>Alperen Kurumaz<\/strong>[\/vc_column_text][vc_empty_space height=&#8221;16px&#8221;][vc_column_text css=&#8221;&#8221;]Mimarl\u0131k<br \/>\nMimar Sinan G\u00fczel Sanatlar \u00dcniversitesi<\/p>\n<p><span data-sheets-root=\"1\">\u00a0<\/span><\/p>\n<p>G\u00fcz 2025<br \/>\nDan\u0131\u015fman: H\u00fcseyin Yanar[\/vc_column_text][vc_empty_space][vc_row_inner][vc_column_inner width=&#8221;1\/4&#8243;][\/vc_column_inner][vc_column_inner width=&#8221;1\/4&#8243;][\/vc_column_inner][vc_column_inner width=&#8221;1\/4&#8243;][\/vc_column_inner][vc_column_inner width=&#8221;1\/4&#8243;][\/vc_column_inner][\/vc_row_inner][\/vc_column][vc_column width=&#8221;2\/3&#8243;][vc_empty_space][vc_column_text css=&#8221;&#8221;]<strong>Sanat ve Mimarl\u0131k: S I N I R L A R<\/strong>[\/vc_column_text][vc_empty_space][vc_column_text css=&#8221;&#8221;]<strong>1- Labirentten Kareler: <\/strong>K\u00fc\u00e7\u00fckl\u00fc\u011f\u00fcmden beri \u00e7izdi\u011fim 2 boyutlu labirentlerimin bir boyut daha kazan\u0131p \u00fc\u00e7 boyutlu nesnelere d\u00f6n\u00fc\u015fmesi ve bu \u00fc\u00e7 boyutlu evrende yeniden farkl\u0131 \u015fekillerde bir araya geli\u015fi.<br \/>\n<em>1- Squares from the Labyrinth: The two-dimensional labyrinths I have been drawing since childhood gaining an additional dimension, transforming into three-dimensional objects, and coming together again in different configurations within this three-dimensional universe.<\/em><\/p>\n<p><strong>2- Yang\u0131n Muhbileri i\u00e7in Acil \u00c7\u0131k\u0131\u015f: <\/strong>Sinanpa\u015fa i\u015f merkezi, her \u015feyin i\u00e7 i\u00e7e ge\u00e7ti\u011fi her \u015feyin birbirinden farkl\u0131 oldu\u011fu kaotik bir ortam.Bu ortamda bizlere y\u00f6n veren tek \u015fey yang\u0131n muhbirleri i\u00e7in acil \u00e7\u0131k\u0131\u015f noktalar\u0131.<br \/>\n<em>2- Emergency Exit for Fire Wardens: Sinanpa\u015fa \u0130\u015f Merkezi is a chaotic environment where everything overlaps, yet everything is distinct from one another. In this setting, the only elements that guide us are the emergency exit points designated for fire wardens.<\/em><\/p>\n<p><strong>3- Savrulu\u015f: <\/strong>Bir yolday\u0131z herkesin fikri var, herkes ba\u015fka y\u00f6n\u00fc g\u00f6steriyor, onlar i\u00e7in en iyi yol bu \u00e7\u00fcnk\u00fc.Y\u00fcr\u00fcyorum endi\u015feli ad\u0131mlarla her an savrulmaya haz\u0131r.<br \/>\n<em>3- Dispersal: We are on a path\u2014everyone has an opinion, everyone is pointing in a different direction. For them, that is the best way. I keep walking with anxious steps, ready to be pulled off course at any moment.<\/em><\/p>\n<p><strong>4- Ahtapot Her Yerde: <\/strong>Ahtapot. s\u0131rda\u015f\u0131m, yolda\u015f\u0131m ve rehberim. Kendisi bu eskiz s\u00fcrecinde, Kabata\u015f\u2019tan ba\u015flay\u0131p duygular\u0131ma kadar giden yolculukta en b\u00fcy\u00fck destek\u00e7im oldu.<br \/>\n<em>4- Octopus Everywhere: The Octopus\u2014my confidant, my companion, and my guide. Throughout this sketching process, it became my greatest supporter in the journey that began in Kabata\u015f and extended all the way into my emotions.<\/em><\/p>\n<p><strong>5- Be\u015fikta\u015f Meydan\u0131 i\u00e7in Kamu Hizmeti: <\/strong>Be\u015fitak\u015f Meydan\u0131 i\u00e7in tasarlanan bu kamusal hizmet mod\u00fcl\u00fc alt kat\u0131nda tuvalet i\u015flevi g\u00f6r\u00fcrken \u00fcst kat\u0131nda enstalasyonal bir alan sunmakta.<br \/>\n<em>5- Public Service for Be\u015fikta\u015f Square: This public service module designed for Be\u015fikta\u015f Meydan\u0131 functions as a restroom on the lower level, while the upper level offers an installation space.<\/em><\/p>\n<p><strong>6- Doktor Amcan\u0131n <\/strong><strong>Evindeki An\u0131lar\u0131m: <\/strong>Yalova; do\u011fdu\u011fum ve b\u00fcy\u00fcd\u00fc\u011f\u00fcm yer. Ne \u00e7ok an\u0131lar&#8230; Bu an\u0131lar\u0131n i\u00e7inde san\u0131r\u0131m hi\u00e7 akl\u0131mdan \u00e7\u0131kmayan Doktor Amca\u2019n\u0131n evindeki an\u0131lar\u0131m olacakt\u0131r.<br \/>\n<em>6- My Memories in Doctor Uncle\u2019s House: Yalova \u2014 the place where I was born and raised. So many memories&#8230; Yet among them, I believe the ones I will never forget are my memories in my Doctor Uncle\u2019s house.<\/em><\/p>\n<p><strong>7- Pazardan Cumaya<\/strong><strong>: <\/strong>Pazardan Cumaya, LIMINALXIII kolektifi taraf\u0131ndan geli\u015ftirilen bir kamusal mek\u00e2n projesidir. Farkl\u0131 disiplinlerden bir araya gelen ekibin ortak \u00fcretim s\u00fcrecinden do\u011fan \u00e7al\u0131\u015fma, nesne \u00fcretmekten \u00e7ok ili\u015fkiler, kar\u015f\u0131la\u015fmalar ve g\u00fcndelik kamusal deneyimler olu\u015fturmay\u0131 hedefler.<br \/>\nProje, \u0130stanbul Be\u015fikta\u015f\u2019taki pazar alan\u0131n\u0131 haftada bir g\u00fcn kullan\u0131lan bir ticaret zemini olmaktan \u00e7\u0131kararak, haftan\u0131n tamam\u0131na yay\u0131lan ya\u015fayan, kat\u0131l\u0131mc\u0131 ve esnek bir kar\u015f\u0131la\u015fma alan\u0131na d\u00f6n\u00fc\u015ft\u00fcrmeyi \u00f6nerir. Pazar tezg\u00e2h\u0131 \u00f6l\u00e7\u00fclerinden t\u00fcretilen katlanabilir mod\u00fcler sistemler pazar g\u00fcnleri altyap\u0131 sa\u011flarken di\u011fer g\u00fcnlerde kamusal kullan\u0131m y\u00fczeylerine d\u00f6n\u00fc\u015f\u00fcr; yerle\u015ftirme ve video \u00e7al\u0131\u015fmalar\u0131 ise kullan\u0131c\u0131 kat\u0131l\u0131m\u0131yla s\u00fcrekli yeniden kurulabilen bir mek\u00e2nsal deneyim \u00fcretir.<br \/>\nBu \u00f6neri, sonu\u00e7tan \u00e7ok s\u00fcrece, nesneden \u00e7ok etkile\u015fime ve sabit tan\u0131mlar yerine<br \/>\nd\u00f6n\u00fc\u015febilir kullan\u0131mlara odaklanan a\u00e7\u0131k bir kamusal \u00fcretim yakla\u015f\u0131m\u0131 sunar.<\/p>\n<p>https:\/\/youtu.be\/arMLymwqhKA[\/vc_column_text][vc_empty_space][vc_gallery interval=&#8221;10&#8243; images=&#8221;16032,16034,16033,16029,16030,16031,16159&#8243; img_size=&#8221;full&#8221; css=&#8221;&#8221;][vc_empty_space][\/vc_column][vc_column width=&#8221;1\/6&#8243;][vc_single_image image=&#8221;15873&#8243; img_size=&#8221;FULL&#8221; alignment=&#8221;center&#8221; style=&#8221;vc_box_border&#8221; css=&#8221;&#8221;][vc_empty_space height=&#8221;16px&#8221;][vc_row_inner][vc_column_inner][vc_column_text][\/vc_column_text][vc_column_text][\/vc_column_text][\/vc_column_inner][\/vc_row_inner][vc_row_inner][vc_column_inner width=&#8221;2\/3&#8243;][\/vc_column_inner][vc_column_inner width=&#8221;1\/3&#8243;][\/vc_column_inner][\/vc_row_inner][\/vc_column][\/vc_row][\/vc_section]<\/p>\n<\/div>","protected":false},"excerpt":{"rendered":"<p>[vc_section][vc_row][vc_column width=&#8221;1\/6&#8243;][vc_single_image image=&#8221;15855&#8243; img_size=&#8221;large&#8221; alignment=&#8221;center&#8221; css=&#8221;&#8221;][vc_empty_space][vc_column_text css=&#8221;&#8221;]Alperen Kurumaz[\/vc_column_text][vc_empty_space height=&#8221;16px&#8221;][vc_column_text css=&#8221;&#8221;]Mimarl\u0131k Mimar Sinan G\u00fczel Sanatlar \u00dcniversitesi \u00a0 G\u00fcz 2025 Dan\u0131\u015fman: H\u00fcseyin Yanar[\/vc_column_text][vc_empty_space][vc_row_inner][vc_column_inner width=&#8221;1\/4&#8243;][\/vc_column_inner][vc_column_inner width=&#8221;1\/4&#8243;][\/vc_column_inner][vc_column_inner width=&#8221;1\/4&#8243;][\/vc_column_inner][vc_column_inner width=&#8221;1\/4&#8243;][\/vc_column_inner][\/vc_row_inner][\/vc_column][vc_column width=&#8221;2\/3&#8243;][vc_empty_space][vc_column_text css=&#8221;&#8221;]Sanat ve Mimarl\u0131k: S [&hellip;]<\/p>\n","protected":false},"author":11,"featured_media":0,"parent":0,"menu_order":0,"comment_status":"closed","ping_status":"closed","template":"","meta":{"_acf_changed":false,"_seopress_robots_primary_cat":"","_seopress_titles_title":"AURA Alumni: Alperen Kurumaz","_seopress_titles_desc":"2025 G\u00fcz Do\u0308nemi\u2019nde \u201cAras\u0327t\u0131rma Tabanl\u0131 Tasar\u0131m Stu\u0308dyosu\u201dnda, kat\u0131l\u0131mc\u0131lar\u0131m\u0131z, H\u00fcseyin Yanar y\u00fcr\u00fct\u00fcc\u00fcl\u00fc\u011f\u00fcndeki st\u00fcdyoda Sanat ve Mimarl\u0131k: SINIRLAR temas\u0131na odakland\u0131.","_seopress_robots_index":"","_price":"","_stock":"","_tribe_ticket_header":"","_tribe_default_ticket_provider":"","_tribe_ticket_capacity":"0","_ticket_start_date":"","_ticket_end_date":"","_tribe_ticket_show_description":"","_tribe_ticket_show_not_going":false,"_tribe_ticket_use_global_stock":"","_tribe_ticket_global_stock_level":"","_global_stock_mode":"","_global_stock_cap":"","_tribe_rsvp_for_event":"","_tribe_ticket_going_count":"","_tribe_ticket_not_going_count":"","_tribe_tickets_list":"[]","_tribe_ticket_has_attendee_info_fields":false,"_EventAllDay":false,"_EventTimezone":"","_EventStartDate":"","_EventEndDate":"","_EventStartDateUTC":"","_EventEndDateUTC":"","_EventShowMap":false,"_EventShowMapLink":false,"_EventURL":"","_EventCost":"","_EventCostDescription":"","_EventCurrencySymbol":"","_EventCurrencyCode":"","_EventCurrencyPosition":"","_EventDateTimeSeparator":"","_EventTimeRangeSeparator":"","_EventOrganizerID":[],"_EventVenueID":[],"_OrganizerEmail":"","_OrganizerPhone":"","_OrganizerWebsite":"","_VenueAddress":"","_VenueCity":"","_VenueCountry":"","_VenueProvince":"","_VenueState":"","_VenueZip":"","_VenuePhone":"","_VenueURL":"","_VenueStateProvince":"","_VenueLat":"","_VenueLng":"","_VenueShowMap":false,"_VenueShowMapLink":false,"footnotes":"","_tec_slr_enabled":"","_tec_slr_layout":""},"class_list":["post-15854","page","type-page","status-publish","hentry"],"acf":[],"ticketed":false,"_links":{"self":[{"href":"https:\/\/aura-istanbul.com\/index.php\/wp-json\/wp\/v2\/pages\/15854","targetHints":{"allow":["GET"]}}],"collection":[{"href":"https:\/\/aura-istanbul.com\/index.php\/wp-json\/wp\/v2\/pages"}],"about":[{"href":"https:\/\/aura-istanbul.com\/index.php\/wp-json\/wp\/v2\/types\/page"}],"author":[{"embeddable":true,"href":"https:\/\/aura-istanbul.com\/index.php\/wp-json\/wp\/v2\/users\/11"}],"replies":[{"embeddable":true,"href":"https:\/\/aura-istanbul.com\/index.php\/wp-json\/wp\/v2\/comments?post=15854"}],"version-history":[{"count":6,"href":"https:\/\/aura-istanbul.com\/index.php\/wp-json\/wp\/v2\/pages\/15854\/revisions"}],"predecessor-version":[{"id":16161,"href":"https:\/\/aura-istanbul.com\/index.php\/wp-json\/wp\/v2\/pages\/15854\/revisions\/16161"}],"wp:attachment":[{"href":"https:\/\/aura-istanbul.com\/index.php\/wp-json\/wp\/v2\/media?parent=15854"}],"curies":[{"name":"wp","href":"https:\/\/api.w.org\/{rel}","templated":true}]}}