{"id":15875,"date":"2026-03-02T17:06:15","date_gmt":"2026-03-02T14:06:15","guid":{"rendered":"https:\/\/aura-istanbul.com\/?page_id=15875"},"modified":"2026-03-02T17:06:15","modified_gmt":"2026-03-02T14:06:15","slug":"aura-alumni-artiona-dushi","status":"publish","type":"page","link":"https:\/\/aura-istanbul.com\/index.php\/aura-alumni-artiona-dushi\/","title":{"rendered":"AURA Alumni: Artiona Dushi"},"content":{"rendered":"<div class=\"wpb-content-wrapper\"><p>[vc_section][vc_row][vc_column width=&#8221;1\/6&#8243;][vc_single_image image=&#8221;15856&#8243; img_size=&#8221;large&#8221; alignment=&#8221;center&#8221; css=&#8221;&#8221;][vc_empty_space][vc_column_text css=&#8221;&#8221;]<strong><span data-sheets-root=\"1\">Artiona Dushi<\/span><\/strong>[\/vc_column_text][vc_empty_space height=&#8221;16px&#8221;][vc_column_text css=&#8221;&#8221;]Mimarl\u0131k<br \/>\nMimar Sinan G\u00fczel Sanatlar \u00dcniversitesi<\/p>\n<p><span data-sheets-root=\"1\">\u00a0<\/span><\/p>\n<p>G\u00fcz 2025<br \/>\nDan\u0131\u015fman: H\u00fcseyin Yanar[\/vc_column_text][vc_empty_space][vc_row_inner][vc_column_inner width=&#8221;1\/4&#8243;][\/vc_column_inner][vc_column_inner width=&#8221;1\/4&#8243;][vc_icon icon_fontawesome=&#8221;fa fa-brands fa-linkedin&#8221; color=&#8221;chino&#8221; size=&#8221;xs&#8221; css=&#8221;&#8221; link=&#8221;url:https%3A%2F%2Fwww.linkedin.com%2Fin%2Fartionadushi%2F&#8221;][\/vc_column_inner][vc_column_inner width=&#8221;1\/4&#8243;][\/vc_column_inner][vc_column_inner width=&#8221;1\/4&#8243;][\/vc_column_inner][\/vc_row_inner][\/vc_column][vc_column width=&#8221;2\/3&#8243;][vc_empty_space][vc_column_text css=&#8221;&#8221;]<\/p>\n<p style=\"text-align: left;\"><strong>Sanat ve Mimarl\u0131k: S I N I R L A R<\/strong><\/p>\n<p>[\/vc_column_text][vc_empty_space][vc_column_text css=&#8221;&#8221;]<strong>1- Bir Gen\u00e7 K\u0131z\u0131n Portresi: <\/strong>Onun i\u00e7in balerin olmak sadece bir hayal de\u011fildi. Bu, hayat\u0131n ini\u015f \u00e7\u0131k\u0131\u015flar\u0131nda yol alman\u0131n bir bi\u00e7imiydi; kelimelerin yetmedi\u011fi yerde bedeniyle konu\u015fman\u0131n bir yolu. D\u00fcz \u00e7izgiler kaderini, ona yaz\u0131lm\u0131\u015f olan\u0131 anlat\u0131rken; cesur ve huzursuz kalbini kal\u0131n f\u0131r\u00e7a darbeleriyle ortaya koyar. K\u0131rm\u0131z\u0131 izler ise en k\u0131ymetli an\u0131lar\u0131n\u0131 f\u0131s\u0131ldar: babas\u0131yla ge\u00e7irilen sessiz ak\u015famlar\u0131, i\u00e7ten sohbetleri ve bir kadeh \u015farab\u0131. Cesur bir kalbe sahip gen\u00e7 bir ruh, ya\u015fam\u0131n ezgileriyle dans etmeye devam ediyor.<br \/>\n<em>Grafit u\u00e7, m\u00fcrekkep, k\u0131rm\u0131z\u0131 \u015farap ve sulu boya k\u00e2\u011f\u0131t \u00fczerine &#8211; 29.7 \u00d7 21 cm, 2025<\/em><\/p>\n<p><strong>Bir Han\u0131mefendinin Portresi:<\/strong> Kendine g\u00fcvenen bir kad\u0131n, att\u0131\u011f\u0131 her ad\u0131m\u0131n sessizce gururunu ta\u015f\u0131yan bir ruh. Hatalar\u0131 art\u0131k y\u00fck de\u011fil, b\u00fcy\u00fcmesinin izleri; her biri onu yava\u015f yava\u015f \u015fekillendiren i\u015faretler. Zorluklarla zarafet ve g\u00fc\u00e7le y\u00fczle\u015fiyor, kalbi sevgi, sab\u0131r ve cesaretle dolu. Sa\u00e7lar\u0131 h\u00e2l\u00e2<br \/>\nbir topuz i\u00e7inde, t\u0131pk\u0131 hayallerine do\u011fru \u00e7al\u0131\u015f\u0131rken her zaman oldu\u011fu gibi, adanm\u0131\u015fl\u0131\u011f\u0131n\u0131n ve odaklanmas\u0131n\u0131n bir i\u015fareti. Ad\u0131m ad\u0131m, en iyi haline do\u011fru a\u00e7\u0131l\u0131yor.<br \/>\n<em>Grafit u\u00e7, m\u00fcrekkep, sulu boya k\u00e2\u011f\u0131t \u00fczerine &#8211; 29.7 \u00d7 21 cm, 2025<\/em><\/p>\n<p><strong>2- Kara Kutu &#8211; Black Box <\/strong><em>(Grup Projesi): <\/em>Bu manifesto, Sinanpa\u015fa Pasaj\u0131&#8217;n\u0131n karma\u015fas\u0131 \u00fczerinden modern insan\u0131n &#8220;bak\u0131p da g\u00f6rememe&#8221; sorununu ele\u015ftirir. K\u0131r\u0131k aynalardan olu\u015fan enstalasyon, a\u015f\u0131r\u0131 g\u00f6rsel y\u00fcklemenin yaratt\u0131\u011f\u0131 k\u00f6rl\u00fc\u011f\u00fc somutla\u015ft\u0131rarak izleyiciyi kendi bak\u0131\u015f\u0131nda kaybolmaya iter. Sonu\u00e7 olarak g\u00f6rmenin fiziksel bir eylem de\u011fil, durup alg\u0131lamay\u0131 gerektiren bilin\u00e7li bir se\u00e7im oldu\u011funu vurgular.<em><br \/>\nKraft kutu, ayna par\u00e7alar\u0131, al\u00fcminyum folyo, yap\u0131\u015ft\u0131r\u0131c\u0131, siyah boya &#8211; 27 \u00d7 40 \u00d7 37.5 cm, 2025<br \/>\n<\/em><\/p>\n<p><strong>3-<\/strong> <em>Seppo Salminen ile<\/em> <strong>Olu\u015fun Silueti: <\/strong>G\u00f6lgesi hayallerine kar\u0131\u015fan bir gen\u00e7 k\u0131z, duvar\u0131ndaki ba\u015far\u0131 dolu ge\u00e7mi\u015fi ve gelecek planlar\u0131 aras\u0131nda derin bir sessizli\u011fe b\u00fcr\u00fcnm\u00fc\u015f. D\u00fc\u015f\u00fcnceli duru\u015fu, sadece bir projeyi de\u011fil, kendi gelecekteki benli\u011fini titizlikle tasarlad\u0131\u011f\u0131n\u0131 hissettiriyor. Bu kare, bir insan\u0131n kendi hayat\u0131n\u0131 in\u015fa etme karar\u0131n\u0131 verdi\u011fi o kritik ve kararl\u0131 an\u0131n g\u00f6rsel bir \u00f6zeti.<br \/>\n<em>Dijital foto\u011fraf &#8211; 42.0 \u00d7 59.4 cm, 2025<\/em><\/p>\n<p><strong>4- Ahtapotun Yarat\u0131l\u0131\u015f\u0131:<\/strong> Bu \u00e7al\u0131\u015fma, Michelangelo\u2019nun \u201cAdem\u2019in Yarat\u0131l\u0131\u015f\u0131\u201d eserini modern bir perspektifle yeniden yorumluyor. \u0130nsan eli ile ahtapot dokunac\u0131n\u0131 bir araya getiren \u00e7izim, ya\u015fam\u0131n farkl\u0131 formlardaki ortak &#8220;kutsal k\u0131v\u0131lc\u0131m\u0131n\u0131&#8221; vurguluyor. Minimalist bir bo\u015flukta bulu\u015fan bu iki uzuv, bilincin sadece insana \u00f6zg\u00fc olup olmad\u0131\u011f\u0131n\u0131 sorgularken; do\u011fa ile otorite yerine e\u015fitlik ve zarafet \u00fczerine kurulu derin bir ba\u011f kuruyor.<br \/>\n<em>Grafit u\u00e7, m\u00fcrekkep, k\u00e2\u011f\u0131t \u00fczerine &#8211; 35 \u00d7 50 cm<\/em><\/p>\n<p><strong>5-<\/strong> <em>Samuli Woolston ile<\/em> <strong>Be\u015fikta\u015f Metro \u00c7\u0131k\u0131\u015f\u0131: <\/strong>Be\u015fikta\u015f Meydan\u0131\u2019n\u0131n yo\u011fun trafi\u011fini ak\u0131\u015fkan bir &#8220;kentsel aray\u00fcz&#8221; ile kar\u015f\u0131layan proje; yaya, vapur ve \u00f6\u011frenci rotalar\u0131n\u0131 y\u00f6nlendiren g\u00f6zenekli bir yap\u0131 sunar. Bu giri\u015f, yeralt\u0131 ula\u015f\u0131m\u0131n\u0131 meydan\u0131n tarihi dokusuna ba\u011flayan sosyal bir k\u00f6pr\u00fc niteli\u011findedir. Tasar\u0131m\u0131n kimli\u011fini olu\u015fturan su havuzlu kanopi, zemin kotunda kamusal bir alan yarat\u0131rken; suyun ritmik yans\u0131malar\u0131n\u0131 g\u00fcn \u0131\u015f\u0131\u011f\u0131yla peronlara ta\u015f\u0131yan &#8220;s\u0131v\u0131 bir mercek&#8221; i\u015flevi g\u00f6r\u00fcr. Bu sayede yer alt\u0131nda bile denizle g\u00f6rsel bir ba\u011f kurulur.<\/p>\n<p><strong>6- Zaman\u0131n \u00d6tesinde Bir Y\u00fcr\u00fcy\u00fc\u015f:<\/strong> Nysa&#8217;n\u0131n belirlenmi\u015f rehberli rotalar\u0131n\u0131 bir kenara b\u0131rakarak, kentin sokaklar\u0131nda y\u00fczy\u0131llar \u00f6nce orada ya\u015fayan bir yerli gibi, tamamen kendi i\u00e7g\u00fcd\u00fclerimle dola\u015fmay\u0131 hayal ettim. G\u00f6rseldeki k\u0131vr\u0131ml\u0131 hatlar, antik kentin ta\u015flar\u0131na sinmi\u015f an\u0131lar\u0131m\u0131, dostlar\u0131mla payla\u015ft\u0131\u011f\u0131m g\u00fcl\u00fc\u015fmeleri ve o topraklarda ge\u00e7en ki\u015fisel hikayelerimi temsil eden \u00f6zg\u00fcr izlerdir. Bu \u00e7al\u0131\u015fma, sadece bir antik kenti de\u011fil, zaman\u0131n \u00f6tesinden gelip bug\u00fcn\u00fcn sokaklar\u0131nda yank\u0131lanan tan\u0131d\u0131k bir ya\u015fam\u0131 ve aidiyet duygusunu anlat\u0131yor.<br \/>\n<em>Dijital Bask\u0131 &#8211; 50 \u00d7 245 cm<\/em><\/p>\n<p><strong>7- <\/strong><em>Kaarina Kaikkonen ile<\/em> <strong>S\u00fcz\u00fclen I\u015f\u0131lt\u0131:<\/strong> <em>Enstalasyon<\/em><br \/>\n\u201cS\u00fcz\u00fclen I\u015f\u0131lt\u0131\u201d, a\u015f\u0131r\u0131 d\u00fc\u015f\u00fcnme (overthinking) eylemini zihinsel bir g\u00fcr\u00fclt\u00fcden estetik bir manifestoya d\u00f6n\u00fc\u015ft\u00fcr\u00fcr. D\u00fc\u015f\u00fcnmeyi bir ta\u015f\u0131 yontmaya benzeten eser; kristaller arac\u0131l\u0131\u011f\u0131yla zihindeki mutlak berrakl\u0131k ile belirsizli\u011fin gelgitlerini yans\u0131t\u0131r. Tavandan s\u00fcz\u00fclen \u0131\u015f\u0131k zihni, yerdeki g\u00f6lgeler ise eylemleri simgelerken; izleyiciyi zihindeki karma\u015fay\u0131 bir \u0131\u015f\u0131k k\u0131r\u0131lmas\u0131na d\u00f6n\u00fc\u015ft\u00fcrmeye davet eder.<\/p>\n<p><strong>8- Hali\u00e7 Metro K\u00f6pr\u00fcs\u00fc Yeniden Tasar\u0131m Projesi: <\/strong>Bu proje, mevcut metro hatt\u0131n\u0131 koruyarak k\u00f6pr\u00fcy\u00fc \u00e7ok i\u015flevli bir kamusal ya\u015fam alan\u0131na d\u00f6n\u00fc\u015ft\u00fcr\u00fcr. \u0130stanbul\u2019un tarihi sil\u00fcetiyle uyumlu, yatay ve ak\u0131\u015fkan bir form sergileyen yap\u0131; \u201cK\u0131rm\u0131z\u0131 Hat\u201d ad\u0131 verilen kesintisiz yaya ve bisiklet yoluyla iki yakay\u0131 birle\u015ftirir. Sosyal amfiler, kaykay pistleri ve seyir teraslar\u0131yla zenginle\u015fen bu hat, ula\u015f\u0131m altyap\u0131s\u0131n\u0131 bir &#8220;ge\u00e7i\u015f noktas\u0131&#8221; olmaktan \u00e7\u0131kar\u0131p \u015fehrin farkl\u0131 k\u00fclt\u00fcrlerini bulu\u015fturan canl\u0131 bir kentsel omurgaya d\u00f6n\u00fc\u015ft\u00fcr\u00fcr.[\/vc_column_text][vc_empty_space][vc_gallery interval=&#8221;10&#8243; images=&#8221;16038,16048,16039,16042,16044,16043,16040,16045&#8243; img_size=&#8221;full&#8221; css=&#8221;&#8221;][vc_empty_space][\/vc_column][vc_column width=&#8221;1\/6&#8243;][vc_single_image image=&#8221;15876&#8243; img_size=&#8221;FULL&#8221; alignment=&#8221;center&#8221; style=&#8221;vc_box_border&#8221; css=&#8221;&#8221;][vc_empty_space height=&#8221;16px&#8221;][vc_row_inner][vc_column_inner][vc_column_text][\/vc_column_text][vc_column_text][\/vc_column_text][\/vc_column_inner][\/vc_row_inner][vc_row_inner][vc_column_inner width=&#8221;2\/3&#8243;][\/vc_column_inner][vc_column_inner width=&#8221;1\/3&#8243;][\/vc_column_inner][\/vc_row_inner][\/vc_column][\/vc_row][\/vc_section]<\/p>\n<\/div>","protected":false},"excerpt":{"rendered":"<p>[vc_section][vc_row][vc_column width=&#8221;1\/6&#8243;][vc_single_image image=&#8221;15856&#8243; img_size=&#8221;large&#8221; alignment=&#8221;center&#8221; css=&#8221;&#8221;][vc_empty_space][vc_column_text css=&#8221;&#8221;]Artiona Dushi[\/vc_column_text][vc_empty_space height=&#8221;16px&#8221;][vc_column_text css=&#8221;&#8221;]Mimarl\u0131k Mimar Sinan G\u00fczel Sanatlar \u00dcniversitesi \u00a0 G\u00fcz 2025 Dan\u0131\u015fman: H\u00fcseyin Yanar[\/vc_column_text][vc_empty_space][vc_row_inner][vc_column_inner width=&#8221;1\/4&#8243;][\/vc_column_inner][vc_column_inner width=&#8221;1\/4&#8243;][vc_icon icon_fontawesome=&#8221;fa fa-brands fa-linkedin&#8221; color=&#8221;chino&#8221; size=&#8221;xs&#8221; css=&#8221;&#8221; link=&#8221;url:https%3A%2F%2Fwww.linkedin.com%2Fin%2Fartionadushi%2F&#8221;][\/vc_column_inner][vc_column_inner [&hellip;]<\/p>\n","protected":false},"author":11,"featured_media":0,"parent":0,"menu_order":0,"comment_status":"closed","ping_status":"closed","template":"","meta":{"_acf_changed":false,"_seopress_robots_primary_cat":"","_seopress_titles_title":"AURA Alumni: Artiona Dushi","_seopress_titles_desc":"2025 G\u00fcz Do\u0308nemi\u2019nde \u201cAras\u0327t\u0131rma Tabanl\u0131 Tasar\u0131m Stu\u0308dyosu\u201dnda, kat\u0131l\u0131mc\u0131lar\u0131m\u0131z, H\u00fcseyin Yanar y\u00fcr\u00fct\u00fcc\u00fcl\u00fc\u011f\u00fcndeki st\u00fcdyoda Sanat ve Mimarl\u0131k: SINIRLAR temas\u0131na odakland\u0131.","_seopress_robots_index":"","_price":"","_stock":"","_tribe_ticket_header":"","_tribe_default_ticket_provider":"","_tribe_ticket_capacity":"0","_ticket_start_date":"","_ticket_end_date":"","_tribe_ticket_show_description":"","_tribe_ticket_show_not_going":false,"_tribe_ticket_use_global_stock":"","_tribe_ticket_global_stock_level":"","_global_stock_mode":"","_global_stock_cap":"","_tribe_rsvp_for_event":"","_tribe_ticket_going_count":"","_tribe_ticket_not_going_count":"","_tribe_tickets_list":"[]","_tribe_ticket_has_attendee_info_fields":false,"_EventAllDay":false,"_EventTimezone":"","_EventStartDate":"","_EventEndDate":"","_EventStartDateUTC":"","_EventEndDateUTC":"","_EventShowMap":false,"_EventShowMapLink":false,"_EventURL":"","_EventCost":"","_EventCostDescription":"","_EventCurrencySymbol":"","_EventCurrencyCode":"","_EventCurrencyPosition":"","_EventDateTimeSeparator":"","_EventTimeRangeSeparator":"","_EventOrganizerID":[],"_EventVenueID":[],"_OrganizerEmail":"","_OrganizerPhone":"","_OrganizerWebsite":"","_VenueAddress":"","_VenueCity":"","_VenueCountry":"","_VenueProvince":"","_VenueState":"","_VenueZip":"","_VenuePhone":"","_VenueURL":"","_VenueStateProvince":"","_VenueLat":"","_VenueLng":"","_VenueShowMap":false,"_VenueShowMapLink":false,"footnotes":"","_tec_slr_enabled":"","_tec_slr_layout":""},"class_list":["post-15875","page","type-page","status-publish","hentry"],"acf":[],"ticketed":false,"_links":{"self":[{"href":"https:\/\/aura-istanbul.com\/index.php\/wp-json\/wp\/v2\/pages\/15875","targetHints":{"allow":["GET"]}}],"collection":[{"href":"https:\/\/aura-istanbul.com\/index.php\/wp-json\/wp\/v2\/pages"}],"about":[{"href":"https:\/\/aura-istanbul.com\/index.php\/wp-json\/wp\/v2\/types\/page"}],"author":[{"embeddable":true,"href":"https:\/\/aura-istanbul.com\/index.php\/wp-json\/wp\/v2\/users\/11"}],"replies":[{"embeddable":true,"href":"https:\/\/aura-istanbul.com\/index.php\/wp-json\/wp\/v2\/comments?post=15875"}],"version-history":[{"count":4,"href":"https:\/\/aura-istanbul.com\/index.php\/wp-json\/wp\/v2\/pages\/15875\/revisions"}],"predecessor-version":[{"id":16049,"href":"https:\/\/aura-istanbul.com\/index.php\/wp-json\/wp\/v2\/pages\/15875\/revisions\/16049"}],"wp:attachment":[{"href":"https:\/\/aura-istanbul.com\/index.php\/wp-json\/wp\/v2\/media?parent=15875"}],"curies":[{"name":"wp","href":"https:\/\/api.w.org\/{rel}","templated":true}]}}