{"id":15883,"date":"2026-03-02T17:07:25","date_gmt":"2026-03-02T14:07:25","guid":{"rendered":"https:\/\/aura-istanbul.com\/?page_id=15883"},"modified":"2026-03-16T16:31:53","modified_gmt":"2026-03-16T13:31:53","slug":"aura-alumni-basak-cimen","status":"publish","type":"page","link":"https:\/\/aura-istanbul.com\/index.php\/aura-alumni-basak-cimen\/","title":{"rendered":"AURA Alumni: Ba\u015fak \u00c7imen"},"content":{"rendered":"<div class=\"wpb-content-wrapper\"><p>[vc_section][vc_row][vc_column width=&#8221;1\/6&#8243;][vc_single_image image=&#8221;15858&#8243; img_size=&#8221;large&#8221; alignment=&#8221;center&#8221; css=&#8221;&#8221;][vc_empty_space][vc_column_text css=&#8221;&#8221;]<strong>Ba\u015fak \u00c7imen<\/strong>[\/vc_column_text][vc_empty_space height=&#8221;16px&#8221;][vc_column_text css=&#8221;&#8221;]Mimarl\u0131k<br \/>\n<span data-sheets-root=\"1\">Bah\u00e7e\u015fehir \u00dcniversitesi<\/span><\/p>\n<p><span data-sheets-root=\"1\">\u00a0<\/span><\/p>\n<p>G\u00fcz 2025<br \/>\nDan\u0131\u015fman: H\u00fcseyin Yanar[\/vc_column_text][vc_empty_space][vc_row_inner][vc_column_inner width=&#8221;1\/4&#8243;][\/vc_column_inner][vc_column_inner width=&#8221;1\/4&#8243;][vc_icon icon_fontawesome=&#8221;fa fa-brands fa-linkedin&#8221; color=&#8221;chino&#8221; size=&#8221;xs&#8221; css=&#8221;&#8221; link=&#8221;url:https%3A%2F%2Fwww.linkedin.com%2Fin%2Fbasak-cimen%2F&#8221;][\/vc_column_inner][vc_column_inner width=&#8221;1\/4&#8243;][\/vc_column_inner][vc_column_inner width=&#8221;1\/4&#8243;][\/vc_column_inner][\/vc_row_inner][\/vc_column][vc_column width=&#8221;2\/3&#8243;][vc_empty_space][vc_column_text css=&#8221;&#8221;]<\/p>\n<div class=\"wpb_text_column wpb_content_element\">\n<div class=\"wpb_wrapper\">\n<p><strong>Sanat ve Mimarl\u0131k: S I N I R L A R<\/strong><\/p>\n<\/div>\n<\/div>\n<p>[\/vc_column_text][vc_empty_space][vc_column_text css=&#8221;&#8221;]<strong>1- \u0130st-Kele:<\/strong> \u0130ST-KELE, Kelek \u0130n\u015faat\u2019\u0131n \u201cKabak gibi ortada\u201d slogan\u0131ndan yola \u00e7\u0131karak, yak\u0131n ge\u00e7mi\u015fte gecekondular\u0131n yo\u011funla\u015ft\u0131\u011f\u0131; ancak kentsel d\u00f6n\u00fc\u015f\u00fcmle birlikte h\u0131zla parsel parsel y\u00fckselen rezidanslara teslim edilen bir b\u00f6lgede konumlan\u0131r. Bu proje, g\u00fcn\u00fcm\u00fczde artan emlak ve rant sorunlar\u0131n\u0131, Fikirtepe\u2019nin kendi dili ve mek\u00e2nsal ger\u00e7ekli\u011fi \u00fczerinden ele alarak, ele\u015ftirel b\u00f6lgeselcili\u011fi g\u00fcncel bir \u00e7er\u00e7evede yeniden okur. Art\u0131k parsel \u00fczerinde y\u00fckselen iki kuleden olu\u015fan bu \u201crezidans\u201d kurgusu, l\u00fcks vaadiyle birlikte uzun s\u00fcreler boyunca \u00e7evreye verilen zararlar\u0131; kiri, tozu ve mek\u00e2nsal tahribat\u0131 g\u00f6r\u00fcn\u00fcr k\u0131lmay\u0131 ama\u00e7lar. Proje, t\u00fcm bu s\u00fcre\u00e7leri sorgulayarak izleyiciye \u015fu soruyu sordurur: Ger\u00e7ekten buna ihtiyac\u0131m\u0131z var m\u0131?<\/p>\n<p><strong>2- Ula\u015f\u0131lmayan:<\/strong> Bu dijital eskiz, sanat\u00e7\u0131n\u0131n i\u00e7inde bulundu\u011fu kasvetli, belirsizliklerle \u00e7evrili bir d\u00f6nemin g\u00f6rsel d\u0131\u015favurumudur. \u00dcst \u00fcste binen kareler, s\u0131k\u0131\u015fm\u0131\u015fl\u0131k hissini ve zihinsel katmanlar\u0131 temsil ederken; ahtapot fig\u00fcr\u00fc bu ortam\u0131n metaforuna d\u00f6n\u00fc\u015f\u00fcr. Ahtapotun a\u011fz\u0131ndan ba\u015flayan anlat\u0131, gergin ve sinirli formlar arac\u0131l\u0131\u011f\u0131yla i\u00e7sel bask\u0131y\u0131 g\u00f6r\u00fcn\u00fcr k\u0131lar. Kollar\u0131n birbirine temas etmemesi, ula\u015famama h\u00e2lini, kopuklu\u011fu ve y\u00f6ns\u00fczl\u00fc\u011f\u00fc simgeler. Bu \u00e7al\u0131\u015fma, belirsizlik i\u00e7inde var olmaya \u00e7al\u0131\u015fan bir bedenin ve zihnin sessiz \u00e7\u0131\u011fl\u0131\u011f\u0131d\u0131r.<\/p>\n<p><strong>3- Dionysos Lekesi:<\/strong> Bu eser, Dionysos\u2019un sanc\u0131l\u0131 do\u011fumunu, Nysa Da\u011f\u0131\u2019na saklanarak hayata tutunu\u015funu ve \u00f6l\u00fcmle i\u00e7 i\u00e7e ge\u00e7en ya\u015fam\u0131n\u0131 korunma\u2013giysi ili\u015fkisi \u00fczerinden yeniden yorumlar. Mitolojik anlat\u0131da \u015fiddet, kay\u0131p ve yeniden do\u011fu\u015fla \u015fekillenen bu hayat, d\u00f6nem giysisi olan kiton arac\u0131l\u0131\u011f\u0131yla sessiz ama g\u00fc\u00e7l\u00fc bir dile kavu\u015fur. Nysa Da\u011f\u0131\u2019n\u0131n koruyucu g\u00f6lgesinde efsaneye d\u00f6n\u00fc\u015febilen \u015farap tanr\u0131s\u0131 Dionysos\u2019un kanl\u0131 ve k\u0131r\u0131lgan ya\u015fam\u0131, bu \u00e7al\u0131\u015fmada kitonun katmanlar\u0131nda iz b\u0131rak\u0131r. Giysi, yaln\u0131zca bedeni saran bir form de\u011fil; saklanman\u0131n, korunman\u0131n ve hayatta kalman\u0131n ince bir metaforu olarak okunur.<\/p>\n<p><strong>4- G\u00fcnl\u00fck De\u011fil:<\/strong> \u00c7ocukluktan bu yana \u201cg\u00fcnl\u00fck\u201d tutma al\u0131\u015fkanl\u0131\u011f\u0131 kazan\u0131lamam\u0131\u015f olsa da, sanat\u00e7\u0131 ya\u015fanan yo\u011fun duygular\u0131 ve kayda de\u011fer anlar\u0131 yazma ve \u00e7izme ihtiyac\u0131 duyar. O an eline ge\u00e7en herhangi bir k\u00e2\u011f\u0131da aktar\u0131lan bu notlar; bir \u00e7antan\u0131n g\u00f6z\u00fcnde, kullan\u0131lmayan bir defterin aras\u0131nda ya da an\u0131 kutular\u0131nda sakl\u0131 kal\u0131r. Bazen aradan y\u0131llar ge\u00e7tikten sonra rastlant\u0131sal bir anda yeniden kar\u015f\u0131la\u015f\u0131lan bu par\u00e7alar, an\u0131lar\u0131n belirli bir d\u00fczen ya da kronoloji i\u00e7inde tutulmasa bile kaybolmad\u0131\u011f\u0131n\u0131 ortaya koyar. Da\u011f\u0131n\u0131k, par\u00e7al\u0131 ve zamans\u0131z bu kay\u0131tlar, belle\u011fin kendine \u00f6zg\u00fc \u00e7al\u0131\u015fma bi\u00e7imini g\u00f6r\u00fcn\u00fcr k\u0131lar. Bu eser, d\u00fczenli bir g\u00fcnl\u00fckten ziyade; anlar\u0131n, duygular\u0131n ve hat\u0131rlaman\u0131n zamana direnerek varl\u0131\u011f\u0131n\u0131 s\u00fcrd\u00fcrd\u00fc\u011f\u00fc ki\u015fisel bir ar\u015fiv niteli\u011fi ta\u015f\u0131r.<\/p>\n<p><strong>5- Isl\u0131k Kafesi:<\/strong> Be\u015fikta\u015f sahilinde konumlanan, kentin kesintisiz hareketi i\u00e7inde bir durak \u00f6neren kamusal bir pavyondur. Perfore metal y\u00fczeyler, su ak\u0131\u015f\u0131 ve bitkiler arac\u0131l\u0131\u011f\u0131yla yap\u0131, kentsel g\u00fcr\u00fclt\u00fcy\u00fc engellemek yerine yumu\u015fatarak, beyaz g\u00fcr\u00fclt\u00fc olu\u015fturarak, mek\u00e2nsal bir atmosfere d\u00f6n\u00fc\u015ft\u00fcr\u00fcr. Kullan\u0131c\u0131y\u0131 \u015fehirden koparmadan; ses, \u0131\u015f\u0131k ve hareketi yeniden kurgulayarak durma, fark etme ve nefes alma an\u0131 yarat\u0131r.<\/p>\n<div class=\"flex flex-col text-sm pb-25\">\n<article class=\"text-token-text-primary w-full focus:outline-none [--shadow-height:45px] has-data-writing-block:pointer-events-none has-data-writing-block:-mt-(--shadow-height) has-data-writing-block:pt-(--shadow-height) [&amp;:has([data-writing-block])&gt;*]:pointer-events-auto scroll-mt-[calc(var(--header-height)+min(200px,max(70px,20svh)))]\" dir=\"auto\" tabindex=\"-1\" data-turn-id=\"request-WEB:ecd7b5ec-060e-44c6-8a22-365aab3adec1-11\" data-testid=\"conversation-turn-24\" data-scroll-anchor=\"true\" data-turn=\"assistant\">\n<div class=\"text-base my-auto mx-auto pb-10 [--thread-content-margin:--spacing(4)] @w-sm\/main:[--thread-content-margin:--spacing(6)] @w-lg\/main:[--thread-content-margin:--spacing(16)] px-(--thread-content-margin)\">\n<div class=\"[--thread-content-max-width:40rem] @w-lg\/main:[--thread-content-max-width:48rem] mx-auto max-w-(--thread-content-max-width) flex-1 group\/turn-messages focus-visible:outline-hidden relative flex w-full min-w-0 flex-col agent-turn\" tabindex=\"-1\"><\/div>\n<\/div>\n<\/article>\n<\/div>\n<p>[\/vc_column_text][vc_empty_space][vc_gallery interval=&#8221;10&#8243; images=&#8221;16056,16057,16058,16060,16059&#8243; img_size=&#8221;full&#8221; css=&#8221;&#8221;][vc_empty_space][\/vc_column][vc_column width=&#8221;1\/6&#8243;][vc_single_image image=&#8221;15884&#8243; img_size=&#8221;FULL&#8221; alignment=&#8221;center&#8221; style=&#8221;vc_box_border&#8221; css=&#8221;&#8221;][vc_empty_space height=&#8221;16px&#8221;][vc_row_inner][vc_column_inner][vc_column_text][\/vc_column_text][vc_column_text][\/vc_column_text][\/vc_column_inner][\/vc_row_inner][vc_row_inner][vc_column_inner width=&#8221;2\/3&#8243;][\/vc_column_inner][vc_column_inner width=&#8221;1\/3&#8243;][\/vc_column_inner][\/vc_row_inner][\/vc_column][\/vc_row][\/vc_section]<\/p>\n<\/div>","protected":false},"excerpt":{"rendered":"<p>[vc_section][vc_row][vc_column width=&#8221;1\/6&#8243;][vc_single_image image=&#8221;15858&#8243; img_size=&#8221;large&#8221; alignment=&#8221;center&#8221; css=&#8221;&#8221;][vc_empty_space][vc_column_text css=&#8221;&#8221;]Ba\u015fak \u00c7imen[\/vc_column_text][vc_empty_space height=&#8221;16px&#8221;][vc_column_text css=&#8221;&#8221;]Mimarl\u0131k Bah\u00e7e\u015fehir \u00dcniversitesi \u00a0 G\u00fcz 2025 Dan\u0131\u015fman: H\u00fcseyin Yanar[\/vc_column_text][vc_empty_space][vc_row_inner][vc_column_inner width=&#8221;1\/4&#8243;][\/vc_column_inner][vc_column_inner width=&#8221;1\/4&#8243;][vc_icon icon_fontawesome=&#8221;fa fa-brands fa-linkedin&#8221; color=&#8221;chino&#8221; size=&#8221;xs&#8221; css=&#8221;&#8221; link=&#8221;url:https%3A%2F%2Fwww.linkedin.com%2Fin%2Fbasak-cimen%2F&#8221;][\/vc_column_inner][vc_column_inner width=&#8221;1\/4&#8243;][\/vc_column_inner][vc_column_inner width=&#8221;1\/4&#8243;][\/vc_column_inner][\/vc_row_inner][\/vc_column][vc_column width=&#8221;2\/3&#8243;][vc_empty_space][vc_column_text [&hellip;]<\/p>\n","protected":false},"author":11,"featured_media":0,"parent":0,"menu_order":0,"comment_status":"closed","ping_status":"closed","template":"","meta":{"_acf_changed":false,"_seopress_robots_primary_cat":"","_seopress_titles_title":"AURA Alumni: Ba\u015fak \u00c7imen","_seopress_titles_desc":"2025 G\u00fcz Do\u0308nemi\u2019nde \u201cAras\u0327t\u0131rma Tabanl\u0131 Tasar\u0131m Stu\u0308dyosu\u201dnda, kat\u0131l\u0131mc\u0131lar\u0131m\u0131z, H\u00fcseyin Yanar y\u00fcr\u00fct\u00fcc\u00fcl\u00fc\u011f\u00fcndeki st\u00fcdyoda Sanat ve Mimarl\u0131k: SINIRLAR temas\u0131na odakland\u0131.","_seopress_robots_index":"","_price":"","_stock":"","_tribe_ticket_header":"","_tribe_default_ticket_provider":"","_tribe_ticket_capacity":"0","_ticket_start_date":"","_ticket_end_date":"","_tribe_ticket_show_description":"","_tribe_ticket_show_not_going":false,"_tribe_ticket_use_global_stock":"","_tribe_ticket_global_stock_level":"","_global_stock_mode":"","_global_stock_cap":"","_tribe_rsvp_for_event":"","_tribe_ticket_going_count":"","_tribe_ticket_not_going_count":"","_tribe_tickets_list":"[]","_tribe_ticket_has_attendee_info_fields":false,"_EventAllDay":false,"_EventTimezone":"","_EventStartDate":"","_EventEndDate":"","_EventStartDateUTC":"","_EventEndDateUTC":"","_EventShowMap":false,"_EventShowMapLink":false,"_EventURL":"","_EventCost":"","_EventCostDescription":"","_EventCurrencySymbol":"","_EventCurrencyCode":"","_EventCurrencyPosition":"","_EventDateTimeSeparator":"","_EventTimeRangeSeparator":"","_EventOrganizerID":[],"_EventVenueID":[],"_OrganizerEmail":"","_OrganizerPhone":"","_OrganizerWebsite":"","_VenueAddress":"","_VenueCity":"","_VenueCountry":"","_VenueProvince":"","_VenueState":"","_VenueZip":"","_VenuePhone":"","_VenueURL":"","_VenueStateProvince":"","_VenueLat":"","_VenueLng":"","_VenueShowMap":false,"_VenueShowMapLink":false,"footnotes":"","_tec_slr_enabled":"","_tec_slr_layout":""},"class_list":["post-15883","page","type-page","status-publish","hentry"],"acf":[],"ticketed":false,"_links":{"self":[{"href":"https:\/\/aura-istanbul.com\/index.php\/wp-json\/wp\/v2\/pages\/15883","targetHints":{"allow":["GET"]}}],"collection":[{"href":"https:\/\/aura-istanbul.com\/index.php\/wp-json\/wp\/v2\/pages"}],"about":[{"href":"https:\/\/aura-istanbul.com\/index.php\/wp-json\/wp\/v2\/types\/page"}],"author":[{"embeddable":true,"href":"https:\/\/aura-istanbul.com\/index.php\/wp-json\/wp\/v2\/users\/11"}],"replies":[{"embeddable":true,"href":"https:\/\/aura-istanbul.com\/index.php\/wp-json\/wp\/v2\/comments?post=15883"}],"version-history":[{"count":4,"href":"https:\/\/aura-istanbul.com\/index.php\/wp-json\/wp\/v2\/pages\/15883\/revisions"}],"predecessor-version":[{"id":16315,"href":"https:\/\/aura-istanbul.com\/index.php\/wp-json\/wp\/v2\/pages\/15883\/revisions\/16315"}],"wp:attachment":[{"href":"https:\/\/aura-istanbul.com\/index.php\/wp-json\/wp\/v2\/media?parent=15883"}],"curies":[{"name":"wp","href":"https:\/\/api.w.org\/{rel}","templated":true}]}}