{"id":15892,"date":"2026-03-02T17:08:25","date_gmt":"2026-03-02T14:08:25","guid":{"rendered":"https:\/\/aura-istanbul.com\/?page_id=15892"},"modified":"2026-03-02T17:08:25","modified_gmt":"2026-03-02T14:08:25","slug":"aura-alumni-dila-aguzum","status":"publish","type":"page","link":"https:\/\/aura-istanbul.com\/index.php\/aura-alumni-dila-aguzum\/","title":{"rendered":"AURA Alumni: Dila A\u011f\u00fcz\u00fcm"},"content":{"rendered":"<div class=\"wpb-content-wrapper\"><p>[vc_section][vc_row][vc_column width=&#8221;1\/6&#8243;][vc_single_image image=&#8221;15860&#8243; img_size=&#8221;large&#8221; alignment=&#8221;center&#8221; css=&#8221;&#8221;][vc_empty_space][vc_column_text css=&#8221;&#8221;]<strong>Dila A\u011f\u00fcz\u00fcm<\/strong>[\/vc_column_text][vc_empty_space height=&#8221;16px&#8221;][vc_column_text css=&#8221;&#8221;]Mimarl\u0131k<br \/>\n<span data-sheets-root=\"1\">Yeditepe \u00dcniversitesi<\/span><\/p>\n<p><span data-sheets-root=\"1\">\u00a0<\/span><\/p>\n<p>G\u00fcz 2025<br \/>\nDan\u0131\u015fman: H\u00fcseyin Yanar[\/vc_column_text][vc_empty_space][vc_row_inner][vc_column_inner width=&#8221;1\/4&#8243;][\/vc_column_inner][vc_column_inner width=&#8221;1\/4&#8243;][vc_icon icon_fontawesome=&#8221;fa fa-brands fa-linkedin&#8221; color=&#8221;chino&#8221; size=&#8221;xs&#8221; css=&#8221;&#8221; link=&#8221;url:https%3A%2F%2Fwww.linkedin.com%2Fin%2Fdilaaguzum%2F&#8221;][\/vc_column_inner][vc_column_inner width=&#8221;1\/4&#8243;][\/vc_column_inner][vc_column_inner width=&#8221;1\/4&#8243;][\/vc_column_inner][\/vc_row_inner][\/vc_column][vc_column width=&#8221;2\/3&#8243;][vc_empty_space][vc_column_text css=&#8221;&#8221;]<\/p>\n<p style=\"text-align: left;\"><strong>Sanat ve Mimarl\u0131k: S I N I R L A R<\/strong><\/p>\n<p>[\/vc_column_text][vc_empty_space][vc_column_text css=&#8221;&#8221;]<strong>1- Ben Kimim?: <\/strong>\u201ckendimi anlatmak, anlamak (?)\u201d<br \/>\naray\u0131\u015f &#8211; kimlik &#8211; s\u00fcre\u00e7 \u2013 belirsizlik<br \/>\nKendimi Anlamak, Anlatmak?, kendini tan\u0131mlama \u00e7abas\u0131n\u0131n bitmeyen bir s\u00fcre\u00e7 oldu\u011funu kabul eden bir i\u00e7 yolculu\u011fu g\u00f6r\u00fcn\u00fcr k\u0131lar. Par\u00e7alara ayr\u0131lm\u0131\u015f foto\u011fraf, bir arada var olan farkl\u0131 y\u00f6nleri; siyah-beyaz ve sar\u0131 tonlar ise bu yolculu\u011fun yorgunlukla co\u015fku aras\u0131nda gidip gelen h\u00e2llerini ta\u015f\u0131r. \u00c7izgiler, yollar ve bulan\u0131k kesi\u015fimler, kimli\u011fin tek bir noktada sabitlenmedi\u011fini, dalgalar h\u00e2linde ilerleyen ve belirsizlikle beslenen bir olu\u015f oldu\u011funu d\u00fc\u015f\u00fcnd\u00fcr\u00fcr.<\/p>\n<p><strong>2- Neredeyiz?: <\/strong>\u201c\u0130z-ci\u201d<br \/>\nsesiz &#8211; mek\u00e2n &#8211; haf\u0131za &#8211; katman &#8211; deneyim &#8211; s\u0131n\u0131r<br \/>\n\u0130z-ci, sesin, mek\u00e2n\u0131n ve izlerin kesi\u015fti\u011fi noktada \u015fekillenen \u00e7ok katmanl\u0131 bir deneyimdir. D\u00f6rt farkl\u0131 y\u00f6nden yola \u00e7\u0131kan izcilerin toplad\u0131\u011f\u0131 sesler tek bir kasette \u00fcst \u00fcste bindirilerek Sinanpa\u015fa\u2019n\u0131n bireysel ve ortak haf\u0131zas\u0131n\u0131 yeniden kurar. Sesin somut bir nesneye d\u00f6n\u00fc\u015fmesiyle dinleyici, mek\u00e2n i\u00e7inde dola\u015fan bir izleyiciye d\u00f6n\u00fc\u015f\u00fcr ve s\u0131n\u0131rlar\u0131n \u0131\u015f\u0131k, g\u00f6lge ve ses arac\u0131l\u0131\u011f\u0131yla ge\u00e7irgenle\u015fti\u011fi bir deneyimin par\u00e7as\u0131 olur.<\/p>\n<p><strong>3-<\/strong> <em>Seppo Salminen ile<\/em> <strong>Kente dokunmak: <\/strong>\u201cdengenin dengesizli\u011fi\u201d (video performans + kolaj)<br \/>\ndenge \/ dengesizlik &#8211; beden &#8211; s\u00fcre\u00e7 &#8211; tekrar \u2013 varolu\u015f<br \/>\nDengenin Dengesizli\u011fi, bedensel bir deneyim \u00fczerinden dengenin sabit bir durum de\u011fil, s\u00fcrekli yeniden kurulan bir s\u00fcre\u00e7 oldu\u011funu ele al\u0131r. Kaykay \u00fczerindeki hareket, d\u00fc\u015fme ve durma aras\u0131ndaki k\u0131r\u0131lgan \u00e7izgide tekrar eden \u00e7abalar\u0131 g\u00f6r\u00fcn\u00fcr k\u0131lar. Bu \u00e7al\u0131\u015fma, dengeyi ula\u015f\u0131lm\u0131\u015f bir sonu\u00e7 olarak de\u011fil, bedenin her an yeniden kurmak zorunda oldu\u011fu ge\u00e7ici bir durum olarak tan\u0131mlar.<\/p>\n<p><strong>4- Ahtapot: <\/strong>\u201cO\u201d, \u201co\u201d de\u011fil (maket + foto\u011fraf kolaj)<br \/>\nvarolu\u015f &#8211; haf\u0131za \u2013 \u015fehir &#8211; hareket &#8211; \u00e7o\u011fulluk<br \/>\nBu \u00e7al\u0131\u015fma, \u201co\u201d olarak adland\u0131r\u0131lan ama hi\u00e7bir zaman tek bir \u015feye indirgenemeyen bir ahtapotu izler. Sabit bir bedene, net bir s\u0131n\u0131ra ya da tek bir kimli\u011fe sahip de\u011fildir. Kollar\u0131 \u015fehrin farkl\u0131 noktalar\u0131na uzan\u0131r; sokaklara, duvarlara ve ge\u00e7i\u015f alanlar\u0131na dokunur. Her temas, bir varolu\u015f bi\u00e7imini \u00e7o\u011falt\u0131r. Ahtapot burada bir fig\u00fcrden \u00e7ok, sahip olmadan ait olman\u0131n, y\u00f6n olmadan hareket etmenin ve tekilli\u011fi reddeden bir varolu\u015f h\u00e2linin ifadesidir.<\/p>\n<p><strong>5-<\/strong> <em>Samuli Woolston ile<\/em> <strong>Be\u015fikta\u015f: <\/strong>\u201cSuyun \u0130zi\u201d<br \/>\niz &#8211; su &#8211; e\u015fik \u2013 haf\u0131za<br \/>\nSuyun \u0130zi, Be\u015fikta\u015f sahilinde denizle kent aras\u0131ndaki e\u015fi\u011fi g\u00f6r\u00fcn\u00fcr k\u0131lan k\u00fc\u00e7\u00fck \u00f6l\u00e7ekli bir m\u00fcdahaledir. Zeminde a\u00e7\u0131lan ince yar\u0131k, suyun hareketinden t\u00fcreyen bir iz gibi sahilden meydana do\u011fru uzan\u0131r. Bu iz, y\u00f6nlendirmekten \u00e7ok hat\u0131rlat\u0131r; kentin g\u00fcndelik ak\u0131\u015f\u0131 i\u00e7inde denizi yeniden fark etmeye \u00e7a\u011f\u0131r\u0131r.<\/p>\n<p><strong>6- Bizim Nysa\u2019m\u0131z: <\/strong>\u201cBitmemi\u015flik\u201d<br \/>\nbitmemi\u015flik &#8211; d\u00f6n\u00fc\u015f\u00fcm &#8211; e\u015fik \u2013 potansiyel<br \/>\nBitmemi\u015flik, Nysa K\u00fct\u00fcphanesi\u2019ni tamamlanm\u0131\u015f bir yap\u0131dan \u00e7ok, d\u00f6n\u00fc\u015f\u00fcm\u00fcn ve yeniden yarat\u0131m\u0131n mek\u00e2n\u0131 olarak ele al\u0131r. Yar\u0131m b\u0131rak\u0131lm\u0131\u015f a\u00e7\u0131kl\u0131k, insan\u0131n kendini a\u015fma h\u00e2lini; k\u0131r\u0131k y\u00fczeyler ve katmanlar ise bu s\u00fcrecin par\u00e7al\u0131 ve belirsiz do\u011fas\u0131n\u0131 g\u00f6r\u00fcn\u00fcr k\u0131lar. G\u00fcne\u015f \u0131\u015f\u0131\u011f\u0131, bu d\u00f6n\u00fc\u015f\u00fcm\u00fcn her defas\u0131nda yeniden kurulan bir eylem oldu\u011funu hat\u0131rlatan ge\u00e7ici ama y\u00f6nlendirici bir e\u015fik olarak mek\u00e2nda belirir.<\/p>\n<p><strong>7- Pazardan Cumaya: <\/strong>Pazardan Cumaya, LIMINALXIII kolektifi taraf\u0131ndan geli\u015ftirilen bir kamusal mek\u00e2n projesidir. Farkl\u0131 disiplinlerden bir araya gelen ekibin ortak \u00fcretim s\u00fcrecinden do\u011fan \u00e7al\u0131\u015fma, nesne \u00fcretmekten \u00e7ok ili\u015fkiler, kar\u015f\u0131la\u015fmalar ve g\u00fcndelik kamusal deneyimler olu\u015fturmay\u0131 hedefler.<br \/>\nProje, \u0130stanbul Be\u015fikta\u015f\u2019taki pazar alan\u0131n\u0131 haftada bir g\u00fcn kullan\u0131lan bir ticaret zemini olmaktan \u00e7\u0131kararak, haftan\u0131n tamam\u0131na yay\u0131lan ya\u015fayan, kat\u0131l\u0131mc\u0131 ve esnek bir kar\u015f\u0131la\u015fma alan\u0131na d\u00f6n\u00fc\u015ft\u00fcrmeyi \u00f6nerir. Pazar tezg\u00e2h\u0131 \u00f6l\u00e7\u00fclerinden t\u00fcretilen katlanabilir mod\u00fcler sistemler pazar g\u00fcnleri altyap\u0131 sa\u011flarken di\u011fer g\u00fcnlerde kamusal kullan\u0131m y\u00fczeylerine d\u00f6n\u00fc\u015f\u00fcr; yerle\u015ftirme ve video \u00e7al\u0131\u015fmalar\u0131 ise kullan\u0131c\u0131 kat\u0131l\u0131m\u0131yla s\u00fcrekli yeniden kurulabilen bir mek\u00e2nsal deneyim \u00fcretir.<br \/>\nBu \u00f6neri, sonu\u00e7tan \u00e7ok s\u00fcrece, nesneden \u00e7ok etkile\u015fime ve sabit tan\u0131mlar yerine<br \/>\nd\u00f6n\u00fc\u015febilir kullan\u0131mlara odaklanan a\u00e7\u0131k bir kamusal \u00fcretim yakla\u015f\u0131m\u0131 sunar.<\/p>\n<p>https:\/\/youtu.be\/arMLymwqhKA[\/vc_column_text][vc_empty_space][vc_gallery interval=&#8221;10&#8243; images=&#8221;16068,16069,16070,16071,16072,16073,16159&#8243; img_size=&#8221;full&#8221; css=&#8221;&#8221;][vc_empty_space][\/vc_column][vc_column width=&#8221;1\/6&#8243;][vc_single_image image=&#8221;15893&#8243; img_size=&#8221;FULL&#8221; alignment=&#8221;center&#8221; style=&#8221;vc_box_border&#8221; css=&#8221;&#8221;][vc_empty_space height=&#8221;16px&#8221;][vc_row_inner][vc_column_inner][vc_column_text][\/vc_column_text][vc_column_text][\/vc_column_text][\/vc_column_inner][\/vc_row_inner][vc_row_inner][vc_column_inner width=&#8221;2\/3&#8243;][\/vc_column_inner][vc_column_inner width=&#8221;1\/3&#8243;][\/vc_column_inner][\/vc_row_inner][\/vc_column][\/vc_row][\/vc_section]<\/p>\n<\/div>","protected":false},"excerpt":{"rendered":"<p>[vc_section][vc_row][vc_column width=&#8221;1\/6&#8243;][vc_single_image image=&#8221;15860&#8243; img_size=&#8221;large&#8221; alignment=&#8221;center&#8221; css=&#8221;&#8221;][vc_empty_space][vc_column_text css=&#8221;&#8221;]Dila A\u011f\u00fcz\u00fcm[\/vc_column_text][vc_empty_space height=&#8221;16px&#8221;][vc_column_text css=&#8221;&#8221;]Mimarl\u0131k Yeditepe \u00dcniversitesi \u00a0 G\u00fcz 2025 Dan\u0131\u015fman: H\u00fcseyin Yanar[\/vc_column_text][vc_empty_space][vc_row_inner][vc_column_inner width=&#8221;1\/4&#8243;][\/vc_column_inner][vc_column_inner width=&#8221;1\/4&#8243;][vc_icon icon_fontawesome=&#8221;fa fa-brands fa-linkedin&#8221; color=&#8221;chino&#8221; size=&#8221;xs&#8221; css=&#8221;&#8221; link=&#8221;url:https%3A%2F%2Fwww.linkedin.com%2Fin%2Fdilaaguzum%2F&#8221;][\/vc_column_inner][vc_column_inner width=&#8221;1\/4&#8243;][\/vc_column_inner][vc_column_inner width=&#8221;1\/4&#8243;][\/vc_column_inner][\/vc_row_inner][\/vc_column][vc_column width=&#8221;2\/3&#8243;][vc_empty_space][vc_column_text [&hellip;]<\/p>\n","protected":false},"author":11,"featured_media":0,"parent":0,"menu_order":0,"comment_status":"closed","ping_status":"closed","template":"","meta":{"_acf_changed":false,"_seopress_robots_primary_cat":"","_seopress_titles_title":"AURA Alumni: Dila A\u011f\u00fcz\u00fcm","_seopress_titles_desc":"2025 G\u00fcz Do\u0308nemi\u2019nde \u201cAras\u0327t\u0131rma Tabanl\u0131 Tasar\u0131m Stu\u0308dyosu\u201dnda, kat\u0131l\u0131mc\u0131lar\u0131m\u0131z, H\u00fcseyin Yanar y\u00fcr\u00fct\u00fcc\u00fcl\u00fc\u011f\u00fcndeki st\u00fcdyoda Sanat ve Mimarl\u0131k: SINIRLAR temas\u0131na odakland\u0131.","_seopress_robots_index":"","_price":"","_stock":"","_tribe_ticket_header":"","_tribe_default_ticket_provider":"","_tribe_ticket_capacity":"0","_ticket_start_date":"","_ticket_end_date":"","_tribe_ticket_show_description":"","_tribe_ticket_show_not_going":false,"_tribe_ticket_use_global_stock":"","_tribe_ticket_global_stock_level":"","_global_stock_mode":"","_global_stock_cap":"","_tribe_rsvp_for_event":"","_tribe_ticket_going_count":"","_tribe_ticket_not_going_count":"","_tribe_tickets_list":"[]","_tribe_ticket_has_attendee_info_fields":false,"_EventAllDay":false,"_EventTimezone":"","_EventStartDate":"","_EventEndDate":"","_EventStartDateUTC":"","_EventEndDateUTC":"","_EventShowMap":false,"_EventShowMapLink":false,"_EventURL":"","_EventCost":"","_EventCostDescription":"","_EventCurrencySymbol":"","_EventCurrencyCode":"","_EventCurrencyPosition":"","_EventDateTimeSeparator":"","_EventTimeRangeSeparator":"","_EventOrganizerID":[],"_EventVenueID":[],"_OrganizerEmail":"","_OrganizerPhone":"","_OrganizerWebsite":"","_VenueAddress":"","_VenueCity":"","_VenueCountry":"","_VenueProvince":"","_VenueState":"","_VenueZip":"","_VenuePhone":"","_VenueURL":"","_VenueStateProvince":"","_VenueLat":"","_VenueLng":"","_VenueShowMap":false,"_VenueShowMapLink":false,"footnotes":"","_tec_slr_enabled":"","_tec_slr_layout":""},"class_list":["post-15892","page","type-page","status-publish","hentry"],"acf":[],"ticketed":false,"_links":{"self":[{"href":"https:\/\/aura-istanbul.com\/index.php\/wp-json\/wp\/v2\/pages\/15892","targetHints":{"allow":["GET"]}}],"collection":[{"href":"https:\/\/aura-istanbul.com\/index.php\/wp-json\/wp\/v2\/pages"}],"about":[{"href":"https:\/\/aura-istanbul.com\/index.php\/wp-json\/wp\/v2\/types\/page"}],"author":[{"embeddable":true,"href":"https:\/\/aura-istanbul.com\/index.php\/wp-json\/wp\/v2\/users\/11"}],"replies":[{"embeddable":true,"href":"https:\/\/aura-istanbul.com\/index.php\/wp-json\/wp\/v2\/comments?post=15892"}],"version-history":[{"count":4,"href":"https:\/\/aura-istanbul.com\/index.php\/wp-json\/wp\/v2\/pages\/15892\/revisions"}],"predecessor-version":[{"id":16163,"href":"https:\/\/aura-istanbul.com\/index.php\/wp-json\/wp\/v2\/pages\/15892\/revisions\/16163"}],"wp:attachment":[{"href":"https:\/\/aura-istanbul.com\/index.php\/wp-json\/wp\/v2\/media?parent=15892"}],"curies":[{"name":"wp","href":"https:\/\/api.w.org\/{rel}","templated":true}]}}