{"id":15895,"date":"2026-03-02T17:09:25","date_gmt":"2026-03-02T14:09:25","guid":{"rendered":"https:\/\/aura-istanbul.com\/?page_id=15895"},"modified":"2026-03-02T17:09:25","modified_gmt":"2026-03-02T14:09:25","slug":"aura-alumni-elif-aysu-solak","status":"publish","type":"page","link":"https:\/\/aura-istanbul.com\/index.php\/aura-alumni-elif-aysu-solak\/","title":{"rendered":"AURA Alumni: Elif Aysu Solak"},"content":{"rendered":"<div class=\"wpb-content-wrapper\"><p>[vc_section][vc_row][vc_column width=&#8221;1\/6&#8243;][vc_single_image image=&#8221;15861&#8243; img_size=&#8221;large&#8221; alignment=&#8221;center&#8221; css=&#8221;&#8221;][vc_empty_space][vc_column_text css=&#8221;&#8221;]<strong>Elif Aysu Solak<\/strong>[\/vc_column_text][vc_empty_space height=&#8221;16px&#8221;][vc_column_text css=&#8221;&#8221;]Mimarl\u0131k<br \/>\n<span data-sheets-root=\"1\">Y\u0131ld\u0131z Teknik \u00dcniversitesi<\/span><\/p>\n<p><span data-sheets-root=\"1\">\u00a0<\/span><\/p>\n<p>G\u00fcz 2025<br \/>\nDan\u0131\u015fman: H\u00fcseyin Yanar[\/vc_column_text][vc_empty_space][vc_row_inner][vc_column_inner width=&#8221;1\/4&#8243;][\/vc_column_inner][vc_column_inner width=&#8221;1\/4&#8243;][vc_icon icon_fontawesome=&#8221;fa fa-brands fa-linkedin&#8221; color=&#8221;chino&#8221; size=&#8221;xs&#8221; css=&#8221;&#8221; link=&#8221;url:https%3A%2F%2Fwww.linkedin.com%2Fin%2Felif-aysu-solak-82678618a%2F&#8221;][\/vc_column_inner][vc_column_inner width=&#8221;1\/4&#8243;][\/vc_column_inner][vc_column_inner width=&#8221;1\/4&#8243;][\/vc_column_inner][\/vc_row_inner][\/vc_column][vc_column width=&#8221;2\/3&#8243;][vc_empty_space][vc_column_text css=&#8221;&#8221;]<\/p>\n<p style=\"text-align: left;\"><strong>Sanat ve Mimarl\u0131k: S I N I R L A R<\/strong><\/p>\n<p>[\/vc_column_text][vc_empty_space][vc_column_text css=&#8221;&#8221;]<b>1- R\u00fczg\u00e2r: <\/b>Kimlik \u00b7 Ak\u0131\u015f \u00b7 Nefes \u00b7 S\u0131n\u0131r \u00b7 \u00d6z-ifade \u00b7 K\u0131r\u0131lganl\u0131k \u00b7 D\u00f6n\u00fc\u015f\u00fcm \u00b7 \u00d6zg\u00fcrle\u015fme \u00b7 Benlik<br \/>\n\u201cR\u00fczg\u00e2r\u201d, sabit bir kimlik tan\u0131m\u0131 yerine, nefes alan ve d\u00f6n\u00fc\u015fen bir benlik h\u00e2lini ele al\u0131r. \u00dcst \u00fcste binen s\u0131n\u0131rlar ve kelimeler aras\u0131nda s\u0131k\u0131\u015fan \u00f6z, k\u0131r\u0131lma an\u0131nda yeniden bi\u00e7imlenerek varolu\u015funu ilan eder. Eser, kimli\u011fi s\u00fcrekli devinen bir ak\u0131\u015f olarak \u00f6nerir.<br \/>\n<em><span style=\"font-weight: 400;\">1-Wind: <\/span><\/em><i><span style=\"font-weight: 400;\">Identity \u00b7 Flow \u00b7 Breath \u00b7 Boundary \u00b7 Self-expression \u00b7 Fragility \u00b7 Transformation \u00b7 Liberation \u00b7 Selfhood<br \/>\n<\/span><\/i><i><span style=\"font-weight: 400;\">\u201cWind\u201d addresses a state of selfhood that breathes and transforms, rather than a fixed definition of identity. The essence, compressed between overlapping boundaries and words, re-forms itself at the moment of rupture and declares its existence. The work proposes identity as a continuously shifting flow.<\/span><\/i><\/p>\n<p><b>2-\u0130z-ci: <span style=\"font-weight: 400;\">Ses \u00b7 \u0130z \u00b7 \u0130z s\u00fcrme \u00b7 \u00c7oklu deneyim \u00b7 Katmanla\u015fma \u00b7 Mek\u00e2nsal bellek \u00b7 Rastlant\u0131sall\u0131k \u00b7 I\u015f\u0131k\u2013G\u00f6lge \u00b7 Ge\u00e7irgen s\u0131n\u0131rlar<br \/>\n<\/span><\/b><span style=\"font-weight: 400;\">\u201c\u0130z-ci\u201d, hem iz olan\u0131n hem iz b\u0131rakan\u0131n hem de iz s\u00fcrenin hik\u00e2yesi olarak tasarland\u0131. Sesin, mek\u00e2n\u0131n ve iz s\u00fcrmenin \u00fcst \u00fcste bindi\u011fi bu \u00e7al\u0131\u015fma, bireysel deneyimleri tek bir ses katman\u0131nda birle\u015ftirerek mek\u00e2nsal belle\u011fi g\u00f6r\u00fcn\u00fcr k\u0131lar.<br \/>\n<\/span><i><span style=\"font-weight: 400;\">2- Trace-seeker: <\/span><\/i><i><span style=\"font-weight: 400;\">Sound \u00b7 Trace \u00b7 Tracking \u00b7 Multiple experience \u00b7 Layering \u00b7 Spatial memory \u00b7 Randomness \u00b7 Light\u2013Shadow \u00b7 Permeable boundaries<br \/>\n<\/span><\/i><i><span style=\"font-weight: 400;\">\u201cTrace-seeker\u201d was conceived as the story of what is traced, what leaves a trace, and what follows it. In this work where sound, space, and tracking overlap, individual experiences are brought together within a single sonic layer, rendering spatial memory visible.<\/span><\/i><\/p>\n<p>3- <em>Seppo Salminen ile <\/em><b>E\u015fik . Sapma . \u0130\u00e7sel Themis: <span style=\"font-weight: 400;\">Otorite \u00b7 Bak\u0131\u015f \u00b7 G\u00f6zetim \u00b7 E\u015fik \u00b7 Sapma \u00b7 \u0130\u00e7sel Yarg\u0131<br \/>\nAn\u0131tsal mimari i\u00e7inde konumlanan fig\u00fcr d\u0131\u015fsal otorite ile i\u00e7selle\u015ftirilmi\u015f yarg\u0131 aras\u0131ndaki gerilimi ve karar an\u0131n\u0131n e\u015fi\u011fini temsil eder. \u00c7ocukluk ve yeti\u015fkinlik, d\u00fczen kurma ve d\u00fczeni alt \u00fcst etme karar\u0131 aras\u0131ndaki kritik an. Geriye d\u00f6nm\u00fc\u015f, tehditk\u00e2r ve \u201csenin fark\u0131nday\u0131m\u201d hissiyat\u0131n\u0131 ta\u015f\u0131yan yukar\u0131ya y\u00f6nlendirilmi\u015f bak\u0131\u015f Panoptik G\u00f6zetim sistemine bir yan\u0131tt\u0131r. Sorgulanan temel soru \u015fudur: Bize bakan bu g\u00f6z, harici bir Tanr\u0131 m\u0131, Yarg\u0131\u00e7 m\u0131, B\u00fcy\u00fck Birader mi yoksa bireyin kendi kendini yarg\u0131lamas\u0131 mi?<br \/>\n<\/span><\/b><i><span style=\"font-weight: 400;\">3- with Seppo Salminen <\/span><\/i><i><span style=\"font-weight: 400;\">Threshold \u00b7 Deviation \u00b7 the\u00a0 Inner Themis: <\/span><\/i><i><span style=\"font-weight: 400;\">Authority \u00b7 Gaze \u00b7 Surveillance \u00b7 Threshold \u00b7 Deviation \u00b7 Inner judgment<br \/>\n<\/span><\/i><i><span style=\"font-weight: 400;\">The figure situated within monumental architecture represents the tension between external authority and internalized judgment, and the threshold of the moment of decision: the critical instant between childhood and adulthood, between establishing order and deciding to overturn it. The upward-directed gaze, turned back, menacing, and carrying the sensation of \u201cI am aware of you\u201d responds to the system of panoptic surveillance. The central question posed is: Is the eye that looks at us an external God, a Judge, Big Brother or the individual\u2019s own practice of self-judgment?<\/span><\/i><\/p>\n<p>4- <b>B\u00fct\u00fcnle\u015fme Hilesi: <span style=\"font-weight: 400;\">\u0130kilik \u00b7 Kar\u015f\u0131tl\u0131k \u00b7 Saklanma \/ A\u00e7\u0131\u011fa \u00e7\u0131kma \u00b7 Sald\u0131r\u0131 \/ Geri \u00e7ekilme \u00b7 Sertlik \/ Ak\u0131\u015fkanl\u0131k \u00b7 Sezgi \u00b7 D\u00f6n\u00fc\u015f\u00fcm \u00b7 Katmanla\u015fma \u00b7 Kolektif beden<br \/>\nHayatta kalmay\u0131 kar\u015f\u0131t u\u00e7lar aras\u0131nda kurulan ak\u0131\u015fkan bir denge olarak ele al\u0131r. G\u00f6r\u00fcn\u00fcrl\u00fck ile g\u00f6r\u00fcnmezlik, sald\u0131r\u0131 ile saklanma ve d\u00f6n\u00fc\u015f\u00fcm ile geri \u00e7ekilme h\u00e2lleri katmanl\u0131 yap\u0131 i\u00e7inde \u00fcst \u00fcste bindirilir.<br \/>\n<\/span><\/b><i><span style=\"font-weight: 400;\">4- The Trick of Integration: <\/span><\/i><i><span style=\"font-weight: 400;\">Duality \u00b7 Opposition \u00b7 Hiding \/ Revealing \u00b7 Attack \/ Withdrawal \u00b7 Rigidity \/ Fluidity \u00b7 Intuition \u00b7 Transformation \u00b7 Layering \u00b7 Collective body<br \/>\n<\/span><\/i><i><span style=\"font-weight: 400;\">It approaches survival as a fluid balance established between opposing poles. States of visibility and invisibility, attack and concealment, and transformation and withdrawal are superimposed within a layered spatial structure.<\/span><\/i><\/p>\n<p><strong>5-<\/strong> <em>Samuli Woolston ile <\/em><b>D\u00f6ng\u00fcsel Nefes: <\/b><span style=\"font-weight: 400;\">Ge\u00e7icilik \u00b7 Kal\u0131c\u0131l\u0131k \u00b7 Sis \u00b7 Nefes \u00b7 Mikro-klima \u00b7 Fenomenoloji \u00b7 Duyusal duraksama \u00b7 Do\u011fa ile i\u015f birli\u011fi \u00b7 Ak\u0131\u015f<br \/>\n<\/span><span style=\"font-weight: 400;\">Kal\u0131c\u0131 str\u00fckt\u00fcr ile u\u00e7ucu atmosfer aras\u0131nda duyusal bir diyalog kuran kal\u0131c\u0131l\u0131k ile ge\u00e7icili\u011fi metal ve sis \u00fczerinden bir araya getiren bu \u00e7al\u0131\u015fma, kentsel ak\u0131\u015f i\u00e7inde nefes alan duyusal bir deneyimi i\u00e7eren kentsel bir yerle\u015ftirmedir. Sis, meydan\u0131n sertli\u011fini yumu\u015fatarak kullan\u0131c\u0131 i\u00e7in nefes al\u0131nan bir duraksama alan\u0131 \u00fcretir.<br \/>\n<\/span><i><span style=\"font-weight: 400;\">5- With Samuli Woolston\u00a0<\/span><\/i><i><span style=\"font-weight: 400;\">Cyclical Breath: <\/span><\/i><i><span style=\"font-weight: 400;\">This is an urban installation: a sensory experience that breathes within the city\u2019s flow, bringing together permanence and ephemerality, metal and mist by establishing a sensory dialogue between enduring structure and volatile atmosphere. The mist softens the square\u2019s hardness, producing a breathable pause for the user.<\/span><\/i><\/p>\n<p>6- <b>ARA | H\u00e2l . Olu\u015f . Varl\u0131k: <span style=\"font-weight: 400;\">E\u015fik \u00b7 Ge\u00e7i\u015f \u00b7 Mitolojik d\u00f6ng\u00fc \u00b7 Ayr\u0131l\u0131\u015f \/ Kavu\u015fma \u00b7 Yeralt\u0131 \/ Yery\u00fcz\u00fc \u00b7 Mek\u00e2nsal haf\u0131za \u00b7 Ara-h\u00e2l \u00b7 D\u00f6n\u00fc\u015f\u00fcm \u00b7 Zamansall\u0131k<br \/>\nBu \u00e7al\u0131\u015fma, Nysa\u2019da ya da ba\u015fka bir ba\u011flamda, Pl\u00fcton\u2013Kore k\u00fclt\u00fcn\u00fcn nas\u0131l bir mek\u00e2nla anlat\u0131labilece\u011fini sorgulayan, eksik par\u00e7ay\u0131 sahnenin kurucu unsuru h\u00e2line getiren, yery\u00fcz\u00fc-yeralt\u0131, ayr\u0131l\u0131\u015f-kavu\u015fma ve kay\u0131p-d\u00f6n\u00fc\u015f\u00fcm ikiliklerini mek\u00e2nsal bir e\u015fik \u00fczerinden bir deneyime d\u00f6n\u00fc\u015ft\u00fcren deneysel bir sahne \u00f6nerisidir. \u00c7al\u0131\u015fma, Persephone(Kore)\u2019nin bir ara varl\u0131k olarak arada olma h\u00e2lini mek\u00e2nsal bir kurgu ile somutla\u015ft\u0131r\u0131r ve sahne ile heykel aras\u0131nda konumlanarak yery\u00fcz\u00fc, e\u015fik ve yeralt\u0131 aras\u0131ndaki s\u0131n\u0131rlar\u0131 bilin\u00e7li olarak bulan\u0131kla\u015ft\u0131r\u0131r.<br \/>\n<\/span><\/b><i><span style=\"font-weight: 400;\">6- IN-BETWEEN | State \u00b7 Becoming \u00b7 Being: <\/span><\/i><i><span style=\"font-weight: 400;\">Threshold \u00b7 Passage \u00b7 Mythological cycle \u00b7 Separation \/ Reunion \u00b7 Underworld \/ Overworld \u00b7 Spatial memory \u00b7 In-betweenness \u00b7 Transformation \u00b7 Temporality<br \/>\n<\/span><\/i><i><span style=\"font-weight: 400;\">This work is an experimental stage proposal that asks how the cult of Pluto\u2013Kore could be narrated through space, whether in Nysa or another context. It turns the missing fragment into a constitutive element of the stage and transforms the dualities of overworld\/underworld, separation\/reunion, and loss\/transformation into an experience through a spatial threshold. The work materializes Persephone (Kore)\u2019s condition of in-betweenness as an in-between being through spatial dramaturgy, and positioned between stage and sculpture deliberately blurs the boundaries between the overworld, the threshold, and the underworld.<\/span><\/i><\/p>\n<p><strong>7-<\/strong> <em>Kaarina Kaikkonen ile <\/em><b>Mnemosyne: <span style=\"font-weight: 400;\">Birlikte \u00fcretme \u00b7 Tasarlama \u00b7 Deneyim \u00b7 Birlikte yol almak \u00b7 Problem \u00e7\u00f6zme \u00b7Bak\u0131\u015f a\u00e7\u0131s\u0131\u00b7 G\u00fcvenlik \u00b7 Ta\u015f\u0131nabilir g\u00fcvenli alan \u00b7 An\u0131 nesneleri \u00b7 \u015eeffafl\u0131k \u00b7 K\u00fcp \u00b7 A\u00e7\u0131k haf\u0131za \u00b7 Yer-sizlik<br \/>\nBu \u00e7al\u0131\u015fmada tamir etmek, tasarlamak, sohbet etmek ve birlikte yol almak \u00fczerinden birlikte \u00fcretme etraf\u0131nda \u015fekillenen an\u0131lar hem bir hat\u0131ra alan\u0131 hem de hayata dair bir d\u00fc\u015f\u00fcnme bi\u00e7imi olarak yeniden yorumlan\u0131r. Sabit bir mek\u00e2na de\u011fil, ta\u015f\u0131nabilir bir bak\u0131\u015f a\u00e7\u0131s\u0131na dayanan bu g\u00fcvenlik hissi; \u00e7ocukluktan gelen k\u00fcp formunda, \u015feffaf bir kutu i\u00e7inde biriken nesneler ve an\u0131lar arac\u0131l\u0131\u011f\u0131yla g\u00f6r\u00fcn\u00fcr hale gelir.<br \/>\n<\/span><\/b><i><span style=\"font-weight: 400;\">7- With Kaarina Kaikkonen Mnemosyne: <\/span><\/i><i><span style=\"font-weight: 400;\">Co-creation \u00b7 Designing \u00b7 Experience \u00b7 Moving forward together \u00b7 Problem-solving \u00b7 Perspective \u00b7 Safety \u00b7 Portable safe space \u00b7 Memory objects \u00b7 Transparency \u00b7 Cube \u00b7 Open memory \u00b7 Placelessness<br \/>\n<\/span><\/i><i><span style=\"font-weight: 400;\">In this work, memories shaped around co-creation through repairing, designing, conversing, and moving forward together are reinterpreted both as a field of remembrance and as a way of thinking about life. This sense of safety, grounded not in a fixed place but in a portable perspective, becomes visible through objects and memories accumulated inside a transparent box in the form of a childhood cube.<\/span><\/i><\/p>\n<p><strong>8-<\/strong> <b>\u0130stanbul, Bi\u2019 T\u00fcr Ak\u0131\u015f, n\u00fcanslar: <span style=\"font-weight: 400;\">Bitmemi\u015flik \u00b7 S\u0131n\u0131r \u00b7 \u0130stanbul \u00b7 G\u00f6rsel d\u00f6n\u00fc\u015f\u00fcm \u00b7 D\u00f6ng\u00fcsellik<br \/>\nBu \u00e7al\u0131\u015fma, \u0130stanbul\u2019u sabit ve tamamlanm\u0131\u015f bir imge olarak de\u011fil, s\u0131n\u0131rlar\u0131 s\u00fcrekli kay\u0131p yeniden kurulan \u201cbitmemi\u015f\u201d bir durum olarak ele alan bir video serisidir. \u015eehre ait g\u00f6r\u00fcnt\u00fcler TouchDesigner ile \u00e7izgisellik, noktasall\u0131k, bulan\u0131kl\u0131k ve rastlant\u0131sall\u0131k \u00fcreten d\u00f6n\u00fc\u015f\u00fcmlerden ge\u00e7irilerek \u0130stanbul\u2019un tan\u0131nabilir par\u00e7alar\u0131n\u0131 soyutla\u015ft\u0131r\u0131r ve \u015fehrin s\u00fcrekli de\u011fi\u015fen do\u011fas\u0131 g\u00f6r\u00fcn\u00fcr k\u0131l\u0131n\u0131r.<br \/>\n<\/span><\/b><i><span style=\"font-weight: 400;\">8- Istanbul, a Kind of, nuances: <\/span><\/i><i><span style=\"font-weight: 400;\">Unfinishedness \u00b7 Boundary \u00b7 Istanbul \u00b7 Visual transformation \u00b7 Cyclicality<br \/>\n<\/span><\/i><i><span style=\"font-weight: 400;\">This work is a video series that approaches Istanbul not as a fixed, completed image, but as an \u201cunfinished\u201d condition whose boundaries continuously dissolve and are re-established. The city\u2019s images are processed in TouchDesigner through transformations that generate linearity, pointillism, blur, and randomness abstracting Istanbul\u2019s recognizable fragments and making the city\u2019s constantly changing nature visible.<\/span><\/i>[\/vc_column_text][vc_empty_space][vc_gallery interval=&#8221;10&#8243; images=&#8221;16076,16077,16078,16079,16080,16081,16082,16083&#8243; img_size=&#8221;full&#8221; css=&#8221;&#8221;][vc_empty_space][\/vc_column][vc_column width=&#8221;1\/6&#8243;][vc_single_image image=&#8221;15896&#8243; img_size=&#8221;FULL&#8221; alignment=&#8221;center&#8221; style=&#8221;vc_box_border&#8221; css=&#8221;&#8221;][vc_empty_space height=&#8221;16px&#8221;][vc_row_inner][vc_column_inner][vc_column_text][\/vc_column_text][vc_column_text][\/vc_column_text][\/vc_column_inner][\/vc_row_inner][vc_row_inner][vc_column_inner width=&#8221;2\/3&#8243;][\/vc_column_inner][vc_column_inner width=&#8221;1\/3&#8243;][\/vc_column_inner][\/vc_row_inner][\/vc_column][\/vc_row][\/vc_section]<\/p>\n<\/div>","protected":false},"excerpt":{"rendered":"<p>[vc_section][vc_row][vc_column width=&#8221;1\/6&#8243;][vc_single_image image=&#8221;15861&#8243; img_size=&#8221;large&#8221; alignment=&#8221;center&#8221; css=&#8221;&#8221;][vc_empty_space][vc_column_text css=&#8221;&#8221;]Elif Aysu Solak[\/vc_column_text][vc_empty_space height=&#8221;16px&#8221;][vc_column_text css=&#8221;&#8221;]Mimarl\u0131k Y\u0131ld\u0131z Teknik \u00dcniversitesi \u00a0 G\u00fcz 2025 Dan\u0131\u015fman: H\u00fcseyin Yanar[\/vc_column_text][vc_empty_space][vc_row_inner][vc_column_inner width=&#8221;1\/4&#8243;][\/vc_column_inner][vc_column_inner width=&#8221;1\/4&#8243;][vc_icon icon_fontawesome=&#8221;fa fa-brands fa-linkedin&#8221; color=&#8221;chino&#8221; size=&#8221;xs&#8221; css=&#8221;&#8221; link=&#8221;url:https%3A%2F%2Fwww.linkedin.com%2Fin%2Felif-aysu-solak-82678618a%2F&#8221;][\/vc_column_inner][vc_column_inner width=&#8221;1\/4&#8243;][\/vc_column_inner][vc_column_inner [&hellip;]<\/p>\n","protected":false},"author":11,"featured_media":0,"parent":0,"menu_order":0,"comment_status":"closed","ping_status":"closed","template":"","meta":{"_acf_changed":false,"_seopress_robots_primary_cat":"","_seopress_titles_title":"AURA Alumni: Elif Aysu Solak","_seopress_titles_desc":"2025 G\u00fcz Do\u0308nemi\u2019nde \u201cAras\u0327t\u0131rma Tabanl\u0131 Tasar\u0131m Stu\u0308dyosu\u201dnda, kat\u0131l\u0131mc\u0131lar\u0131m\u0131z, H\u00fcseyin Yanar y\u00fcr\u00fct\u00fcc\u00fcl\u00fc\u011f\u00fcndeki st\u00fcdyoda Sanat ve Mimarl\u0131k: SINIRLAR temas\u0131na odakland\u0131.","_seopress_robots_index":"","_price":"","_stock":"","_tribe_ticket_header":"","_tribe_default_ticket_provider":"","_tribe_ticket_capacity":"0","_ticket_start_date":"","_ticket_end_date":"","_tribe_ticket_show_description":"","_tribe_ticket_show_not_going":false,"_tribe_ticket_use_global_stock":"","_tribe_ticket_global_stock_level":"","_global_stock_mode":"","_global_stock_cap":"","_tribe_rsvp_for_event":"","_tribe_ticket_going_count":"","_tribe_ticket_not_going_count":"","_tribe_tickets_list":"[]","_tribe_ticket_has_attendee_info_fields":false,"_EventAllDay":false,"_EventTimezone":"","_EventStartDate":"","_EventEndDate":"","_EventStartDateUTC":"","_EventEndDateUTC":"","_EventShowMap":false,"_EventShowMapLink":false,"_EventURL":"","_EventCost":"","_EventCostDescription":"","_EventCurrencySymbol":"","_EventCurrencyCode":"","_EventCurrencyPosition":"","_EventDateTimeSeparator":"","_EventTimeRangeSeparator":"","_EventOrganizerID":[],"_EventVenueID":[],"_OrganizerEmail":"","_OrganizerPhone":"","_OrganizerWebsite":"","_VenueAddress":"","_VenueCity":"","_VenueCountry":"","_VenueProvince":"","_VenueState":"","_VenueZip":"","_VenuePhone":"","_VenueURL":"","_VenueStateProvince":"","_VenueLat":"","_VenueLng":"","_VenueShowMap":false,"_VenueShowMapLink":false,"footnotes":"","_tec_slr_enabled":"","_tec_slr_layout":""},"class_list":["post-15895","page","type-page","status-publish","hentry"],"acf":[],"ticketed":false,"_links":{"self":[{"href":"https:\/\/aura-istanbul.com\/index.php\/wp-json\/wp\/v2\/pages\/15895","targetHints":{"allow":["GET"]}}],"collection":[{"href":"https:\/\/aura-istanbul.com\/index.php\/wp-json\/wp\/v2\/pages"}],"about":[{"href":"https:\/\/aura-istanbul.com\/index.php\/wp-json\/wp\/v2\/types\/page"}],"author":[{"embeddable":true,"href":"https:\/\/aura-istanbul.com\/index.php\/wp-json\/wp\/v2\/users\/11"}],"replies":[{"embeddable":true,"href":"https:\/\/aura-istanbul.com\/index.php\/wp-json\/wp\/v2\/comments?post=15895"}],"version-history":[{"count":4,"href":"https:\/\/aura-istanbul.com\/index.php\/wp-json\/wp\/v2\/pages\/15895\/revisions"}],"predecessor-version":[{"id":16085,"href":"https:\/\/aura-istanbul.com\/index.php\/wp-json\/wp\/v2\/pages\/15895\/revisions\/16085"}],"wp:attachment":[{"href":"https:\/\/aura-istanbul.com\/index.php\/wp-json\/wp\/v2\/media?parent=15895"}],"curies":[{"name":"wp","href":"https:\/\/api.w.org\/{rel}","templated":true}]}}