{"id":15899,"date":"2026-03-02T17:09:59","date_gmt":"2026-03-02T14:09:59","guid":{"rendered":"https:\/\/aura-istanbul.com\/?page_id=15899"},"modified":"2026-03-02T17:09:59","modified_gmt":"2026-03-02T14:09:59","slug":"aura-alumni-elvin-tavsancil","status":"publish","type":"page","link":"https:\/\/aura-istanbul.com\/index.php\/aura-alumni-elvin-tavsancil\/","title":{"rendered":"AURA Alumni: Elvin Tav\u015fanc\u0131l"},"content":{"rendered":"<div class=\"wpb-content-wrapper\"><p>[vc_section][vc_row][vc_column width=&#8221;1\/6&#8243;][vc_single_image image=&#8221;15862&#8243; img_size=&#8221;large&#8221; alignment=&#8221;center&#8221; css=&#8221;&#8221;][vc_empty_space][vc_column_text css=&#8221;&#8221;]<strong>Elvin Tav\u015fanc\u0131l<\/strong>[\/vc_column_text][vc_empty_space height=&#8221;16px&#8221;][vc_column_text css=&#8221;&#8221;]<span data-sheets-root=\"1\">\u0130\u00e7 Mimarl\u0131k<\/span><br \/>\n<span data-sheets-root=\"1\">Yeditepe \u00dcniversitesi<\/span><\/p>\n<p><span data-sheets-root=\"1\">\u00a0<\/span><\/p>\n<p>G\u00fcz 2025<br \/>\nDan\u0131\u015fman: H\u00fcseyin Yanar[\/vc_column_text][vc_empty_space][vc_row_inner][vc_column_inner width=&#8221;1\/4&#8243;][\/vc_column_inner][vc_column_inner width=&#8221;1\/4&#8243;][vc_icon icon_fontawesome=&#8221;fa fa-brands fa-linkedin&#8221; color=&#8221;chino&#8221; size=&#8221;xs&#8221; css=&#8221;&#8221; link=&#8221;url:https%3A%2F%2Fwww.linkedin.com%2Fin%2Felvintav%25C5%259Fanc%25C4%25B1l%2F&#8221;][\/vc_column_inner][vc_column_inner width=&#8221;1\/4&#8243;][\/vc_column_inner][vc_column_inner width=&#8221;1\/4&#8243;][\/vc_column_inner][\/vc_row_inner][\/vc_column][vc_column width=&#8221;2\/3&#8243;][vc_empty_space][vc_column_text css=&#8221;&#8221;]<\/p>\n<p style=\"text-align: left;\"><strong>Sanat ve Mimarl\u0131k: S I N I R L A R<\/strong><\/p>\n<p>[\/vc_column_text][vc_empty_space][vc_column_text css=&#8221;&#8221;]<strong>1- Yolculuk:<\/strong> Ki\u015fisel ke\u015fif s\u00fcrecini yans\u0131tan, dijital tasar\u0131m ve bask\u0131yla \u00fcretilmi\u015f bir oyun kartlar\u0131 serisidir. Her kart ya\u015fam\u0131ndaki bir d\u00f6n\u00fcm noktas\u0131n\u0131, duygu ya da d\u00fc\u015f\u00fcnceyi temsil eder; masada da\u011f\u0131n\u0131k bi\u00e7imde sergilenerek g\u00f6rsel ve dokunsal bir ke\u015fif alan\u0131 sunar. El yap\u0131m\u0131 ve PVC kaplamal\u0131 kartlar, bireysel haf\u0131za ve i\u00e7sel yolculu\u011fu kendi perspektifiyle ili\u015fki kurabilece\u011fi \u015fekilde somutla\u015ft\u0131r\u0131r.<\/p>\n<p><strong>2- Yang\u0131n Muhbirleri i\u00e7in Acil \u00c7\u0131k\u0131\u015f I:<\/strong> Video, pasaj\u0131n eri\u015filemeyen i\u00e7 mek\u00e2nlar\u0131n\u0131 kap\u0131lar, merdivenler ve altyap\u0131 bo\u015fluklar\u0131 \u00fczerinden katman katman a\u00e7arak i\u00e7\/d\u0131\u015f belirsizli\u011fini g\u00f6r\u00fcn\u00fcr k\u0131l\u0131yor. G\u00f6r\u00fcnt\u00fclerin s\u0131zd\u0131\u011f\u0131 e\u015fikler ve duyulan mekanik sesler, g\u00f6r\u00fcnen vitrinlerin ard\u0131ndaki gizli \u00e7ekirde\u011fin k\u0131sa bir haritas\u0131n\u0131 olu\u015fturuyor.<br \/>\n<strong>Yang\u0131n Muhbirleri i\u00e7in Acil \u00c7\u0131k\u0131\u015f II:<\/strong> Sinanpa\u015fa \u0130\u015f Merkezi\u2019ndeki bu mek\u00e2na \u00f6zg\u00fc yerle\u015ftirme, g\u00f6r\u00fcn\u00fcr y\u00fczeylerle gizli altyap\u0131 aras\u0131ndaki e\u015fi\u011fi, merdiven bo\u015flu\u011funda kurulan yar\u0131 saydam bir portal \u00fczerinden a\u00e7\u0131\u011fa \u00e7\u0131kar\u0131r. I\u015f\u0131k, yans\u0131ma ve ge\u00e7ici ba\u011flant\u0131larla mek\u00e2n alg\u0131s\u0131n\u0131 \u00e7o\u011faltan i\u015f, yaln\u0131zca o yerde ve s\u00fcrede var olan bir ge\u00e7i\u015f h\u00e2li \u00f6nerir.<\/p>\n<p><strong>3-<\/strong> <em>Seppo Salminen ile<\/em> <strong>Aray\u0131\u015f:<\/strong> Beden, renk ve duyular \u00fczerinden alg\u0131y\u0131 ara\u015ft\u0131ran bir dijital foto\u011fraf serisidir. Par\u00e7alanm\u0131\u015f bedenler ve renkli y\u00fczeyler, \u201cyer bulamama\u201d h\u00e2lini bir eksiklikten \u00e7ok ge\u00e7i\u015f ve ke\u015fif s\u00fcreci olarak ele al\u0131rken, karton y\u00fczeylerde a\u00e7\u0131lan \u00e7er\u00e7eveler bedenin mek\u00e2nla kurdu\u011fu s\u0131n\u0131r \u00f6zg\u00fcrl\u00fck gerilimini g\u00f6r\u00fcn\u00fcr k\u0131lar. \u00c7al\u0131\u015fma, alg\u0131n\u0131n ve benli\u011fin duygusal s\u0131n\u0131rlar\u0131n\u0131 yeniden d\u00fc\u015f\u00fcnmeye davet eder.<\/p>\n<p><strong>4- Dokunga\u00e7; G\u00f6rerek De\u011fil, Dokunarak G\u00f6rmek:<\/strong> Alg\u0131y\u0131 g\u00f6rme yerine dokunma ve bedensel haf\u0131za \u00fczerinden yeniden d\u00fc\u015f\u00fcnmeyi \u00f6neren bir \u00e7al\u0131\u015fmad\u0131r. G\u00f6zleri kapal\u0131 olarak \u00fcretilen \u00e7izimlerde ahtapotu temsili bir fig\u00fcr de\u011fil, sezgiyle y\u00f6nlenen bir rehber beden olarak ele alm\u0131\u015ft\u0131r; s\u00fcre\u00e7 k\u00e2\u011f\u0131t, asetat ve kuma\u015f y\u00fczeylerde farkl\u0131 alg\u0131 yo\u011funluklar\u0131yla g\u00f6r\u00fcn\u00fcr h\u00e2le gelir. Eser, kontrol edilen bak\u0131\u015ftan \u00e7ok, dokunarak y\u00f6n\u00fcn\u00fc bulan bir bedenin izini ta\u015f\u0131r.<\/p>\n<p><strong>5-<\/strong> <em>Samuli Woolston ile<\/em> <strong>Outcrop:<\/strong> yeralt\u0131nda biriken kolektif haf\u0131zan\u0131n \u0131\u015f\u0131k, g\u00f6lge ve yans\u0131malar arac\u0131l\u0131\u011f\u0131yla y\u00fczeye \u00e7\u0131k\u0131\u015f\u0131n\u0131 ara\u015ft\u0131ran bir yerle\u015ftirmedir. G\u00f6r\u00fcnmeyeni g\u00f6r\u00fcn\u00fcr k\u0131lma fikrine dayanan \u00e7al\u0131\u015fma, karanl\u0131k ve eri\u015filemez mek\u00e2nlar\u0131n sessiz izlerini alg\u0131lanabilir h\u00e2le getirerek ge\u00e7mi\u015fin y\u00fczeyde yeniden yorumlanan bir hat\u0131rlama ve yenilenme an\u0131na d\u00f6n\u00fc\u015fmesini sa\u011flar. \u0130zleyiciye, yeralt\u0131n\u0131n sessizli\u011finin y\u00fczeyde farkl\u0131 bir deneyim olarak belirdi\u011fi duyusal bir kar\u015f\u0131la\u015fma sunar.<\/p>\n<p><strong>6- Katman:<\/strong> Nysa Antik Kenti\u2019nden ilhamla zaman i\u00e7inde olu\u015fan \u00e7ok katmanl\u0131 kent yap\u0131s\u0131n\u0131 yar\u0131 saydam kuma\u015flar ve renk ge\u00e7i\u015fleriyle mek\u00e2nda yeniden kuran bir yerle\u015ftirmedir. \u0130zleyici, bak\u0131\u015f y\u00f6n\u00fcne g\u00f6re a\u00e7\u0131k tonlardan derin toprak ve ye\u015fil renklere ya da tersine ilerleyerek, kaz\u0131 s\u00fcrecini ve tarihsel derinli\u011fi \u00e7a\u011fr\u0131\u015ft\u0131ran de\u011fi\u015fken bir deneyim ya\u015far. I\u015f\u0131k, r\u00fczg\u00e2r ve hareketle d\u00f6n\u00fc\u015fen y\u00fczeyler, ge\u00e7mi\u015f ile bug\u00fcn aras\u0131nda ya\u015fayan bir mek\u00e2nsal haf\u0131za olu\u015fturur.<\/p>\n<p><strong>7-<\/strong> <em>Kaarina Kaikkonen ile<\/em> <strong>Ba\u011f\u0131n \u0130zi: <\/strong>Ya\u015fanan zaman, mek\u00e2n \u00fczerinde iz b\u0131rak\u0131r. Umbilikal ba\u011f: ya\u015fam\u0131n devam\u0131n\u0131 sa\u011flayan ilk ba\u011flant\u0131. K\u0131rm\u0131z\u0131 ip, mek\u00e2n i\u00e7inde dola\u015fan kesintisiz bir hat olarak \u00dcsk\u00fcdar\u2013Be\u015fikta\u015f aras\u0131ndaki g\u00fcndelik rotay\u0131 ki\u015fisel bir haritaya d\u00f6n\u00fc\u015ft\u00fcr\u00fcr; beden, y\u00fcr\u00fcy\u00fc\u015f ve tekrar arac\u0131l\u0131\u011f\u0131yla \u015fehirde iz b\u0131rakan bir s\u00fcrece evrilir. Elde ta\u015f\u0131nan, yerde s\u00fcr\u00fcklenen ya da denize de\u011ferek a\u011f\u0131rla\u015fan ip, tamamlanmayan bir \u00fcretim olarak an\u0131lar\u0131 sabit imgeler yerine temas ve hareketle \u00e7o\u011falan katmanlar h\u00e2linde kurar; videodaki altyaz\u0131larla birlikte bu ki\u015fisel yolculuk kolektif bir bellek alan\u0131na a\u00e7\u0131l\u0131r.<\/p>\n<p><strong>8- Pazardan Cumaya: <\/strong>Pazardan Cumaya: Pazardan Cumaya, LIMINALXIII kolektifi taraf\u0131ndan geli\u015ftirilen bir kamusal mek\u00e2n projesidir. Farkl\u0131 disiplinlerden bir araya gelen ekibin ortak \u00fcretim s\u00fcrecinden do\u011fan \u00e7al\u0131\u015fma, nesne \u00fcretmekten \u00e7ok ili\u015fkiler, kar\u015f\u0131la\u015fmalar ve g\u00fcndelik kamusal deneyimler olu\u015fturmay\u0131 hedefler.<br \/>\nProje, \u0130stanbul Be\u015fikta\u015f\u2019taki pazar alan\u0131n\u0131 haftada bir g\u00fcn kullan\u0131lan bir ticaret zemini olmaktan \u00e7\u0131kararak, haftan\u0131n tamam\u0131na yay\u0131lan ya\u015fayan, kat\u0131l\u0131mc\u0131 ve esnek bir kar\u015f\u0131la\u015fma alan\u0131na d\u00f6n\u00fc\u015ft\u00fcrmeyi \u00f6nerir. Pazar tezg\u00e2h\u0131 \u00f6l\u00e7\u00fclerinden t\u00fcretilen katlanabilir mod\u00fcler sistemler pazar g\u00fcnleri altyap\u0131 sa\u011flarken di\u011fer g\u00fcnlerde kamusal kullan\u0131m y\u00fczeylerine d\u00f6n\u00fc\u015f\u00fcr; yerle\u015ftirme ve video \u00e7al\u0131\u015fmalar\u0131 ise kullan\u0131c\u0131 kat\u0131l\u0131m\u0131yla s\u00fcrekli yeniden kurulabilen bir mek\u00e2nsal deneyim \u00fcretir.<br \/>\nBu \u00f6neri, sonu\u00e7tan \u00e7ok s\u00fcrece, nesneden \u00e7ok etkile\u015fime ve sabit tan\u0131mlar yerine<br \/>\nd\u00f6n\u00fc\u015febilir kullan\u0131mlara odaklanan a\u00e7\u0131k bir kamusal \u00fcretim yakla\u015f\u0131m\u0131 sunar.<\/p>\n<p>https:\/\/youtu.be\/arMLymwqhKA[\/vc_column_text][vc_empty_space][vc_gallery interval=&#8221;10&#8243; images=&#8221;16086,16087,16088,16089,16090,16091,16092,16159&#8243; img_size=&#8221;full&#8221; css=&#8221;&#8221;][vc_empty_space][\/vc_column][vc_column width=&#8221;1\/6&#8243;][vc_single_image image=&#8221;15900&#8243; img_size=&#8221;FULL&#8221; alignment=&#8221;center&#8221; style=&#8221;vc_box_border&#8221; css=&#8221;&#8221;][vc_empty_space height=&#8221;16px&#8221;][vc_row_inner][vc_column_inner][vc_column_text][\/vc_column_text][vc_column_text][\/vc_column_text][\/vc_column_inner][\/vc_row_inner][vc_row_inner][vc_column_inner width=&#8221;2\/3&#8243;][\/vc_column_inner][vc_column_inner width=&#8221;1\/3&#8243;][\/vc_column_inner][\/vc_row_inner][\/vc_column][\/vc_row][\/vc_section]<\/p>\n<\/div>","protected":false},"excerpt":{"rendered":"<p>[vc_section][vc_row][vc_column width=&#8221;1\/6&#8243;][vc_single_image image=&#8221;15862&#8243; img_size=&#8221;large&#8221; alignment=&#8221;center&#8221; css=&#8221;&#8221;][vc_empty_space][vc_column_text css=&#8221;&#8221;]Elvin Tav\u015fanc\u0131l[\/vc_column_text][vc_empty_space height=&#8221;16px&#8221;][vc_column_text css=&#8221;&#8221;]\u0130\u00e7 Mimarl\u0131k Yeditepe \u00dcniversitesi \u00a0 G\u00fcz 2025 Dan\u0131\u015fman: H\u00fcseyin Yanar[\/vc_column_text][vc_empty_space][vc_row_inner][vc_column_inner width=&#8221;1\/4&#8243;][\/vc_column_inner][vc_column_inner width=&#8221;1\/4&#8243;][vc_icon icon_fontawesome=&#8221;fa fa-brands fa-linkedin&#8221; color=&#8221;chino&#8221; size=&#8221;xs&#8221; css=&#8221;&#8221; link=&#8221;url:https%3A%2F%2Fwww.linkedin.com%2Fin%2Felvintav%25C5%259Fanc%25C4%25B1l%2F&#8221;][\/vc_column_inner][vc_column_inner width=&#8221;1\/4&#8243;][\/vc_column_inner][vc_column_inner width=&#8221;1\/4&#8243;][\/vc_column_inner][\/vc_row_inner][\/vc_column][vc_column [&hellip;]<\/p>\n","protected":false},"author":11,"featured_media":0,"parent":0,"menu_order":0,"comment_status":"closed","ping_status":"closed","template":"","meta":{"_acf_changed":false,"_seopress_robots_primary_cat":"","_seopress_titles_title":"AURA Alumni: Elvin Tav\u015fanc\u0131l","_seopress_titles_desc":"2025 G\u00fcz Do\u0308nemi\u2019nde \u201cAras\u0327t\u0131rma Tabanl\u0131 Tasar\u0131m Stu\u0308dyosu\u201dnda, kat\u0131l\u0131mc\u0131lar\u0131m\u0131z, H\u00fcseyin Yanar y\u00fcr\u00fct\u00fcc\u00fcl\u00fc\u011f\u00fcndeki st\u00fcdyoda Sanat ve Mimarl\u0131k: SINIRLAR temas\u0131na odakland\u0131.","_seopress_robots_index":"","_price":"","_stock":"","_tribe_ticket_header":"","_tribe_default_ticket_provider":"","_tribe_ticket_capacity":"0","_ticket_start_date":"","_ticket_end_date":"","_tribe_ticket_show_description":"","_tribe_ticket_show_not_going":false,"_tribe_ticket_use_global_stock":"","_tribe_ticket_global_stock_level":"","_global_stock_mode":"","_global_stock_cap":"","_tribe_rsvp_for_event":"","_tribe_ticket_going_count":"","_tribe_ticket_not_going_count":"","_tribe_tickets_list":"[]","_tribe_ticket_has_attendee_info_fields":false,"_EventAllDay":false,"_EventTimezone":"","_EventStartDate":"","_EventEndDate":"","_EventStartDateUTC":"","_EventEndDateUTC":"","_EventShowMap":false,"_EventShowMapLink":false,"_EventURL":"","_EventCost":"","_EventCostDescription":"","_EventCurrencySymbol":"","_EventCurrencyCode":"","_EventCurrencyPosition":"","_EventDateTimeSeparator":"","_EventTimeRangeSeparator":"","_EventOrganizerID":[],"_EventVenueID":[],"_OrganizerEmail":"","_OrganizerPhone":"","_OrganizerWebsite":"","_VenueAddress":"","_VenueCity":"","_VenueCountry":"","_VenueProvince":"","_VenueState":"","_VenueZip":"","_VenuePhone":"","_VenueURL":"","_VenueStateProvince":"","_VenueLat":"","_VenueLng":"","_VenueShowMap":false,"_VenueShowMapLink":false,"footnotes":"","_tec_slr_enabled":"","_tec_slr_layout":""},"class_list":["post-15899","page","type-page","status-publish","hentry"],"acf":[],"ticketed":false,"_links":{"self":[{"href":"https:\/\/aura-istanbul.com\/index.php\/wp-json\/wp\/v2\/pages\/15899","targetHints":{"allow":["GET"]}}],"collection":[{"href":"https:\/\/aura-istanbul.com\/index.php\/wp-json\/wp\/v2\/pages"}],"about":[{"href":"https:\/\/aura-istanbul.com\/index.php\/wp-json\/wp\/v2\/types\/page"}],"author":[{"embeddable":true,"href":"https:\/\/aura-istanbul.com\/index.php\/wp-json\/wp\/v2\/users\/11"}],"replies":[{"embeddable":true,"href":"https:\/\/aura-istanbul.com\/index.php\/wp-json\/wp\/v2\/comments?post=15899"}],"version-history":[{"count":5,"href":"https:\/\/aura-istanbul.com\/index.php\/wp-json\/wp\/v2\/pages\/15899\/revisions"}],"predecessor-version":[{"id":16164,"href":"https:\/\/aura-istanbul.com\/index.php\/wp-json\/wp\/v2\/pages\/15899\/revisions\/16164"}],"wp:attachment":[{"href":"https:\/\/aura-istanbul.com\/index.php\/wp-json\/wp\/v2\/media?parent=15899"}],"curies":[{"name":"wp","href":"https:\/\/api.w.org\/{rel}","templated":true}]}}