{"id":15908,"date":"2026-03-02T17:10:55","date_gmt":"2026-03-02T14:10:55","guid":{"rendered":"https:\/\/aura-istanbul.com\/?page_id=15908"},"modified":"2026-03-02T17:10:55","modified_gmt":"2026-03-02T14:10:55","slug":"aura-alumni-ferhan-hursit-doner","status":"publish","type":"page","link":"https:\/\/aura-istanbul.com\/index.php\/aura-alumni-ferhan-hursit-doner\/","title":{"rendered":"AURA Alumni: Ferhan Hur\u015fit D\u00f6ner"},"content":{"rendered":"<div class=\"wpb-content-wrapper\"><p>[vc_section][vc_row][vc_column width=&#8221;1\/6&#8243;][vc_single_image image=&#8221;15864&#8243; img_size=&#8221;large&#8221; alignment=&#8221;center&#8221; css=&#8221;&#8221;][vc_empty_space][vc_column_text css=&#8221;&#8221;]<strong>Ferhan Hur\u015fit D\u00f6ner<\/strong>[\/vc_column_text][vc_empty_space height=&#8221;16px&#8221;][vc_column_text css=&#8221;&#8221;]Mimarl\u0131k<br \/>\nMimar Sinan G\u00fczel Sanatlar \u00dcniversitesi<\/p>\n<p><span data-sheets-root=\"1\">\u00a0<\/span><\/p>\n<p>G\u00fcz 2025<br \/>\nDan\u0131\u015fman: H\u00fcseyin Yanar[\/vc_column_text][vc_empty_space][vc_row_inner][vc_column_inner width=&#8221;1\/4&#8243;][\/vc_column_inner][vc_column_inner width=&#8221;1\/4&#8243;][vc_icon icon_fontawesome=&#8221;fa fa-brands fa-linkedin&#8221; color=&#8221;chino&#8221; size=&#8221;xs&#8221; css=&#8221;&#8221; link=&#8221;url:https%3A%2F%2Fwww.linkedin.com%2Fin%2Fferhan-hursit-d%25C3%25B6ner-8a3943186%2F&#8221;][\/vc_column_inner][vc_column_inner width=&#8221;1\/4&#8243;][\/vc_column_inner][vc_column_inner width=&#8221;1\/4&#8243;][\/vc_column_inner][\/vc_row_inner][\/vc_column][vc_column width=&#8221;2\/3&#8243;][vc_empty_space][vc_column_text css=&#8221;&#8221;]<\/p>\n<p style=\"text-align: left;\"><strong>Sanat ve Mimarl\u0131k: S I N I R L A R<\/strong><\/p>\n<p>[\/vc_column_text][vc_empty_space][vc_column_text css=&#8221;&#8221;]<strong>1- Ba\u011flar:<\/strong> \u0130nsanl\u0131\u011f\u0131n ortak k\u00f6klerinden beslenen bu eser, bizi &#8220;biz&#8221; yapan \u015feyin bireysel varl\u0131\u011f\u0131m\u0131z de\u011fil, deneyimler ve ili\u015fkilerle kurdu\u011fumuz g\u00f6r\u00fcnmez ba\u011flar oldu\u011funu anlat\u0131yor. Do\u011fan\u0131n efendisi de\u011fil sadece d\u00fc\u015f\u00fcnen bir par\u00e7as\u0131 olan insan\u0131n, ancak bu birliktelik ve i\u015f birli\u011fi sayesinde anlam kazand\u0131\u011f\u0131n\u0131 vurguluyor.<\/p>\n<p><strong>2- Kara Kutu:<\/strong> Sinanpa\u015fa Pasaj\u0131&#8217;ndaki g\u00f6rsel kaosun yaratt\u0131\u011f\u0131 a\u015f\u0131r\u0131 g\u00f6r\u00fcn\u00fcrl\u00fckten do\u011fan k\u00f6rl\u00fc\u011f\u00fc ele alan bu enstalasyon, k\u0131r\u0131k aynalar arac\u0131l\u0131\u011f\u0131yla izleyiciyi par\u00e7alanm\u0131\u015f bir ger\u00e7eklikle y\u00fczle\u015ftiriyor. Fazla g\u00f6rmek ile hi\u00e7 g\u00f6rmemek aras\u0131ndaki ince \u00e7izgiyi sorgulayan eser, ger\u00e7ek g\u00f6rme eyleminin sadece bakmak de\u011fil; durmak, susmak ve alg\u0131lamak oldu\u011funu hat\u0131rlat\u0131yor.<\/p>\n<p><strong>3- Hen\u00fcz Ben:<\/strong> K\u00f6pr\u00fcy\u00fc s\u0131radan bir ge\u00e7i\u015f yap\u0131s\u0131ndan \u00e7\u0131kar\u0131p ge\u00e7mi\u015fin somut a\u011f\u0131rl\u0131\u011f\u0131 ile gelece\u011fin silik belirsizli\u011fi aras\u0131na s\u0131k\u0131\u015fm\u0131\u015f ontolojik bir araf olarak kurgulayan bu eser, zaman\u0131n do\u011frusal ak\u0131\u015f\u0131n\u0131 reddediyor. Ne geriye ne de ileriye gidilebilen bu sonsuz duraksama noktas\u0131nda, varolu\u015f sadece \u015fimdiki ana \u00e7ivilenmi\u015f sanc\u0131l\u0131 bir buraday\u0131m ger\u00e7e\u011fine indirgeniyor.<\/p>\n<p><strong>4- Zihin S\u0131\u011f\u0131na\u011f\u0131nda:<\/strong> Tecr\u00fcbelerle \u00f6r\u00fclen savunma mekanizmalar\u0131n\u0131n bireyi hem d\u0131\u015f d\u00fcnyadan koruyan bir kaleye hem de kendi i\u00e7ine hapseden bir labirente d\u00f6n\u00fc\u015fmesini konu al\u0131yor. Eser, g\u00fcvenli\u011fi se\u00e7en kollar ile risk alma pahas\u0131na bilinmeyeni arzulayan g\u00f6zler aras\u0131ndaki \u00e7at\u0131\u015fmay\u0131, zek\u00e2n\u0131n trajik bir paradoksu olarak sunuyor.<\/p>\n<p><strong>5- Geri Kazan\u0131m: <\/strong>Be\u015fikta\u015f\u2019\u0131n beton merdivenlerini kay\u0131p Ihlamur Deresi\u2019nin hat\u0131ras\u0131yla canland\u0131ran bu eser, suyun sessiz bir bekleyi\u015f ile g\u00fcr\u00fclt\u00fcl\u00fc bir ak\u0131\u015f aras\u0131ndaki d\u00f6ng\u00fcs\u00fcn\u00fc sahneliyor. Suyun bu \u015fiddetli ve ge\u00e7ici dirili\u015fi, kurumu\u015f nehir yata\u011f\u0131n\u0131 bir anl\u0131\u011f\u0131na geri getirerek Barbaros Hayrettin Pa\u015fa\u2019ya \u00f6zledi\u011fi deniz sesini sunuyor.<\/p>\n<p><strong>6- Ayr\u0131kl\u0131\u011f\u0131n A\u011f\u0131rl\u0131\u011f\u0131: <\/strong>Nysa&#8217;daki insan akl\u0131 ile do\u011fa aras\u0131ndaki ili\u015fkiyi kar\u015f\u0131l\u0131kl\u0131 bir i\u015fgal giri\u015fimi olarak tan\u0131mlayan bu metin, z\u0131tl\u0131klar\u0131n yaratt\u0131\u011f\u0131 gerilimli ve mecburi dengeyi vurguluyor. S\u00fctun ve k\u00f6k gibi birbirine temas etmeden direnen bu iki kadim g\u00fc\u00e7, bar\u0131\u015f\u00e7\u0131l bir uyumdan ziyade birbirini ayakta tutan gergin bir ahenk olu\u015fturuyor.<\/p>\n<p><strong>7- R\u00fczgarla Pazarl\u0131k:<\/strong> \u00c7ocuksu masumiyeti simgeleyen u\u00e7urtman\u0131n yere \u00e7ak\u0131lmas\u0131n\u0131 bir felaket de\u011fil, b\u00fcy\u00fcmenin ve ger\u00e7eklikle y\u00fczle\u015fmenin zorunlu bir par\u00e7as\u0131 olarak g\u00f6ren bu metin, k\u0131r\u0131lganl\u0131ktan dirence ge\u00e7i\u015fi anlat\u0131yor. Da\u011f\u0131lan hayallerin bir enkaz olmaktan \u00e7\u0131k\u0131p f\u0131rt\u0131nalara dayan\u0131kl\u0131 bir s\u0131\u011f\u0131na\u011fa d\u00f6n\u00fc\u015ft\u00fc\u011f\u00fc bu s\u00fcre\u00e7, insan\u0131n k\u0131r\u0131ld\u0131\u011f\u0131 yerlerden g\u00fc\u00e7lenerek in\u015fa etti\u011fi sa\u011flam kaleyi simgeliyor.<\/p>\n<p><strong>8- Korugan Br\u00fctal Araf:<\/strong> \u00c7akmak Hatt\u0131 koruganlar\u0131n\u0131 askeri bir yap\u0131dan ziyade kolektif bekleyi\u015f mimarisi olarak yeniden yorumlayan bu \u00e7al\u0131\u015fma, T\u00fcrkiye\u2019nin silahl\u0131 tarafs\u0131zl\u0131k d\u00f6nemindeki psikolojik araf\u0131 ve toplumun eylemsizlik halini merkeze al\u0131yor. Br\u00fct beton, pasl\u0131 bak\u0131r ve \u0131\u015f\u0131k oyunlar\u0131yla kurulan klostrofobik atmosfer, ziyaret\u00e7iye g\u00f6r\u00fcnmez bir tehdidin yaratt\u0131\u011f\u0131 bo\u011fucu gerilimi ve tarihsel travmay\u0131 duyusal bir deneyimle ya\u015fatmay\u0131 ama\u00e7l\u0131yor.[\/vc_column_text][vc_empty_space][vc_gallery interval=&#8221;10&#8243; images=&#8221;16102,16103,16104,16105,16106,16107,16108,16109&#8243; img_size=&#8221;full&#8221; css=&#8221;&#8221;][vc_empty_space][\/vc_column][vc_column width=&#8221;1\/6&#8243;][vc_single_image image=&#8221;15909&#8243; img_size=&#8221;FULL&#8221; alignment=&#8221;center&#8221; style=&#8221;vc_box_border&#8221; css=&#8221;&#8221;][vc_empty_space height=&#8221;16px&#8221;][vc_row_inner][vc_column_inner][vc_column_text][\/vc_column_text][vc_column_text][\/vc_column_text][\/vc_column_inner][\/vc_row_inner][vc_row_inner][vc_column_inner width=&#8221;2\/3&#8243;][\/vc_column_inner][vc_column_inner width=&#8221;1\/3&#8243;][\/vc_column_inner][\/vc_row_inner][\/vc_column][\/vc_row][\/vc_section]<\/p>\n<\/div>","protected":false},"excerpt":{"rendered":"<p>[vc_section][vc_row][vc_column width=&#8221;1\/6&#8243;][vc_single_image image=&#8221;15864&#8243; img_size=&#8221;large&#8221; alignment=&#8221;center&#8221; css=&#8221;&#8221;][vc_empty_space][vc_column_text css=&#8221;&#8221;]Ferhan Hur\u015fit D\u00f6ner[\/vc_column_text][vc_empty_space height=&#8221;16px&#8221;][vc_column_text css=&#8221;&#8221;]Mimarl\u0131k Mimar Sinan G\u00fczel Sanatlar \u00dcniversitesi \u00a0 G\u00fcz 2025 Dan\u0131\u015fman: H\u00fcseyin Yanar[\/vc_column_text][vc_empty_space][vc_row_inner][vc_column_inner width=&#8221;1\/4&#8243;][\/vc_column_inner][vc_column_inner width=&#8221;1\/4&#8243;][vc_icon icon_fontawesome=&#8221;fa fa-brands fa-linkedin&#8221; color=&#8221;chino&#8221; size=&#8221;xs&#8221; css=&#8221;&#8221; [&hellip;]<\/p>\n","protected":false},"author":11,"featured_media":0,"parent":0,"menu_order":0,"comment_status":"closed","ping_status":"closed","template":"","meta":{"_acf_changed":false,"_seopress_robots_primary_cat":"","_seopress_titles_title":"AURA Alumni: Ferhan Hur\u015fit D\u00f6ner","_seopress_titles_desc":"2025 G\u00fcz Do\u0308nemi\u2019nde \u201cAras\u0327t\u0131rma Tabanl\u0131 Tasar\u0131m Stu\u0308dyosu\u201dnda, kat\u0131l\u0131mc\u0131lar\u0131m\u0131z, H\u00fcseyin Yanar y\u00fcr\u00fct\u00fcc\u00fcl\u00fc\u011f\u00fcndeki st\u00fcdyoda Sanat ve Mimarl\u0131k: SINIRLAR temas\u0131na odakland\u0131.","_seopress_robots_index":"","_price":"","_stock":"","_tribe_ticket_header":"","_tribe_default_ticket_provider":"","_tribe_ticket_capacity":"0","_ticket_start_date":"","_ticket_end_date":"","_tribe_ticket_show_description":"","_tribe_ticket_show_not_going":false,"_tribe_ticket_use_global_stock":"","_tribe_ticket_global_stock_level":"","_global_stock_mode":"","_global_stock_cap":"","_tribe_rsvp_for_event":"","_tribe_ticket_going_count":"","_tribe_ticket_not_going_count":"","_tribe_tickets_list":"[]","_tribe_ticket_has_attendee_info_fields":false,"_EventAllDay":false,"_EventTimezone":"","_EventStartDate":"","_EventEndDate":"","_EventStartDateUTC":"","_EventEndDateUTC":"","_EventShowMap":false,"_EventShowMapLink":false,"_EventURL":"","_EventCost":"","_EventCostDescription":"","_EventCurrencySymbol":"","_EventCurrencyCode":"","_EventCurrencyPosition":"","_EventDateTimeSeparator":"","_EventTimeRangeSeparator":"","_EventOrganizerID":[],"_EventVenueID":[],"_OrganizerEmail":"","_OrganizerPhone":"","_OrganizerWebsite":"","_VenueAddress":"","_VenueCity":"","_VenueCountry":"","_VenueProvince":"","_VenueState":"","_VenueZip":"","_VenuePhone":"","_VenueURL":"","_VenueStateProvince":"","_VenueLat":"","_VenueLng":"","_VenueShowMap":false,"_VenueShowMapLink":false,"footnotes":"","_tec_slr_enabled":"","_tec_slr_layout":""},"class_list":["post-15908","page","type-page","status-publish","hentry"],"acf":[],"ticketed":false,"_links":{"self":[{"href":"https:\/\/aura-istanbul.com\/index.php\/wp-json\/wp\/v2\/pages\/15908","targetHints":{"allow":["GET"]}}],"collection":[{"href":"https:\/\/aura-istanbul.com\/index.php\/wp-json\/wp\/v2\/pages"}],"about":[{"href":"https:\/\/aura-istanbul.com\/index.php\/wp-json\/wp\/v2\/types\/page"}],"author":[{"embeddable":true,"href":"https:\/\/aura-istanbul.com\/index.php\/wp-json\/wp\/v2\/users\/11"}],"replies":[{"embeddable":true,"href":"https:\/\/aura-istanbul.com\/index.php\/wp-json\/wp\/v2\/comments?post=15908"}],"version-history":[{"count":2,"href":"https:\/\/aura-istanbul.com\/index.php\/wp-json\/wp\/v2\/pages\/15908\/revisions"}],"predecessor-version":[{"id":16110,"href":"https:\/\/aura-istanbul.com\/index.php\/wp-json\/wp\/v2\/pages\/15908\/revisions\/16110"}],"wp:attachment":[{"href":"https:\/\/aura-istanbul.com\/index.php\/wp-json\/wp\/v2\/media?parent=15908"}],"curies":[{"name":"wp","href":"https:\/\/api.w.org\/{rel}","templated":true}]}}