{"id":15911,"date":"2026-03-02T17:11:28","date_gmt":"2026-03-02T14:11:28","guid":{"rendered":"https:\/\/aura-istanbul.com\/?page_id=15911"},"modified":"2026-03-02T17:11:28","modified_gmt":"2026-03-02T14:11:28","slug":"aura-alumni-gamze-sehla","status":"publish","type":"page","link":"https:\/\/aura-istanbul.com\/index.php\/aura-alumni-gamze-sehla\/","title":{"rendered":"AURA Alumni: Gamze \u015eehla"},"content":{"rendered":"<div class=\"wpb-content-wrapper\"><p>[vc_section][vc_row][vc_column width=&#8221;1\/6&#8243;][vc_single_image image=&#8221;15865&#8243; img_size=&#8221;large&#8221; alignment=&#8221;center&#8221; css=&#8221;&#8221;][vc_empty_space][vc_column_text css=&#8221;&#8221;]<strong>Gamze \u015eehla<\/strong>[\/vc_column_text][vc_empty_space height=&#8221;16px&#8221;][vc_column_text css=&#8221;&#8221;]Mimarl\u0131k<br \/>\nMimar Sinan G\u00fczel Sanatlar \u00dcniversitesi<\/p>\n<p><span data-sheets-root=\"1\">\u00a0<\/span><\/p>\n<p>G\u00fcz 2025<br \/>\nDan\u0131\u015fman: H\u00fcseyin Yanar[\/vc_column_text][vc_empty_space][vc_row_inner][vc_column_inner width=&#8221;1\/4&#8243;][\/vc_column_inner][vc_column_inner width=&#8221;1\/4&#8243;][\/vc_column_inner][vc_column_inner width=&#8221;1\/4&#8243;][\/vc_column_inner][vc_column_inner width=&#8221;1\/4&#8243;][\/vc_column_inner][\/vc_row_inner][\/vc_column][vc_column width=&#8221;2\/3&#8243;][vc_empty_space][vc_column_text css=&#8221;&#8221;]<strong>Sanat ve Mimarl\u0131k: S I N I R L A R<\/strong>[\/vc_column_text][vc_empty_space][vc_column_text css=&#8221;&#8221;]<b>1- Bitmeyen Evre: <\/b><span style=\"font-weight: 400;\">Myrelaion Rotundas\u0131, y\u00fczy\u0131llar boyunca ge\u00e7irdi\u011fi i\u015flevsel ve mek\u00e2nsal d\u00f6n\u00fc\u015f\u00fcmlerle sabit bir an\u0131t olmaktan \u00e7\u0131k\u0131p s\u00fcrekli yeniden anlam \u00fcreten bir yap\u0131 haline gelmi\u015ftir. \u00d6nerilen diagrid kabuk, yap\u0131n\u0131n \u00f6zg\u00fcn kubbe fikrini do\u011frudan kopyalamadan \u00e7a\u011fda\u015f bir str\u00fckt\u00fcrel dil ile yeniden yorumlayarak tarihsel katmanlar\u0131 g\u00f6r\u00fcn\u00fcr k\u0131lmay\u0131 ama\u00e7lar. Bu \u00e7a\u011fda\u015f ek, Rotunda\u2019y\u0131 pasif bir an\u0131t olmaktan \u00e7\u0131kar\u0131p, kullan\u0131m, dola\u015f\u0131m ve \u00fcretimle ili\u015fkilenen, gelecekteki d\u00f6n\u00fc\u015f\u00fcmlere a\u00e7\u0131k bir mimari organizmaya d\u00f6n\u00fc\u015ft\u00fcr\u00fcr.<\/span><\/p>\n<p><b>2- Nysa\u2019da Kaybolm<\/b><strong>ak:<\/strong> <span style=\"font-weight: 400;\">Nysa Antik Kenti\u2019nde tasarlanan k\u00f6pr\u00fc arac\u0131l\u0131\u011f\u0131yla kaybolma h\u00e2lini bir y\u00f6ns\u00fczl\u00fckten ziyade bilin\u00e7li ve deneyimsel bir mek\u00e2nsal s\u00fcrece d\u00f6n\u00fc\u015ft\u00fcrmeyi ama\u00e7lar. K\u00f6pr\u00fc, do\u011frusal ge\u00e7i\u015fi reddeden \u00e7oklu rotalar\u0131yla kullan\u0131c\u0131y\u0131 belirsizlik, duraksama ve yeniden deneme \u00fczerinden mek\u00e2nla aktif bir ili\u015fki kurmaya davet eder; b\u00f6ylece ge\u00e7i\u015f, fiziksel olmaktan \u00e7ok d\u00fc\u015f\u00fcnsel ve zamansal bir deneyime d\u00f6n\u00fc\u015f\u00fcr.<\/span><\/p>\n<p><b>3- Her-Dem: <\/b><span style=\"font-weight: 400;\">Proje zamanla farkl\u0131 \u015fehirlere da\u011f\u0131lan alt\u0131 ki\u015filik bir ailenin ba\u011flar\u0131n\u0131 canl\u0131 tutan \u00e7ay saati gelene\u011fini g\u00fc\u00e7l\u00fc bir birlik sembol\u00fc olarak ele al\u0131r. Yere serilen \u00f6rt\u00fc etraf\u0131nda bir araya gelinen bu rit\u00fcel, mesafelere ve zamana kar\u015f\u0131 direnen samimi bir kavu\u015fma an\u0131 yarat\u0131r. Projede, alt\u0131 par\u00e7aya b\u00f6l\u00fcnen bir \u00e7ay barda\u011f\u0131 arac\u0131l\u0131\u011f\u0131yla ailedeki alt\u0131 birey temsil edilir; par\u00e7alar\u0131n yeniden birle\u015fmesi ise yerde kurulan o ortak sofrada payla\u015f\u0131lan s\u0131cakl\u0131k, b\u00fct\u00fcnl\u00fck ve aidiyet duygusunu sembolik bir dille g\u00f6r\u00fcn\u00fcr k\u0131lar.<\/span>[\/vc_column_text][vc_empty_space][vc_gallery interval=&#8221;10&#8243; images=&#8221;16114,16111,16113&#8243; img_size=&#8221;full&#8221; css=&#8221;&#8221;][vc_empty_space][\/vc_column][vc_column width=&#8221;1\/6&#8243;][vc_single_image image=&#8221;15912&#8243; img_size=&#8221;FULL&#8221; alignment=&#8221;center&#8221; style=&#8221;vc_box_border&#8221; css=&#8221;&#8221;][vc_empty_space height=&#8221;16px&#8221;][vc_row_inner][vc_column_inner][vc_column_text][\/vc_column_text][vc_column_text][\/vc_column_text][\/vc_column_inner][\/vc_row_inner][vc_row_inner][vc_column_inner width=&#8221;2\/3&#8243;][\/vc_column_inner][vc_column_inner width=&#8221;1\/3&#8243;][\/vc_column_inner][\/vc_row_inner][\/vc_column][\/vc_row][\/vc_section]<\/p>\n<\/div>","protected":false},"excerpt":{"rendered":"<p>[vc_section][vc_row][vc_column width=&#8221;1\/6&#8243;][vc_single_image image=&#8221;15865&#8243; img_size=&#8221;large&#8221; alignment=&#8221;center&#8221; css=&#8221;&#8221;][vc_empty_space][vc_column_text css=&#8221;&#8221;]Gamze \u015eehla[\/vc_column_text][vc_empty_space height=&#8221;16px&#8221;][vc_column_text css=&#8221;&#8221;]Mimarl\u0131k Mimar Sinan G\u00fczel Sanatlar \u00dcniversitesi \u00a0 G\u00fcz 2025 Dan\u0131\u015fman: H\u00fcseyin Yanar[\/vc_column_text][vc_empty_space][vc_row_inner][vc_column_inner width=&#8221;1\/4&#8243;][\/vc_column_inner][vc_column_inner width=&#8221;1\/4&#8243;][\/vc_column_inner][vc_column_inner width=&#8221;1\/4&#8243;][\/vc_column_inner][vc_column_inner width=&#8221;1\/4&#8243;][\/vc_column_inner][\/vc_row_inner][\/vc_column][vc_column width=&#8221;2\/3&#8243;][vc_empty_space][vc_column_text css=&#8221;&#8221;]Sanat ve Mimarl\u0131k: S [&hellip;]<\/p>\n","protected":false},"author":11,"featured_media":0,"parent":0,"menu_order":0,"comment_status":"closed","ping_status":"closed","template":"","meta":{"_acf_changed":false,"_seopress_robots_primary_cat":"","_seopress_titles_title":"AURA Alumni: Gamze \u015eehla","_seopress_titles_desc":"2025 G\u00fcz Do\u0308nemi\u2019nde \u201cAras\u0327t\u0131rma Tabanl\u0131 Tasar\u0131m Stu\u0308dyosu\u201dnda, kat\u0131l\u0131mc\u0131lar\u0131m\u0131z, H\u00fcseyin Yanar y\u00fcr\u00fct\u00fcc\u00fcl\u00fc\u011f\u00fcndeki st\u00fcdyoda Sanat ve Mimarl\u0131k: SINIRLAR temas\u0131na odakland\u0131.","_seopress_robots_index":"","_price":"","_stock":"","_tribe_ticket_header":"","_tribe_default_ticket_provider":"","_tribe_ticket_capacity":"0","_ticket_start_date":"","_ticket_end_date":"","_tribe_ticket_show_description":"","_tribe_ticket_show_not_going":false,"_tribe_ticket_use_global_stock":"","_tribe_ticket_global_stock_level":"","_global_stock_mode":"","_global_stock_cap":"","_tribe_rsvp_for_event":"","_tribe_ticket_going_count":"","_tribe_ticket_not_going_count":"","_tribe_tickets_list":"[]","_tribe_ticket_has_attendee_info_fields":false,"_EventAllDay":false,"_EventTimezone":"","_EventStartDate":"","_EventEndDate":"","_EventStartDateUTC":"","_EventEndDateUTC":"","_EventShowMap":false,"_EventShowMapLink":false,"_EventURL":"","_EventCost":"","_EventCostDescription":"","_EventCurrencySymbol":"","_EventCurrencyCode":"","_EventCurrencyPosition":"","_EventDateTimeSeparator":"","_EventTimeRangeSeparator":"","_EventOrganizerID":[],"_EventVenueID":[],"_OrganizerEmail":"","_OrganizerPhone":"","_OrganizerWebsite":"","_VenueAddress":"","_VenueCity":"","_VenueCountry":"","_VenueProvince":"","_VenueState":"","_VenueZip":"","_VenuePhone":"","_VenueURL":"","_VenueStateProvince":"","_VenueLat":"","_VenueLng":"","_VenueShowMap":false,"_VenueShowMapLink":false,"footnotes":"","_tec_slr_enabled":"","_tec_slr_layout":""},"class_list":["post-15911","page","type-page","status-publish","hentry"],"acf":[],"ticketed":false,"_links":{"self":[{"href":"https:\/\/aura-istanbul.com\/index.php\/wp-json\/wp\/v2\/pages\/15911","targetHints":{"allow":["GET"]}}],"collection":[{"href":"https:\/\/aura-istanbul.com\/index.php\/wp-json\/wp\/v2\/pages"}],"about":[{"href":"https:\/\/aura-istanbul.com\/index.php\/wp-json\/wp\/v2\/types\/page"}],"author":[{"embeddable":true,"href":"https:\/\/aura-istanbul.com\/index.php\/wp-json\/wp\/v2\/users\/11"}],"replies":[{"embeddable":true,"href":"https:\/\/aura-istanbul.com\/index.php\/wp-json\/wp\/v2\/comments?post=15911"}],"version-history":[{"count":2,"href":"https:\/\/aura-istanbul.com\/index.php\/wp-json\/wp\/v2\/pages\/15911\/revisions"}],"predecessor-version":[{"id":16115,"href":"https:\/\/aura-istanbul.com\/index.php\/wp-json\/wp\/v2\/pages\/15911\/revisions\/16115"}],"wp:attachment":[{"href":"https:\/\/aura-istanbul.com\/index.php\/wp-json\/wp\/v2\/media?parent=15911"}],"curies":[{"name":"wp","href":"https:\/\/api.w.org\/{rel}","templated":true}]}}