{"id":15914,"date":"2026-03-02T17:12:00","date_gmt":"2026-03-02T14:12:00","guid":{"rendered":"https:\/\/aura-istanbul.com\/?page_id=15914"},"modified":"2026-03-02T17:12:00","modified_gmt":"2026-03-02T14:12:00","slug":"aura-alumni-irmak-donduren","status":"publish","type":"page","link":"https:\/\/aura-istanbul.com\/index.php\/aura-alumni-irmak-donduren\/","title":{"rendered":"AURA Alumni: Irmak D\u00f6nd\u00fcren"},"content":{"rendered":"<div class=\"wpb-content-wrapper\"><p>[vc_section][vc_row][vc_column width=&#8221;1\/6&#8243;][vc_single_image image=&#8221;15866&#8243; img_size=&#8221;large&#8221; alignment=&#8221;center&#8221; css=&#8221;&#8221;][vc_empty_space][vc_column_text css=&#8221;&#8221;]<strong>Irmak D\u00f6nd\u00fcren<\/strong>[\/vc_column_text][vc_empty_space height=&#8221;16px&#8221;][vc_column_text css=&#8221;&#8221;]<span data-sheets-root=\"1\">Heykel<\/span><br \/>\nMimar Sinan G\u00fczel Sanatlar \u00dcniversitesi<\/p>\n<p><span data-sheets-root=\"1\">\u00a0<\/span><\/p>\n<p>G\u00fcz 2025<br \/>\nDan\u0131\u015fman: H\u00fcseyin Yanar[\/vc_column_text][vc_empty_space][vc_row_inner][vc_column_inner width=&#8221;1\/4&#8243;][\/vc_column_inner][vc_column_inner width=&#8221;1\/4&#8243;][vc_icon icon_fontawesome=&#8221;fa fa-brands fa-linkedin&#8221; color=&#8221;chino&#8221; size=&#8221;xs&#8221; css=&#8221;&#8221; link=&#8221;url:https%3A%2F%2Fwww.linkedin.com%2Fin%2Firmak-d%25C3%25B6nd%25C3%25BCren-950472232%2F&#8221;][\/vc_column_inner][vc_column_inner width=&#8221;1\/4&#8243;][\/vc_column_inner][vc_column_inner width=&#8221;1\/4&#8243;][\/vc_column_inner][\/vc_row_inner][\/vc_column][vc_column width=&#8221;2\/3&#8243;][vc_empty_space][vc_column_text css=&#8221;&#8221;]<\/p>\n<p style=\"text-align: left;\"><strong>Sanat ve Mimarl\u0131k: S I N I R L A R<\/strong><\/p>\n<p>[\/vc_column_text][vc_empty_space][vc_column_text css=&#8221;&#8221;]<b>1- Ayna: <\/b><span style=\"font-weight: 400;\">Sen kimsin?\u201d sorusuna tek bir yan\u0131t vermek yerine, iki saatlik otomatik \u00e7izim s\u00fcreciyle de\u011fi\u015fken, sabitlenemeyen bir benlik h\u00e2lini kayda ald\u0131m. D\u00fc\u015fen ve yer de\u011fi\u015ftiren \u00e7izimler, kimli\u011fin tekil bir cevap de\u011fil, s\u00fcrekli hareket eden par\u00e7alar b\u00fct\u00fcn\u00fc oldu\u011funu g\u00f6r\u00fcn\u00fcr k\u0131l\u0131yor.\u00a0<\/span><\/p>\n<p><b>2- Yang\u0131n Muhbirleri i\u00e7in Acil \u00c7\u0131k\u0131\u015f I: <\/b><span style=\"font-weight: 400;\">Video, pasaj\u0131n eri\u015filemeyen i\u00e7 mek\u00e2nlar\u0131n\u0131 kap\u0131lar, merdivenler ve altyap\u0131 bo\u015fluklar\u0131 \u00fczerinden katman katman a\u00e7arak i\u00e7\/d\u0131\u015f belirsizli\u011fini g\u00f6r\u00fcn\u00fcr k\u0131l\u0131yor. G\u00f6r\u00fcnt\u00fclerin s\u0131zd\u0131\u011f\u0131 e\u015fikler ve duyulan mekanik sesler, g\u00f6r\u00fcnen vitrinlerin ard\u0131ndaki gizli \u00e7ekirde\u011fin k\u0131sa bir haritas\u0131n\u0131 olu\u015fturuyor.<br \/>\n<\/span><b>Yang\u0131n Muhbirleri i\u00e7in Acil \u00c7\u0131k\u0131\u015f II: <\/b><span style=\"font-weight: 400;\">Sinanpa\u015fa \u0130\u015f Merkezi\u2019ndeki bu mek\u00e2na \u00f6zg\u00fc yerle\u015ftirme, g\u00f6r\u00fcn\u00fcr y\u00fczeylerle gizli altyap\u0131 aras\u0131ndaki e\u015fi\u011fi, merdiven bo\u015flu\u011funda kurulan yar\u0131 saydam bir portal \u00fczerinden a\u00e7\u0131\u011fa \u00e7\u0131kar\u0131r. I\u015f\u0131k, yans\u0131ma ve ge\u00e7ici ba\u011flant\u0131larla mek\u00e2n alg\u0131s\u0131n\u0131 \u00e7o\u011faltan i\u015f, yaln\u0131zca o yerde ve s\u00fcrede var olan bir ge\u00e7i\u015f h\u00e2li \u00f6nerir.<\/span><\/p>\n<p><b>3- Sadece Sanat\u00e7\u0131: <\/b><span style=\"font-weight: 400;\">Bu i\u015f, hayattaki konumumu sorgulad\u0131\u011f\u0131m bir \u015fiirin, kalabal\u0131k \u015fehir i\u00e7inde ne\u015feli bir protestoya d\u00f6n\u00fc\u015fen foto\u011fraf-video serisidir. Reng\u00e2renk g\u00fcndelik k\u0131yafetler ve \u00e7ocuklu\u011fu \u00e7a\u011f\u0131ran unicorn fig\u00fcr\u00fcyle, ne tam yeti\u015fkin ne \u00e7ocuk olan bu arada h\u00e2li kamusal alanda g\u00f6r\u00fcn\u00fcr k\u0131larak kalabal\u0131\u011f\u0131n i\u00e7inde kendi yerimi ar\u0131yorum.\u00a0<\/span><\/p>\n<p><b>4-Kesit-Pot: <\/b><span style=\"font-weight: 400;\">Ahtapot \u0130ncelemesi, ahtapota yakla\u015fman\u0131n bir provas\u0131 ve tan\u0131\u015fma dans\u0131 olarak, k\u00f6m\u00fcr eskizler \u00fczerinden onun de\u011fi\u015fken dokusunu, hareketini ve duygusal h\u00e2llerini izler. Seramikten \u00fcretilen k\u00fc\u00e7\u00fck dokuna\u00e7 ise temsilden \u00e7ok, dokunarak d\u00fc\u015f\u00fcnmeye ve \u00fcretmeye alan a\u00e7an bir e\u015flik\u00e7i nesne olarak yer al\u0131r.\u00a0<\/span><\/p>\n<p><b>5- Ya\u011fmurun \u015eark\u0131s\u0131: <\/b><span style=\"font-weight: 400;\">Bu kamusal ses yerle\u015ftirmesi, ya\u011fmuru bir m\u00fczisyene d\u00f6n\u00fc\u015ft\u00fcrerek t\u00fckenen su kaynaklar\u0131na dikkat \u00e7eker ve ya\u011fmurun kutsall\u0131\u011f\u0131n\u0131 kutlar. Zemine g\u00f6m\u00fcl\u00fc bak\u0131r kubbe, rezonans bo\u015flu\u011fu ve farkl\u0131 kal\u0131nl\u0131klardaki y\u00fczeyiyle ya\u011fmur damlalar\u0131n\u0131 melodilere \u00e7evirerek \u015fehir i\u00e7inde meditatif bir dinleme alan\u0131 yarat\u0131r.<\/span><\/p>\n<p><b>6- \u00d6rmak: <\/b><span style=\"font-weight: 400;\">Bu \u00e7al\u0131\u015fma, antik kenti \u201c\u00f6l\u00fc\u201d bir alan olarak de\u011fil, farkl\u0131 canl\u0131lar\u0131n birlikte var oldu\u011fu ya\u015fayan bir ekosistem olarak ele al\u0131r. Nysa\u2019daki bir \u00f6r\u00fcmcek a\u011f\u0131ndan yola \u00e7\u0131karak, temsilden \u00e7ok \u00f6r\u00fcmce\u011fin mek\u00e2n kurma mant\u0131\u011f\u0131n\u0131 anlamaya odaklanan s\u00fcre\u00e7, st\u00fcdyoda \u00f6r\u00fclen a\u011flarla mek\u00e2n\u0131n dola\u015f\u0131m\u0131n\u0131 ve ili\u015fkilerini yeniden kuran bir prati\u011fe d\u00f6n\u00fc\u015f\u00fcr.<\/span><\/p>\n<p><b>7-Clayground:<\/b><b>\u00a0<\/b><span style=\"font-weight: 400;\">Clayground, \u00e7ocukluktan bug\u00fcne uzanan oyun hamurunu g\u00fcvenli bir \u00fcretim alan\u0131 olarak ele al\u0131r. Dijitalde kurgulanan ve fiziksel maketle kar\u015f\u0131l\u0131k bulan bu yerle\u015ftirme, galeri mek\u00e2n\u0131n\u0131 oyun, temas ve da\u011f\u0131lm\u0131\u015f formlar arac\u0131l\u0131\u011f\u0131yla ki\u015fisel bir g\u00fcvenli alana d\u00f6n\u00fc\u015ft\u00fcr\u00fcr.<\/span><\/p>\n<p><b>8-Pazardan Cumaya:<\/b>Pazardan Cumaya, LIMINALXIII kolektifi taraf\u0131ndan geli\u015ftirilen bir kamusal mek\u00e2n projesidir. Farkl\u0131 disiplinlerden bir araya gelen ekibin ortak \u00fcretim s\u00fcrecinden do\u011fan \u00e7al\u0131\u015fma, nesne \u00fcretmekten \u00e7ok ili\u015fkiler, kar\u015f\u0131la\u015fmalar ve g\u00fcndelik kamusal deneyimler olu\u015fturmay\u0131 hedefler.<br \/>\nProje, \u0130stanbul Be\u015fikta\u015f\u2019taki pazar alan\u0131n\u0131 haftada bir g\u00fcn kullan\u0131lan bir ticaret zemini olmaktan \u00e7\u0131kararak, haftan\u0131n tamam\u0131na yay\u0131lan ya\u015fayan, kat\u0131l\u0131mc\u0131 ve esnek bir kar\u015f\u0131la\u015fma alan\u0131na d\u00f6n\u00fc\u015ft\u00fcrmeyi \u00f6nerir. Pazar tezg\u00e2h\u0131 \u00f6l\u00e7\u00fclerinden t\u00fcretilen katlanabilir mod\u00fcler sistemler pazar g\u00fcnleri altyap\u0131 sa\u011flarken di\u011fer g\u00fcnlerde kamusal kullan\u0131m y\u00fczeylerine d\u00f6n\u00fc\u015f\u00fcr; yerle\u015ftirme ve video \u00e7al\u0131\u015fmalar\u0131 ise kullan\u0131c\u0131 kat\u0131l\u0131m\u0131yla s\u00fcrekli yeniden kurulabilen bir mek\u00e2nsal deneyim \u00fcretir.<br \/>\nBu \u00f6neri, sonu\u00e7tan \u00e7ok s\u00fcrece, nesneden \u00e7ok etkile\u015fime ve sabit tan\u0131mlar yerine<br \/>\nd\u00f6n\u00fc\u015febilir kullan\u0131mlara odaklanan a\u00e7\u0131k bir kamusal \u00fcretim yakla\u015f\u0131m\u0131 sunar.<\/p>\n<p>https:\/\/youtu.be\/arMLymwqhKA[\/vc_column_text][vc_empty_space][vc_gallery interval=&#8221;10&#8243; images=&#8221;16116,16117,16118,16119,16120,16121,16122,16159&#8243; img_size=&#8221;full&#8221; css=&#8221;&#8221;][vc_empty_space][\/vc_column][vc_column width=&#8221;1\/6&#8243;][vc_single_image image=&#8221;15915&#8243; img_size=&#8221;FULL&#8221; alignment=&#8221;center&#8221; style=&#8221;vc_box_border&#8221; css=&#8221;&#8221;][vc_empty_space height=&#8221;16px&#8221;][vc_row_inner][vc_column_inner][vc_column_text][\/vc_column_text][vc_column_text][\/vc_column_text][\/vc_column_inner][\/vc_row_inner][vc_row_inner][vc_column_inner width=&#8221;2\/3&#8243;][\/vc_column_inner][vc_column_inner width=&#8221;1\/3&#8243;][\/vc_column_inner][\/vc_row_inner][\/vc_column][\/vc_row][\/vc_section]<\/p>\n<\/div>","protected":false},"excerpt":{"rendered":"<p>[vc_section][vc_row][vc_column width=&#8221;1\/6&#8243;][vc_single_image image=&#8221;15866&#8243; img_size=&#8221;large&#8221; alignment=&#8221;center&#8221; css=&#8221;&#8221;][vc_empty_space][vc_column_text css=&#8221;&#8221;]Irmak D\u00f6nd\u00fcren[\/vc_column_text][vc_empty_space height=&#8221;16px&#8221;][vc_column_text css=&#8221;&#8221;]Heykel Mimar Sinan G\u00fczel Sanatlar \u00dcniversitesi \u00a0 G\u00fcz 2025 Dan\u0131\u015fman: H\u00fcseyin Yanar[\/vc_column_text][vc_empty_space][vc_row_inner][vc_column_inner width=&#8221;1\/4&#8243;][\/vc_column_inner][vc_column_inner width=&#8221;1\/4&#8243;][vc_icon icon_fontawesome=&#8221;fa fa-brands fa-linkedin&#8221; color=&#8221;chino&#8221; size=&#8221;xs&#8221; css=&#8221;&#8221; link=&#8221;url:https%3A%2F%2Fwww.linkedin.com%2Fin%2Firmak-d%25C3%25B6nd%25C3%25BCren-950472232%2F&#8221;][\/vc_column_inner][vc_column_inner [&hellip;]<\/p>\n","protected":false},"author":11,"featured_media":0,"parent":0,"menu_order":0,"comment_status":"closed","ping_status":"closed","template":"","meta":{"_acf_changed":false,"_seopress_robots_primary_cat":"","_seopress_titles_title":"AURA Alumni: Irmak D\u00f6nd\u00fcren","_seopress_titles_desc":"2025 G\u00fcz Do\u0308nemi\u2019nde \u201cAras\u0327t\u0131rma Tabanl\u0131 Tasar\u0131m Stu\u0308dyosu\u201dnda, kat\u0131l\u0131mc\u0131lar\u0131m\u0131z, H\u00fcseyin Yanar y\u00fcr\u00fct\u00fcc\u00fcl\u00fc\u011f\u00fcndeki st\u00fcdyoda Sanat ve Mimarl\u0131k: SINIRLAR temas\u0131na odakland\u0131.","_seopress_robots_index":"","_price":"","_stock":"","_tribe_ticket_header":"","_tribe_default_ticket_provider":"","_tribe_ticket_capacity":"0","_ticket_start_date":"","_ticket_end_date":"","_tribe_ticket_show_description":"","_tribe_ticket_show_not_going":false,"_tribe_ticket_use_global_stock":"","_tribe_ticket_global_stock_level":"","_global_stock_mode":"","_global_stock_cap":"","_tribe_rsvp_for_event":"","_tribe_ticket_going_count":"","_tribe_ticket_not_going_count":"","_tribe_tickets_list":"[]","_tribe_ticket_has_attendee_info_fields":false,"_EventAllDay":false,"_EventTimezone":"","_EventStartDate":"","_EventEndDate":"","_EventStartDateUTC":"","_EventEndDateUTC":"","_EventShowMap":false,"_EventShowMapLink":false,"_EventURL":"","_EventCost":"","_EventCostDescription":"","_EventCurrencySymbol":"","_EventCurrencyCode":"","_EventCurrencyPosition":"","_EventDateTimeSeparator":"","_EventTimeRangeSeparator":"","_EventOrganizerID":[],"_EventVenueID":[],"_OrganizerEmail":"","_OrganizerPhone":"","_OrganizerWebsite":"","_VenueAddress":"","_VenueCity":"","_VenueCountry":"","_VenueProvince":"","_VenueState":"","_VenueZip":"","_VenuePhone":"","_VenueURL":"","_VenueStateProvince":"","_VenueLat":"","_VenueLng":"","_VenueShowMap":false,"_VenueShowMapLink":false,"footnotes":"","_tec_slr_enabled":"","_tec_slr_layout":""},"class_list":["post-15914","page","type-page","status-publish","hentry"],"acf":[],"ticketed":false,"_links":{"self":[{"href":"https:\/\/aura-istanbul.com\/index.php\/wp-json\/wp\/v2\/pages\/15914","targetHints":{"allow":["GET"]}}],"collection":[{"href":"https:\/\/aura-istanbul.com\/index.php\/wp-json\/wp\/v2\/pages"}],"about":[{"href":"https:\/\/aura-istanbul.com\/index.php\/wp-json\/wp\/v2\/types\/page"}],"author":[{"embeddable":true,"href":"https:\/\/aura-istanbul.com\/index.php\/wp-json\/wp\/v2\/users\/11"}],"replies":[{"embeddable":true,"href":"https:\/\/aura-istanbul.com\/index.php\/wp-json\/wp\/v2\/comments?post=15914"}],"version-history":[{"count":3,"href":"https:\/\/aura-istanbul.com\/index.php\/wp-json\/wp\/v2\/pages\/15914\/revisions"}],"predecessor-version":[{"id":16166,"href":"https:\/\/aura-istanbul.com\/index.php\/wp-json\/wp\/v2\/pages\/15914\/revisions\/16166"}],"wp:attachment":[{"href":"https:\/\/aura-istanbul.com\/index.php\/wp-json\/wp\/v2\/media?parent=15914"}],"curies":[{"name":"wp","href":"https:\/\/api.w.org\/{rel}","templated":true}]}}