{"id":15917,"date":"2026-03-02T17:12:33","date_gmt":"2026-03-02T14:12:33","guid":{"rendered":"https:\/\/aura-istanbul.com\/?page_id=15917"},"modified":"2026-03-02T17:12:33","modified_gmt":"2026-03-02T14:12:33","slug":"aura-alumni-merve-gul-cakir","status":"publish","type":"page","link":"https:\/\/aura-istanbul.com\/index.php\/aura-alumni-merve-gul-cakir\/","title":{"rendered":"AURA Alumni: Merve G\u00fcl \u00c7ak\u0131r"},"content":{"rendered":"<div class=\"wpb-content-wrapper\"><p>[vc_section][vc_row][vc_column width=&#8221;1\/6&#8243;][vc_single_image image=&#8221;15867&#8243; img_size=&#8221;large&#8221; alignment=&#8221;center&#8221; css=&#8221;&#8221;][vc_empty_space][vc_column_text css=&#8221;&#8221;]<strong>Merve G\u00fcl \u00c7ak\u0131r<\/strong>[\/vc_column_text][vc_empty_space height=&#8221;16px&#8221;][vc_column_text css=&#8221;&#8221;]Mimarl\u0131k<br \/>\nMimar Sinan G\u00fczel Sanatlar \u00dcniversitesi<\/p>\n<p><span data-sheets-root=\"1\">\u00a0<\/span><\/p>\n<p>G\u00fcz 2025<br \/>\nDan\u0131\u015fman: H\u00fcseyin Yanar[\/vc_column_text][vc_empty_space][vc_row_inner][vc_column_inner width=&#8221;1\/4&#8243;][\/vc_column_inner][vc_column_inner width=&#8221;1\/4&#8243;][vc_icon icon_fontawesome=&#8221;fa fa-brands fa-linkedin&#8221; color=&#8221;chino&#8221; size=&#8221;xs&#8221; css=&#8221;&#8221; link=&#8221;url:https%3A%2F%2Fwww.linkedin.com%2Fin%2Fmerveg%25C3%25BCl%25C3%25A7ak%25C4%25B1r%2F&#8221;][\/vc_column_inner][vc_column_inner width=&#8221;1\/4&#8243;][\/vc_column_inner][vc_column_inner width=&#8221;1\/4&#8243;][\/vc_column_inner][\/vc_row_inner][\/vc_column][vc_column width=&#8221;2\/3&#8243;][vc_empty_space][vc_column_text css=&#8221;&#8221;]<\/p>\n<p style=\"text-align: left;\"><strong>Sanat ve Mimarl\u0131k: S I N I R L A R<\/strong><\/p>\n<p>[\/vc_column_text][vc_empty_space][vc_column_text css=&#8221;&#8221;]<strong>1-\u00a0Zamanla <\/strong><b>A\u015f\u0131lan S\u0131n\u0131rlar: <\/b><span style=\"font-weight: 400;\">&#8220;Ben kimim?&#8221; sorusuna verilen bu cevap, ili\u015fki dinamiklerini k\u0131rm\u0131z\u0131 iplerle \u00f6r\u00fcl\u00fc dokulu bir y\u00fczey ve ondan ar\u0131nm\u0131\u015f d\u00fcz bir bask\u0131 \u00fczerinden irdeler. Ba\u015flang\u0131\u00e7taki mesafeyi ve zorluklar\u0131 simgeleyen kolaj ile nihai \u015feffafl\u0131\u011f\u0131 temsil eden eserin yan yana gelmesi, izleyiciye g\u00fc\u00e7l\u00fc bir kar\u015f\u0131tl\u0131k sunar. Bu ikili kurgu, korunakl\u0131 bir gizemden zamanla a\u00e7\u0131\u011fa \u00e7\u0131kan ger\u00e7ek benli\u011fe do\u011fru bir davet niteli\u011findedir.<\/span><\/p>\n<p><span style=\"font-weight: 400;\">\u00a0<\/span><strong>2-\u00a0Duymalar: <\/strong><span style=\"font-weight: 400;\">Juhani Pallasmaa\u2019n\u0131n g\u00f6rme duyusunun egemenli\u011fine dair ele\u015ftirisinden yola \u00e7\u0131kan bu yerle\u015ftirme, bir &#8220;duyarak g\u00f6rme&#8221; denemesidir. Sinan Pa\u015fa \u0130\u015f Merkezi&#8217;nin kat\u0131l\u0131mc\u0131lar taraf\u0131ndan birbirlerine s\u00f6zl\u00fc olarak betimlenip ka\u011f\u0131da d\u00f6k\u00fcld\u00fc\u011f\u00fc s\u00fcre\u00e7, mekan\u0131 duyular aras\u0131 bir ge\u00e7i\u015f alan\u0131na d\u00f6n\u00fc\u015ft\u00fcr\u00fcr. G\u00f6rselli\u011fin s\u00f6ze, s\u00f6z\u00fcn zihinsel tahayy\u00fcle ve nihayetinde \u00e7izgiye aktar\u0131ld\u0131\u011f\u0131 bu d\u00f6ng\u00fc, alg\u0131n\u0131n ve ifadenin \u00f6znelli\u011fini sorgular.<\/span><\/p>\n<p><span style=\"font-weight: 400;\"><strong>3-<\/strong>\u00a0<\/span><em><span style=\"font-weight: 400;\">Seppo Salminen ile\u00a0<\/span><\/em><b>Perdenin \u00d6tesi: <\/b><span style=\"font-weight: 400;\">\u201cBen Kimim?\u201d projemin bir devam\u0131 olan ve Karak\u00f6y\u2019de y\u0131\u011fma yap\u0131 olan bir kafede \u00e7ekilen bu foto\u011fraf, hayallerime ula\u015fma yolculu\u011fumu anlat\u0131yor. Proje; y\u00fcksek hedefleri temsil eden merdivenler, zorluklar\u0131 sembolize eden t\u00fcl perde ve bu engelin alt\u0131ndan bilin\u00e7li bir \u015fekilde e\u011filerek bakma eylemim olmak \u00fczere \u00fc\u00e7 temel felsefi kavram \u00fczerine kurulmu\u015ftur. Bu fiziksel duru\u015f, engelleri g\u00f6rmezden gelmedi\u011fimi ve do\u011frudan hedefe odakland\u0131\u011f\u0131m\u0131 ortaya koyar. Sonu\u00e7 olarak bu eser, t\u00fcm ko\u015fullar alt\u0131nda kendi yolumu a\u00e7maya odaklanm\u0131\u015f nihai duru\u015fumdur.<\/span><\/p>\n<p><strong>4-\u00a0Benim Ahtapotum &#8211; D\u00f6n\u00fc\u015f\u00fcm: <\/strong><span style=\"font-weight: 400;\">Ahtapot metaforunu biyolojik bir formdan \u00f6te, kendini s\u00fcrekli yeniden in\u015fa eden dinamik bir varl\u0131k olarak ele alan bu yerle\u015ftirme; bo\u015fluktan \u00f6r\u00fclm\u00fc\u015f as\u0131l\u0131 bir kabukla ba\u015flar. G\u00f6vdenin ipliklerle tamamlanma s\u00fcreci, hen\u00fcz tan\u0131mlanmam\u0131\u015f kimli\u011fin hassas ve k\u0131r\u0131lgan ba\u015flang\u0131c\u0131n\u0131 i\u015faret eder. Yaral\u0131 bir uzvun farkl\u0131 renkle onar\u0131lmas\u0131 ise hatalardan \u00f6\u011frenilen ve zorluklar kar\u015f\u0131s\u0131nda durmayan bir yenilenme mekanizmas\u0131n\u0131 simgeler.<\/span><\/p>\n<p><strong>5-<\/strong><b>\u00a0Bo\u015flu\u011fu Sarmak: <\/b><span style=\"font-weight: 400;\">Mimari kesitlerde hapsolmu\u015f tonoz \u00e7izgilerinin ka\u011f\u0131t d\u00fczleminden koparak mekana radikal bir bi\u00e7imde f\u0131rlamas\u0131 fikrine dayanan bu yerle\u015ftirme, Nysa K\u00fct\u00fcphanesi\u2019nin bo\u015flu\u011funu hedefler. Paslanarak topra\u011fa d\u00f6nen Corten str\u00fckt\u00fcr, harabeyi koruyucu bir kabuk gibi sararak entelekt\u00fcel haf\u0131zay\u0131 bug\u00fcne ta\u015f\u0131r. Bu m\u00fcdahale, yap\u0131y\u0131 salt izlenen bir manzara olmaktan \u00e7\u0131kar\u0131p bedensel olarak deneyimlenen ya\u015fayan bir haf\u0131za mekan\u0131na d\u00f6n\u00fc\u015ft\u00fcr\u00fcr.<\/span><\/p>\n<p><span style=\"font-weight: 400;\"><strong>6-<\/strong>\u00a0<\/span><em><span style=\"font-weight: 400;\">Kaarina Koikkonen ile\u00a0<\/span><\/em><b>An\u0131lar\u0131m: Bedenin Haf\u0131zas\u0131: <\/b><span style=\"font-weight: 400;\">Bu proje, \u00e7ocuklu\u011fumdaki sakarl\u0131k an\u0131lar\u0131mdan ve s\u0131k s\u0131k d\u00fc\u015fmelerimden yola \u00e7\u0131karak bedensel haf\u0131zay\u0131 tekrar g\u00fcn y\u00fcz\u00fcne \u00e7\u0131kar\u0131yor. \u0130yile\u015fme s\u00fcrecinin bir par\u00e7as\u0131 olan al\u00e7\u0131y\u0131 kullanarak, o g\u00fcnlerin k\u0131r\u0131lganl\u0131\u011f\u0131n\u0131 ve koruma ihtiyac\u0131n\u0131 yeniden yorumluyorum. Bu al\u00e7\u0131 kal\u0131plar\u0131n i\u00e7i, t\u0131pk\u0131 o g\u00fcnlerdeki gibi yaral\u0131 b\u00f6lgeyi d\u0131\u015f d\u00fcnyadan ay\u0131ran, sarmalayan ve saklayan ki\u015fisel bir s\u0131\u011f\u0131nakt\u0131r. Nihayetinde bu kal\u0131plar, iyile\u015fip gitmi\u015f olsalar da bedenin asla unutmad\u0131\u011f\u0131 o fiziksel travmalar\u0131 ve iyile\u015fme anlar\u0131n\u0131 dondurarak g\u00f6r\u00fcn\u00fcr k\u0131l\u0131yor.<\/span><\/p>\n<p><strong>7- Pazardan Cumaya: <\/strong>Pazardan Cumaya, LIMINALXIII kolektifi taraf\u0131ndan geli\u015ftirilen bir kamusal mek\u00e2n projesidir. Farkl\u0131 disiplinlerden bir araya gelen ekibin ortak \u00fcretim s\u00fcrecinden do\u011fan \u00e7al\u0131\u015fma, nesne \u00fcretmekten \u00e7ok ili\u015fkiler, kar\u015f\u0131la\u015fmalar ve g\u00fcndelik kamusal deneyimler olu\u015fturmay\u0131 hedefler.<br \/>\nProje, \u0130stanbul Be\u015fikta\u015f\u2019taki pazar alan\u0131n\u0131 haftada bir g\u00fcn kullan\u0131lan bir ticaret zemini olmaktan \u00e7\u0131kararak, haftan\u0131n tamam\u0131na yay\u0131lan ya\u015fayan, kat\u0131l\u0131mc\u0131 ve esnek bir kar\u015f\u0131la\u015fma alan\u0131na d\u00f6n\u00fc\u015ft\u00fcrmeyi \u00f6nerir. Pazar tezg\u00e2h\u0131 \u00f6l\u00e7\u00fclerinden t\u00fcretilen katlanabilir mod\u00fcler sistemler pazar g\u00fcnleri altyap\u0131 sa\u011flarken di\u011fer g\u00fcnlerde kamusal kullan\u0131m y\u00fczeylerine d\u00f6n\u00fc\u015f\u00fcr; yerle\u015ftirme ve video \u00e7al\u0131\u015fmalar\u0131 ise kullan\u0131c\u0131 kat\u0131l\u0131m\u0131yla s\u00fcrekli yeniden kurulabilen bir mek\u00e2nsal deneyim \u00fcretir.<br \/>\nBu \u00f6neri, sonu\u00e7tan \u00e7ok s\u00fcrece, nesneden \u00e7ok etkile\u015fime ve sabit tan\u0131mlar yerine<br \/>\nd\u00f6n\u00fc\u015febilir kullan\u0131mlara odaklanan a\u00e7\u0131k bir kamusal \u00fcretim yakla\u015f\u0131m\u0131 sunar.<\/p>\n<p>https:\/\/youtu.be\/arMLymwqhKA[\/vc_column_text][vc_empty_space][vc_gallery interval=&#8221;10&#8243; images=&#8221;16124,16125,16126,16127,16128,16129,16159&#8243; img_size=&#8221;full&#8221; css=&#8221;&#8221;][vc_empty_space][\/vc_column][vc_column width=&#8221;1\/6&#8243;][vc_single_image image=&#8221;15918&#8243; img_size=&#8221;FULL&#8221; alignment=&#8221;center&#8221; style=&#8221;vc_box_border&#8221; css=&#8221;&#8221;][vc_empty_space height=&#8221;16px&#8221;][vc_row_inner][vc_column_inner][vc_column_text][\/vc_column_text][vc_column_text][\/vc_column_text][\/vc_column_inner][\/vc_row_inner][vc_row_inner][vc_column_inner width=&#8221;2\/3&#8243;][\/vc_column_inner][vc_column_inner width=&#8221;1\/3&#8243;][\/vc_column_inner][\/vc_row_inner][\/vc_column][\/vc_row][\/vc_section]<\/p>\n<\/div>","protected":false},"excerpt":{"rendered":"<p>[vc_section][vc_row][vc_column width=&#8221;1\/6&#8243;][vc_single_image image=&#8221;15867&#8243; img_size=&#8221;large&#8221; alignment=&#8221;center&#8221; css=&#8221;&#8221;][vc_empty_space][vc_column_text css=&#8221;&#8221;]Merve G\u00fcl \u00c7ak\u0131r[\/vc_column_text][vc_empty_space height=&#8221;16px&#8221;][vc_column_text css=&#8221;&#8221;]Mimarl\u0131k Mimar Sinan G\u00fczel Sanatlar \u00dcniversitesi \u00a0 G\u00fcz 2025 Dan\u0131\u015fman: H\u00fcseyin Yanar[\/vc_column_text][vc_empty_space][vc_row_inner][vc_column_inner width=&#8221;1\/4&#8243;][\/vc_column_inner][vc_column_inner width=&#8221;1\/4&#8243;][vc_icon icon_fontawesome=&#8221;fa fa-brands fa-linkedin&#8221; color=&#8221;chino&#8221; size=&#8221;xs&#8221; css=&#8221;&#8221; [&hellip;]<\/p>\n","protected":false},"author":11,"featured_media":0,"parent":0,"menu_order":0,"comment_status":"closed","ping_status":"closed","template":"","meta":{"_acf_changed":false,"_seopress_robots_primary_cat":"","_seopress_titles_title":"AURA Alumni: Merve G\u00fcl \u00c7ak\u0131r","_seopress_titles_desc":"2025 G\u00fcz Do\u0308nemi\u2019nde \u201cAras\u0327t\u0131rma Tabanl\u0131 Tasar\u0131m Stu\u0308dyosu\u201dnda, kat\u0131l\u0131mc\u0131lar\u0131m\u0131z, H\u00fcseyin Yanar y\u00fcr\u00fct\u00fcc\u00fcl\u00fc\u011f\u00fcndeki st\u00fcdyoda Sanat ve Mimarl\u0131k: SINIRLAR temas\u0131na odakland\u0131.","_seopress_robots_index":"","_price":"","_stock":"","_tribe_ticket_header":"","_tribe_default_ticket_provider":"","_tribe_ticket_capacity":"0","_ticket_start_date":"","_ticket_end_date":"","_tribe_ticket_show_description":"","_tribe_ticket_show_not_going":false,"_tribe_ticket_use_global_stock":"","_tribe_ticket_global_stock_level":"","_global_stock_mode":"","_global_stock_cap":"","_tribe_rsvp_for_event":"","_tribe_ticket_going_count":"","_tribe_ticket_not_going_count":"","_tribe_tickets_list":"[]","_tribe_ticket_has_attendee_info_fields":false,"_EventAllDay":false,"_EventTimezone":"","_EventStartDate":"","_EventEndDate":"","_EventStartDateUTC":"","_EventEndDateUTC":"","_EventShowMap":false,"_EventShowMapLink":false,"_EventURL":"","_EventCost":"","_EventCostDescription":"","_EventCurrencySymbol":"","_EventCurrencyCode":"","_EventCurrencyPosition":"","_EventDateTimeSeparator":"","_EventTimeRangeSeparator":"","_EventOrganizerID":[],"_EventVenueID":[],"_OrganizerEmail":"","_OrganizerPhone":"","_OrganizerWebsite":"","_VenueAddress":"","_VenueCity":"","_VenueCountry":"","_VenueProvince":"","_VenueState":"","_VenueZip":"","_VenuePhone":"","_VenueURL":"","_VenueStateProvince":"","_VenueLat":"","_VenueLng":"","_VenueShowMap":false,"_VenueShowMapLink":false,"footnotes":"","_tec_slr_enabled":"","_tec_slr_layout":""},"class_list":["post-15917","page","type-page","status-publish","hentry"],"acf":[],"ticketed":false,"_links":{"self":[{"href":"https:\/\/aura-istanbul.com\/index.php\/wp-json\/wp\/v2\/pages\/15917","targetHints":{"allow":["GET"]}}],"collection":[{"href":"https:\/\/aura-istanbul.com\/index.php\/wp-json\/wp\/v2\/pages"}],"about":[{"href":"https:\/\/aura-istanbul.com\/index.php\/wp-json\/wp\/v2\/types\/page"}],"author":[{"embeddable":true,"href":"https:\/\/aura-istanbul.com\/index.php\/wp-json\/wp\/v2\/users\/11"}],"replies":[{"embeddable":true,"href":"https:\/\/aura-istanbul.com\/index.php\/wp-json\/wp\/v2\/comments?post=15917"}],"version-history":[{"count":3,"href":"https:\/\/aura-istanbul.com\/index.php\/wp-json\/wp\/v2\/pages\/15917\/revisions"}],"predecessor-version":[{"id":16167,"href":"https:\/\/aura-istanbul.com\/index.php\/wp-json\/wp\/v2\/pages\/15917\/revisions\/16167"}],"wp:attachment":[{"href":"https:\/\/aura-istanbul.com\/index.php\/wp-json\/wp\/v2\/media?parent=15917"}],"curies":[{"name":"wp","href":"https:\/\/api.w.org\/{rel}","templated":true}]}}