{"id":15926,"date":"2026-03-02T17:14:03","date_gmt":"2026-03-02T14:14:03","guid":{"rendered":"https:\/\/aura-istanbul.com\/?page_id=15926"},"modified":"2026-03-16T16:46:47","modified_gmt":"2026-03-16T13:46:47","slug":"aura-alumni-yamac-senelmis","status":"publish","type":"page","link":"https:\/\/aura-istanbul.com\/index.php\/aura-alumni-yamac-senelmis\/","title":{"rendered":"AURA Alumni: Yama\u00e7 \u015eenelmi\u015f"},"content":{"rendered":"<div class=\"wpb-content-wrapper\"><p>[vc_section][vc_row][vc_column width=&#8221;1\/6&#8243;][vc_single_image image=&#8221;15870&#8243; img_size=&#8221;large&#8221; alignment=&#8221;center&#8221; css=&#8221;&#8221;][vc_empty_space][vc_column_text css=&#8221;&#8221;]<strong>Yama\u00e7 \u015eenelmi\u015f<\/strong>[\/vc_column_text][vc_empty_space height=&#8221;16px&#8221;][vc_column_text css=&#8221;&#8221;]Mimarl\u0131k<br \/>\n<span data-sheets-root=\"1\">TED \u00dcniversitesi<\/span><\/p>\n<p><span data-sheets-root=\"1\">\u00a0<\/span><\/p>\n<p>G\u00fcz 2025<br \/>\nDan\u0131\u015fman: H\u00fcseyin Yanar[\/vc_column_text][vc_empty_space][vc_row_inner][vc_column_inner width=&#8221;1\/4&#8243;][\/vc_column_inner][vc_column_inner width=&#8221;1\/4&#8243;][\/vc_column_inner][vc_column_inner width=&#8221;1\/4&#8243;][\/vc_column_inner][vc_column_inner width=&#8221;1\/4&#8243;][\/vc_column_inner][\/vc_row_inner][\/vc_column][vc_column width=&#8221;2\/3&#8243;][vc_empty_space][vc_column_text css=&#8221;&#8221;]<\/p>\n<p style=\"text-align: left;\"><strong>Sanat ve Mimarl\u0131k: S I N I R L A R<\/strong><\/p>\n<p>[\/vc_column_text][vc_empty_space][vc_column_text css=&#8221;&#8221;]<strong>1- Tan\u0131\u015fma Rit\u00fceli: <\/strong>Kentin at\u0131klar\u0131n\u0131 anlam\u0131n yo\u011funla\u015ft\u0131\u011f\u0131 temas noktalar\u0131 olarak ele alan, beden ve \u015fehir aras\u0131nda kurulan performatif bir kar\u015f\u0131la\u015fmad\u0131r. Y\u00fcr\u00fcy\u00fc\u015f boyunca toplanan rastlant\u0131sal nesneler, ceket ve video arac\u0131l\u0131\u011f\u0131yla ar\u015fivlenerek kentsel deneyimin g\u00f6r\u00fcnmez izlerini a\u00e7\u0131\u011fa \u00e7\u0131kar\u0131r.<br \/>\n<em>1- Ritual of Acquiantance: A performative encounter between body and city, treating urban waste as contact points where meaning intensifies. Objects collected randomly during the walk are archived through a jacket and video, revealing the invisible traces of urban experience.<\/em><\/p>\n<p><strong>2- \u0130ki K\u0131rm\u0131z\u0131 G\u00f6vde: <\/strong>Nysa Antik Kenti\u2019nin dipolis kavram\u0131n\u0131 \u0130stanbul\u2019un iki yakas\u0131nda iki canl\u0131 g\u00f6vde \u00fczerinden yeniden kuran, bak\u0131\u015fa dayal\u0131 bir haf\u0131za yerle\u015ftirmesidir. K\u0131rm\u0131z\u0131 kuma\u015fla i\u015faretlenen bu g\u00f6vdeler, \u00f6l\u00e7ek k\u0131r\u0131lmas\u0131 ve d\u00fcrb\u00fcn arac\u0131l\u0131\u011f\u0131yla kurulan optik temas sayesinde mimari de\u011fil alg\u0131sal bir k\u00f6pr\u00fc \u00fcretir.<br \/>\n<em>2- Two Red Bodies: A memory-based installation that reconstructs the dipolis concept of the ancient city <\/em><em>of Nysa through two living bodies positioned on Istanbul\u2019s two shores. Marked with <\/em><em>red fabric, these bodies create not an architectural but a perceptual bridge through <\/em><em>scale distortion and optical contact established via binoculars.<\/em><\/p>\n<p><strong>3- \u0130simsiz \u00c7e\u015fme: <\/strong>Be\u015fikta\u015f Meydan\u0131\u2019ndaki zemin d\u00f6\u015femelerinin \u00f6l\u00e7ek farklar\u0131yla ayr\u0131\u015fan birimlerinden ilham alan bu su heykeli, kald\u0131r\u0131m ta\u015flar\u0131n\u0131 iz ekseninde y\u00fckselterek k\u00fctlele\u015ftirir. En y\u00fcksek birimde ritim ve denize do\u011fru akan su, meydan\u0131n \u00f6l\u00e7ek k\u0131r\u0131lmalar\u0131n\u0131 mek\u00e2nsal bir ak\u0131\u015fa d\u00f6n\u00fc\u015ft\u00fcr\u00fcr.<br \/>\n<em>3- Untitled Fountain: <\/em><em>Inspired by the scale-differentiated paving units of Be\u015fikta\u015f Square, this water sculp<\/em><em>ture monumentalizes pavement stones by elevating them along a trace axis. Rhythm <\/em><em>at the highest unit and water flowing toward the sea transform the square\u2019s scale <\/em><em>ruptures into a spatial flow.<\/em><\/p>\n<p><strong>4- Bu D\u00fcn Birisiydi:<\/strong><br \/>\nMetin, anlat\u0131c\u0131n\u0131n anneannesinin \u00f6l\u00fcm\u00fcn\u00fc ve cenaze s\u00fcrecini anlat\u0131r. Telefonun \u00e7almas\u0131yla ba\u015flayan hik\u00e2ye, aile bireylerinin salonda beyaz bir kuma\u015fa sar\u0131lm\u0131\u015f so\u011fuyan bedeni \u00e7evrelemesiyle devam eder. Bedeni sarmak, ta\u015f\u0131mak ve dar bir asans\u00f6r kabinine s\u0131\u011fd\u0131rmaya \u00e7al\u0131\u015fmak hem fiziksel hem de duygusal olarak a\u011f\u0131r bir deneyime d\u00f6n\u00fc\u015f\u00fcr.<br \/>\nAsans\u00f6r a\u015fa\u011f\u0131 inerken bedenin a\u011f\u0131rl\u0131\u011f\u0131, daralan mek\u00e2n ve topra\u011fa do\u011fru \u00e7ekilme hissi \u00f6l\u00fcm\u00fcn ka\u00e7\u0131n\u0131lmazl\u0131\u011f\u0131n\u0131 simgeler. Anlat\u0131c\u0131, bir zamanlar canl\u0131, \u00e7i\u00e7ek yeti\u015ftiren, evi dolduran bir insan\u0131n art\u0131k \u201cak\u0131p gitmek isteyen\u201d cans\u0131z bir bedene d\u00f6n\u00fc\u015fmesini g\u00f6zlemler.<br \/>\nMetin, \u00f6l\u00fcm\u00fcn bir anda de\u011fil, o bedenin art\u0131k bir \u201c\u015fey\u201de d\u00f6n\u00fc\u015fmesiyle kavrand\u0131\u011f\u0131n\u0131 g\u00f6sterir. Son c\u00fcmle bunu vurucu \u015fekilde \u00f6zetler:<br \/>\n\u201cBu \u015fey d\u00fcn birisiydi.\u201d<br \/>\n<em>4- This Was Someone Yesterday: The text narrates the death of the narrator\u2019s grandmother and the moments surroun<\/em><em>ding her funeral. It begins with a phone call and continues with the family gathering <\/em><em>around her body, wrapped in a white cloth in the living room.<br \/>\n<\/em><em>Carrying her body and trying to fit it into a narrow elevator becomes both a physical <\/em><em>and emotional burden. As the elevator slowly descends, the narrowing space and <\/em><em>the increasing weight symbolize the inevitability of death and the body\u2019s pull toward <\/em><em>the soil.<\/em><br \/>\n<em>The narrator reflects on how someone who once grew flowers, filled the house with <\/em><em>life, and existed as a person has now become a lifeless body that seems to want to <\/em><em>\u201cflow away.\u201d<\/em><br \/>\n<em>The text culminates in a striking realization:<\/em><br \/>\n<em>\u201cThis thing was someone yesterday.\u201d<\/em><\/p>\n<p><strong>5- Pazardan Cumaya:<\/strong> Pazardan Cumaya, LIMINALXIII kolektifi taraf\u0131ndan geli\u015ftirilen bir kamusal mek\u00e2n projesidir. Farkl\u0131 disiplinlerden bir araya gelen ekibin ortak \u00fcretim s\u00fcrecinden do\u011fan \u00e7al\u0131\u015fma, nesne \u00fcretmekten \u00e7ok ili\u015fkiler, kar\u015f\u0131la\u015fmalar ve g\u00fcndelik kamusal deneyimler olu\u015fturmay\u0131 hedefler.<br \/>\nProje, \u0130stanbul Be\u015fikta\u015f\u2019taki pazar alan\u0131n\u0131 haftada bir g\u00fcn kullan\u0131lan bir ticaret zemini olmaktan \u00e7\u0131kararak, haftan\u0131n tamam\u0131na yay\u0131lan ya\u015fayan, kat\u0131l\u0131mc\u0131 ve esnek bir kar\u015f\u0131la\u015fma alan\u0131na d\u00f6n\u00fc\u015ft\u00fcrmeyi \u00f6nerir. Pazar tezg\u00e2h\u0131 \u00f6l\u00e7\u00fclerinden t\u00fcretilen katlanabilir mod\u00fcler sistemler pazar g\u00fcnleri altyap\u0131 sa\u011flarken di\u011fer g\u00fcnlerde kamusal kullan\u0131m y\u00fczeylerine d\u00f6n\u00fc\u015f\u00fcr; yerle\u015ftirme ve video \u00e7al\u0131\u015fmalar\u0131 ise kullan\u0131c\u0131 kat\u0131l\u0131m\u0131yla s\u00fcrekli yeniden kurulabilen bir mek\u00e2nsal deneyim \u00fcretir.<br \/>\nBu \u00f6neri, sonu\u00e7tan \u00e7ok s\u00fcrece, nesneden \u00e7ok etkile\u015fime ve sabit tan\u0131mlar yerine<br \/>\nd\u00f6n\u00fc\u015febilir kullan\u0131mlara odaklanan a\u00e7\u0131k bir kamusal \u00fcretim yakla\u015f\u0131m\u0131 sunar.<\/p>\n<p>https:\/\/youtu.be\/arMLymwqhKA[\/vc_column_text][vc_empty_space][vc_gallery interval=&#8221;10&#8243; images=&#8221;16146,16147,16148,16149,16159&#8243; img_size=&#8221;full&#8221; css=&#8221;&#8221;][vc_empty_space][\/vc_column][vc_column width=&#8221;1\/6&#8243;][vc_single_image image=&#8221;16316&#8243; img_size=&#8221;FULL&#8221; alignment=&#8221;center&#8221; style=&#8221;vc_box_border&#8221; css=&#8221;&#8221;][vc_empty_space height=&#8221;16px&#8221;][vc_row_inner][vc_column_inner][vc_column_text][\/vc_column_text][vc_column_text][\/vc_column_text][\/vc_column_inner][\/vc_row_inner][vc_row_inner][vc_column_inner width=&#8221;2\/3&#8243;][\/vc_column_inner][vc_column_inner width=&#8221;1\/3&#8243;][\/vc_column_inner][\/vc_row_inner][\/vc_column][\/vc_row][\/vc_section]<\/p>\n<\/div>","protected":false},"excerpt":{"rendered":"<p>[vc_section][vc_row][vc_column width=&#8221;1\/6&#8243;][vc_single_image image=&#8221;15870&#8243; img_size=&#8221;large&#8221; alignment=&#8221;center&#8221; css=&#8221;&#8221;][vc_empty_space][vc_column_text css=&#8221;&#8221;]Yama\u00e7 \u015eenelmi\u015f[\/vc_column_text][vc_empty_space height=&#8221;16px&#8221;][vc_column_text css=&#8221;&#8221;]Mimarl\u0131k TED \u00dcniversitesi \u00a0 G\u00fcz 2025 Dan\u0131\u015fman: H\u00fcseyin Yanar[\/vc_column_text][vc_empty_space][vc_row_inner][vc_column_inner width=&#8221;1\/4&#8243;][\/vc_column_inner][vc_column_inner width=&#8221;1\/4&#8243;][\/vc_column_inner][vc_column_inner width=&#8221;1\/4&#8243;][\/vc_column_inner][vc_column_inner width=&#8221;1\/4&#8243;][\/vc_column_inner][\/vc_row_inner][\/vc_column][vc_column width=&#8221;2\/3&#8243;][vc_empty_space][vc_column_text css=&#8221;&#8221;] Sanat ve Mimarl\u0131k: S I N [&hellip;]<\/p>\n","protected":false},"author":11,"featured_media":0,"parent":0,"menu_order":0,"comment_status":"closed","ping_status":"closed","template":"","meta":{"_acf_changed":false,"_seopress_robots_primary_cat":"","_seopress_titles_title":"AURA Alumni: Yama\u00e7 \u015eenelmi\u015f","_seopress_titles_desc":"2025 G\u00fcz Do\u0308nemi\u2019nde \u201cAras\u0327t\u0131rma Tabanl\u0131 Tasar\u0131m Stu\u0308dyosu\u201dnda, kat\u0131l\u0131mc\u0131lar\u0131m\u0131z, H\u00fcseyin Yanar y\u00fcr\u00fct\u00fcc\u00fcl\u00fc\u011f\u00fcndeki st\u00fcdyoda Sanat ve Mimarl\u0131k: SINIRLAR temas\u0131na odakland\u0131.","_seopress_robots_index":"","_price":"","_stock":"","_tribe_ticket_header":"","_tribe_default_ticket_provider":"","_tribe_ticket_capacity":"0","_ticket_start_date":"","_ticket_end_date":"","_tribe_ticket_show_description":"","_tribe_ticket_show_not_going":false,"_tribe_ticket_use_global_stock":"","_tribe_ticket_global_stock_level":"","_global_stock_mode":"","_global_stock_cap":"","_tribe_rsvp_for_event":"","_tribe_ticket_going_count":"","_tribe_ticket_not_going_count":"","_tribe_tickets_list":"[]","_tribe_ticket_has_attendee_info_fields":false,"_EventAllDay":false,"_EventTimezone":"","_EventStartDate":"","_EventEndDate":"","_EventStartDateUTC":"","_EventEndDateUTC":"","_EventShowMap":false,"_EventShowMapLink":false,"_EventURL":"","_EventCost":"","_EventCostDescription":"","_EventCurrencySymbol":"","_EventCurrencyCode":"","_EventCurrencyPosition":"","_EventDateTimeSeparator":"","_EventTimeRangeSeparator":"","_EventOrganizerID":[],"_EventVenueID":[],"_OrganizerEmail":"","_OrganizerPhone":"","_OrganizerWebsite":"","_VenueAddress":"","_VenueCity":"","_VenueCountry":"","_VenueProvince":"","_VenueState":"","_VenueZip":"","_VenuePhone":"","_VenueURL":"","_VenueStateProvince":"","_VenueLat":"","_VenueLng":"","_VenueShowMap":false,"_VenueShowMapLink":false,"footnotes":"","_tec_slr_enabled":"","_tec_slr_layout":""},"class_list":["post-15926","page","type-page","status-publish","hentry"],"acf":[],"ticketed":false,"_links":{"self":[{"href":"https:\/\/aura-istanbul.com\/index.php\/wp-json\/wp\/v2\/pages\/15926","targetHints":{"allow":["GET"]}}],"collection":[{"href":"https:\/\/aura-istanbul.com\/index.php\/wp-json\/wp\/v2\/pages"}],"about":[{"href":"https:\/\/aura-istanbul.com\/index.php\/wp-json\/wp\/v2\/types\/page"}],"author":[{"embeddable":true,"href":"https:\/\/aura-istanbul.com\/index.php\/wp-json\/wp\/v2\/users\/11"}],"replies":[{"embeddable":true,"href":"https:\/\/aura-istanbul.com\/index.php\/wp-json\/wp\/v2\/comments?post=15926"}],"version-history":[{"count":5,"href":"https:\/\/aura-istanbul.com\/index.php\/wp-json\/wp\/v2\/pages\/15926\/revisions"}],"predecessor-version":[{"id":16318,"href":"https:\/\/aura-istanbul.com\/index.php\/wp-json\/wp\/v2\/pages\/15926\/revisions\/16318"}],"wp:attachment":[{"href":"https:\/\/aura-istanbul.com\/index.php\/wp-json\/wp\/v2\/media?parent=15926"}],"curies":[{"name":"wp","href":"https:\/\/api.w.org\/{rel}","templated":true}]}}