{"id":2169,"date":"2017-05-05T14:28:38","date_gmt":"2017-05-05T11:28:38","guid":{"rendered":"http:\/\/79.137.12.64\/~auraista\/?page_id=2169"},"modified":"2023-01-26T15:21:09","modified_gmt":"2023-01-26T12:21:09","slug":"tasarim-studyosu","status":"publish","type":"page","link":"https:\/\/aura-istanbul.com\/index.php\/tasarim-studyosu\/","title":{"rendered":"Tasar\u0131m St\u00fcdyosu"},"content":{"rendered":"<div class=\"wpb-content-wrapper\"><p>[vc_row][vc_column][vc_column_text]<\/p>\n<h2>Tasar\u0131m St\u00fcdyosu<\/h2>\n<p>[\/vc_column_text][\/vc_column][\/vc_row][vc_row 0=&#8221;&#8221;][vc_column width=&#8221;1\/2&#8243;][vc_empty_space][vc_column_text 0=&#8221;&#8221;]Akademi\u2019nin ara\u015ft\u0131rma program\u0131 bir tasar\u0131m st\u00fcdyosu etraf\u0131nda \u015fekillenmektedir.<\/p>\n<p>St\u00fcdyo, haftada iki kez toplanarak genel de\u011ferlendirmelerini, okuma tart\u0131\u015fmalar\u0131n\u0131 ve toplu tart\u0131\u015fmalar\u0131 ger\u00e7ekle\u015ftirir. Toplant\u0131lar uluslararas\u0131 akademik d\u00fczeyde ve yap\u0131c\u0131 ele\u015ftirel bir anlay\u0131\u015f \u00e7er\u00e7evesinde yap\u0131l\u0131r.<\/p>\n<p>T\u00fcm kat\u0131l\u0131mc\u0131lara, bireysel ara\u015ft\u0131rma ve tasar\u0131m konular\u0131yla ba\u011flant\u0131l\u0131 olarak mimarl\u0131k ve \u015fehircilik tarihi, kuram\u0131 ve ele\u015ftirisi alanlar\u0131nda \u00e7e\u015fitli okumalar verilecektir.<\/p>\n<p>St\u00fcdyo \u00e7al\u0131\u015fmalar\u0131na paralel olarak kat\u0131l\u0131mc\u0131lara iki ve \u00fc\u00e7 boyutlu tasar\u0131m ara\u00e7 ve tekniklerini \u00e7e\u015fitli yaz\u0131l\u0131m ve say\u0131sal medya platformlar\u0131yla b\u00fct\u00fcnle\u015ftirilebilmeleri amac\u0131yla destek seminerler verilecektir. S\u00f6z konusu seminerler kapsam\u0131nda, basit geometrik d\u00fczenlemelerden, karma\u015f\u0131k morfolojik sistemlere\u00a0kadar, geni\u015f bir konu yelpazesi ele al\u0131nacakt\u0131r.<\/p>\n<p>[\/vc_column_text][\/vc_column][vc_column width=&#8221;1\/2&#8243;][vc_empty_space][vc_column_text]St\u00fcdyo \u00e7al\u0131\u015fmalar\u0131, kat\u0131l\u0131mc\u0131lar\u0131n \u00e7izim, maket, diyagram, modelleme gibi analog ve dijital ara\u00e7lar\u0131 kullanarak ara\u015ft\u0131rma ve tasar\u0131m sorunlar\u0131n\u0131 g\u00f6rselle\u015ftirme, ke\u015ffetme, test etme ve \u00e7\u00f6z\u00fcm uyarlama becerilerini geli\u015ftirmeyi ama\u00e7lar.<\/p>\n<p>Kat\u0131l\u0131mc\u0131lar tasar\u0131m bazl\u0131 ara\u015ft\u0131rma projelerini \u00e7al\u0131\u015fma s\u00fcresince birka\u00e7 kez t\u00fcm \u00e7al\u0131\u015fma grubuna sunacakt\u0131r. B\u00f6ylelikle, her kat\u0131l\u0131mc\u0131 \u00e7al\u0131\u015fmas\u0131yla ilgili tutarl\u0131 bir anlat\u0131 geli\u015ftirerek fikirlerini s\u00f6zel ve g\u00f6rsel olarak di\u011fer kat\u0131l\u0131mc\u0131lara iletecektir.<\/p>\n<p>Farkl\u0131 disiplinlerden meslek insanlar\u0131 ve e\u011fitimcilerin bir araya gelmesinden olu\u015fan ara ve nihai genel de\u011ferlendirmeler, kat\u0131l\u0131mc\u0131lar\u0131n \u00e7al\u0131\u015fmalar\u0131yla ilgili farkl\u0131 bak\u0131\u015f a\u00e7\u0131lar\u0131 geli\u015ftirebilmeleri a\u00e7\u0131s\u0131ndan b\u00fcy\u00fck \u00f6nem ta\u015f\u0131maktad\u0131r.<\/p>\n<p>[\/vc_column_text][\/vc_column][\/vc_row]<\/p>\n<\/div>","protected":false},"excerpt":{"rendered":"<p>[vc_row][vc_column][vc_column_text] Tasar\u0131m St\u00fcdyosu [\/vc_column_text][\/vc_column][\/vc_row][vc_row 0=&#8221;&#8221;][vc_column width=&#8221;1\/2&#8243;][vc_empty_space][vc_column_text 0=&#8221;&#8221;]Akademi\u2019nin ara\u015ft\u0131rma program\u0131 bir tasar\u0131m st\u00fcdyosu etraf\u0131nda \u015fekillenmektedir. St\u00fcdyo, haftada iki kez toplanarak genel de\u011ferlendirmelerini, okuma tart\u0131\u015fmalar\u0131n\u0131 ve toplu tart\u0131\u015fmalar\u0131 ger\u00e7ekle\u015ftirir. Toplant\u0131lar uluslararas\u0131 akademik [&hellip;]<\/p>\n","protected":false},"author":1,"featured_media":2220,"parent":0,"menu_order":0,"comment_status":"closed","ping_status":"closed","template":"","meta":{"_acf_changed":false,"_seopress_robots_primary_cat":"","_seopress_titles_title":"Ara\u015ft\u0131rma Tabanl\u0131 Tasar\u0131m St\u00fcdyosu | %%sitetitle%%","_seopress_titles_desc":"","_seopress_robots_index":"","_price":"","_stock":"","_tribe_ticket_header":"","_tribe_default_ticket_provider":"","_tribe_ticket_capacity":"0","_ticket_start_date":"","_ticket_end_date":"","_tribe_ticket_show_description":"","_tribe_ticket_show_not_going":false,"_tribe_ticket_use_global_stock":"","_tribe_ticket_global_stock_level":"","_global_stock_mode":"","_global_stock_cap":"","_tribe_rsvp_for_event":"","_tribe_ticket_going_count":"","_tribe_ticket_not_going_count":"","_tribe_tickets_list":"[]","_tribe_ticket_has_attendee_info_fields":false,"_EventAllDay":false,"_EventTimezone":"","_EventStartDate":"","_EventEndDate":"","_EventStartDateUTC":"","_EventEndDateUTC":"","_EventShowMap":false,"_EventShowMapLink":false,"_EventURL":"","_EventCost":"","_EventCostDescription":"","_EventCurrencySymbol":"","_EventCurrencyCode":"","_EventCurrencyPosition":"","_EventDateTimeSeparator":"","_EventTimeRangeSeparator":"","_EventOrganizerID":[],"_EventVenueID":[],"_OrganizerEmail":"","_OrganizerPhone":"","_OrganizerWebsite":"","_VenueAddress":"","_VenueCity":"","_VenueCountry":"","_VenueProvince":"","_VenueState":"","_VenueZip":"","_VenuePhone":"","_VenueURL":"","_VenueStateProvince":"","_VenueLat":"","_VenueLng":"","_VenueShowMap":false,"_VenueShowMapLink":false,"footnotes":"","_tec_slr_enabled":"","_tec_slr_layout":""},"class_list":["post-2169","page","type-page","status-publish","has-post-thumbnail","hentry"],"acf":[],"ticketed":false,"_links":{"self":[{"href":"https:\/\/aura-istanbul.com\/index.php\/wp-json\/wp\/v2\/pages\/2169","targetHints":{"allow":["GET"]}}],"collection":[{"href":"https:\/\/aura-istanbul.com\/index.php\/wp-json\/wp\/v2\/pages"}],"about":[{"href":"https:\/\/aura-istanbul.com\/index.php\/wp-json\/wp\/v2\/types\/page"}],"author":[{"embeddable":true,"href":"https:\/\/aura-istanbul.com\/index.php\/wp-json\/wp\/v2\/users\/1"}],"replies":[{"embeddable":true,"href":"https:\/\/aura-istanbul.com\/index.php\/wp-json\/wp\/v2\/comments?post=2169"}],"version-history":[{"count":24,"href":"https:\/\/aura-istanbul.com\/index.php\/wp-json\/wp\/v2\/pages\/2169\/revisions"}],"predecessor-version":[{"id":10698,"href":"https:\/\/aura-istanbul.com\/index.php\/wp-json\/wp\/v2\/pages\/2169\/revisions\/10698"}],"wp:featuredmedia":[{"embeddable":true,"href":"https:\/\/aura-istanbul.com\/index.php\/wp-json\/wp\/v2\/media\/2220"}],"wp:attachment":[{"href":"https:\/\/aura-istanbul.com\/index.php\/wp-json\/wp\/v2\/media?parent=2169"}],"curies":[{"name":"wp","href":"https:\/\/api.w.org\/{rel}","templated":true}]}}