{"id":2272,"date":"2017-05-05T19:28:45","date_gmt":"2017-05-05T16:28:45","guid":{"rendered":"http:\/\/79.137.12.64\/~auraista\/?page_id=2272"},"modified":"2018-07-20T17:44:58","modified_gmt":"2018-07-20T14:44:58","slug":"sinan-izgi-2","status":"publish","type":"page","link":"https:\/\/aura-istanbul.com\/index.php\/yonetim-kurulu\/sinan-izgi-2\/","title":{"rendered":"Sinan \u0130zgi"},"content":{"rendered":"<div class=\"wpb-content-wrapper\"><p>[vc_section][vc_row][vc_column width=&#8221;1\/3&#8243;][vc_single_image image=&#8221;3316&#8243; img_size=&#8221;full&#8221;][\/vc_column][vc_column width=&#8221;2\/3&#8243;][vc_column_text css_animation=&#8221;slideInRight&#8221;]<\/p>\n<h5><strong>Sinan\u00a0\u0130zgi\u00a0<em>Y. Mimar<\/em><\/strong><em>\u00a0&#8211; Kurucu \u00dcye<\/em><\/h5>\n<p class=\"p1\">\u0130stanbul Sankt Georg Avusturya Lisesi\u2019nin ard\u0131ndan 1983 y\u0131l\u0131nda Mimar Sinan \u00dcniversitesi, Mimarl\u0131k Fak\u00fcltesi\u2019nden Y\u00fcksek Mimar olarak mezun oldu. \u00d6\u011frencilik d\u00f6neminde A\u011fa Han \u2018Cumal\u0131k\u0131z\u0131k\u2019ta Zaman ve Mekan\u2019 yar\u0131\u015fmas\u0131nda \u00f6d\u00fcl kazand\u0131.<\/p>\n<p class=\"p1\">\u00dcniversite sonras\u0131nda, k\u0131sa bir s\u00fcre yurd\u0131\u015f\u0131nda uygulama mimar\u0131 olarak \u00e7al\u0131\u015ft\u0131. 1986 y\u0131l\u0131nda, bir yandan Mimar Sinan \u00dcniversitesi \u015eehircilik Fak\u00fcltesi\u2019nde kentsel tasar\u0131m alan\u0131nda doktora \u00e7al\u0131\u015fmas\u0131na ba\u015flarken,<span class=\"Apple-converted-space\">\u00a0 <\/span>di\u011fer yandan da <span class=\"s1\">\u0130zgi Mimari Tasar\u0131m<\/span> ofisini kurdu. G\u00fcn\u00fcm\u00fcze kadar \u00e7e\u015fitli konu ve \u00f6l\u00e7ekte d\u00f6rty\u00fcze yak\u0131n proje ve uygulama y\u00f6netimi yapt\u0131.<\/p>\n<p class=\"p1\">2003 y\u0131l\u0131nda kat\u0131ld\u0131\u011f\u0131 Uluslararas\u0131 B\u00fcy\u00fck M\u0131s\u0131r M\u00fczesi Yar\u0131\u015fmas\u0131\u2019nda projesi, yar\u0131\u015fma katalo\u011funa bas\u0131lmaya de\u011fer bulundu.<\/p>\n<p class=\"p1\">2004 y\u0131l\u0131nda Y\u0131ld\u0131z Teknik \u00dcniversitesi Mimarl\u0131k Fak\u00fcltesi\u2019nde konuk \u00f6\u011fretim g\u00f6revlisi olarak ba\u015flad\u0131\u011f\u0131 e\u011fitim \u00e7al\u0131\u015fmalar\u0131na, 2008 den bu yana Mimar Sinan \u00dcniversitesi\u2019nde proje at\u00f6lyesi y\u00fcr\u00fct\u00fcc\u00fcs\u00fc olarak devam etmektedir.<\/p>\n<p class=\"p1\">Ayr\u0131ca, \u00fcniversite \u00e7al\u0131\u015fmalar\u0131n\u0131n yan\u0131s\u0131ra \u00e7e\u015fitli platformlarda ekoloji, s\u00fcrd\u00fcr\u00fclebilir tasar\u0131m ve planlama konusunda konferanslar vermekte, workshop y\u00fcr\u00fct\u00fcc\u00fcl\u00fc\u011f\u00fc yapmaktad\u0131r.<\/p>\n<p>[\/vc_column_text][\/vc_column][\/vc_row][\/vc_section]<\/p>\n<\/div>","protected":false},"excerpt":{"rendered":"<p>[vc_section][vc_row][vc_column width=&#8221;1\/3&#8243;][vc_single_image image=&#8221;3316&#8243; img_size=&#8221;full&#8221;][\/vc_column][vc_column width=&#8221;2\/3&#8243;][vc_column_text css_animation=&#8221;slideInRight&#8221;] Sinan\u00a0\u0130zgi\u00a0Y. Mimar\u00a0&#8211; Kurucu \u00dcye \u0130stanbul Sankt Georg Avusturya Lisesi\u2019nin ard\u0131ndan 1983 y\u0131l\u0131nda Mimar Sinan \u00dcniversitesi, Mimarl\u0131k Fak\u00fcltesi\u2019nden Y\u00fcksek Mimar olarak mezun oldu. \u00d6\u011frencilik d\u00f6neminde [&hellip;]<\/p>\n","protected":false},"author":1,"featured_media":0,"parent":2175,"menu_order":0,"comment_status":"closed","ping_status":"closed","template":"","meta":{"_acf_changed":false,"_seopress_robots_primary_cat":"","_seopress_titles_title":"","_seopress_titles_desc":"","_seopress_robots_index":"","_price":"","_stock":"","_tribe_ticket_header":"","_tribe_default_ticket_provider":"","_tribe_ticket_capacity":"0","_ticket_start_date":"","_ticket_end_date":"","_tribe_ticket_show_description":"","_tribe_ticket_show_not_going":false,"_tribe_ticket_use_global_stock":"","_tribe_ticket_global_stock_level":"","_global_stock_mode":"","_global_stock_cap":"","_tribe_rsvp_for_event":"","_tribe_ticket_going_count":"","_tribe_ticket_not_going_count":"","_tribe_tickets_list":"[]","_tribe_ticket_has_attendee_info_fields":false,"_EventAllDay":false,"_EventTimezone":"","_EventStartDate":"","_EventEndDate":"","_EventStartDateUTC":"","_EventEndDateUTC":"","_EventShowMap":false,"_EventShowMapLink":false,"_EventURL":"","_EventCost":"","_EventCostDescription":"","_EventCurrencySymbol":"","_EventCurrencyCode":"","_EventCurrencyPosition":"","_EventDateTimeSeparator":"","_EventTimeRangeSeparator":"","_EventOrganizerID":[],"_EventVenueID":[],"_OrganizerEmail":"","_OrganizerPhone":"","_OrganizerWebsite":"","_VenueAddress":"","_VenueCity":"","_VenueCountry":"","_VenueProvince":"","_VenueState":"","_VenueZip":"","_VenuePhone":"","_VenueURL":"","_VenueStateProvince":"","_VenueLat":"","_VenueLng":"","_VenueShowMap":false,"_VenueShowMapLink":false,"footnotes":"","_tec_slr_enabled":"","_tec_slr_layout":""},"class_list":["post-2272","page","type-page","status-publish","hentry"],"acf":[],"ticketed":false,"_links":{"self":[{"href":"https:\/\/aura-istanbul.com\/index.php\/wp-json\/wp\/v2\/pages\/2272","targetHints":{"allow":["GET"]}}],"collection":[{"href":"https:\/\/aura-istanbul.com\/index.php\/wp-json\/wp\/v2\/pages"}],"about":[{"href":"https:\/\/aura-istanbul.com\/index.php\/wp-json\/wp\/v2\/types\/page"}],"author":[{"embeddable":true,"href":"https:\/\/aura-istanbul.com\/index.php\/wp-json\/wp\/v2\/users\/1"}],"replies":[{"embeddable":true,"href":"https:\/\/aura-istanbul.com\/index.php\/wp-json\/wp\/v2\/comments?post=2272"}],"version-history":[{"count":7,"href":"https:\/\/aura-istanbul.com\/index.php\/wp-json\/wp\/v2\/pages\/2272\/revisions"}],"predecessor-version":[{"id":3318,"href":"https:\/\/aura-istanbul.com\/index.php\/wp-json\/wp\/v2\/pages\/2272\/revisions\/3318"}],"up":[{"embeddable":true,"href":"https:\/\/aura-istanbul.com\/index.php\/wp-json\/wp\/v2\/pages\/2175"}],"wp:attachment":[{"href":"https:\/\/aura-istanbul.com\/index.php\/wp-json\/wp\/v2\/media?parent=2272"}],"curies":[{"name":"wp","href":"https:\/\/api.w.org\/{rel}","templated":true}]}}