{"id":2279,"date":"2017-05-05T19:33:54","date_gmt":"2017-05-05T16:33:54","guid":{"rendered":"http:\/\/79.137.12.64\/~auraista\/?page_id=2279"},"modified":"2023-07-11T16:58:40","modified_gmt":"2023-07-11T13:58:40","slug":"erhan-isozen-2","status":"publish","type":"page","link":"https:\/\/aura-istanbul.com\/index.php\/yonetim-kurulu\/erhan-isozen-2\/","title":{"rendered":"Erhan \u0130\u015f\u00f6zen"},"content":{"rendered":"<div class=\"wpb-content-wrapper\"><p>[vc_section][vc_row][vc_column width=&#8221;1\/3&#8243;][vc_single_image image=&#8221;11170&#8243; img_size=&#8221;full&#8221;][\/vc_column][vc_column width=&#8221;2\/3&#8243;][vc_column_text css_animation=&#8221;slideInRight&#8221;]<\/p>\n<h5><strong>Erhan\u00a0\u0130\u015f\u00f6zen\u00a0<\/strong><em>Y.Mimar &#8211; Kurucu \u00dcye<\/em><\/h5>\n<p class=\"p1\">1980 y\u0131l\u0131nda \u0130stanbul G\u00fczel Sanatlar Akademisi\u2019nden mezun oldu. \u00d6\u011frencili\u011fi ve \u00f6\u011frenim sonras\u0131 \u00fclkenin \u00f6nde gelen mimarlar\u0131 ile \u00e7al\u0131\u015ft\u0131. Bir s\u00fcre \u0130stanbul Devlet G\u00fczel Sanatlar Akademisi \u015eehir B\u00f6lge Planlama ve Restorasyon B\u00f6l\u00fcm\u00fc\u2019nde, Y\u0131ld\u0131z Teknik \u00dcniversitesi\u2019nde \u00f6\u011fretim g\u00f6revlisi, sivil toplum kurulu\u015flar\u0131nda, vak\u0131flarda y\u00f6netim kurulu \u00fcyeli\u011fi, yerel y\u00f6netimlerde (\u0130stanbul B\u00fcy\u00fck\u015fehir, Be\u015fikta\u015f ve \u015ei\u015fli Bld. B\u015fk.) dan\u0131\u015fman olarak g\u00f6rev yapt\u0131. 25 y\u0131ld\u0131r \u0130stanbul\u2019un de\u011fi\u015fik b\u00f6lgelerinde, yurti\u00e7i ve yurtd\u0131\u015f\u0131nda \u00f6zellikle kentsel tasar\u0131m, kentsel yenileme, restorasyon ve mimari projeleri yapt\u0131, uygulad\u0131.<\/p>\n<p class=\"p1\">Kamu projeleri aras\u0131nda, Ortak\u00f6y Meydan\u0131 ve \u00c7evresi Kentsel Tasar\u0131m Proje \u00c7al\u0131\u015fmas\u0131, Vi\u015fnezade \u015eairler Park\u0131, Be\u015fikta\u015f Bal\u0131k\u00e7\u0131lar \u00c7ar\u015f\u0131s\u0131, Ortak\u00f6y K\u00fclt\u00fcr Merkezi, Afife Jale Tiyatrosu, Be\u015fikta\u015f Meclis Binas\u0131, Be\u015fikta\u015f Kartal ve U\u011fur Mumcu An\u0131t\u0131, Tema Vakf\u0131 Do\u011fa M\u00fczesi, Ni\u015fanta\u015f\u0131-Te\u015fvikiye Kentsel Tasar\u0131m Projesi, Te\u015fvikiye Meydan\u0131 H\u00fcsrev Gerede An\u0131t\u0131, Cumhuriyet-Halaskargazi \u015ei\u015fli Kentsel Tasar\u0131m\u0131 proje \u00e7al\u0131\u015fmalar\u0131; \u00f6zel sekt\u00f6r projeleri aras\u0131nda toplu konut, dini yap\u0131lar, i\u015f merkezi binalar\u0131, k\u00fclt\u00fcr merkezi binalar\u0131 projeleri ve restorasyonlar yer almaktad\u0131r.<\/p>\n<p class=\"p1\">Mimar Erhan \u0130\u015f\u00f6zen\u2019in <i>\u00dcsk\u00fcdar, Taksim ve Beyaz\u0131t Meydanlar\u0131, \u0130stanbul City Guide, Yerebatan Saray\u0131, Ortak\u00f6y Meydan\u0131, Ni\u015fanta\u015f\u0131-Te\u015fvikiye Kentsel Tasar\u0131m \u00c7al\u0131\u015fmas\u0131, \u015ei\u015fli\u2019de Bir Apartman, Cumhuriyet-Halaskargazi \u015ei\u015fli Meydan\u0131 Kentsel Tasar\u0131m Proje \u00c7al\u0131\u015fmas\u0131, Mimar Vedat Tek ve H\u00fcsrev Gerede<\/i> \u00e7al\u0131\u015fmalar\u0131yla ilgili yay\u0131nlanm\u0131\u015f eserleri bulunmaktad\u0131r.<\/p>\n<p class=\"p1\">Mimarl\u0131k, resim, heykel yar\u0131\u015fmalar\u0131nda j\u00fcri \u00fcyeli\u011fi yapt\u0131. Galatasaray Kongre \u00dcyesi, \u00c7ek\u00fcl Vakf\u0131 Dan\u0131\u015fma Kurulu \u00dcyesi, T.A.\u00c7. (Tarihi An\u0131t \u00c7evre Turizm De\u011ferlerini Koruma) Vakf\u0131 \u015eeref \u00dcyesi, T.Y.D. (Turizm Yat\u0131r\u0131mc\u0131lar Derne\u011fi) Dan\u0131\u015fma Kurul \u00dcyesi, Bodrum Uluslararas\u0131 D-Marin Klasik M\u00fczik Festivali Y\u00f6netim Kurulu \u00dcyesi ve Toplumsal Tarih Vakf\u0131 Kurucu \u00dcyesidir. \u0130ki kez A\u011fa Han Mimarl\u0131k \u00d6d\u00fcl\u00fc\u2019ne aday g\u00f6sterilmi\u015ftir.<\/p>\n<p>[\/vc_column_text][\/vc_column][\/vc_row][\/vc_section]<\/p>\n<\/div>","protected":false},"excerpt":{"rendered":"<p>[vc_section][vc_row][vc_column width=&#8221;1\/3&#8243;][vc_single_image image=&#8221;11170&#8243; img_size=&#8221;full&#8221;][\/vc_column][vc_column width=&#8221;2\/3&#8243;][vc_column_text css_animation=&#8221;slideInRight&#8221;] Erhan\u00a0\u0130\u015f\u00f6zen\u00a0Y.Mimar &#8211; Kurucu \u00dcye 1980 y\u0131l\u0131nda \u0130stanbul G\u00fczel Sanatlar Akademisi\u2019nden mezun oldu. \u00d6\u011frencili\u011fi ve \u00f6\u011frenim sonras\u0131 \u00fclkenin \u00f6nde gelen mimarlar\u0131 ile \u00e7al\u0131\u015ft\u0131. Bir s\u00fcre [&hellip;]<\/p>\n","protected":false},"author":1,"featured_media":0,"parent":2175,"menu_order":0,"comment_status":"closed","ping_status":"closed","template":"","meta":{"_acf_changed":false,"_seopress_robots_primary_cat":"","_seopress_titles_title":"","_seopress_titles_desc":"","_seopress_robots_index":"","_price":"","_stock":"","_tribe_ticket_header":"","_tribe_default_ticket_provider":"","_tribe_ticket_capacity":"0","_ticket_start_date":"","_ticket_end_date":"","_tribe_ticket_show_description":"","_tribe_ticket_show_not_going":false,"_tribe_ticket_use_global_stock":"","_tribe_ticket_global_stock_level":"","_global_stock_mode":"","_global_stock_cap":"","_tribe_rsvp_for_event":"","_tribe_ticket_going_count":"","_tribe_ticket_not_going_count":"","_tribe_tickets_list":"[]","_tribe_ticket_has_attendee_info_fields":false,"_EventAllDay":false,"_EventTimezone":"","_EventStartDate":"","_EventEndDate":"","_EventStartDateUTC":"","_EventEndDateUTC":"","_EventShowMap":false,"_EventShowMapLink":false,"_EventURL":"","_EventCost":"","_EventCostDescription":"","_EventCurrencySymbol":"","_EventCurrencyCode":"","_EventCurrencyPosition":"","_EventDateTimeSeparator":"","_EventTimeRangeSeparator":"","_EventOrganizerID":[],"_EventVenueID":[],"_OrganizerEmail":"","_OrganizerPhone":"","_OrganizerWebsite":"","_VenueAddress":"","_VenueCity":"","_VenueCountry":"","_VenueProvince":"","_VenueState":"","_VenueZip":"","_VenuePhone":"","_VenueURL":"","_VenueStateProvince":"","_VenueLat":"","_VenueLng":"","_VenueShowMap":false,"_VenueShowMapLink":false,"footnotes":"","_tec_slr_enabled":"","_tec_slr_layout":""},"class_list":["post-2279","page","type-page","status-publish","hentry"],"acf":[],"ticketed":false,"_links":{"self":[{"href":"https:\/\/aura-istanbul.com\/index.php\/wp-json\/wp\/v2\/pages\/2279","targetHints":{"allow":["GET"]}}],"collection":[{"href":"https:\/\/aura-istanbul.com\/index.php\/wp-json\/wp\/v2\/pages"}],"about":[{"href":"https:\/\/aura-istanbul.com\/index.php\/wp-json\/wp\/v2\/types\/page"}],"author":[{"embeddable":true,"href":"https:\/\/aura-istanbul.com\/index.php\/wp-json\/wp\/v2\/users\/1"}],"replies":[{"embeddable":true,"href":"https:\/\/aura-istanbul.com\/index.php\/wp-json\/wp\/v2\/comments?post=2279"}],"version-history":[{"count":2,"href":"https:\/\/aura-istanbul.com\/index.php\/wp-json\/wp\/v2\/pages\/2279\/revisions"}],"predecessor-version":[{"id":11171,"href":"https:\/\/aura-istanbul.com\/index.php\/wp-json\/wp\/v2\/pages\/2279\/revisions\/11171"}],"up":[{"embeddable":true,"href":"https:\/\/aura-istanbul.com\/index.php\/wp-json\/wp\/v2\/pages\/2175"}],"wp:attachment":[{"href":"https:\/\/aura-istanbul.com\/index.php\/wp-json\/wp\/v2\/media?parent=2279"}],"curies":[{"name":"wp","href":"https:\/\/api.w.org\/{rel}","templated":true}]}}