{"id":2285,"date":"2017-05-05T19:40:21","date_gmt":"2017-05-05T16:40:21","guid":{"rendered":"http:\/\/79.137.12.64\/~auraista\/?page_id=2285"},"modified":"2019-05-13T13:02:22","modified_gmt":"2019-05-13T10:02:22","slug":"orcun-horozoglu-2","status":"publish","type":"page","link":"https:\/\/aura-istanbul.com\/index.php\/yonetim-kurulu\/orcun-horozoglu-2\/","title":{"rendered":"Or\u00e7un Horozo\u011flu"},"content":{"rendered":"<div class=\"wpb-content-wrapper\"><p>[vc_section][vc_row][vc_column width=&#8221;1\/3&#8243;][vc_single_image image=&#8221;2286&#8243; img_size=&#8221;full&#8221;][\/vc_column][vc_column width=&#8221;2\/3&#8243;][vc_column_text css_animation=&#8221;slideInRight&#8221;]<\/p>\n<h5><strong>Or\u00e7un\u00a0Horozo\u011flu <em>Avukat<\/em><\/strong><em>\u00a0&#8211; Kurucu \u00dcye<\/em><\/h5>\n<p class=\"p1\">1984 tarihinde do\u011fan Or\u00e7un Horozo\u011flu, orta ve lise \u00f6\u011frenimini 1995-2003 y\u0131llar\u0131 aras\u0131nda eski ad\u0131 Kad\u0131k\u00f6y Maarif Koleji olan Kad\u0131k\u00f6y Anadolu Lisesi\u2019nde tamamlam\u0131\u015ft\u0131r. \u0130stanbul \u00dcniversitesi Hukuk Fak\u00fcltesi\u2019nden 2007 y\u0131l\u0131nda mezun olduktan sonra, ayn\u0131 \u00fcniversitenin \u00d6zel Hukuk Anabilim Dal\u0131\u2019nda Y\u00fcksek Lisans \u00e7al\u0131\u015fmas\u0131n\u0131 2010\u2019da tamamlayarak,<br \/>\n\u201cMiras\u0131n H\u00fckmen Reddi\u201d hakk\u0131ndaki tez \u00e7al\u0131\u015fmas\u0131 oybirli\u011fi ile kabul edilmi\u015f ve yay\u0131nlanm\u0131\u015ft\u0131r. Y\u00fcksek lisans \u00e7al\u0131\u015fmalar\u0131 esnas\u0131nda University of London City Law School\u2019da Dispute Resolution on Civil Law program\u0131nda da yer alm\u0131\u015ft\u0131r.<span class=\"Apple-converted-space\">\u00a0 <\/span>Yine \u00d6zel Hukuk Anabilim Dal\u0131\u2019nda 2011 y\u0131l\u0131nda ba\u015flad\u0131\u011f\u0131 doktora \u00e7al\u0131\u015fmalar\u0131nda 2013 y\u0131l\u0131 sonunda yeterlilik s\u0131nav\u0131n\u0131 vermi\u015f olup; \u201cBor\u00e7lar Hukuku\u201d alan\u0131ndaki tez \u00e7al\u0131\u015fmas\u0131n\u0131 tamamlamaktad\u0131r.<\/p>\n<p class=\"p1\">2008 y\u0131l\u0131ndan beri \u0130stanbul Barosu\u2019na ba\u011fl\u0131 olarak serbest avukatl\u0131k faaliyetini s\u00fcrd\u00fcren Or\u00e7un Horozo\u011flu, akademik ara\u015ft\u0131rmalar\u0131na da aral\u0131ks\u0131z devam etmektedir. Y\u00fcksek lisans ve doktora \u00e7al\u0131\u015fmalar\u0131 esnas\u0131nda ulusal ve uluslararas\u0131 hakemli yay\u0131nlarda miras hukuku ve bor\u00e7lar hukuku alan\u0131nda makaleleri yay\u0131nlanmaktad\u0131r. \u0130stanbul Barosu\u2019nun Prof Dr. \u0130smet Sungurbey\u2019e Arma\u011fan olarak d\u00fczenledi\u011fi \u201cBor\u00e7lar Hukuku Genel H\u00fck\u00fcmler Konferanslar\u0131\u201dnda konu\u015fmac\u0131 olarak tebli\u011fini sunarak, bas\u0131lan Arma\u011fan Eser\u2019de tebli\u011fi yay\u0131nlanm\u0131\u015f ve bu \u00e7al\u0131\u015fmas\u0131 ile \u00f6d\u00fcle lay\u0131k g\u00f6r\u00fclm\u00fc\u015ft\u00fcr. 2012 \u2013 2014 aras\u0131nda \u201cAvukat\u0131n\u0131za Sorun\u201d adl\u0131 bir televizyon program\u0131na, her hafta farkl\u0131 hukuki alanlarda tek konu\u015fmac\u0131 konuk olarak kat\u0131lm\u0131\u015ft\u0131r. Son olarak \u201cKentsel D\u00f6n\u00fc\u015f\u00fcm Uygulamas\u0131\u2019nda Arsa Pay\u0131 Kar\u015f\u0131l\u0131\u011f\u0131 \u0130n\u015faat S\u00f6zle\u015fmeleri Y\u00f6n\u00fcnden Beklenilmeyen Hal ve A\u015f\u0131r\u0131 \u0130fa G\u00fc\u00e7l\u00fc\u011f\u00fc\u201d konulu yeni monografisi ile halen s\u00fcrd\u00fcrmekte oldu\u011fu \u201c\u0130\u015f Hukuku\u2019nda Fazla \u00c7al\u0131\u015fma\u2019n\u0131n Farkl\u0131 Mesleklere Yans\u0131mas\u0131\u201d konulu bir de kitap \u00e7al\u0131\u015fmas\u0131 mevcuttur.<\/p>\n<p class=\"p1\">Halen, e\u015fi Bur\u00e7ak Horozo\u011flu ile <span class=\"s1\">Horozo\u011flu Hukuk B\u00fcrosu<\/span>\u2019nda birlikte avukatl\u0131k yapan Or\u00e7un Horozo\u011flu; \u0130stanbul Adliyeleri Adalet Komisyonu\u2019na ba\u011fl\u0131 bilirki\u015filik yapmakta; yeni mezun olan meslekta\u015flar\u0131 ile sadece zorunlu avukatl\u0131k staj\u0131 i\u00e7in de\u011fil, kar\u015f\u0131l\u0131kl\u0131 \u00f6\u011frenme prensibi ile birlikte hukuk alan\u0131ndaki<br \/>\n\u00e7al\u0131\u015fmalar\u0131n\u0131 s\u00fcrd\u00fcrmektedir.<\/p>\n<p>[\/vc_column_text][\/vc_column][\/vc_row][\/vc_section]<\/p>\n<\/div>","protected":false},"excerpt":{"rendered":"<p>[vc_section][vc_row][vc_column width=&#8221;1\/3&#8243;][vc_single_image image=&#8221;2286&#8243; img_size=&#8221;full&#8221;][\/vc_column][vc_column width=&#8221;2\/3&#8243;][vc_column_text css_animation=&#8221;slideInRight&#8221;] Or\u00e7un\u00a0Horozo\u011flu Avukat\u00a0&#8211; Kurucu \u00dcye 1984 tarihinde do\u011fan Or\u00e7un Horozo\u011flu, orta ve lise \u00f6\u011frenimini 1995-2003 y\u0131llar\u0131 aras\u0131nda eski ad\u0131 Kad\u0131k\u00f6y Maarif Koleji olan Kad\u0131k\u00f6y Anadolu [&hellip;]<\/p>\n","protected":false},"author":1,"featured_media":0,"parent":2175,"menu_order":0,"comment_status":"closed","ping_status":"closed","template":"","meta":{"_acf_changed":false,"_seopress_robots_primary_cat":"","_seopress_titles_title":"","_seopress_titles_desc":"","_seopress_robots_index":"","_price":"","_stock":"","_tribe_ticket_header":"","_tribe_default_ticket_provider":"","_tribe_ticket_capacity":"0","_ticket_start_date":"","_ticket_end_date":"","_tribe_ticket_show_description":"","_tribe_ticket_show_not_going":false,"_tribe_ticket_use_global_stock":"","_tribe_ticket_global_stock_level":"","_global_stock_mode":"","_global_stock_cap":"","_tribe_rsvp_for_event":"","_tribe_ticket_going_count":"","_tribe_ticket_not_going_count":"","_tribe_tickets_list":"[]","_tribe_ticket_has_attendee_info_fields":false,"_EventAllDay":false,"_EventTimezone":"","_EventStartDate":"","_EventEndDate":"","_EventStartDateUTC":"","_EventEndDateUTC":"","_EventShowMap":false,"_EventShowMapLink":false,"_EventURL":"","_EventCost":"","_EventCostDescription":"","_EventCurrencySymbol":"","_EventCurrencyCode":"","_EventCurrencyPosition":"","_EventDateTimeSeparator":"","_EventTimeRangeSeparator":"","_EventOrganizerID":[],"_EventVenueID":[],"_OrganizerEmail":"","_OrganizerPhone":"","_OrganizerWebsite":"","_VenueAddress":"","_VenueCity":"","_VenueCountry":"","_VenueProvince":"","_VenueState":"","_VenueZip":"","_VenuePhone":"","_VenueURL":"","_VenueStateProvince":"","_VenueLat":"","_VenueLng":"","_VenueShowMap":false,"_VenueShowMapLink":false,"footnotes":"","_tec_slr_enabled":"","_tec_slr_layout":""},"class_list":["post-2285","page","type-page","status-publish","hentry"],"acf":[],"ticketed":false,"_links":{"self":[{"href":"https:\/\/aura-istanbul.com\/index.php\/wp-json\/wp\/v2\/pages\/2285","targetHints":{"allow":["GET"]}}],"collection":[{"href":"https:\/\/aura-istanbul.com\/index.php\/wp-json\/wp\/v2\/pages"}],"about":[{"href":"https:\/\/aura-istanbul.com\/index.php\/wp-json\/wp\/v2\/types\/page"}],"author":[{"embeddable":true,"href":"https:\/\/aura-istanbul.com\/index.php\/wp-json\/wp\/v2\/users\/1"}],"replies":[{"embeddable":true,"href":"https:\/\/aura-istanbul.com\/index.php\/wp-json\/wp\/v2\/comments?post=2285"}],"version-history":[{"count":1,"href":"https:\/\/aura-istanbul.com\/index.php\/wp-json\/wp\/v2\/pages\/2285\/revisions"}],"predecessor-version":[{"id":2287,"href":"https:\/\/aura-istanbul.com\/index.php\/wp-json\/wp\/v2\/pages\/2285\/revisions\/2287"}],"up":[{"embeddable":true,"href":"https:\/\/aura-istanbul.com\/index.php\/wp-json\/wp\/v2\/pages\/2175"}],"wp:attachment":[{"href":"https:\/\/aura-istanbul.com\/index.php\/wp-json\/wp\/v2\/media?parent=2285"}],"curies":[{"name":"wp","href":"https:\/\/api.w.org\/{rel}","templated":true}]}}