{"id":2365,"date":"2017-05-12T10:15:42","date_gmt":"2017-05-12T07:15:42","guid":{"rendered":"https:\/\/aura-istanbul.com\/?page_id=2365"},"modified":"2026-03-30T15:07:51","modified_gmt":"2026-03-30T12:07:51","slug":"aura-yonetim-kurulu","status":"publish","type":"page","link":"https:\/\/aura-istanbul.com\/index.php\/aura-yonetim-kurulu\/","title":{"rendered":"Y\u00f6netim Kurulu"},"content":{"rendered":"<div class=\"wpb-content-wrapper\"><p>[vc_row 0=&#8221;&#8221;][vc_column width=&#8221;1\/4&#8243;][vc_single_image image=&#8221;2236&#8243; img_size=&#8221;medium&#8221; onclick=&#8221;custom_link&#8221; css=&#8221;.vc_custom_1494668047797{margin-bottom: -10px !important;}&#8221; link=&#8221;https:\/\/aura-istanbul.com\/index.php\/yonetim-kurulu\/yilmaz-deger-2\/&#8221;][vc_column_text]<\/p>\n<h4 style=\"text-align: center;\">Y\u0131lmaz\u00a0De\u011fer<\/h4>\n<p>[\/vc_column_text][vc_column_text css=&#8221;.vc_custom_1774872383832{margin-top: -2px !important;margin-bottom: 5px !important;}&#8221;]<\/p>\n<p style=\"text-align: center;\">\u00a0Kurucu \u00dcye \/ Y\u00f6netim Kurulu Ba\u015fkan\u0131<\/p>\n<p style=\"text-align: center;\">1956 y\u0131l\u0131nda \u0130stanbul\u2019da do\u011fdu.<br \/>\n1973 y\u0131l\u0131nda Kabata\u015f Erkek Lisesi\u2019ni bitirdi. 1981 y\u0131l\u0131nda \u0130stanbul Devlet G\u00fczel Sanatlar Akademisi\u2019nden Y\u00fcksek Mimar olarak mezun oldu. 1981-1987 y\u0131llar\u0131 aras\u0131nda, yurt d\u0131\u015f\u0131nda, e\u011fitimin yan\u0131 s\u0131ra&#8230;<\/p>\n<p>[\/vc_column_text][vc_btn title=&#8221;Devam\u0131&#8221; size=&#8221;xs&#8221; align=&#8221;center&#8221; link=&#8221;url:https%3A%2F%2Faura-istanbul.com%2Findex.php%2Fyonetim-kurulu%2Fyilmaz-deger-2%2F|||&#8221;][\/vc_column][vc_column width=&#8221;1\/4&#8243;][vc_single_image image=&#8221;3321&#8243; img_size=&#8221;medium&#8221; onclick=&#8221;custom_link&#8221; css=&#8221;.vc_custom_1532160879839{margin-bottom: -10px !important;}&#8221; link=&#8221;https:\/\/aura-istanbul.com\/index.php\/yonetim-kurulu\/sinan-izgi-2\/&#8221;][vc_column_text]<\/p>\n<h4 style=\"text-align: center;\">Sinan\u00a0\u0130zgi<\/h4>\n<p>[\/vc_column_text][vc_column_text css=&#8221;.vc_custom_1774872356847{margin-top: -2px !important;margin-bottom: 5px !important;}&#8221;]<\/p>\n<p style=\"text-align: center;\">Kurucu \u00dcye \/ Ba\u015fkan Yard\u0131mc\u0131s\u0131<\/p>\n<p style=\"text-align: center;\">\u0130stanbul Sankt Georg Avusturya Lisesi\u2019nin ard\u0131ndan 1983 y\u0131l\u0131nda Mimar Sinan \u00dcniversitesi, Mimarl\u0131k Fak\u00fcltesi\u2019nden Y\u00fcksek Mimar olarak mezun oldu. \u00d6\u011frencilik d\u00f6neminde A\u011fa Han \u2018Cumal\u0131k\u0131z\u0131k\u2019ta Zaman ve Mekan\u2019&#8230;<\/p>\n<p>[\/vc_column_text][vc_btn title=&#8221;Devam\u0131&#8221; size=&#8221;xs&#8221; align=&#8221;center&#8221; link=&#8221;url:https%3A%2F%2Faura-istanbul.com%2Findex.php%2Fyonetim-kurulu%2Fsinan-izgi-2%2F|||&#8221;][\/vc_column][vc_column width=&#8221;1\/4&#8243;][vc_single_image image=&#8221;2244&#8243; img_size=&#8221;medium&#8221; onclick=&#8221;custom_link&#8221; css=&#8221;.vc_custom_1494667830165{margin-bottom: -10px !important;}&#8221; link=&#8221;https:\/\/aura-istanbul.com\/index.php\/yonetim-kurulu\/kurtul-erkmen-2\/&#8221;][vc_column_text]<\/p>\n<h4 style=\"text-align: center;\">Kurtul Erkmen<\/h4>\n<p>[\/vc_column_text][vc_column_text css=&#8221;.vc_custom_1774872393192{margin-top: -2px !important;margin-bottom: 5px !important;}&#8221;]<\/p>\n<p style=\"text-align: center;\">\u00a0Kurucu \u00dcye<\/p>\n<p style=\"text-align: center;\">1961 y\u0131l\u0131nda \u0130stanbul\u2019da do\u011fan Erkmen, 1978 y\u0131l\u0131nda \u0130stanbul Erkek Lisesi\u2019ni bitirdi. Ayn\u0131 y\u0131l, 1982 y\u0131l\u0131nda Mimar Sinan \u00dcniversitesi ad\u0131n\u0131 alacak olan \u0130stanbul Devlet G\u00fczel Sanatlar Akademisi \u00a0Mimarl\u0131k b\u00f6l\u00fcm\u00fcnde \u00f6\u011frenime ba\u015flad\u0131&#8230;<\/p>\n<p>[\/vc_column_text][vc_btn title=&#8221;Devam\u0131&#8221; size=&#8221;xs&#8221; align=&#8221;center&#8221; link=&#8221;url:https%3A%2F%2Faura-istanbul.com%2Findex.php%2Fyonetim-kurulu%2Fkurtul-erkmen-2%2F|||&#8221;][\/vc_column][vc_column width=&#8221;1\/4&#8243;][vc_single_image image=&#8221;2245&#8243; img_size=&#8221;medium&#8221; onclick=&#8221;custom_link&#8221; css=&#8221;.vc_custom_1494668899308{margin-bottom: -10px !important;}&#8221; link=&#8221;https:\/\/aura-istanbul.com\/index.php\/yonetim-kurulu\/jale-kulin\/&#8221;][vc_column_text]<\/p>\n<h4 style=\"text-align: center;\">Jale\u00a0Kulin<\/h4>\n<p>[\/vc_column_text][vc_column_text css=&#8221;.vc_custom_1565098024809{margin-top: -2px !important;margin-bottom: 5px !important;}&#8221;]<\/p>\n<p style=\"text-align: center;\">Kurucu \u00dcye<\/p>\n<p style=\"text-align: center;\">Yunanistan, \u0130svi\u00e7re, Bel\u00e7ika, Umman, \u0130ngiltere ve Nijerya aras\u0131nda gezgin bir \u00e7ocukluk ge\u00e7iren Jale Kulin, \u00e7ok uluslu ve \u00e7ok okullu bir okul hayat\u0131n\u0131 takiben, i\u00e7 mimari e\u011fitimini The Inchbald School of Design Londra\u2019da tamamlad\u0131&#8230;<\/p>\n<p>[\/vc_column_text][vc_btn title=&#8221;Devam\u0131&#8221; size=&#8221;xs&#8221; align=&#8221;center&#8221; link=&#8221;url:https%3A%2F%2Faura-istanbul.com%2Findex.php%2Fyonetim-kurulu%2Fjale-kulin%2F|||&#8221;][\/vc_column][\/vc_row][vc_row 0=&#8221;&#8221;][vc_column width=&#8221;1\/4&#8243;][vc_single_image image=&#8221;11167&#8243; img_size=&#8221;medium&#8221; onclick=&#8221;custom_link&#8221; css=&#8221;.vc_custom_1689083721445{margin-bottom: -10px !important;}&#8221; link=&#8221;https:\/\/aura-istanbul.com\/index.php\/yonetim-kurulu\/erhan-isozen-2\/&#8221;][vc_column_text]<\/p>\n<h4 style=\"text-align: center;\">Erhan\u00a0\u0130\u015f\u00f6zen<\/h4>\n<p>[\/vc_column_text][vc_column_text css=&#8221;.vc_custom_1494669270471{margin-top: -2px !important;margin-bottom: 5px !important;}&#8221;]<\/p>\n<p style=\"text-align: center;\">Kurucu \u00dcye<\/p>\n<p style=\"text-align: center;\">1980 y\u0131l\u0131nda \u0130stanbul G\u00fczel Sanatlar Akademisi\u2019nden mezun oldu. \u00d6\u011frencili\u011fi ve \u00f6\u011frenim sonras\u0131 \u00fclkenin \u00f6nde gelen mimarlar\u0131 ile \u00e7al\u0131\u015ft\u0131. Bir s\u00fcre \u0130stanbul Devlet G\u00fczel Sanatlar Akademisi \u015eehir B\u00f6lge Planlama ve Restorasyon&#8230;<\/p>\n<p>[\/vc_column_text][vc_btn title=&#8221;Devam\u0131&#8221; size=&#8221;xs&#8221; align=&#8221;center&#8221; link=&#8221;url:https%3A%2F%2Faura-istanbul.com%2Findex.php%2Fyonetim-kurulu%2Ferhan-isozen-2%2F|||&#8221;][\/vc_column][vc_column width=&#8221;1\/4&#8243;][vc_single_image image=&#8221;2240&#8243; img_size=&#8221;medium&#8221; onclick=&#8221;custom_link&#8221; css=&#8221;.vc_custom_1494669363265{margin-bottom: -10px !important;}&#8221; link=&#8221;https:\/\/aura-istanbul.com\/index.php\/yonetim-kurulu\/mehmet-bayrak-2\/&#8221;][vc_column_text]<\/p>\n<h4 style=\"text-align: center;\">Mehmet\u00a0Bayrak<\/h4>\n<p>[\/vc_column_text][vc_column_text css=&#8221;.vc_custom_1494669444905{margin-top: -2px !important;margin-bottom: 5px !important;}&#8221;]<\/p>\n<p style=\"text-align: center;\">Kurucu \u00dcye<\/p>\n<p style=\"text-align: center;\">\u0130stanbul Saint Joseph Lisesi\u2019nin ard\u0131ndan Marmara \u00dcniversitesi \u0130\u015fletme B\u00f6l\u00fcm\u00fc\u2019nden mezun oldu. \u00dcniversite sonras\u0131nda Paris\u2019teki Poitiers France Dess okullar\u0131nda i\u015f y\u00f6netimi y\u00fcksek lisans\u0131n\u0131 tamamlad\u0131. New York, Series 7 Exam&#8230;<\/p>\n<p>[\/vc_column_text][vc_btn title=&#8221;Devam\u0131&#8221; size=&#8221;xs&#8221; align=&#8221;center&#8221; link=&#8221;url:https%3A%2F%2Faura-istanbul.com%2Findex.php%2Fyonetim-kurulu%2Fmehmet-bayrak-2%2F|||&#8221;][\/vc_column][vc_column width=&#8221;1\/4&#8243;][vc_single_image image=&#8221;2243&#8243; img_size=&#8221;medium&#8221; onclick=&#8221;custom_link&#8221; css=&#8221;.vc_custom_1494669508747{margin-bottom: -10px !important;}&#8221; link=&#8221;https:\/\/aura-istanbul.com\/index.php\/yonetim-kurulu\/orcun-horozoglu-2\/&#8221;][vc_column_text]<\/p>\n<h4 style=\"text-align: center;\">Or\u00e7un\u00a0Horozo\u011flu<\/h4>\n<p>[\/vc_column_text][vc_column_text css=&#8221;.vc_custom_1494669528703{margin-top: -2px !important;margin-bottom: 5px !important;}&#8221;]<\/p>\n<p style=\"text-align: center;\">Kurucu \u00dcye<\/p>\n<p style=\"text-align: center;\">1984 tarihinde do\u011fan Or\u00e7un Horozo\u011flu, orta ve lise \u00f6\u011frenimini 1995-2003 y\u0131llar\u0131 aras\u0131nda eski ad\u0131 Kad\u0131k\u00f6y Maarif Koleji olan Kad\u0131k\u00f6y Anadolu Lisesi\u2019nde tamamlam\u0131\u015ft\u0131r. \u0130stanbul \u00dcniversitesi Hukuk Fak\u00fcltesi\u2019nden 2007 y\u0131l\u0131nda&#8230;<\/p>\n<p>[\/vc_column_text][vc_btn title=&#8221;Devam\u0131&#8221; size=&#8221;xs&#8221; align=&#8221;center&#8221; link=&#8221;url:https%3A%2F%2Faura-istanbul.com%2Findex.php%2Fyonetim-kurulu%2Forcun-horozoglu-2%2F|||&#8221;][\/vc_column][vc_column width=&#8221;1\/4&#8243;][vc_single_image image=&#8221;2294&#8243; img_size=&#8221;medium&#8221; onclick=&#8221;custom_link&#8221; css=&#8221;.vc_custom_1559228110044{margin-bottom: -10px !important;}&#8221; link=&#8221;https:\/\/aura-istanbul.com\/index.php\/yonetim-kurulu\/cem-gunubek\/&#8221;][vc_column_text]<\/p>\n<h4 style=\"text-align: center;\">Cem G\u00fcn\u00fcbek<\/h4>\n<p>[\/vc_column_text][vc_column_text css=&#8221;.vc_custom_1565097722802{margin-top: -2px !important;margin-bottom: 5px !important;}&#8221;]<\/p>\n<p style=\"text-align: center;\">Kreatif Dan\u0131\u015fman<\/p>\n<p style=\"text-align: center;\">1983 y\u0131l\u0131nda -\u0130stanbul Devlet G\u00fczel Sanatlar Akademisi- Mimar Sinan \u00dcniversitesi Grafik B\u00f6l\u00fcm\u00fc\u2019nden mezun oldu. 1988-1998 aras\u0131nda kurdu\u011fu ajanslarda kreatif y\u00f6netmen olarak reklam ve tan\u0131t\u0131m hizmeti verdi. 1998\u2019den beri&#8230;<\/p>\n<p>[\/vc_column_text][vc_btn title=&#8221;Devam\u0131&#8221; size=&#8221;xs&#8221; align=&#8221;center&#8221; link=&#8221;url:https%3A%2F%2Faura-istanbul.com%2Findex.php%2Fyonetim-kurulu%2Fcem-gunubek%2F|||&#8221;][\/vc_column][\/vc_row]<\/p>\n<\/div>","protected":false},"excerpt":{"rendered":"<p>[vc_row 0=&#8221;&#8221;][vc_column width=&#8221;1\/4&#8243;][vc_single_image image=&#8221;2236&#8243; img_size=&#8221;medium&#8221; onclick=&#8221;custom_link&#8221; css=&#8221;.vc_custom_1494668047797{margin-bottom: -10px !important;}&#8221; link=&#8221;https:\/\/aura-istanbul.com\/index.php\/yonetim-kurulu\/yilmaz-deger-2\/&#8221;][vc_column_text] Y\u0131lmaz\u00a0De\u011fer [\/vc_column_text][vc_column_text css=&#8221;.vc_custom_1774872383832{margin-top: -2px !important;margin-bottom: 5px !important;}&#8221;] \u00a0Kurucu \u00dcye \/ Y\u00f6netim Kurulu Ba\u015fkan\u0131 1956 y\u0131l\u0131nda \u0130stanbul\u2019da do\u011fdu. 1973 y\u0131l\u0131nda Kabata\u015f [&hellip;]<\/p>\n","protected":false},"author":1,"featured_media":0,"parent":0,"menu_order":0,"comment_status":"closed","ping_status":"closed","template":"","meta":{"_acf_changed":false,"_seopress_robots_primary_cat":"","_seopress_titles_title":"","_seopress_titles_desc":"","_seopress_robots_index":"","_price":"","_stock":"","_tribe_ticket_header":"","_tribe_default_ticket_provider":"","_tribe_ticket_capacity":"0","_ticket_start_date":"","_ticket_end_date":"","_tribe_ticket_show_description":"","_tribe_ticket_show_not_going":false,"_tribe_ticket_use_global_stock":"","_tribe_ticket_global_stock_level":"","_global_stock_mode":"","_global_stock_cap":"","_tribe_rsvp_for_event":"","_tribe_ticket_going_count":"","_tribe_ticket_not_going_count":"","_tribe_tickets_list":"[]","_tribe_ticket_has_attendee_info_fields":false,"_EventAllDay":false,"_EventTimezone":"","_EventStartDate":"","_EventEndDate":"","_EventStartDateUTC":"","_EventEndDateUTC":"","_EventShowMap":false,"_EventShowMapLink":false,"_EventURL":"","_EventCost":"","_EventCostDescription":"","_EventCurrencySymbol":"","_EventCurrencyCode":"","_EventCurrencyPosition":"","_EventDateTimeSeparator":"","_EventTimeRangeSeparator":"","_EventOrganizerID":[],"_EventVenueID":[],"_OrganizerEmail":"","_OrganizerPhone":"","_OrganizerWebsite":"","_VenueAddress":"","_VenueCity":"","_VenueCountry":"","_VenueProvince":"","_VenueState":"","_VenueZip":"","_VenuePhone":"","_VenueURL":"","_VenueStateProvince":"","_VenueLat":"","_VenueLng":"","_VenueShowMap":false,"_VenueShowMapLink":false,"footnotes":"","_tec_slr_enabled":"","_tec_slr_layout":""},"class_list":["post-2365","page","type-page","status-publish","hentry"],"acf":[],"ticketed":false,"_links":{"self":[{"href":"https:\/\/aura-istanbul.com\/index.php\/wp-json\/wp\/v2\/pages\/2365","targetHints":{"allow":["GET"]}}],"collection":[{"href":"https:\/\/aura-istanbul.com\/index.php\/wp-json\/wp\/v2\/pages"}],"about":[{"href":"https:\/\/aura-istanbul.com\/index.php\/wp-json\/wp\/v2\/types\/page"}],"author":[{"embeddable":true,"href":"https:\/\/aura-istanbul.com\/index.php\/wp-json\/wp\/v2\/users\/1"}],"replies":[{"embeddable":true,"href":"https:\/\/aura-istanbul.com\/index.php\/wp-json\/wp\/v2\/comments?post=2365"}],"version-history":[{"count":33,"href":"https:\/\/aura-istanbul.com\/index.php\/wp-json\/wp\/v2\/pages\/2365\/revisions"}],"predecessor-version":[{"id":16354,"href":"https:\/\/aura-istanbul.com\/index.php\/wp-json\/wp\/v2\/pages\/2365\/revisions\/16354"}],"wp:attachment":[{"href":"https:\/\/aura-istanbul.com\/index.php\/wp-json\/wp\/v2\/media?parent=2365"}],"curies":[{"name":"wp","href":"https:\/\/api.w.org\/{rel}","templated":true}]}}