{"id":5351,"date":"2019-05-13T12:18:30","date_gmt":"2019-05-13T09:18:30","guid":{"rendered":"https:\/\/aura-istanbul.com\/?page_id=5351"},"modified":"2020-07-07T20:11:00","modified_gmt":"2020-07-07T17:11:00","slug":"jale-kulin","status":"publish","type":"page","link":"https:\/\/aura-istanbul.com\/index.php\/about\/management\/jale-kulin\/","title":{"rendered":"Jale Kulin"},"content":{"rendered":"<div class=\"wpb-content-wrapper\"><p>[vc_section][vc_row][vc_column width=&#8221;1\/3&#8243;][vc_single_image image=&#8221;2283&#8243; img_size=&#8221;full&#8221;][\/vc_column][vc_column width=&#8221;2\/3&#8243;][vc_column_text css_animation=&#8221;slideInRight&#8221;]<\/p>\n<h5><strong>Jale\u00a0Kulin \/\u00a0<\/strong><em><strong>Inter\u0131or Des\u0131gner &#8211; Found\u0131ng Member<\/strong><\/em><\/h5>\n<p>After a near nomadic childhood spent in Greece, Switzerland, Belgium, Oman, England and Nigeria, following a multi national and multi school education, Jale Kulin completed her interior design degree in The Inchbald School Of Design London. Starting her career as an interior architect in Scarisbrick&amp;Bate company in London, continued with the Department of Interior Architecture she formed within the Chagoury Construction Group in Nigeria. In 1993, she returned to Istanbul to establish her own interior design company.<\/p>\n<p>In her office where she emphasizes a personalized approach, she provides real estate sales designs projects for individual homes, residences, restaurants and hotels along with interior architecture consultancy, Kulin has designed and implemented projects in England, France, Azerbaijan and Cyprus.<\/p>\n<p>She was awarded the &#8220;Cavaliere dell&#8217;Ordine &#8221; Order of Merit for her work for the State of Italy in Istanbul. Kulin, whose\u00a0 design \u201cthe Wrap Couch\u201d was included in the Derin Design Collection does not only create\u00a0 interior\u00a0 designs but also reflects her enthusiasm for life, her thoughts and dreams to jewelery she designs and personally manufactures.[\/vc_column_text][\/vc_column][\/vc_row][\/vc_section]<\/p>\n<\/div>","protected":false},"excerpt":{"rendered":"<p>[vc_section][vc_row][vc_column width=&#8221;1\/3&#8243;][vc_single_image image=&#8221;2283&#8243; img_size=&#8221;full&#8221;][\/vc_column][vc_column width=&#8221;2\/3&#8243;][vc_column_text css_animation=&#8221;slideInRight&#8221;] Jale\u00a0Kulin \/\u00a0Inter\u0131or Des\u0131gner &#8211; Found\u0131ng Member After a near nomadic childhood spent in Greece, Switzerland, Belgium, Oman, England and Nigeria, following a multi national [&hellip;]<\/p>\n","protected":false},"author":5,"featured_media":0,"parent":5336,"menu_order":0,"comment_status":"closed","ping_status":"closed","template":"","meta":{"_acf_changed":false,"_seopress_robots_primary_cat":"","_seopress_titles_title":"","_seopress_titles_desc":"","_seopress_robots_index":"","_price":"","_stock":"","_tribe_ticket_header":"","_tribe_default_ticket_provider":"","_tribe_ticket_capacity":"0","_ticket_start_date":"","_ticket_end_date":"","_tribe_ticket_show_description":"","_tribe_ticket_show_not_going":false,"_tribe_ticket_use_global_stock":"","_tribe_ticket_global_stock_level":"","_global_stock_mode":"","_global_stock_cap":"","_tribe_rsvp_for_event":"","_tribe_ticket_going_count":"","_tribe_ticket_not_going_count":"","_tribe_tickets_list":"[]","_tribe_ticket_has_attendee_info_fields":false,"_EventAllDay":false,"_EventTimezone":"","_EventStartDate":"","_EventEndDate":"","_EventStartDateUTC":"","_EventEndDateUTC":"","_EventShowMap":false,"_EventShowMapLink":false,"_EventURL":"","_EventCost":"","_EventCostDescription":"","_EventCurrencySymbol":"","_EventCurrencyCode":"","_EventCurrencyPosition":"","_EventDateTimeSeparator":"","_EventTimeRangeSeparator":"","_EventOrganizerID":[],"_EventVenueID":[],"_OrganizerEmail":"","_OrganizerPhone":"","_OrganizerWebsite":"","_VenueAddress":"","_VenueCity":"","_VenueCountry":"","_VenueProvince":"","_VenueState":"","_VenueZip":"","_VenuePhone":"","_VenueURL":"","_VenueStateProvince":"","_VenueLat":"","_VenueLng":"","_VenueShowMap":false,"_VenueShowMapLink":false,"footnotes":"","_tec_slr_enabled":"","_tec_slr_layout":""},"class_list":["post-5351","page","type-page","status-publish","hentry"],"acf":[],"ticketed":false,"_links":{"self":[{"href":"https:\/\/aura-istanbul.com\/index.php\/wp-json\/wp\/v2\/pages\/5351","targetHints":{"allow":["GET"]}}],"collection":[{"href":"https:\/\/aura-istanbul.com\/index.php\/wp-json\/wp\/v2\/pages"}],"about":[{"href":"https:\/\/aura-istanbul.com\/index.php\/wp-json\/wp\/v2\/types\/page"}],"author":[{"embeddable":true,"href":"https:\/\/aura-istanbul.com\/index.php\/wp-json\/wp\/v2\/users\/5"}],"replies":[{"embeddable":true,"href":"https:\/\/aura-istanbul.com\/index.php\/wp-json\/wp\/v2\/comments?post=5351"}],"version-history":[{"count":5,"href":"https:\/\/aura-istanbul.com\/index.php\/wp-json\/wp\/v2\/pages\/5351\/revisions"}],"predecessor-version":[{"id":7080,"href":"https:\/\/aura-istanbul.com\/index.php\/wp-json\/wp\/v2\/pages\/5351\/revisions\/7080"}],"up":[{"embeddable":true,"href":"https:\/\/aura-istanbul.com\/index.php\/wp-json\/wp\/v2\/pages\/5336"}],"wp:attachment":[{"href":"https:\/\/aura-istanbul.com\/index.php\/wp-json\/wp\/v2\/media?parent=5351"}],"curies":[{"name":"wp","href":"https:\/\/api.w.org\/{rel}","templated":true}]}}