{"id":5355,"date":"2019-05-13T12:22:38","date_gmt":"2019-05-13T09:22:38","guid":{"rendered":"https:\/\/aura-istanbul.com\/?page_id=5355"},"modified":"2023-07-11T16:59:35","modified_gmt":"2023-07-11T13:59:35","slug":"erhan-isozen","status":"publish","type":"page","link":"https:\/\/aura-istanbul.com\/index.php\/about\/management\/erhan-isozen\/","title":{"rendered":"Erhan \u0130\u015f\u00f6zen"},"content":{"rendered":"<div class=\"wpb-content-wrapper\"><p>[vc_section][vc_row][vc_column width=&#8221;1\/3&#8243;][vc_single_image image=&#8221;11170&#8243; img_size=&#8221;full&#8221;][\/vc_column][vc_column width=&#8221;2\/3&#8243;][vc_column_text css_animation=&#8221;slideInRight&#8221;]<\/p>\n<h5><strong>Erhan\u00a0\u0130\u015f\u00f6zen \/ <em>Arch\u0131tect &#8211; Found\u0131ng Member<\/em><\/strong><\/h5>\n<p>\u0130\u015f\u00f6zen graduated from Istanbul Fine Arts Academy in 1979-1980. During and after his studies, he has worked with the leading architects of the country. He worked as a lecturer at the Istanbul State Academy of Fine Arts and Y\u0131ld\u0131z Technical University, Urban Planning and Restoration Departments. He took place as a board member in non-governmental organizations, and as a consultant in local governments (Istanbul Metropolitan Municipality, Be\u015fikta\u015f and \u015ei\u015fli Municipalities). For 25 years, he has designed and implemented especially urban design, urban renewal, restoration and architectural projects in different regions of Istanbul, in Turkey and abroad.<\/p>\n<p>His public projects includes Ortak\u00f6y Square and Surroundings Urban Design Project, Vi\u015fnezade \u015eairler Park, Be\u015fikta\u015f Fish Market, Ortak\u00f6y Cultural Center, Afife Jale Theater, Besiktas Assembly Building, Besiktas Kartal and U\u011fur Mumcu Monument, Tema Foundation Nature Museum, Ni\u015fanta\u015f\u0131-Te\u015fvikiye Urban Design Project, H\u00fcsrev Gerede Monument in Te\u015fvikiye Square and Cumhuriyet-Halaskargazi \u015ei\u015fli Urban Design Project. Also his private sector projects includes mass housing, religious buildings, business center buildings, cultural center buildings projects and restorations.<\/p>\n<p>Architect Erhan \u0130\u015f\u00f6zen has published works about his projects, including \u00dcsk\u00fcdar, Taksim and Beyaz\u0131t Square, Istanbul City Guide, Yerebatan Palace, Ortak\u00f6y Square, Ni\u015fanta\u015f\u0131-Te\u015fvikiye Urban Design Project, An Apartment in \u015ei\u015fli, Cumhuriyet &#8211; Halaskargazi \u015ei\u015fli Square Urban Design Project, Architect Vedat Tek and H\u00fcsrev Gerede Monument.<\/p>\n<p>He has been a jury member in several competitions on architecture, painting and sculpture \u0130\u015f\u00f6zen is also a Galatasaray Congress Member, \u00c7ek\u00fcl Foundation Advisory Board Member, T.A.\u00c7. (The Foundation for the Conservation of Turkey&#8217;s Monuments, Environment and Tourism Assets) Honorary Member, T.Y.D. (Turkish Tourism Investors Association) Advisory Board Member, Bodrum International D-Marin Classical Music Festival Board Member and Founder Member of the Society for Social History Foundation. He has been nominated twice for Aga Khan Architecture Award.[\/vc_column_text][\/vc_column][\/vc_row][\/vc_section]<\/p>\n<\/div>","protected":false},"excerpt":{"rendered":"<p>[vc_section][vc_row][vc_column width=&#8221;1\/3&#8243;][vc_single_image image=&#8221;11170&#8243; img_size=&#8221;full&#8221;][\/vc_column][vc_column width=&#8221;2\/3&#8243;][vc_column_text css_animation=&#8221;slideInRight&#8221;] Erhan\u00a0\u0130\u015f\u00f6zen \/ Arch\u0131tect &#8211; Found\u0131ng Member \u0130\u015f\u00f6zen graduated from Istanbul Fine Arts Academy in 1979-1980. During and after his studies, he has worked with [&hellip;]<\/p>\n","protected":false},"author":5,"featured_media":0,"parent":5336,"menu_order":0,"comment_status":"closed","ping_status":"closed","template":"","meta":{"_acf_changed":false,"_seopress_robots_primary_cat":"","_seopress_titles_title":"","_seopress_titles_desc":"","_seopress_robots_index":"","_price":"","_stock":"","_tribe_ticket_header":"","_tribe_default_ticket_provider":"","_tribe_ticket_capacity":"0","_ticket_start_date":"","_ticket_end_date":"","_tribe_ticket_show_description":"","_tribe_ticket_show_not_going":false,"_tribe_ticket_use_global_stock":"","_tribe_ticket_global_stock_level":"","_global_stock_mode":"","_global_stock_cap":"","_tribe_rsvp_for_event":"","_tribe_ticket_going_count":"","_tribe_ticket_not_going_count":"","_tribe_tickets_list":"[]","_tribe_ticket_has_attendee_info_fields":false,"_EventAllDay":false,"_EventTimezone":"","_EventStartDate":"","_EventEndDate":"","_EventStartDateUTC":"","_EventEndDateUTC":"","_EventShowMap":false,"_EventShowMapLink":false,"_EventURL":"","_EventCost":"","_EventCostDescription":"","_EventCurrencySymbol":"","_EventCurrencyCode":"","_EventCurrencyPosition":"","_EventDateTimeSeparator":"","_EventTimeRangeSeparator":"","_EventOrganizerID":[],"_EventVenueID":[],"_OrganizerEmail":"","_OrganizerPhone":"","_OrganizerWebsite":"","_VenueAddress":"","_VenueCity":"","_VenueCountry":"","_VenueProvince":"","_VenueState":"","_VenueZip":"","_VenuePhone":"","_VenueURL":"","_VenueStateProvince":"","_VenueLat":"","_VenueLng":"","_VenueShowMap":false,"_VenueShowMapLink":false,"footnotes":"","_tec_slr_enabled":"","_tec_slr_layout":""},"class_list":["post-5355","page","type-page","status-publish","hentry"],"acf":[],"ticketed":false,"_links":{"self":[{"href":"https:\/\/aura-istanbul.com\/index.php\/wp-json\/wp\/v2\/pages\/5355","targetHints":{"allow":["GET"]}}],"collection":[{"href":"https:\/\/aura-istanbul.com\/index.php\/wp-json\/wp\/v2\/pages"}],"about":[{"href":"https:\/\/aura-istanbul.com\/index.php\/wp-json\/wp\/v2\/types\/page"}],"author":[{"embeddable":true,"href":"https:\/\/aura-istanbul.com\/index.php\/wp-json\/wp\/v2\/users\/5"}],"replies":[{"embeddable":true,"href":"https:\/\/aura-istanbul.com\/index.php\/wp-json\/wp\/v2\/comments?post=5355"}],"version-history":[{"count":2,"href":"https:\/\/aura-istanbul.com\/index.php\/wp-json\/wp\/v2\/pages\/5355\/revisions"}],"predecessor-version":[{"id":11172,"href":"https:\/\/aura-istanbul.com\/index.php\/wp-json\/wp\/v2\/pages\/5355\/revisions\/11172"}],"up":[{"embeddable":true,"href":"https:\/\/aura-istanbul.com\/index.php\/wp-json\/wp\/v2\/pages\/5336"}],"wp:attachment":[{"href":"https:\/\/aura-istanbul.com\/index.php\/wp-json\/wp\/v2\/media?parent=5355"}],"curies":[{"name":"wp","href":"https:\/\/api.w.org\/{rel}","templated":true}]}}