{"id":5432,"date":"2019-05-30T17:54:08","date_gmt":"2019-05-30T14:54:08","guid":{"rendered":"https:\/\/aura-istanbul.com\/?page_id=5432"},"modified":"2019-05-30T17:54:08","modified_gmt":"2019-05-30T14:54:08","slug":"cem-gunubek","status":"publish","type":"page","link":"https:\/\/aura-istanbul.com\/index.php\/yonetim-kurulu\/cem-gunubek\/","title":{"rendered":"Cem G\u00fcn\u00fcbek"},"content":{"rendered":"<div class=\"wpb-content-wrapper\"><p>[vc_section][vc_row][vc_column width=&#8221;1\/3&#8243;][vc_single_image image=&#8221;5433&#8243; img_size=&#8221;full&#8221;][\/vc_column][vc_column width=&#8221;2\/3&#8243;][vc_column_text css_animation=&#8221;slideInRight&#8221;]<\/p>\n<h5><strong>Cem G\u00fcn\u00fcbek <em>Grafik Tasar\u0131mc\u0131<\/em><\/strong><em>&#8211; Kreatif Dan\u0131\u015fman<\/em><\/h5>\n<p class=\"p1\">1983 y\u0131l\u0131nda -\u0130stanbul Devlet G\u00fczel Sanatlar Akademisi- Mimar Sinan \u00dcniversitesi Grafik B\u00f6l\u00fcm\u00fc\u2019nden mezun oldu. 1988-1998 aras\u0131nda kurdu\u011fu ajanslarda kreatif y\u00f6netmen olarak reklam ve tan\u0131t\u0131m hizmeti verdi. 1998\u2019den beri freelence olarak \u0130stanbul\u2019da grafik tasar\u0131m \u00e7al\u0131\u015fmalar\u0131n\u0131 s\u00fcrd\u00fcr\u00fcyor. \u00d6zel ilgi alan\u0131 olan kitap ve kitap kapa\u011f\u0131 alan\u0131nda ikiy\u00fcz\u00fc a\u015fk\u0131n \u00fcr\u00fcne imza att\u0131. Halen grafik tasar\u0131mc\u0131, sanat dan\u0131\u015fman\u0131 olarak \u00e7al\u0131\u015fmalar\u0131n\u0131 s\u00fcrd\u00fcrmekte ve Beykent \u00dcniversitesi, Grafik Tasar\u0131m ve G\u00f6rsel \u0130leti\u015fim B\u00f6l\u00fcmleri\u2019nde ders vermektedir.<\/p>\n<p class=\"p1\">\u2022 AURA-\u0130stanbul\u2019da kurulu\u015fundan itibaren Kurumsal Kimlik Dan\u0131\u015fmanl\u0131\u011f\u0131 g\u00f6revini s\u00fcrd\u00fcr\u00fcyor.<br \/>\n\u2022 2018 y\u0131l\u0131nda Stoneline Art Gallery\u2019de \u201cSanat\u0131n Ta\u015f Hali\u201d ki\u015fisel foto\u011fraf sergisini a\u00e7t\u0131.<br \/>\n\u2022 2010 y\u0131l\u0131nda Adobe (Publishing Expert) Yay\u0131nc\u0131l\u0131k Uzman\u0131 Sertifikas\u0131 ald\u0131.<br \/>\n\u2022 Grafik dal\u0131ndaki i\u015fleri GMK (Grafikerler Meslek kurulu\u015fu)1996-97 sergilerinde sergilendi. GMK 1996 y\u0131l\u0131 sergisinde Bro\u015f\u00fcr dal\u0131nda ba\u015far\u0131 \u00d6d\u00fcl\u00fc ald\u0131.<br \/>\n\u2022 1985 y\u0131l\u0131nda foto\u011fraflar\u0131 \u0130FSAK 6. Foto\u011fraf Yar\u0131\u015fmas\u0131 kapsam\u0131nda Yurti\u00e7i ve yurtd\u0131\u015f\u0131nda sergilendi.<br \/>\n\u2022 1984 y\u0131l\u0131nda Milliyet Sanat Dergisi-Abdi \u0130pek\u00e7i Kitap Kapa\u011f\u0131 Yar\u0131\u015fmas\u0131\u2019nda ikincilik \u00f6d\u00fcl\u00fc ald\u0131.<\/p>\n<p>[\/vc_column_text][\/vc_column][\/vc_row][\/vc_section]<\/p>\n<\/div>","protected":false},"excerpt":{"rendered":"<p>[vc_section][vc_row][vc_column width=&#8221;1\/3&#8243;][vc_single_image image=&#8221;5433&#8243; img_size=&#8221;full&#8221;][\/vc_column][vc_column width=&#8221;2\/3&#8243;][vc_column_text css_animation=&#8221;slideInRight&#8221;] Cem G\u00fcn\u00fcbek Grafik Tasar\u0131mc\u0131&#8211; Kreatif Dan\u0131\u015fman 1983 y\u0131l\u0131nda -\u0130stanbul Devlet G\u00fczel Sanatlar Akademisi- Mimar Sinan \u00dcniversitesi Grafik B\u00f6l\u00fcm\u00fc\u2019nden mezun oldu. 1988-1998 aras\u0131nda kurdu\u011fu ajanslarda [&hellip;]<\/p>\n","protected":false},"author":5,"featured_media":0,"parent":2175,"menu_order":0,"comment_status":"closed","ping_status":"closed","template":"","meta":{"_acf_changed":false,"_seopress_robots_primary_cat":"","_seopress_titles_title":"Cem G\u00fcn\u00fcbek | %%sitetitle%%","_seopress_titles_desc":"","_seopress_robots_index":"","_price":"","_stock":"","_tribe_ticket_header":"","_tribe_default_ticket_provider":"","_tribe_ticket_capacity":"0","_ticket_start_date":"","_ticket_end_date":"","_tribe_ticket_show_description":"","_tribe_ticket_show_not_going":false,"_tribe_ticket_use_global_stock":"","_tribe_ticket_global_stock_level":"","_global_stock_mode":"","_global_stock_cap":"","_tribe_rsvp_for_event":"","_tribe_ticket_going_count":"","_tribe_ticket_not_going_count":"","_tribe_tickets_list":"[]","_tribe_ticket_has_attendee_info_fields":false,"_EventAllDay":false,"_EventTimezone":"","_EventStartDate":"","_EventEndDate":"","_EventStartDateUTC":"","_EventEndDateUTC":"","_EventShowMap":false,"_EventShowMapLink":false,"_EventURL":"","_EventCost":"","_EventCostDescription":"","_EventCurrencySymbol":"","_EventCurrencyCode":"","_EventCurrencyPosition":"","_EventDateTimeSeparator":"","_EventTimeRangeSeparator":"","_EventOrganizerID":[],"_EventVenueID":[],"_OrganizerEmail":"","_OrganizerPhone":"","_OrganizerWebsite":"","_VenueAddress":"","_VenueCity":"","_VenueCountry":"","_VenueProvince":"","_VenueState":"","_VenueZip":"","_VenuePhone":"","_VenueURL":"","_VenueStateProvince":"","_VenueLat":"","_VenueLng":"","_VenueShowMap":false,"_VenueShowMapLink":false,"footnotes":"","_tec_slr_enabled":"","_tec_slr_layout":""},"class_list":["post-5432","page","type-page","status-publish","hentry"],"acf":[],"ticketed":false,"_links":{"self":[{"href":"https:\/\/aura-istanbul.com\/index.php\/wp-json\/wp\/v2\/pages\/5432","targetHints":{"allow":["GET"]}}],"collection":[{"href":"https:\/\/aura-istanbul.com\/index.php\/wp-json\/wp\/v2\/pages"}],"about":[{"href":"https:\/\/aura-istanbul.com\/index.php\/wp-json\/wp\/v2\/types\/page"}],"author":[{"embeddable":true,"href":"https:\/\/aura-istanbul.com\/index.php\/wp-json\/wp\/v2\/users\/5"}],"replies":[{"embeddable":true,"href":"https:\/\/aura-istanbul.com\/index.php\/wp-json\/wp\/v2\/comments?post=5432"}],"version-history":[{"count":3,"href":"https:\/\/aura-istanbul.com\/index.php\/wp-json\/wp\/v2\/pages\/5432\/revisions"}],"predecessor-version":[{"id":5437,"href":"https:\/\/aura-istanbul.com\/index.php\/wp-json\/wp\/v2\/pages\/5432\/revisions\/5437"}],"up":[{"embeddable":true,"href":"https:\/\/aura-istanbul.com\/index.php\/wp-json\/wp\/v2\/pages\/2175"}],"wp:attachment":[{"href":"https:\/\/aura-istanbul.com\/index.php\/wp-json\/wp\/v2\/media?parent=5432"}],"curies":[{"name":"wp","href":"https:\/\/api.w.org\/{rel}","templated":true}]}}