{"id":7487,"date":"2020-09-03T13:14:49","date_gmt":"2020-09-03T10:14:49","guid":{"rendered":"https:\/\/aura-istanbul.com\/?page_id=7487"},"modified":"2020-10-02T14:22:40","modified_gmt":"2020-10-02T11:22:40","slug":"aura-alumni-aslihan-gurbuz","status":"publish","type":"page","link":"https:\/\/aura-istanbul.com\/index.php\/aura-alumni-aslihan-gurbuz\/","title":{"rendered":"AURA Alumni: Asl\u0131han G\u00fcrb\u00fcz"},"content":{"rendered":"<div class=\"wpb-content-wrapper\"><p>[vc_section][vc_row][vc_column width=&#8221;1\/6&#8243;][vc_single_image image=&#8221;7733&#8243; img_size=&#8221;large&#8221; alignment=&#8221;center&#8221;][vc_empty_space][vc_column_text]<strong>Asl\u0131han G\u00fcrb\u00fcz<\/strong>[\/vc_column_text][vc_empty_space height=&#8221;16px&#8221;][vc_column_text]Mimar<br \/>\nKadir Has \u00dcniversitesi<\/p>\n<p>Bahar 2020<br \/>\nDan\u0131\u015fman: Cem \u0130lhan &#8211; Devrim \u00c7imen[\/vc_column_text][vc_empty_space][vc_row_inner][vc_column_inner width=&#8221;1\/4&#8243;][vc_icon icon_fontawesome=&#8221;fa fa-envelope-o&#8221; color=&#8221;chino&#8221; size=&#8221;xs&#8221; link=&#8221;url:http%3A%2F%2Faslihanngurbuz%40gmail.com||target:%20_blank|&#8221;][\/vc_column_inner][vc_column_inner width=&#8221;1\/4&#8243;][vc_icon icon_fontawesome=&#8221;fa fa-linkedin&#8221; color=&#8221;chino&#8221; size=&#8221;xs&#8221; link=&#8221;url:https%3A%2F%2Fwww.linkedin.com%2Fin%2Fasl%25C4%25B1-g%25C3%25BCrb%25C3%25BCz%2F||target:%20_blank|&#8221;][\/vc_column_inner][vc_column_inner width=&#8221;1\/4&#8243;][vc_icon icon_fontawesome=&#8221;fa fa-globe&#8221; color=&#8221;chino&#8221; size=&#8221;xs&#8221; link=&#8221;url:https%3A%2F%2Fasligurbuz.com%2F||target:%20_blank|&#8221;][\/vc_column_inner][\/vc_row_inner][\/vc_column][vc_column width=&#8221;2\/3&#8243;][vc_column_text]<\/p>\n<p style=\"text-align: left;\"><strong>Kentin \u0130\u00e7indeki Kentler: Boyutlar Aras\u0131 Mekan Aray\u0131\u015flar\u0131<\/strong><\/p>\n<p>[\/vc_column_text][vc_column_text]Gelecekte olu\u015fabilecek \u015fekillenebilecek kentleri d\u00fc\u015f\u00fcn\u00fcrken ortaya \u00e7\u0131km\u0131\u015f bu \u00e7al\u0131\u015fma insan\u0131n zihnindeki mekanlara odaklanm\u0131\u015f fiziksel olarak var olunan mekan\u0131n zihinde aray\u0131\u015flar\u0131n\u0131 yapm\u0131\u015f ve izlerini aram\u0131\u015ft\u0131r. G\u00fcnl\u00fck hayat\u0131n getirileri, \u00e7\u0131kmazlar\u0131 ile ula\u015f\u0131lmak istenen d\u00fcnya ve uzakla\u015f\u0131lmak istenilen d\u00fcnyan\u0131n aras\u0131ndaki ba\u011f\u0131 insan\u0131n ka\u00e7t\u0131\u011f\u0131 noktalarla ve eylemlerle sorgulamaya \u00e7al\u0131\u015fm\u0131\u015ft\u0131r.\u00d6zellikle ger\u00e7ek, sanal, d\u00fc\u015f, zaman kavramlar\u0131na yo\u011funla\u015f\u0131lm\u0131\u015f \u2018ger\u00e7ekten ka\u00e7\u0131\u015f\u2019 kavram\u0131 \u00fczerinde durulmu\u015ftur. De\u011fi\u015fen d\u00fcnyan\u0131n ger\u00e7ekli\u011fi ile gelecekte olu\u015fabilecek sanal d\u00fcnyalar\u0131n insan zihninin ka\u00e7\u0131\u015flar\u0131 ile ili\u015fkisi aram\u0131\u015ft\u0131r.<\/p>\n<p>Anahtar Kelimeler; bilin\u00e7, d\u00fc\u015f, ger\u00e7ek, ka\u00e7\u0131\u015f, sanal, sonsuz, zihin, yan\u0131lsama[\/vc_column_text][vc_empty_space][vc_gallery interval=&#8221;10&#8243; images=&#8221;7492,7491,7490,7489,7488&#8243; img_size=&#8221;full&#8221;][\/vc_column][vc_column width=&#8221;1\/6&#8243;][vc_single_image image=&#8221;7493&#8243; img_size=&#8221;full&#8221; alignment=&#8221;center&#8221; style=&#8221;vc_box_border&#8221; onclick=&#8221;custom_link&#8221; img_link_target=&#8221;_blank&#8221; link=&#8221;https:\/\/issuu.com\/aura-istanbul\/docs\/aslihan_gurbuz&#8221;][vc_empty_space height=&#8221;16px&#8221;][vc_row_inner][vc_column_inner][vc_column_text]<\/p>\n<ul>\n<li>Projeyi incelemek i\u00e7in <a href=\"https:\/\/issuu.com\/aura-istanbul\/docs\/aslihan_gurbuz\">t\u0131klay\u0131n.<\/a><\/li>\n<\/ul>\n<p>[\/vc_column_text][\/vc_column_inner][\/vc_row_inner][vc_empty_space height=&#8221;16px&#8221;][vc_row_inner][vc_column_inner width=&#8221;2\/3&#8243;][\/vc_column_inner][vc_column_inner width=&#8221;1\/3&#8243;][\/vc_column_inner][\/vc_row_inner][\/vc_column][\/vc_row][\/vc_section]<\/p>\n<\/div>","protected":false},"excerpt":{"rendered":"<p>[vc_section][vc_row][vc_column width=&#8221;1\/6&#8243;][vc_single_image image=&#8221;7733&#8243; img_size=&#8221;large&#8221; alignment=&#8221;center&#8221;][vc_empty_space][vc_column_text]Asl\u0131han G\u00fcrb\u00fcz[\/vc_column_text][vc_empty_space height=&#8221;16px&#8221;][vc_column_text]Mimar Kadir Has \u00dcniversitesi Bahar 2020 Dan\u0131\u015fman: Cem \u0130lhan &#8211; Devrim \u00c7imen[\/vc_column_text][vc_empty_space][vc_row_inner][vc_column_inner width=&#8221;1\/4&#8243;][vc_icon icon_fontawesome=&#8221;fa fa-envelope-o&#8221; color=&#8221;chino&#8221; size=&#8221;xs&#8221; link=&#8221;url:http%3A%2F%2Faslihanngurbuz%40gmail.com||target:%20_blank|&#8221;][\/vc_column_inner][vc_column_inner width=&#8221;1\/4&#8243;][vc_icon icon_fontawesome=&#8221;fa fa-linkedin&#8221; color=&#8221;chino&#8221; size=&#8221;xs&#8221; link=&#8221;url:https%3A%2F%2Fwww.linkedin.com%2Fin%2Fasl%25C4%25B1-g%25C3%25BCrb%25C3%25BCz%2F||target:%20_blank|&#8221;][\/vc_column_inner][vc_column_inner [&hellip;]<\/p>\n","protected":false},"author":7,"featured_media":0,"parent":0,"menu_order":0,"comment_status":"closed","ping_status":"closed","template":"","meta":{"_acf_changed":false,"_seopress_robots_primary_cat":"","_seopress_titles_title":"Kentin \u0130\u00e7indeki Kentler: Boyutlar Aras\u0131 Mekan Aray\u0131\u015flar\u0131, Asl\u0131han G\u00fcrb\u00fcz | %%sitetitle%%","_seopress_titles_desc":"Gelecekte olu\u015fabilecek \u015fekillenebilecek kentleri d\u00fc\u015f\u00fcn\u00fcrken ortaya \u00e7\u0131km\u0131\u015f bu \u00e7al\u0131\u015fma insan\u0131n zihnindeki mekanlara odaklanm\u0131\u015f fiziksel olarak var olunan mekan\u0131n zihinde aray\u0131\u015flar\u0131n\u0131 yapm\u0131\u015f ve izlerini aram\u0131\u015ft\u0131r.","_seopress_robots_index":"","_price":"","_stock":"","_tribe_ticket_header":"","_tribe_default_ticket_provider":"","_tribe_ticket_capacity":"0","_ticket_start_date":"","_ticket_end_date":"","_tribe_ticket_show_description":"","_tribe_ticket_show_not_going":false,"_tribe_ticket_use_global_stock":"","_tribe_ticket_global_stock_level":"","_global_stock_mode":"","_global_stock_cap":"","_tribe_rsvp_for_event":"","_tribe_ticket_going_count":"","_tribe_ticket_not_going_count":"","_tribe_tickets_list":"[]","_tribe_ticket_has_attendee_info_fields":false,"_EventAllDay":false,"_EventTimezone":"","_EventStartDate":"","_EventEndDate":"","_EventStartDateUTC":"","_EventEndDateUTC":"","_EventShowMap":false,"_EventShowMapLink":false,"_EventURL":"","_EventCost":"","_EventCostDescription":"","_EventCurrencySymbol":"","_EventCurrencyCode":"","_EventCurrencyPosition":"","_EventDateTimeSeparator":"","_EventTimeRangeSeparator":"","_EventOrganizerID":[],"_EventVenueID":[],"_OrganizerEmail":"","_OrganizerPhone":"","_OrganizerWebsite":"","_VenueAddress":"","_VenueCity":"","_VenueCountry":"","_VenueProvince":"","_VenueState":"","_VenueZip":"","_VenuePhone":"","_VenueURL":"","_VenueStateProvince":"","_VenueLat":"","_VenueLng":"","_VenueShowMap":false,"_VenueShowMapLink":false,"footnotes":"","_tec_slr_enabled":"","_tec_slr_layout":""},"class_list":["post-7487","page","type-page","status-publish","hentry"],"acf":[],"ticketed":false,"_links":{"self":[{"href":"https:\/\/aura-istanbul.com\/index.php\/wp-json\/wp\/v2\/pages\/7487","targetHints":{"allow":["GET"]}}],"collection":[{"href":"https:\/\/aura-istanbul.com\/index.php\/wp-json\/wp\/v2\/pages"}],"about":[{"href":"https:\/\/aura-istanbul.com\/index.php\/wp-json\/wp\/v2\/types\/page"}],"author":[{"embeddable":true,"href":"https:\/\/aura-istanbul.com\/index.php\/wp-json\/wp\/v2\/users\/7"}],"replies":[{"embeddable":true,"href":"https:\/\/aura-istanbul.com\/index.php\/wp-json\/wp\/v2\/comments?post=7487"}],"version-history":[{"count":6,"href":"https:\/\/aura-istanbul.com\/index.php\/wp-json\/wp\/v2\/pages\/7487\/revisions"}],"predecessor-version":[{"id":7845,"href":"https:\/\/aura-istanbul.com\/index.php\/wp-json\/wp\/v2\/pages\/7487\/revisions\/7845"}],"wp:attachment":[{"href":"https:\/\/aura-istanbul.com\/index.php\/wp-json\/wp\/v2\/media?parent=7487"}],"curies":[{"name":"wp","href":"https:\/\/api.w.org\/{rel}","templated":true}]}}