{"id":7495,"date":"2020-09-03T13:14:56","date_gmt":"2020-09-03T10:14:56","guid":{"rendered":"https:\/\/aura-istanbul.com\/?page_id=7495"},"modified":"2020-09-18T14:42:47","modified_gmt":"2020-09-18T11:42:47","slug":"aura-alumni-berk-kir","status":"publish","type":"page","link":"https:\/\/aura-istanbul.com\/index.php\/aura-alumni-berk-kir\/","title":{"rendered":"AURA Alumni: Berk K\u0131r"},"content":{"rendered":"<div class=\"wpb-content-wrapper\"><p>[vc_section][vc_row][vc_column width=&#8221;1\/6&#8243;][vc_single_image image=&#8221;7734&#8243; img_size=&#8221;large&#8221; alignment=&#8221;center&#8221;][vc_empty_space][vc_column_text]<strong>Berk K\u0131r<\/strong>[\/vc_column_text][vc_empty_space height=&#8221;16px&#8221;][vc_column_text]Sanat Tarih\u00e7isi<br \/>\nMimar Sinan G\u00fczel Sanatlar \u00dcniversitesi<\/p>\n<p>Bahar 2020<br \/>\nDan\u0131\u015fman: Cem \u0130lhan &#8211; Devrim \u00c7imen[\/vc_column_text][vc_empty_space][vc_row_inner][vc_column_inner width=&#8221;1\/4&#8243;][vc_icon icon_fontawesome=&#8221;fa fa-envelope-o&#8221; color=&#8221;chino&#8221; size=&#8221;xs&#8221; link=&#8221;url:http%3A%2F%2Fbahaberk.ig%40gmail.com||target:%20_blank|&#8221;][\/vc_column_inner][vc_column_inner width=&#8221;1\/4&#8243;][vc_icon icon_fontawesome=&#8221;fa fa-linkedin&#8221; color=&#8221;chino&#8221; size=&#8221;xs&#8221; link=&#8221;url:https%3A%2F%2Fwww.linkedin.com%2Fin%2Fcreperzs%2F||target:%20_blank|&#8221;][\/vc_column_inner][vc_column_inner width=&#8221;1\/4&#8243;][vc_icon icon_fontawesome=&#8221;fa fa-behance&#8221; color=&#8221;chino&#8221; size=&#8221;xs&#8221; link=&#8221;url:https%3A%2F%2Fwww.behance.net%2Fberkkir||target:%20_blank|&#8221;][\/vc_column_inner][\/vc_row_inner][\/vc_column][vc_column width=&#8221;2\/3&#8243;][vc_column_text]<\/p>\n<p style=\"text-align: left;\"><strong>Salg\u0131nlar Tarihinde G\u00f6rsel K\u00fclt\u00fcr<\/strong><\/p>\n<p>[\/vc_column_text][vc_column_text]METROTOPYA: Metropolde Alternatif Ya\u015fam\/Mek\u00e2n Tahayy\u00fclleri\u201d ba\u015fl\u0131\u011f\u0131nda vurgulanan tahayy\u00fcl zihinde imgelenen bilin\u00e7li olu\u015fumu \u015fekillendirmek yerine beklenmeyenin, bilin\u00e7siz olan\u0131n etkisi alt\u0131nda ak\u0131\u015fa odaklanan bir tav\u0131rla ele al\u0131narak i\u00e7inde bulundu\u011fumuz pandemi d\u00f6nemini ba\u015flang\u0131\u00e7 noktas\u0131 olarak g\u00f6r\u00fcr. \u0130nsanl\u0131k tarihinde toplumda d\u00f6n\u00fc\u015ft\u00fcr\u00fcc\u00fc k\u0131r\u0131lmalar ya\u015fatan salg\u0131nlar\u0131n d\u0131\u015favurumlar\u0131 incelenerek d\u00f6nem\/salg\u0131n\/medyum analizi ger\u00e7ekle\u015ftirilmi\u015ftir.<\/p>\n<p>Anahtar Kelimeler: salg\u0131n, tahayy\u00fcl, imge, ba\u011f, etkile\u015fim, sanat, medyum, resim<\/p>\n<p>G\u00f6rsel 3: \u00d6l\u00fcm Dans\u0131&#8217;ndan Detay, Notke B., 1463, Aziz Nicholas Kilisesi, Talinn, Estonya<br \/>\nG\u00f6rsel 4: Cehalet=Korku, Sessizlik=\u00d6l\u00fcm, Haring K., 1989, Keith Haring Vakf\u0131<br \/>\nG\u00f6rsel 5: D\u00fcnya \u00dczerinde Koronavir\u00fcs Kurallar\u0131, Zippel E., 2020[\/vc_column_text][vc_empty_space][vc_gallery interval=&#8221;10&#8243; images=&#8221;7504,7505,7506,7507,7508&#8243; img_size=&#8221;full&#8221;][\/vc_column][vc_column width=&#8221;1\/6&#8243;][vc_single_image image=&#8221;7509&#8243; img_size=&#8221;full&#8221; alignment=&#8221;center&#8221; style=&#8221;vc_box_border&#8221; onclick=&#8221;custom_link&#8221; link=&#8221;https:\/\/issuu.com\/aura-istanbul\/docs\/berk_k_r&#8221;][vc_empty_space height=&#8221;16px&#8221;][vc_row_inner][vc_column_inner][vc_column_text]<\/p>\n<ul>\n<li>Projeyi incelemek i\u00e7in<a href=\"https:\/\/issuu.com\/aura-istanbul\/docs\/berk_k_r\"> t\u0131klay\u0131n.<\/a><\/li>\n<li>Projenin web sitesi i\u00e7in <\/li>\n<li>Projeye ait podcasti dinlemek i\u00e7in <a href=\"https:\/\/open.spotify.com\/episode\/0oV08nPvNclcfVNlNIzCN0?si=UkiHJJobTLCJy0lm9MkyTQ\">t\u0131klay\u0131n.<\/a><\/li>\n<\/ul>\n<p>[\/vc_column_text][\/vc_column_inner][\/vc_row_inner][vc_empty_space height=&#8221;16px&#8221;][\/vc_column][\/vc_row][\/vc_section]<\/p>\n<\/div>","protected":false},"excerpt":{"rendered":"<p>[vc_section][vc_row][vc_column width=&#8221;1\/6&#8243;][vc_single_image image=&#8221;7734&#8243; img_size=&#8221;large&#8221; alignment=&#8221;center&#8221;][vc_empty_space][vc_column_text]Berk K\u0131r[\/vc_column_text][vc_empty_space height=&#8221;16px&#8221;][vc_column_text]Sanat Tarih\u00e7isi Mimar Sinan G\u00fczel Sanatlar \u00dcniversitesi Bahar 2020 Dan\u0131\u015fman: Cem \u0130lhan &#8211; Devrim \u00c7imen[\/vc_column_text][vc_empty_space][vc_row_inner][vc_column_inner width=&#8221;1\/4&#8243;][vc_icon icon_fontawesome=&#8221;fa fa-envelope-o&#8221; color=&#8221;chino&#8221; size=&#8221;xs&#8221; link=&#8221;url:http%3A%2F%2Fbahaberk.ig%40gmail.com||target:%20_blank|&#8221;][\/vc_column_inner][vc_column_inner width=&#8221;1\/4&#8243;][vc_icon icon_fontawesome=&#8221;fa fa-linkedin&#8221; [&hellip;]<\/p>\n","protected":false},"author":7,"featured_media":0,"parent":0,"menu_order":0,"comment_status":"closed","ping_status":"closed","template":"","meta":{"_acf_changed":false,"_seopress_robots_primary_cat":"","_seopress_titles_title":"Salg\u0131nlar Tarihinde G\u00f6rsel K\u00fclt\u00fcr, Berk K\u0131r | %%sitetitle%%","_seopress_titles_desc":"METROTOPYA: Metropolde Alternatif Ya\u015fam\/Mek\u00e2n Tahayy\u00fclleri\u201d ba\u015fl\u0131\u011f\u0131nda vurgulanan tahayy\u00fcl zihinde imgelenen bilin\u00e7li olu\u015fumu \u015fekillendirmek yerine beklenmeyenin, bilin\u00e7siz olan\u0131n etkisi alt\u0131nda ak\u0131\u015fa odaklanan bir tav\u0131rla ele al\u0131narak i\u00e7inde bulundu\u011fumuz pandemi d\u00f6nemini ba\u015flang\u0131\u00e7 noktas\u0131 olarak g\u00f6r\u00fcr. \u0130nsanl\u0131k tarihinde toplumda d\u00f6n\u00fc\u015ft\u00fcr\u00fcc\u00fc k\u0131r\u0131lmalar ya\u015fatan salg\u0131nlar\u0131n d\u0131\u015favurumlar\u0131 incelenerek d\u00f6nem\/salg\u0131n\/medyum analizi ger\u00e7ekle\u015ftirilmi\u015ftir.","_seopress_robots_index":"","_price":"","_stock":"","_tribe_ticket_header":"","_tribe_default_ticket_provider":"","_tribe_ticket_capacity":"0","_ticket_start_date":"","_ticket_end_date":"","_tribe_ticket_show_description":"","_tribe_ticket_show_not_going":false,"_tribe_ticket_use_global_stock":"","_tribe_ticket_global_stock_level":"","_global_stock_mode":"","_global_stock_cap":"","_tribe_rsvp_for_event":"","_tribe_ticket_going_count":"","_tribe_ticket_not_going_count":"","_tribe_tickets_list":"[]","_tribe_ticket_has_attendee_info_fields":false,"_EventAllDay":false,"_EventTimezone":"","_EventStartDate":"","_EventEndDate":"","_EventStartDateUTC":"","_EventEndDateUTC":"","_EventShowMap":false,"_EventShowMapLink":false,"_EventURL":"","_EventCost":"","_EventCostDescription":"","_EventCurrencySymbol":"","_EventCurrencyCode":"","_EventCurrencyPosition":"","_EventDateTimeSeparator":"","_EventTimeRangeSeparator":"","_EventOrganizerID":[],"_EventVenueID":[],"_OrganizerEmail":"","_OrganizerPhone":"","_OrganizerWebsite":"","_VenueAddress":"","_VenueCity":"","_VenueCountry":"","_VenueProvince":"","_VenueState":"","_VenueZip":"","_VenuePhone":"","_VenueURL":"","_VenueStateProvince":"","_VenueLat":"","_VenueLng":"","_VenueShowMap":false,"_VenueShowMapLink":false,"footnotes":"","_tec_slr_enabled":"","_tec_slr_layout":""},"class_list":["post-7495","page","type-page","status-publish","hentry"],"acf":[],"ticketed":false,"_links":{"self":[{"href":"https:\/\/aura-istanbul.com\/index.php\/wp-json\/wp\/v2\/pages\/7495","targetHints":{"allow":["GET"]}}],"collection":[{"href":"https:\/\/aura-istanbul.com\/index.php\/wp-json\/wp\/v2\/pages"}],"about":[{"href":"https:\/\/aura-istanbul.com\/index.php\/wp-json\/wp\/v2\/types\/page"}],"author":[{"embeddable":true,"href":"https:\/\/aura-istanbul.com\/index.php\/wp-json\/wp\/v2\/users\/7"}],"replies":[{"embeddable":true,"href":"https:\/\/aura-istanbul.com\/index.php\/wp-json\/wp\/v2\/comments?post=7495"}],"version-history":[{"count":10,"href":"https:\/\/aura-istanbul.com\/index.php\/wp-json\/wp\/v2\/pages\/7495\/revisions"}],"predecessor-version":[{"id":7803,"href":"https:\/\/aura-istanbul.com\/index.php\/wp-json\/wp\/v2\/pages\/7495\/revisions\/7803"}],"wp:attachment":[{"href":"https:\/\/aura-istanbul.com\/index.php\/wp-json\/wp\/v2\/media?parent=7495"}],"curies":[{"name":"wp","href":"https:\/\/api.w.org\/{rel}","templated":true}]}}