{"id":7503,"date":"2020-09-03T13:14:53","date_gmt":"2020-09-03T10:14:53","guid":{"rendered":"https:\/\/aura-istanbul.com\/?page_id=7503"},"modified":"2020-10-05T18:35:50","modified_gmt":"2020-10-05T15:35:50","slug":"aura-alumni-ayse-yesildag","status":"publish","type":"page","link":"https:\/\/aura-istanbul.com\/index.php\/aura-alumni-ayse-yesildag\/","title":{"rendered":"AURA Alumni: Ay\u015fe Ye\u015filda\u011f"},"content":{"rendered":"<div class=\"wpb-content-wrapper\"><p>[vc_section][vc_row][vc_column width=&#8221;1\/6&#8243;][vc_single_image image=&#8221;7255&#8243; img_size=&#8221;large&#8221; alignment=&#8221;center&#8221;][vc_empty_space][vc_column_text]<strong>Ay\u015fe Ye\u015filda\u011f<\/strong>[\/vc_column_text][vc_empty_space height=&#8221;16px&#8221;][vc_column_text]Mimar<br \/>\nY\u0131ld\u0131z Teknik \u00dcniversitesi<\/p>\n<p>Bahar 2020<br \/>\nDan\u0131\u015fman: Cem \u0130lhan &#8211; Devrim \u00c7imen[\/vc_column_text][vc_empty_space][vc_row_inner][vc_column_inner width=&#8221;1\/4&#8243;][vc_icon icon_fontawesome=&#8221;fa fa-envelope-o&#8221; color=&#8221;chino&#8221; size=&#8221;xs&#8221; link=&#8221;url:http%3A%2F%2Fyesildagayse%40gmail.com||target:%20_blank|&#8221;][\/vc_column_inner][vc_column_inner width=&#8221;1\/4&#8243;][vc_icon icon_fontawesome=&#8221;fa fa-linkedin&#8221; color=&#8221;chino&#8221; size=&#8221;xs&#8221; link=&#8221;url:https%3A%2F%2Fwww.linkedin.com%2Fin%2Fyesildagayse%2F||target:%20_blank|&#8221;][\/vc_column_inner][vc_column_inner width=&#8221;1\/4&#8243;][\/vc_column_inner][\/vc_row_inner][\/vc_column][vc_column width=&#8221;2\/3&#8243;][vc_column_text]<\/p>\n<p style=\"text-align: left;\"><strong>K\u00fcresel \u0130konizm: \u0130stanbul \u00dczerinden Bir \u0130nceleme<\/strong><\/p>\n<p>[\/vc_column_text][vc_column_text]Ara\u015ft\u0131rma, k\u00fcresel kent, ikonik mimari ve star mimar kavramlar\u0131n\u0131 oda\u011f\u0131na alarak \u0130stanbul\u2019un bu kavramlarla ili\u015fkisini\/konumunu ortaya koymay\u0131 ama\u00e7lamaktad\u0131r. Ara\u015ft\u0131rma, ikonik mimari ve yirmi birinci y\u00fczy\u0131l ikon yap\u0131lar\u0131 \u00fczerinden de\u011ferlendirme yap\u0131larak geli\u015ftirilmi\u015ftir.<\/p>\n<p>\u0130stanbul\u2019un ikonik mimariyle ili\u015fkisini belirli parametreler \u00fczerinden irdeleyen bu \u00e7al\u0131\u015fmada; \u0130stanbul\u2019un yeni ikon aray\u0131\u015f\u0131n\u0131 ve \u0130stanbul\u2019a yeni ikon \u00fcretmenin gereklili\u011fi k\u00fcresel kentlere ait ikonik mimari \u00f6rnekleri \u00fczerinden tart\u0131\u015f\u0131lmaktad\u0131r.<\/p>\n<p>Anahtar Kelimeler: k\u00fcreselle\u015fme, mimarl\u0131\u011f\u0131n k\u00fcreselle\u015fmesi, kent, k\u00fcresel kent, gawc, ikon, ikonik mimari, star mimar, bilbao etkisi, t\u00fcketim toplumu, t\u00fcketim nesnesi[\/vc_column_text][vc_empty_space][vc_gallery interval=&#8221;10&#8243; images=&#8221;7496,7497,7498,7499,7500&#8243; img_size=&#8221;full&#8221;][\/vc_column][vc_column width=&#8221;1\/6&#8243;][vc_single_image image=&#8221;7501&#8243; img_size=&#8221;full&#8221; alignment=&#8221;center&#8221; style=&#8221;vc_box_border&#8221; onclick=&#8221;custom_link&#8221; img_link_target=&#8221;_blank&#8221; link=&#8221;https:\/\/issuu.com\/aura-istanbul\/docs\/ayse_yesildag&#8221;][vc_empty_space height=&#8221;16px&#8221;][vc_row_inner][vc_column_inner][vc_column_text]<\/p>\n<ul>\n<li>Projeyi incelemek i\u00e7in<a href=\"https:\/\/issuu.com\/aura-istanbul\/docs\/ayse_yesildag\"> t\u0131klay\u0131n.<\/a><\/li>\n<\/ul>\n<p>[\/vc_column_text][\/vc_column_inner][\/vc_row_inner][vc_empty_space height=&#8221;16px&#8221;][vc_row_inner][vc_column_inner width=&#8221;2\/3&#8243;][\/vc_column_inner][vc_column_inner width=&#8221;1\/3&#8243;][\/vc_column_inner][\/vc_row_inner][\/vc_column][\/vc_row][\/vc_section]<\/p>\n<\/div>","protected":false},"excerpt":{"rendered":"<p>[vc_section][vc_row][vc_column width=&#8221;1\/6&#8243;][vc_single_image image=&#8221;7255&#8243; img_size=&#8221;large&#8221; alignment=&#8221;center&#8221;][vc_empty_space][vc_column_text]Ay\u015fe Ye\u015filda\u011f[\/vc_column_text][vc_empty_space height=&#8221;16px&#8221;][vc_column_text]Mimar Y\u0131ld\u0131z Teknik \u00dcniversitesi Bahar 2020 Dan\u0131\u015fman: Cem \u0130lhan &#8211; Devrim \u00c7imen[\/vc_column_text][vc_empty_space][vc_row_inner][vc_column_inner width=&#8221;1\/4&#8243;][vc_icon icon_fontawesome=&#8221;fa fa-envelope-o&#8221; color=&#8221;chino&#8221; size=&#8221;xs&#8221; link=&#8221;url:http%3A%2F%2Fyesildagayse%40gmail.com||target:%20_blank|&#8221;][\/vc_column_inner][vc_column_inner width=&#8221;1\/4&#8243;][vc_icon icon_fontawesome=&#8221;fa fa-linkedin&#8221; color=&#8221;chino&#8221; size=&#8221;xs&#8221; link=&#8221;url:https%3A%2F%2Fwww.linkedin.com%2Fin%2Fyesildagayse%2F||target:%20_blank|&#8221;][\/vc_column_inner][vc_column_inner [&hellip;]<\/p>\n","protected":false},"author":7,"featured_media":0,"parent":0,"menu_order":0,"comment_status":"closed","ping_status":"closed","template":"","meta":{"_acf_changed":false,"_seopress_robots_primary_cat":"","_seopress_titles_title":"K\u00fcresel \u0130konizm: \u0130stanbul \u00dczerinden Bir \u0130nceleme, Ay\u015fe Ye\u015filda\u011f | %%sitetitle%%","_seopress_titles_desc":"Ara\u015ft\u0131rma, k\u00fcresel kent, ikonik mimari ve star mimar kavramlar\u0131n\u0131 oda\u011f\u0131na alarak \u0130stanbul\u2019un bu kavramlarla ili\u015fkisini\/konumunu ortaya koymay\u0131 ama\u00e7lamaktad\u0131r. Ara\u015ft\u0131rma, ikonik mimari ve yirmi birinci y\u00fczy\u0131l ikon yap\u0131lar\u0131 \u00fczerinden de\u011ferlendirme yap\u0131larak geli\u015ftirilmi\u015ftir.","_seopress_robots_index":"","_price":"","_stock":"","_tribe_ticket_header":"","_tribe_default_ticket_provider":"","_tribe_ticket_capacity":"0","_ticket_start_date":"","_ticket_end_date":"","_tribe_ticket_show_description":"","_tribe_ticket_show_not_going":false,"_tribe_ticket_use_global_stock":"","_tribe_ticket_global_stock_level":"","_global_stock_mode":"","_global_stock_cap":"","_tribe_rsvp_for_event":"","_tribe_ticket_going_count":"","_tribe_ticket_not_going_count":"","_tribe_tickets_list":"[]","_tribe_ticket_has_attendee_info_fields":false,"_EventAllDay":false,"_EventTimezone":"","_EventStartDate":"","_EventEndDate":"","_EventStartDateUTC":"","_EventEndDateUTC":"","_EventShowMap":false,"_EventShowMapLink":false,"_EventURL":"","_EventCost":"","_EventCostDescription":"","_EventCurrencySymbol":"","_EventCurrencyCode":"","_EventCurrencyPosition":"","_EventDateTimeSeparator":"","_EventTimeRangeSeparator":"","_EventOrganizerID":[],"_EventVenueID":[],"_OrganizerEmail":"","_OrganizerPhone":"","_OrganizerWebsite":"","_VenueAddress":"","_VenueCity":"","_VenueCountry":"","_VenueProvince":"","_VenueState":"","_VenueZip":"","_VenuePhone":"","_VenueURL":"","_VenueStateProvince":"","_VenueLat":"","_VenueLng":"","_VenueShowMap":false,"_VenueShowMapLink":false,"footnotes":"","_tec_slr_enabled":"","_tec_slr_layout":""},"class_list":["post-7503","page","type-page","status-publish","hentry"],"acf":[],"ticketed":false,"_links":{"self":[{"href":"https:\/\/aura-istanbul.com\/index.php\/wp-json\/wp\/v2\/pages\/7503","targetHints":{"allow":["GET"]}}],"collection":[{"href":"https:\/\/aura-istanbul.com\/index.php\/wp-json\/wp\/v2\/pages"}],"about":[{"href":"https:\/\/aura-istanbul.com\/index.php\/wp-json\/wp\/v2\/types\/page"}],"author":[{"embeddable":true,"href":"https:\/\/aura-istanbul.com\/index.php\/wp-json\/wp\/v2\/users\/7"}],"replies":[{"embeddable":true,"href":"https:\/\/aura-istanbul.com\/index.php\/wp-json\/wp\/v2\/comments?post=7503"}],"version-history":[{"count":4,"href":"https:\/\/aura-istanbul.com\/index.php\/wp-json\/wp\/v2\/pages\/7503\/revisions"}],"predecessor-version":[{"id":7849,"href":"https:\/\/aura-istanbul.com\/index.php\/wp-json\/wp\/v2\/pages\/7503\/revisions\/7849"}],"wp:attachment":[{"href":"https:\/\/aura-istanbul.com\/index.php\/wp-json\/wp\/v2\/media?parent=7503"}],"curies":[{"name":"wp","href":"https:\/\/api.w.org\/{rel}","templated":true}]}}