{"id":7513,"date":"2020-09-03T13:14:59","date_gmt":"2020-09-03T10:14:59","guid":{"rendered":"https:\/\/aura-istanbul.com\/?page_id=7513"},"modified":"2020-09-18T14:43:12","modified_gmt":"2020-09-18T11:43:12","slug":"aura-alumni-can-cosar","status":"publish","type":"page","link":"https:\/\/aura-istanbul.com\/index.php\/aura-alumni-can-cosar\/","title":{"rendered":"AURA Alumni: Can Co\u015far"},"content":{"rendered":"<div class=\"wpb-content-wrapper\"><p>[vc_section][vc_row][vc_column width=&#8221;1\/6&#8243;][vc_single_image image=&#8221;7735&#8243; img_size=&#8221;large&#8221; alignment=&#8221;center&#8221;][vc_empty_space][vc_column_text]<strong>Can Co\u015far<\/strong>[\/vc_column_text][vc_empty_space height=&#8221;16px&#8221;][vc_column_text]Mimar<br \/>\n\u0130stanbul Gedik \u00dcniversitesi<\/p>\n<p>Bahar 2020<br \/>\nDan\u0131\u015fman: Cem \u0130lhan &#8211; Devrim \u00c7imen[\/vc_column_text][vc_empty_space][vc_row_inner][vc_column_inner width=&#8221;1\/4&#8243;][vc_icon icon_fontawesome=&#8221;fa fa-envelope-o&#8221; color=&#8221;chino&#8221; size=&#8221;xs&#8221; link=&#8221;url:http%3A%2F%2Fa.cancosar%40gmail.com||target:%20_blank|&#8221;][\/vc_column_inner][vc_column_inner width=&#8221;1\/4&#8243;][vc_icon icon_fontawesome=&#8221;fa fa-linkedin&#8221; color=&#8221;chino&#8221; size=&#8221;xs&#8221; link=&#8221;url:https%3A%2F%2Fwww.linkedin.com%2Fin%2Fcanco%25C5%259Far%2F||target:%20_blank|&#8221;][\/vc_column_inner][vc_column_inner width=&#8221;1\/4&#8243;][vc_icon icon_fontawesome=&#8221;fa fa-book&#8221; color=&#8221;chino&#8221; size=&#8221;xs&#8221; link=&#8221;url:https%3A%2F%2Fissuu.com%2Fcancosar||target:%20_blank|&#8221;][\/vc_column_inner][\/vc_row_inner][\/vc_column][vc_column width=&#8221;2\/3&#8243;][vc_column_text]<\/p>\n<p style=\"text-align: left;\"><strong>Post Apokaliptik Metropolis \u0130stanbul &#8211; 2136<\/strong><\/p>\n<p>[\/vc_column_text][vc_column_text]Ara\u015ft\u0131rma s\u00fcrecinde, \u0130stanbul\u2019da Fatih, Beyo\u011flu ve \u00dcsk\u00fcdar il\u00e7elerinden olu\u015fan 3 ana kara par\u00e7as\u0131, bu kara par\u00e7alar\u0131n\u0131 birle\u015ftiren Marmara denizi ve Hali\u00e7\u2019in ekoton b\u00f6lge olarak ele al\u0131p, bu b\u00f6lgelerde tarihte geli\u015fen yap\u0131la\u015fma ve dikim s\u00fcreci kronolojik olarak incelenmi\u015ftir, buna ba\u011fl\u0131 paralel olarak ula\u015f\u0131m hareketlili\u011fi analizleri yap\u0131lm\u0131\u015ft\u0131r.<\/p>\n<p>Yap\u0131la\u015fma, ula\u015f\u0131m, dikim, b\u00fcy\u00fck depremlerin yer ald\u0131\u011f\u0131 analizler, \u00e7ap\u0131 250 y\u0131l\u0131 tam tur olan Helezonik Zaman D\u00f6ng\u00fcs\u00fc\u2019nde \u00e7ak\u0131\u015ft\u0131rarak, \u0130stanbul kronolojisi \u00e7\u0131kar\u0131lm\u0131\u015ft\u0131r. Verilerden elde edilen sentezler do\u011frultusunda, gelece\u011fe y\u00f6nelik \u00e7e\u015fitli spek\u00fclatif senaryolar olu\u015fturulmu\u015ftur. Kritik olaylar\u0131n y\u00f6n verdi\u011fi k\u0131r\u0131lma noktalar\u0131 ve onun tetikledi\u011fi alt\u0131 gelecek belirlenmi\u015ftir.<\/p>\n<p>Projenin amac\u0131; yap\u0131la\u015fma ve n\u00fcfusun s\u00fcrekli artmas\u0131n\u0131n yan\u0131 s\u0131ra, be\u015fer\u00ee co\u011frafi m\u00fcdahalenin s\u0131n\u0131rlar\u0131n\u0131 fazlas\u0131yla a\u015fman\u0131n sonu\u00e7lar\u0131 hakk\u0131nda fikir edindirmek ve hatay\u0131 g\u00f6stererek olmas\u0131 gerekene y\u00f6nlendirmektir. Se\u00e7ilen gelecek hikayesinin, g\u00fcn\u00fcm\u00fczden 2136 y\u0131l\u0131na kadar olan s\u00fcrecin, ele\u015ftirel bir senaryo ile \u00e7e\u015fitli kolajlamalar yaparak sesli hik\u00e2ye e\u015fli\u011finde videosu olu\u015fturulmu\u015ftur.<\/p>\n<p>Anahtar Kelimeler: metrotopya, deprem, gelecek, post apokaliptik[\/vc_column_text][vc_empty_space][vc_gallery interval=&#8221;10&#8243; images=&#8221;7514,7515,7723,7517,7722,7724&#8243; img_size=&#8221;full&#8221;][\/vc_column][vc_column width=&#8221;1\/6&#8243;][vc_single_image image=&#8221;7519&#8243; img_size=&#8221;full&#8221; alignment=&#8221;center&#8221; style=&#8221;vc_box_border&#8221;][vc_empty_space height=&#8221;16px&#8221;][vc_row_inner][vc_column_inner][vc_column_text]<\/p>\n<ul>\n<li>Projeyi incelemek i\u00e7in t\u0131klay\u0131n.<\/li>\n<li>Projeye ait videoyu izlemek i\u00e7in <a href=\"https:\/\/www.youtube.com\/watch?v=z7kolFa2xgc\">t\u0131klay\u0131n.<\/a><\/li>\n<\/ul>\n<p>[\/vc_column_text][\/vc_column_inner][\/vc_row_inner][vc_empty_space height=&#8221;16px&#8221;][\/vc_column][\/vc_row][\/vc_section]<\/p>\n<\/div>","protected":false},"excerpt":{"rendered":"<p>[vc_section][vc_row][vc_column width=&#8221;1\/6&#8243;][vc_single_image image=&#8221;7735&#8243; img_size=&#8221;large&#8221; alignment=&#8221;center&#8221;][vc_empty_space][vc_column_text]Can Co\u015far[\/vc_column_text][vc_empty_space height=&#8221;16px&#8221;][vc_column_text]Mimar \u0130stanbul Gedik \u00dcniversitesi Bahar 2020 Dan\u0131\u015fman: Cem \u0130lhan &#8211; Devrim \u00c7imen[\/vc_column_text][vc_empty_space][vc_row_inner][vc_column_inner width=&#8221;1\/4&#8243;][vc_icon icon_fontawesome=&#8221;fa fa-envelope-o&#8221; color=&#8221;chino&#8221; size=&#8221;xs&#8221; link=&#8221;url:http%3A%2F%2Fa.cancosar%40gmail.com||target:%20_blank|&#8221;][\/vc_column_inner][vc_column_inner width=&#8221;1\/4&#8243;][vc_icon icon_fontawesome=&#8221;fa fa-linkedin&#8221; color=&#8221;chino&#8221; size=&#8221;xs&#8221; link=&#8221;url:https%3A%2F%2Fwww.linkedin.com%2Fin%2Fcanco%25C5%259Far%2F||target:%20_blank|&#8221;][\/vc_column_inner][vc_column_inner [&hellip;]<\/p>\n","protected":false},"author":7,"featured_media":0,"parent":0,"menu_order":0,"comment_status":"closed","ping_status":"closed","template":"","meta":{"_acf_changed":false,"_seopress_robots_primary_cat":"","_seopress_titles_title":"Post Apokaliptik Metropolis \u0130stanbul - 2136, Can Co\u015far | %%sitetitle%%","_seopress_titles_desc":"Projenin amac\u0131; yap\u0131la\u015fma ve n\u00fcfusun s\u00fcrekli artmas\u0131n\u0131n yan\u0131 s\u0131ra, be\u015fer\u00ee co\u011frafi m\u00fcdahalenin s\u0131n\u0131rlar\u0131n\u0131 fazlas\u0131yla a\u015fman\u0131n sonu\u00e7lar\u0131 hakk\u0131nda fikir edindirmek ve hatay\u0131 g\u00f6stererek olmas\u0131 gerekene y\u00f6nlendirmektir. Se\u00e7ilen gelecek hikayesinin, g\u00fcn\u00fcm\u00fczden 2136 y\u0131l\u0131na kadar olan s\u00fcrecin, ele\u015ftirel bir senaryo ile \u00e7e\u015fitli kolajlamalar yaparak sesli hik\u00e2ye e\u015fli\u011finde videosu olu\u015fturulmu\u015ftur.","_seopress_robots_index":"","_price":"","_stock":"","_tribe_ticket_header":"","_tribe_default_ticket_provider":"","_tribe_ticket_capacity":"0","_ticket_start_date":"","_ticket_end_date":"","_tribe_ticket_show_description":"","_tribe_ticket_show_not_going":false,"_tribe_ticket_use_global_stock":"","_tribe_ticket_global_stock_level":"","_global_stock_mode":"","_global_stock_cap":"","_tribe_rsvp_for_event":"","_tribe_ticket_going_count":"","_tribe_ticket_not_going_count":"","_tribe_tickets_list":"[]","_tribe_ticket_has_attendee_info_fields":false,"_EventAllDay":false,"_EventTimezone":"","_EventStartDate":"","_EventEndDate":"","_EventStartDateUTC":"","_EventEndDateUTC":"","_EventShowMap":false,"_EventShowMapLink":false,"_EventURL":"","_EventCost":"","_EventCostDescription":"","_EventCurrencySymbol":"","_EventCurrencyCode":"","_EventCurrencyPosition":"","_EventDateTimeSeparator":"","_EventTimeRangeSeparator":"","_EventOrganizerID":[],"_EventVenueID":[],"_OrganizerEmail":"","_OrganizerPhone":"","_OrganizerWebsite":"","_VenueAddress":"","_VenueCity":"","_VenueCountry":"","_VenueProvince":"","_VenueState":"","_VenueZip":"","_VenuePhone":"","_VenueURL":"","_VenueStateProvince":"","_VenueLat":"","_VenueLng":"","_VenueShowMap":false,"_VenueShowMapLink":false,"footnotes":"","_tec_slr_enabled":"","_tec_slr_layout":""},"class_list":["post-7513","page","type-page","status-publish","hentry"],"acf":[],"ticketed":false,"_links":{"self":[{"href":"https:\/\/aura-istanbul.com\/index.php\/wp-json\/wp\/v2\/pages\/7513","targetHints":{"allow":["GET"]}}],"collection":[{"href":"https:\/\/aura-istanbul.com\/index.php\/wp-json\/wp\/v2\/pages"}],"about":[{"href":"https:\/\/aura-istanbul.com\/index.php\/wp-json\/wp\/v2\/types\/page"}],"author":[{"embeddable":true,"href":"https:\/\/aura-istanbul.com\/index.php\/wp-json\/wp\/v2\/users\/7"}],"replies":[{"embeddable":true,"href":"https:\/\/aura-istanbul.com\/index.php\/wp-json\/wp\/v2\/comments?post=7513"}],"version-history":[{"count":6,"href":"https:\/\/aura-istanbul.com\/index.php\/wp-json\/wp\/v2\/pages\/7513\/revisions"}],"predecessor-version":[{"id":7804,"href":"https:\/\/aura-istanbul.com\/index.php\/wp-json\/wp\/v2\/pages\/7513\/revisions\/7804"}],"wp:attachment":[{"href":"https:\/\/aura-istanbul.com\/index.php\/wp-json\/wp\/v2\/media?parent=7513"}],"curies":[{"name":"wp","href":"https:\/\/api.w.org\/{rel}","templated":true}]}}