{"id":7542,"date":"2020-09-03T13:15:11","date_gmt":"2020-09-03T10:15:11","guid":{"rendered":"https:\/\/aura-istanbul.com\/?page_id=7542"},"modified":"2020-09-18T14:45:29","modified_gmt":"2020-09-18T11:45:29","slug":"aura-alumni-esra-demirci","status":"publish","type":"page","link":"https:\/\/aura-istanbul.com\/index.php\/aura-alumni-esra-demirci\/","title":{"rendered":"AURA Alumni: Esra Demirci"},"content":{"rendered":"<div class=\"wpb-content-wrapper\"><p>[vc_section][vc_row][vc_column width=&#8221;1\/6&#8243;][vc_single_image image=&#8221;7262&#8243; img_size=&#8221;large&#8221; alignment=&#8221;center&#8221;][vc_empty_space][vc_column_text]<strong>Esra Demirci<\/strong>[\/vc_column_text][vc_empty_space height=&#8221;16px&#8221;][vc_column_text]Mimar<br \/>\nTrakya \u00dcniversitesi<\/p>\n<p>Bahar 2020<br \/>\nDan\u0131\u015fman: Cem \u0130lhan &#8211; Devrim \u00c7imen[\/vc_column_text][vc_empty_space][vc_row_inner][vc_column_inner width=&#8221;1\/4&#8243;][vc_icon icon_fontawesome=&#8221;fa fa-envelope-o&#8221; color=&#8221;chino&#8221; size=&#8221;xs&#8221; link=&#8221;url:http%3A%2F%2Fdemirciesraa%40outlook.com||target:%20_blank|&#8221;][\/vc_column_inner][vc_column_inner width=&#8221;1\/4&#8243;][vc_icon icon_fontawesome=&#8221;fa fa-linkedin&#8221; color=&#8221;chino&#8221; size=&#8221;xs&#8221; link=&#8221;url:https%3A%2F%2Fwww.linkedin.com%2Fin%2Fesra-demircii%2F||target:%20_blank|&#8221;][\/vc_column_inner][vc_column_inner width=&#8221;1\/4&#8243;][\/vc_column_inner][\/vc_row_inner][\/vc_column][vc_column width=&#8221;2\/3&#8243;][vc_column_text]<\/p>\n<p style=\"text-align: left;\"><strong>Metropolde K\u0131rsal-Kentsel Arakesit: S\u00fcrd\u00fcr\u00fclebilirlik Monografisi<\/strong><\/p>\n<p>[\/vc_column_text][vc_column_text]Bu \u00e7al\u0131\u015fma; kent-k\u0131r yerle\u015fimlerinin de\u011fi\u015fkenli\u011fi \u00fczerinden k\u0131rsal ve kentsel ili\u015fkilerle \u00fcretim pratiklerini anlama ve sorgulama anlay\u0131\u015f\u0131 ile ba\u015flam\u0131\u015ft\u0131r. 6360 say\u0131l\u0131 B\u00fcy\u00fck\u015fehir yasas\u0131 ile birlikte k\u0131rsal ve kentsel alan ayr\u0131m\u0131n\u0131n bulan\u0131kla\u015fmas\u0131, k\u0131rsal\u0131n s\u0131n\u0131r\u0131n\u0131n ve tan\u0131m\u0131n\u0131n da belirsizle\u015fmesi ile \u015fehrin i\u00e7inde k\u0131rsal\u0131n yitip gitmesi g\u00f6zlemlenmi\u015ftir.<\/p>\n<p>Yak\u0131n gelecekte k\u0131r ve k\u0131rsal \u00fcretim kentin beraberinde nas\u0131l yer bulacak, kentler de yo\u011funla\u015fan n\u00fcfus besinini nas\u0131l sa\u011flayacak, \u015fimdiden gelece\u011fe kent ile birlikte k\u0131rsal\u0131n hikayesi ne olacak gibi temel sorular kapsam\u0131nda ara\u015ft\u0131rman\u0131n g\u00fczergah\u0131 \u015fekillendi. Mimari perspektifte topraktan kopu\u015f ve topra\u011fa d\u00f6n\u00fc\u015f e\u015fiklerini k\u0131r-kent ekseninde de\u015fifre edilmesi ve ara kesit kavram\u0131 \u00fczerinden okunabilmesi \u00f6n g\u00f6r\u00fclm\u00fc\u015ft\u00fcr. K\u0131r-kent yerle\u015fimleri \u00fczerinden b\u00f6lgesel analiz ile okumaya \u00e7al\u0131\u015farak metropol s\u0131n\u0131rlar\u0131 i\u00e7inde \u00fcretim-t\u00fcketim d\u00f6ng\u00fcs\u00fc incelenmi\u015ftir.<br \/>\nTarihsel s\u00fcre\u00e7 i\u00e7inde de\u011fi\u015fen k\u0131r-kent dengesi okunarak \u015fimdinin g\u00f6zlem haritas\u0131 olu\u015fturulmu\u015ftur.<\/p>\n<p>Anahtar Kelimeler: k\u0131r &#8211; kent, s\u00fcrd\u00fcr\u00fclebilirlik, k\u0131rsal ya\u015fam, kentle\u015fme, arakesit, toprak, \u00fcretim-t\u00fcketim, d\u00f6n\u00fc\u015f\u00fcm, metropol , a\u015f\u0131r\u0131la\u015fman\u0131n sorgulanmas\u0131 , doz a\u015f\u0131m\u0131[\/vc_column_text][vc_empty_space][vc_gallery interval=&#8221;10&#8243; images=&#8221;7549,7548,7550,7544,7543&#8243; img_size=&#8221;full&#8221;][\/vc_column][vc_column width=&#8221;1\/6&#8243;][vc_single_image image=&#8221;7551&#8243; img_size=&#8221;full&#8221; alignment=&#8221;center&#8221; style=&#8221;vc_box_border&#8221;][vc_empty_space height=&#8221;16px&#8221;][vc_row_inner][vc_column_inner][vc_column_text]<\/p>\n<ul>\n<li>Projeyi incelemek i\u00e7in t\u0131klay\u0131n.<\/li>\n<\/ul>\n<p>[\/vc_column_text][\/vc_column_inner][\/vc_row_inner][vc_empty_space height=&#8221;16px&#8221;][\/vc_column][\/vc_row][\/vc_section]<\/p>\n<\/div>","protected":false},"excerpt":{"rendered":"<p>[vc_section][vc_row][vc_column width=&#8221;1\/6&#8243;][vc_single_image image=&#8221;7262&#8243; img_size=&#8221;large&#8221; alignment=&#8221;center&#8221;][vc_empty_space][vc_column_text]Esra Demirci[\/vc_column_text][vc_empty_space height=&#8221;16px&#8221;][vc_column_text]Mimar Trakya \u00dcniversitesi Bahar 2020 Dan\u0131\u015fman: Cem \u0130lhan &#8211; Devrim \u00c7imen[\/vc_column_text][vc_empty_space][vc_row_inner][vc_column_inner width=&#8221;1\/4&#8243;][vc_icon icon_fontawesome=&#8221;fa fa-envelope-o&#8221; color=&#8221;chino&#8221; size=&#8221;xs&#8221; link=&#8221;url:http%3A%2F%2Fdemirciesraa%40outlook.com||target:%20_blank|&#8221;][\/vc_column_inner][vc_column_inner width=&#8221;1\/4&#8243;][vc_icon icon_fontawesome=&#8221;fa fa-linkedin&#8221; color=&#8221;chino&#8221; size=&#8221;xs&#8221; link=&#8221;url:https%3A%2F%2Fwww.linkedin.com%2Fin%2Fesra-demircii%2F||target:%20_blank|&#8221;][\/vc_column_inner][vc_column_inner width=&#8221;1\/4&#8243;][\/vc_column_inner][\/vc_row_inner][\/vc_column][vc_column [&hellip;]<\/p>\n","protected":false},"author":7,"featured_media":0,"parent":0,"menu_order":0,"comment_status":"closed","ping_status":"closed","template":"","meta":{"_acf_changed":false,"_seopress_robots_primary_cat":"","_seopress_titles_title":"Metropolde K\u0131rsal-Kentsel  Arakesit: S\u00fcrd\u00fcr\u00fclebilirlik Monografisi, Esra Demirci | %%sitetitle%%","_seopress_titles_desc":"Bu \u00e7al\u0131\u015fma; kent-k\u0131r yerle\u015fimlerinin de\u011fi\u015fkenli\u011fi \u00fczerinden k\u0131rsal ve kentsel ili\u015fkilerle \u00fcretim pratiklerini anlama ve sorgulama anlay\u0131\u015f\u0131 ile ba\u015flam\u0131\u015ft\u0131r.6360 say\u0131l\u0131 B\u00fcy\u00fck\u015fehir yasas\u0131 ile birlikte k\u0131rsal ve kentsel alan ayr\u0131m\u0131n\u0131n bulan\u0131kla\u015fmas\u0131, k\u0131rsal\u0131n s\u0131n\u0131r\u0131n\u0131n ve tan\u0131m\u0131n\u0131n da belirsizle\u015fmesi ile \u015fehrin i\u00e7inde k\u0131rsal\u0131n yitip gitmesi g\u00f6zlemlenmi\u015ftir.","_seopress_robots_index":"","_price":"","_stock":"","_tribe_ticket_header":"","_tribe_default_ticket_provider":"","_tribe_ticket_capacity":"0","_ticket_start_date":"","_ticket_end_date":"","_tribe_ticket_show_description":"","_tribe_ticket_show_not_going":false,"_tribe_ticket_use_global_stock":"","_tribe_ticket_global_stock_level":"","_global_stock_mode":"","_global_stock_cap":"","_tribe_rsvp_for_event":"","_tribe_ticket_going_count":"","_tribe_ticket_not_going_count":"","_tribe_tickets_list":"[]","_tribe_ticket_has_attendee_info_fields":false,"_EventAllDay":false,"_EventTimezone":"","_EventStartDate":"","_EventEndDate":"","_EventStartDateUTC":"","_EventEndDateUTC":"","_EventShowMap":false,"_EventShowMapLink":false,"_EventURL":"","_EventCost":"","_EventCostDescription":"","_EventCurrencySymbol":"","_EventCurrencyCode":"","_EventCurrencyPosition":"","_EventDateTimeSeparator":"","_EventTimeRangeSeparator":"","_EventOrganizerID":[],"_EventVenueID":[],"_OrganizerEmail":"","_OrganizerPhone":"","_OrganizerWebsite":"","_VenueAddress":"","_VenueCity":"","_VenueCountry":"","_VenueProvince":"","_VenueState":"","_VenueZip":"","_VenuePhone":"","_VenueURL":"","_VenueStateProvince":"","_VenueLat":"","_VenueLng":"","_VenueShowMap":false,"_VenueShowMapLink":false,"footnotes":"","_tec_slr_enabled":"","_tec_slr_layout":""},"class_list":["post-7542","page","type-page","status-publish","hentry"],"acf":[],"ticketed":false,"_links":{"self":[{"href":"https:\/\/aura-istanbul.com\/index.php\/wp-json\/wp\/v2\/pages\/7542","targetHints":{"allow":["GET"]}}],"collection":[{"href":"https:\/\/aura-istanbul.com\/index.php\/wp-json\/wp\/v2\/pages"}],"about":[{"href":"https:\/\/aura-istanbul.com\/index.php\/wp-json\/wp\/v2\/types\/page"}],"author":[{"embeddable":true,"href":"https:\/\/aura-istanbul.com\/index.php\/wp-json\/wp\/v2\/users\/7"}],"replies":[{"embeddable":true,"href":"https:\/\/aura-istanbul.com\/index.php\/wp-json\/wp\/v2\/comments?post=7542"}],"version-history":[{"count":6,"href":"https:\/\/aura-istanbul.com\/index.php\/wp-json\/wp\/v2\/pages\/7542\/revisions"}],"predecessor-version":[{"id":7808,"href":"https:\/\/aura-istanbul.com\/index.php\/wp-json\/wp\/v2\/pages\/7542\/revisions\/7808"}],"wp:attachment":[{"href":"https:\/\/aura-istanbul.com\/index.php\/wp-json\/wp\/v2\/media?parent=7542"}],"curies":[{"name":"wp","href":"https:\/\/api.w.org\/{rel}","templated":true}]}}