{"id":7568,"date":"2020-09-03T13:15:13","date_gmt":"2020-09-03T10:15:13","guid":{"rendered":"https:\/\/aura-istanbul.com\/?page_id=7568"},"modified":"2020-10-02T14:23:29","modified_gmt":"2020-10-02T11:23:29","slug":"aura-alumni-fatma-kucuk","status":"publish","type":"page","link":"https:\/\/aura-istanbul.com\/index.php\/aura-alumni-fatma-kucuk\/","title":{"rendered":"AURA Alumni: Fatma K\u00fc\u00e7\u00fck"},"content":{"rendered":"<div class=\"wpb-content-wrapper\"><p>[vc_section][vc_row][vc_column width=&#8221;1\/6&#8243;][vc_single_image image=&#8221;7263&#8243; img_size=&#8221;large&#8221; alignment=&#8221;center&#8221;][vc_empty_space][vc_column_text]<strong>Fatma K\u00fc\u00e7\u00fck<\/strong>[\/vc_column_text][vc_empty_space height=&#8221;16px&#8221;][vc_column_text]Mimar<br \/>\nUluda\u011f \u00dcniversitesi<\/p>\n<p>Bahar 2020<br \/>\nDan\u0131\u015fman: Cem \u0130lhan &#8211; Devrim \u00c7imen[\/vc_column_text][vc_empty_space][vc_row_inner][vc_column_inner width=&#8221;1\/4&#8243;][vc_icon icon_fontawesome=&#8221;fa fa-envelope-o&#8221; color=&#8221;chino&#8221; size=&#8221;xs&#8221; link=&#8221;url:http%3A%2F%2Fkucuk.ftm%40gmail.com||target:%20_blank|&#8221;][\/vc_column_inner][vc_column_inner width=&#8221;1\/4&#8243;][vc_icon icon_fontawesome=&#8221;fa fa-linkedin&#8221; color=&#8221;chino&#8221; size=&#8221;xs&#8221; link=&#8221;url:https%3A%2F%2Fwww.linkedin.com%2Fin%2Ffatma-k%25C3%25BC%25C3%25A7%25C3%25BCk-276040192%2F||target:%20_blank|&#8221;][\/vc_column_inner][vc_column_inner width=&#8221;1\/4&#8243;][\/vc_column_inner][\/vc_row_inner][\/vc_column][vc_column width=&#8221;2\/3&#8243;][vc_column_text]<\/p>\n<p style=\"text-align: left;\"><strong>Post &#8211; Pandemi Kentle\u015fme Pratikleri: Mekansal \/ Sosyal Yans\u0131malar<\/strong><\/p>\n<p>[\/vc_column_text][vc_column_text]Bu ara\u015ft\u0131rmada; \u2018\u2019Salg\u0131nlar\u0131n kentlere ve kentle\u015fmeye etkileri nelerdir?\u2019\u2019, \u2018\u2019Cov-19 sonras\u0131, kullan\u0131c\u0131 davran\u0131\u015flar\u0131 ve mekan kullan\u0131m senaryolar\u0131 ne y\u00f6ne evrilecek?\u2019\u2019, \u2018\u2019Pandemi s\u00fcreci kentsel mekan pratiklerini nas\u0131l etkileyecek?\u2019\u2019, \u2018\u2019Cov-19 s\u00fcrecinde iktidar\u0131n \u2018kapatma\u2019, \u2018yasak koyma\u2019, \u2018g\u00f6zetleme\u2019 durum yakla\u015f\u0131mlar\u0131, kentsel mekanlar\u0131 nas\u0131l \u015fekillendirecek?\u2019\u2019 gibi sorular y\u00f6neltilerek COVID-19 pandemisinin kentlere olan etkisi tart\u0131\u015f\u0131lmaktad\u0131r.<\/p>\n<p>Kapsam; \u00c7atalh\u00f6y\u00fck\u2019ten Kad\u0131k\u00f6y\u2019e; Orta\u00e7a\u011f\u2019dan G\u00fcn\u00fcm\u00fcze; Veba\u2019dan Cov-19\u2019a kadar s\u00fcre gelmekte olan pandemi ve kentsel mekan tart\u0131\u015fmas\u0131yla farkl\u0131 perspektiflerden ele al\u0131narak olu\u015fturulmaktad\u0131r. Anlat\u0131da; ilk olarak kentle\u015fme kavram\u0131 tart\u0131\u015f\u0131larak pandemi kavram\u0131 a\u00e7\u0131lmakta; Orta\u00e7a\u011f kentlerinde salg\u0131nlar\u0131n sebebi olarak d\u00fc\u015f\u00fcn\u00fclen hijyen olgusuna de\u011finilmektedir. Bunun yan\u0131 s\u0131ra pandemi kavram\u0131; panoptikon, kapatma, g\u00f6zetim, denetim gibi kavramlarla ili\u015fkilendirilerek \u2018biyoiktidar ve pandemi\u2019 tart\u0131\u015fmaya a\u00e7\u0131lmaktad\u0131r. Pandemi halindeki Cov-19 s\u00fcreci ile bu tart\u0131\u015fma g\u00fcn\u00fcm\u00fcze ta\u015f\u0131nmakta ve kentsel mekan pratikleri tekrar sorgulanmaktad\u0131r.<\/p>\n<p>Anahtar Kelimeler: pandemi, kentle\u015fme, hijyen, biyoiktidar, g\u00f6zetim, yok-mekan, dijital aray\u00fcz[\/vc_column_text][vc_empty_space][vc_gallery interval=&#8221;10&#8243; images=&#8221;7562,7563,7564,7565,7566&#8243; img_size=&#8221;full&#8221;][\/vc_column][vc_column width=&#8221;1\/6&#8243;][vc_single_image image=&#8221;7561&#8243; img_size=&#8221;full&#8221; alignment=&#8221;center&#8221; style=&#8221;vc_box_border&#8221; onclick=&#8221;custom_link&#8221; img_link_target=&#8221;_blank&#8221; link=&#8221;https:\/\/issuu.com\/aura-istanbul\/docs\/fatma_kucuk&#8221;][vc_empty_space height=&#8221;16px&#8221;][vc_row_inner][vc_column_inner][vc_column_text]<\/p>\n<ul>\n<li>Projeyi incelemek i\u00e7in <a href=\"https:\/\/issuu.com\/aura-istanbul\/docs\/fatma_kucuk\">t\u0131klay\u0131n.<\/a><\/li>\n<\/ul>\n<p>[\/vc_column_text][\/vc_column_inner][\/vc_row_inner][vc_empty_space height=&#8221;16px&#8221;][\/vc_column][\/vc_row][\/vc_section]<\/p>\n<\/div>","protected":false},"excerpt":{"rendered":"<p>[vc_section][vc_row][vc_column width=&#8221;1\/6&#8243;][vc_single_image image=&#8221;7263&#8243; img_size=&#8221;large&#8221; alignment=&#8221;center&#8221;][vc_empty_space][vc_column_text]Fatma K\u00fc\u00e7\u00fck[\/vc_column_text][vc_empty_space height=&#8221;16px&#8221;][vc_column_text]Mimar Uluda\u011f \u00dcniversitesi Bahar 2020 Dan\u0131\u015fman: Cem \u0130lhan &#8211; Devrim \u00c7imen[\/vc_column_text][vc_empty_space][vc_row_inner][vc_column_inner width=&#8221;1\/4&#8243;][vc_icon icon_fontawesome=&#8221;fa fa-envelope-o&#8221; color=&#8221;chino&#8221; size=&#8221;xs&#8221; link=&#8221;url:http%3A%2F%2Fkucuk.ftm%40gmail.com||target:%20_blank|&#8221;][\/vc_column_inner][vc_column_inner width=&#8221;1\/4&#8243;][vc_icon icon_fontawesome=&#8221;fa fa-linkedin&#8221; color=&#8221;chino&#8221; size=&#8221;xs&#8221; link=&#8221;url:https%3A%2F%2Fwww.linkedin.com%2Fin%2Ffatma-k%25C3%25BC%25C3%25A7%25C3%25BCk-276040192%2F||target:%20_blank|&#8221;][\/vc_column_inner][vc_column_inner width=&#8221;1\/4&#8243;][\/vc_column_inner][\/vc_row_inner][\/vc_column][vc_column [&hellip;]<\/p>\n","protected":false},"author":7,"featured_media":0,"parent":0,"menu_order":0,"comment_status":"closed","ping_status":"closed","template":"","meta":{"_acf_changed":false,"_seopress_robots_primary_cat":"","_seopress_titles_title":"Post - Pandemi Kentle\u015fme Pratikleri: Mekansal \/ Sosyal Yans\u0131malar, Fatma K\u00fc\u00e7\u00fck | %%sitetitle%%","_seopress_titles_desc":"Bu ara\u015ft\u0131rmada; \u2018\u2019Salg\u0131nlar\u0131n kentlere ve kentle\u015fmeye etkileri nelerdir?\u2019\u2019, \u2018\u2019Cov-19 sonras\u0131, kullan\u0131c\u0131 davran\u0131\u015flar\u0131 ve mekan kullan\u0131m senaryolar\u0131 ne y\u00f6ne evrilecek?\u2019\u2019, \u2018\u2019Pandemi s\u00fcreci kentsel mekan pratiklerini nas\u0131l etkileyecek?\u2019\u2019, \u2018\u2019Cov-19 s\u00fcrecinde iktidar\u0131n \u2018kapatma\u2019, \u2018yasak koyma\u2019, \u2018g\u00f6zetleme\u2019 durum yakla\u015f\u0131mlar\u0131, kentsel mekanlar\u0131 nas\u0131l \u015fekillendirecek?\u2019\u2019 gibi sorular y\u00f6neltilerek COVID-19 pandemisinin kentlere olan etkisi tart\u0131\u015f\u0131lmaktad\u0131r.","_seopress_robots_index":"","_price":"","_stock":"","_tribe_ticket_header":"","_tribe_default_ticket_provider":"","_tribe_ticket_capacity":"0","_ticket_start_date":"","_ticket_end_date":"","_tribe_ticket_show_description":"","_tribe_ticket_show_not_going":false,"_tribe_ticket_use_global_stock":"","_tribe_ticket_global_stock_level":"","_global_stock_mode":"","_global_stock_cap":"","_tribe_rsvp_for_event":"","_tribe_ticket_going_count":"","_tribe_ticket_not_going_count":"","_tribe_tickets_list":"[]","_tribe_ticket_has_attendee_info_fields":false,"_EventAllDay":false,"_EventTimezone":"","_EventStartDate":"","_EventEndDate":"","_EventStartDateUTC":"","_EventEndDateUTC":"","_EventShowMap":false,"_EventShowMapLink":false,"_EventURL":"","_EventCost":"","_EventCostDescription":"","_EventCurrencySymbol":"","_EventCurrencyCode":"","_EventCurrencyPosition":"","_EventDateTimeSeparator":"","_EventTimeRangeSeparator":"","_EventOrganizerID":[],"_EventVenueID":[],"_OrganizerEmail":"","_OrganizerPhone":"","_OrganizerWebsite":"","_VenueAddress":"","_VenueCity":"","_VenueCountry":"","_VenueProvince":"","_VenueState":"","_VenueZip":"","_VenuePhone":"","_VenueURL":"","_VenueStateProvince":"","_VenueLat":"","_VenueLng":"","_VenueShowMap":false,"_VenueShowMapLink":false,"footnotes":"","_tec_slr_enabled":"","_tec_slr_layout":""},"class_list":["post-7568","page","type-page","status-publish","hentry"],"acf":[],"ticketed":false,"_links":{"self":[{"href":"https:\/\/aura-istanbul.com\/index.php\/wp-json\/wp\/v2\/pages\/7568","targetHints":{"allow":["GET"]}}],"collection":[{"href":"https:\/\/aura-istanbul.com\/index.php\/wp-json\/wp\/v2\/pages"}],"about":[{"href":"https:\/\/aura-istanbul.com\/index.php\/wp-json\/wp\/v2\/types\/page"}],"author":[{"embeddable":true,"href":"https:\/\/aura-istanbul.com\/index.php\/wp-json\/wp\/v2\/users\/7"}],"replies":[{"embeddable":true,"href":"https:\/\/aura-istanbul.com\/index.php\/wp-json\/wp\/v2\/comments?post=7568"}],"version-history":[{"count":5,"href":"https:\/\/aura-istanbul.com\/index.php\/wp-json\/wp\/v2\/pages\/7568\/revisions"}],"predecessor-version":[{"id":7846,"href":"https:\/\/aura-istanbul.com\/index.php\/wp-json\/wp\/v2\/pages\/7568\/revisions\/7846"}],"wp:attachment":[{"href":"https:\/\/aura-istanbul.com\/index.php\/wp-json\/wp\/v2\/media?parent=7568"}],"curies":[{"name":"wp","href":"https:\/\/api.w.org\/{rel}","templated":true}]}}