{"id":7578,"date":"2020-09-03T13:15:24","date_gmt":"2020-09-03T10:15:24","guid":{"rendered":"https:\/\/aura-istanbul.com\/?page_id=7578"},"modified":"2020-09-18T14:47:38","modified_gmt":"2020-09-18T11:47:38","slug":"aura-alumni-rana-hatun-duran","status":"publish","type":"page","link":"https:\/\/aura-istanbul.com\/index.php\/aura-alumni-rana-hatun-duran\/","title":{"rendered":"AURA Alumni: Rana Hatun Duran"},"content":{"rendered":"<div class=\"wpb-content-wrapper\"><p>[vc_section][vc_row][vc_column width=&#8221;1\/6&#8243;][vc_single_image image=&#8221;7738&#8243; img_size=&#8221;large&#8221; alignment=&#8221;center&#8221;][vc_empty_space][vc_column_text]<strong>Rana Hatun Duran<\/strong>[\/vc_column_text][vc_empty_space height=&#8221;16px&#8221;][vc_column_text]\u0130\u00e7 Mimar<br \/>\n\u0130stanbul Teknik \u00dcniversitesi<\/p>\n<p>Bahar 2020<br \/>\nDan\u0131\u015fman: Cem \u0130lhan &#8211; Devrim \u00c7imen[\/vc_column_text][vc_empty_space][vc_row_inner][vc_column_inner width=&#8221;1\/4&#8243;][vc_icon icon_fontawesome=&#8221;fa fa-envelope-o&#8221; color=&#8221;chino&#8221; size=&#8221;xs&#8221; link=&#8221;url:http%3A%2F%2Franaduran.1602%40gmail.com||target:%20_blank|&#8221;][\/vc_column_inner][vc_column_inner width=&#8221;1\/4&#8243;][vc_icon icon_fontawesome=&#8221;fa fa-linkedin&#8221; color=&#8221;chino&#8221; size=&#8221;xs&#8221; link=&#8221;url:http%3A%2F%2Flinkedin.com%2Fin%2Frana-hatun-duran-20916016a||target:%20_blank|&#8221;][\/vc_column_inner][vc_column_inner width=&#8221;1\/4&#8243;][\/vc_column_inner][vc_column_inner width=&#8221;1\/4&#8243;][\/vc_column_inner][\/vc_row_inner][\/vc_column][vc_column width=&#8221;2\/3&#8243;][vc_column_text]<\/p>\n<p style=\"text-align: left;\"><strong>Yeni Mekan Kavramlar\u0131n\u0131n \u0130stanbul Mekanlar\u0131nda Tart\u0131\u015f\u0131lmas\u0131<\/strong><\/p>\n<p>[\/vc_column_text][vc_column_text]Bu \u00e7al\u0131\u015fma, iki ana odak nokta \u00fczerinden yap\u0131lan ara\u015ft\u0131rmalar ve g\u00f6zlemler ile yeni bir mek\u00e2n tahayy\u00fcl\u00fc olu\u015fturmaya \u00e7al\u0131\u015f\u0131lan s\u00fcreci i\u015flemektedir. \u201c\u0130stanbul\u2019un kamusal olma potansiyeli ta\u015f\u0131yan alanlar\u0131 nas\u0131l de\u011ferlendirilebilir?\u201d sorusu ile ba\u015flayan s\u00fcre\u00e7, etkile\u015fimli tasar\u0131m anlay\u0131\u015f\u0131n\u0131n bu mek\u00e2nlardaki yans\u0131mas\u0131n\u0131 anlamak \u00fczere geni\u015flemi\u015ftir.<\/p>\n<p>Mek\u00e2n alg\u0131s\u0131 \u00fczerinden ba\u015flayan ara\u015ft\u0131rma fiziksel, sanal ve siber mek\u00e2n kavramlar\u0131n\u0131 inceleyerek bunlar\u0131n kesi\u015fimlerine ve farkl\u0131l\u0131klar\u0131na odaklan\u0131r. Bilgisayar teknolojisinin geli\u015fmesi zihinlerde sanal mekansall\u0131klar\u0131n olu\u015fmas\u0131na olanak vermi\u015ftir. \u0130\u00e7inde bulundu\u011fumuz fiziksel ortam\u0131n alg\u0131s\u0131n\u0131n ve ele al\u0131n\u0131\u015f \u015feklinin de\u011fi\u015fmesiyle de yeni mek\u00e2n kavramlar\u0131 ortaya \u00e7\u0131km\u0131\u015ft\u0131r. Etkile\u015fimli mek\u00e2n bu kavramlardan biri olup ara\u015ft\u0131rma s\u00fcresince odaklan\u0131lan ba\u015fl\u0131klardan biridir.<\/p>\n<p>T\u00fcm bu ara\u015ft\u0131rma s\u00fcrecinin yans\u0131mas\u0131, tasar\u0131mc\u0131 olarak Peruk\u00e2r \u00c7\u0131kmaz\u0131 ve Odakule Pasaj\u0131 \u00fczerinde deneyimlenmeye \u00e7al\u0131\u015f\u0131lm\u0131\u015ft\u0131r. Alana eklemlenebilecek elemanlar ile yeni bir mek\u00e2n organizasyonu kurmak ama\u00e7lanm\u0131\u015ft\u0131r. \u00c7al\u0131\u015fma, mevcut k\u00fctle ve objelerin yeniden konumland\u0131r\u0131lmas\u0131 ve yeni perspektifler olu\u015fturulmaya \u00e7al\u0131\u015f\u0131lmas\u0131yla sonland\u0131r\u0131lm\u0131\u015ft\u0131r.<\/p>\n<p>Anahtar Kelimeler: mekan, sanall\u0131k, fiziksel mekan, siber mekan, etkile\u015fim, mekan alg\u0131s\u0131, de\u011fi\u015fim, ak\u0131\u015fkanl\u0131k[\/vc_column_text][vc_empty_space][vc_gallery interval=&#8221;10&#8243; images=&#8221;7579,7580,7581,7582,7583&#8243; img_size=&#8221;full&#8221;][\/vc_column][vc_column width=&#8221;1\/6&#8243;][vc_single_image image=&#8221;7584&#8243; img_size=&#8221;full&#8221; alignment=&#8221;center&#8221; style=&#8221;vc_box_border&#8221; onclick=&#8221;custom_link&#8221; link=&#8221;https:\/\/issuu.com\/aura-istanbul\/docs\/rana_hatun_duran&#8221;][vc_empty_space height=&#8221;16px&#8221;][vc_row_inner][vc_column_inner][vc_column_text]<\/p>\n<ul>\n<li>Projeyi incelemek i\u00e7in <a href=\"https:\/\/issuu.com\/aura-istanbul\/docs\/rana_hatun_duran\">t\u0131klay\u0131n.<\/a><\/li>\n<\/ul>\n<p>[\/vc_column_text][\/vc_column_inner][\/vc_row_inner][vc_empty_space height=&#8221;16px&#8221;][\/vc_column][\/vc_row][\/vc_section]<\/p>\n<\/div>","protected":false},"excerpt":{"rendered":"<p>[vc_section][vc_row][vc_column width=&#8221;1\/6&#8243;][vc_single_image image=&#8221;7738&#8243; img_size=&#8221;large&#8221; alignment=&#8221;center&#8221;][vc_empty_space][vc_column_text]Rana Hatun Duran[\/vc_column_text][vc_empty_space height=&#8221;16px&#8221;][vc_column_text]\u0130\u00e7 Mimar \u0130stanbul Teknik \u00dcniversitesi Bahar 2020 Dan\u0131\u015fman: Cem \u0130lhan &#8211; Devrim \u00c7imen[\/vc_column_text][vc_empty_space][vc_row_inner][vc_column_inner width=&#8221;1\/4&#8243;][vc_icon icon_fontawesome=&#8221;fa fa-envelope-o&#8221; color=&#8221;chino&#8221; size=&#8221;xs&#8221; link=&#8221;url:http%3A%2F%2Franaduran.1602%40gmail.com||target:%20_blank|&#8221;][\/vc_column_inner][vc_column_inner width=&#8221;1\/4&#8243;][vc_icon icon_fontawesome=&#8221;fa fa-linkedin&#8221; color=&#8221;chino&#8221; [&hellip;]<\/p>\n","protected":false},"author":7,"featured_media":0,"parent":0,"menu_order":0,"comment_status":"closed","ping_status":"closed","template":"","meta":{"_acf_changed":false,"_seopress_robots_primary_cat":"","_seopress_titles_title":"Yeni Mekan Kavramlar\u0131n\u0131n \u0130stanbul Mekanlar\u0131nda Tart\u0131\u015f\u0131lmas\u0131, Rana Hatun Duran | %%sitetitle%%","_seopress_titles_desc":"Bu \u00e7al\u0131\u015fma, iki ana odak nokta \u00fczerinden yap\u0131lan ara\u015ft\u0131rmalar ve g\u00f6zlemler ile yeni bir mek\u00e2n tahayy\u00fcl\u00fc olu\u015fturmaya \u00e7al\u0131\u015f\u0131lan s\u00fcreci i\u015flemektedir. \u201c\u0130stanbul\u2019un kamusal olma potansiyeli ta\u015f\u0131yan alanlar\u0131 nas\u0131l de\u011ferlendirilebilir?\u201d sorusu ile ba\u015flayan s\u00fcre\u00e7, etkile\u015fimli tasar\u0131m anlay\u0131\u015f\u0131n\u0131n bu mek\u00e2nlardaki yans\u0131mas\u0131n\u0131 anlamak \u00fczere geni\u015flemi\u015ftir.","_seopress_robots_index":"","_price":"","_stock":"","_tribe_ticket_header":"","_tribe_default_ticket_provider":"","_tribe_ticket_capacity":"0","_ticket_start_date":"","_ticket_end_date":"","_tribe_ticket_show_description":"","_tribe_ticket_show_not_going":false,"_tribe_ticket_use_global_stock":"","_tribe_ticket_global_stock_level":"","_global_stock_mode":"","_global_stock_cap":"","_tribe_rsvp_for_event":"","_tribe_ticket_going_count":"","_tribe_ticket_not_going_count":"","_tribe_tickets_list":"[]","_tribe_ticket_has_attendee_info_fields":false,"_EventAllDay":false,"_EventTimezone":"","_EventStartDate":"","_EventEndDate":"","_EventStartDateUTC":"","_EventEndDateUTC":"","_EventShowMap":false,"_EventShowMapLink":false,"_EventURL":"","_EventCost":"","_EventCostDescription":"","_EventCurrencySymbol":"","_EventCurrencyCode":"","_EventCurrencyPosition":"","_EventDateTimeSeparator":"","_EventTimeRangeSeparator":"","_EventOrganizerID":[],"_EventVenueID":[],"_OrganizerEmail":"","_OrganizerPhone":"","_OrganizerWebsite":"","_VenueAddress":"","_VenueCity":"","_VenueCountry":"","_VenueProvince":"","_VenueState":"","_VenueZip":"","_VenuePhone":"","_VenueURL":"","_VenueStateProvince":"","_VenueLat":"","_VenueLng":"","_VenueShowMap":false,"_VenueShowMapLink":false,"footnotes":"","_tec_slr_enabled":"","_tec_slr_layout":""},"class_list":["post-7578","page","type-page","status-publish","hentry"],"acf":[],"ticketed":false,"_links":{"self":[{"href":"https:\/\/aura-istanbul.com\/index.php\/wp-json\/wp\/v2\/pages\/7578","targetHints":{"allow":["GET"]}}],"collection":[{"href":"https:\/\/aura-istanbul.com\/index.php\/wp-json\/wp\/v2\/pages"}],"about":[{"href":"https:\/\/aura-istanbul.com\/index.php\/wp-json\/wp\/v2\/types\/page"}],"author":[{"embeddable":true,"href":"https:\/\/aura-istanbul.com\/index.php\/wp-json\/wp\/v2\/users\/7"}],"replies":[{"embeddable":true,"href":"https:\/\/aura-istanbul.com\/index.php\/wp-json\/wp\/v2\/comments?post=7578"}],"version-history":[{"count":7,"href":"https:\/\/aura-istanbul.com\/index.php\/wp-json\/wp\/v2\/pages\/7578\/revisions"}],"predecessor-version":[{"id":7812,"href":"https:\/\/aura-istanbul.com\/index.php\/wp-json\/wp\/v2\/pages\/7578\/revisions\/7812"}],"wp:attachment":[{"href":"https:\/\/aura-istanbul.com\/index.php\/wp-json\/wp\/v2\/media?parent=7578"}],"curies":[{"name":"wp","href":"https:\/\/api.w.org\/{rel}","templated":true}]}}