{"id":7895,"date":"2020-10-28T12:24:59","date_gmt":"2020-10-28T09:24:59","guid":{"rendered":"https:\/\/aura-istanbul.com\/?page_id=7895"},"modified":"2021-06-07T09:45:16","modified_gmt":"2021-06-07T06:45:16","slug":"auraforum","status":"publish","type":"page","link":"https:\/\/aura-istanbul.com\/index.php\/auraforum\/","title":{"rendered":"AURA Forum"},"content":{"rendered":"<div class=\"wpb-content-wrapper\"><p>[vc_row 0=&#8221;&#8221;][vc_column 0=&#8221;&#8221;][vc_empty_space 0=&#8221;&#8221;][vc_single_image image=&#8221;7946&#8243; img_size=&#8221;full&#8221;][vc_empty_space 0=&#8221;&#8221; height=&#8221;64px&#8221;][vc_row_inner 0=&#8221;&#8221;][vc_column_inner width=&#8221;1\/2&#8243;][vc_column_text]<\/p>\n<p style=\"padding-left: 30px;\"><b><i>Tasar\u0131mc\u0131lar Bulu\u015fuyor&#8230;<\/i><\/b><\/p>\n<p>[\/vc_column_text][vc_empty_space 0=&#8221;&#8221; height=&#8221;16px&#8221;][vc_column_text 0=&#8221;&#8221;]AURA \u0130stanbul farkl\u0131 disiplinlerden tasar\u0131mc\u0131lar\u0131n \u00f6zg\u00fcn projelerini payla\u015fabilecekleri yeni bir platform olan AURA Forum i\u00e7in a\u00e7\u0131k \u00e7a\u011fr\u0131da bulunuyor.<\/p>\n<p>Program, tasar\u0131m\u0131n herhangi bir alan\u0131nda e\u011fitim alan \u00fcniversite \u00f6\u011frencileri, gen\u00e7 profesyoneller ve deneyimli tasar\u0131mc\u0131lar\u0131n \u00fcretimleri \u00fczerinden tasar\u0131m disiplinleri aras\u0131ndaki diyalogu g\u00fc\u00e7lendirmeyi hedefliyor. Bilgi, deneyim, fikir, hikaye, s\u00fcre\u00e7, y\u00f6ntem ve kaynaklar\u0131n payla\u015f\u0131larak, daha geni\u015f bir alana yay\u0131lmas\u0131 ile ortak bir zeminde \u00fcretimleri tart\u0131\u015fma f\u0131rsat\u0131 sunuyor.[\/vc_column_text][\/vc_column_inner][vc_column_inner width=&#8221;1\/2&#8243;][vc_empty_space 0=&#8221;&#8221; height=&#8221;42px&#8221;][vc_column_text 0=&#8221;&#8221;]Etkinlik serisi, mimari tasar\u0131m, i\u00e7 mimari tasar\u0131m, kentsel tasar\u0131m, peyzaj tasar\u0131m\u0131, end\u00fcstri \u00fcr\u00fcnleri tasar\u0131m\u0131, grafik tasar\u0131m\u0131, moda tasar\u0131m\u0131, s\u00fcre\u00e7 tasar\u0131m\u0131, y\u00f6ntem tasar\u0131m\u0131 vb. tasar\u0131m ile ili\u015fkili her alandan ba\u015fvurulara a\u00e7\u0131k.<\/p>\n<p>Her AURA Forum etkinli\u011finde ba\u015fvurular sonucunda davet edilecek tasar\u0131mc\u0131lar 15 dakikal\u0131k canl\u0131 sunumlar halinde tasar\u0131mlar\u0131n\u0131 payla\u015fma imkan\u0131 bulacak. Sunumlar\u0131n ard\u0131ndan d\u00fczenlenecek soru-cevap b\u00f6l\u00fcm\u00fcnde ise konuklar\u0131n yan\u0131 s\u0131ra, izleyenler ile de diyalog kurulmas\u0131 sa\u011flanacak.[\/vc_column_text][\/vc_column_inner][\/vc_row_inner][vc_empty_space 0=&#8221;&#8221; height=&#8221;64px&#8221;][vc_text_separator title=&#8221;KATILIM REHBER\u0130&#8221; border_width=&#8221;4&#8243;][vc_empty_space height=&#8221;64px&#8221;][vc_row_inner 0=&#8221;&#8221;][vc_column_inner width=&#8221;1\/2&#8243;][vc_column_text 0=&#8221;&#8221;]<b>Ba\u015fvuru i\u00e7in \u0130stenenler:<\/b><\/p>\n<p><b>1-<\/b><span style=\"font-weight: 400;\">\u00a0 \u00a0 \u00a0 <\/span><b>Tasar\u0131m\u0131n \/ Projenin \u0130smi<\/b><\/p>\n<p><b>2-<\/b><span style=\"font-weight: 400;\">\u00a0 \u00a0 \u00a0 <\/span><b>Sunum &#8211; <\/b>tasar\u0131ma dair bilgileri i\u00e7eren sunum dosyas\u0131<\/p>\n<p><b>3-<\/b><span style=\"font-weight: 400;\">\u00a0 \u00a0 \u00a0 <\/span><b>A\u00e7\u0131klay\u0131c\u0131 Metin &#8211; <\/b>tasar\u0131m\u0131n<span style=\"font-weight: 400;\">\u00a0hikayesinin, metaforunun ve\/veya ba\u011flam\u0131n\u0131n anlat\u0131ld\u0131\u011f\u0131 k\u0131sa bir a\u00e7\u0131klama yaz\u0131s\u0131 (500 kelimeyi a\u015fmamal\u0131.)<\/span><\/p>\n<p><b>4-<\/b><span style=\"font-weight: 400;\">\u00a0 \u00a0 \u00a0 <b>Di\u011fer materyaller (tercihe ba\u011fl\u0131) <\/b><\/span><b>\u2013 <span style=\"font-weight: 400;\">tasar\u0131m\u0131n anlat\u0131m\u0131n\u0131 desteklemek ad\u0131na ek g\u00f6rsel, \u00e7izim, haritalama ve referanslar;\u00a0<\/span><\/b><span style=\"font-weight: 400;\">tasar\u0131m\u0131n olu\u015fum ve \u00fcretim a\u015famalar\u0131n\u0131 anlatabilece\u011finiz, iste\u011fe ba\u011fl\u0131 olarak tasar\u0131m\u0131n\u0131z\u0131 tarifleyip, sunabilece\u011finiz bir video (60 saniyeyi a\u015fmamal\u0131.)<\/span><\/p>\n<p><b>5-<\/b><span style=\"font-weight: 400;\">\u00a0 \u00a0 \u00a0 <b>CV \/ Portfolyo \/ Web Sitesi <\/b>&#8211;\u00a0 \u00f6nceki \u00e7al\u0131\u015fmalar\u0131n\u0131z hakk\u0131nda bilgi veren cv, portfolyo, blog veya web sitesi adresi<\/span>[\/vc_column_text][\/vc_column_inner][vc_column_inner width=&#8221;1\/2&#8243;][vc_column_text 0=&#8221;&#8221;]<span style=\"color: #000000;\"><b>Etkinlik takvimi:<\/b><\/span><\/p>\n<ul>\n<li>10 Nisan 2021, Cumartesi 15.00-17.00<\/li>\n<li>8 May\u0131s 2021,\u00a0Cumartesi 15.00-17.00<\/li>\n<li>5 Haziran 2021,\u00a0Cumartesi 15.00-17.00<\/li>\n<li>3 Temmuz 2021,\u00a0Cumartesi 15.00-17.00<\/li>\n<\/ul>\n<p>[\/vc_column_text][\/vc_column_inner][\/vc_row_inner][vc_empty_space][\/vc_column][\/vc_row][vc_row 0=&#8221;&#8221;][vc_column 0=&#8221;&#8221;][vc_empty_space height=&#8221;64px&#8221;][vc_text_separator title=&#8221;SORU &#8211; CEVAP &#8221; border_width=&#8221;4&#8243;][vc_empty_space height=&#8221;64px&#8221;][vc_row_inner 0=&#8221;&#8221;][vc_column_inner width=&#8221;1\/2&#8243;][vc_column_text 0=&#8221;&#8221;]<b>Sevgili AURA Forum kat\u0131l\u0131mc\u0131lar\u0131,<\/b><\/p>\n<p><span style=\"font-weight: 400;\">A\u015fa\u011f\u0131da forumda kat\u0131l\u0131mc\u0131 olmak \u00fczere ba\u015fvuru s\u00fcreci ve teslim ko\u015fullar\u0131na dair baz\u0131 detaylar bulacaks\u0131n\u0131z.\u00a0<\/span><\/p>\n<hr \/>\n<p><b>Program Hakk\u0131nda<\/b><\/p>\n<p><strong>Nas\u0131l bir program?<\/strong><\/p>\n<ul>\n<li>Forumlar iki haftada bir cumartesi g\u00fcn\u00fc saat 15.00\u2019te AURA \u0130stanbul\u2019un YouTube kanal\u0131 \u00fczerinden canl\u0131 olarak ger\u00e7ekle\u015fecek.<\/li>\n<li>Ba\u015fvurular sonucunda davet edilen 5 konu\u015fmac\u0131n\u0131n 15 dakikal\u0131k sunumlar\u0131n\u0131n ard\u0131ndan, 30 dakika izleyenler ile soru-cevap b\u00f6l\u00fcm\u00fcne ayr\u0131lacak.<\/li>\n<\/ul>\n<p><strong>Kimler kat\u0131labilir?<\/strong><\/p>\n<ul>\n<li>\u00d6zg\u00fcn tasar\u0131m\u0131n\u0131 anlatmak \u00fczere <strong>lisans, y\u00fcksek lisans veya doktora \u00f6\u011frencileri, gen\u00e7 tasar\u0131mc\u0131lar, yar\u0131\u015fmac\u0131 ekipler ve profesyoneller<\/strong> ba\u015fvuruda bulunabilir. Foruma ba\u015fvurmak ve kat\u0131l\u0131mc\u0131 olmak ise \u00fccretsiz.<\/li>\n<\/ul>\n<p><strong>Hangi disiplinler ba\u015fvuruda bulunabilir? <\/strong><\/p>\n<ul>\n<li>Mimari Tasar\u0131m<br \/>\n\u0130\u00e7 Mimari Tasar\u0131m<br \/>\nKentsel Tasar\u0131m<br \/>\nPeyzaj Tasar\u0131m\u0131<br \/>\nEnd\u00fcstri \u00dcr\u00fcnleri Tasar\u0131m\u0131<br \/>\nGrafik Tasar\u0131m\u0131<br \/>\nModa Tasar\u0131m\u0131<br \/>\nS\u00fcre\u00e7 Tasar\u0131m\u0131<br \/>\nY\u00f6ntem Tasar\u0131m\u0131 vb. tasar\u0131m ile ili\u015fkili her alana a\u00e7\u0131kt\u0131r.<\/li>\n<\/ul>\n<p><strong>Bireysel veya ekip olarak kat\u0131labilir miyim?<\/strong><\/p>\n<ul>\n<li>Foruma bireysel veya en fazla 2 ki\u015fiden olu\u015fan ekipler halinde kat\u0131labilirsiniz.<\/li>\n<\/ul>\n<p><strong>Birden fazla tasar\u0131m ile ba\u015fvuruda bulunabilir miyim? <\/strong><\/p>\n<ul>\n<li>Her bir tasar\u0131m\u0131n\u0131z i\u00e7in ayr\u0131 bir ba\u015fvuru formu doldurarak, birden fazla teslim yapabilirsiniz.<\/li>\n<li>E\u011fer birbiri ile ba\u011flant\u0131l\u0131 bir seri tasar\u0131m sunacaksan\u0131z, sunum s\u00fcresinin 15 dakika olaca\u011f\u0131n\u0131 da g\u00f6z \u00f6n\u00fcnde bulundurarak, tek bir ba\u015fvuru formu da doldurabilirsiniz.<\/li>\n<\/ul>\n<hr \/>\n<p><b>Foruma Ba\u015fvuru ve Kat\u0131l\u0131m\u00a0<\/b><\/p>\n<p><strong>Nas\u0131l ba\u015fvurabilirim? <\/strong><\/p>\n<ul>\n<li>Online <a href=\"https:\/\/forms.gle\/pY1ZpPABFswdsY5P9\"><u>ba\u015fvuru formunu<\/u><\/a>\u00a0doldurarak ve sunum materyallerinizi bu forma ekleyerek kat\u0131labilirsiniz.<\/li>\n<\/ul>\n<p><strong>Ba\u015fvuruda bulunmak i\u00e7in son tarih nedir? <\/strong><\/p>\n<ul>\n<li>AURA Forum etkinlikleri i\u00e7in kat\u0131l\u0131mc\u0131 ba\u015fvurular\u0131 d\u00f6nem boyunca etkinlik tarihlerine paralel olarak devam edecek. Bahar D\u00f6nemi i\u00e7in ba\u015fvurular 20 Haziran 2021\u2019e kadar s\u00fcrecek.<\/li>\n<li>Projeler, ba\u015fvuru tarihi s\u0131ras\u0131na g\u00f6re, her etkinlikten iki hafta \u00f6ncesinde de\u011ferlendirilecek.<\/li>\n<\/ul>\n<p><strong>Ba\u015fvurular\u0131 kim de\u011ferlendirecek?<\/strong><\/p>\n<ul>\n<li>Ba\u015fvurular Bahar D\u00f6neminde AURA \u0130stanbul taraf\u0131ndan de\u011ferlendirilecek.<\/li>\n<\/ul>\n<p>[\/vc_column_text][\/vc_column_inner][vc_column_inner width=&#8221;1\/2&#8243;][vc_column_text 0=&#8221;&#8221;]<strong>De\u011ferlendirme tek a\u015famal\u0131 m\u0131? Ba\u015fvuru s\u00fcrecinden sonra davet edilecek kat\u0131l\u0131mc\u0131lar ile ne zaman ileti\u015fime ge\u00e7ilecek?<\/strong><\/p>\n<ul>\n<li>\u0130ki a\u015famal\u0131 bir de\u011ferlendirme yap\u0131lacak. \u00a0Her etkinlikten iki hafta \u00f6ncesinde ba\u015fvurular de\u011ferlendirilerek davetli kat\u0131l\u0131mc\u0131lar belirlenecek ve ba\u015fvuranlara bilgi verilecek.<\/li>\n<li>Tasar\u0131m\u0131n\u0131za olumlu bir geri d\u00f6n\u00fc\u015f oldu\u011funda, davetli kat\u0131l\u0131mc\u0131lar aras\u0131na al\u0131nd\u0131\u011f\u0131n\u0131z bildirilecek. Etkinlik tarihleri ve konuklar\u0131n proje i\u00e7erikleri g\u00f6z \u00f6n\u00fcnde bulundurularak size \u00f6neri bir tarih bildirilecek.<\/li>\n<li>E\u011fer ba\u015fvurunuz olumsuz sonu\u00e7land\u0131ysa, yine size e-posta \u00fczerinden bilgi verilecek.<\/li>\n<\/ul>\n<hr \/>\n<p><b>Sunum Materyallerinin Teslimi<\/b><\/p>\n<p><strong>Teslim i\u00e7in \u00f6zel bir format\/\u015fablon var m\u0131?<\/strong><\/p>\n<ul>\n<li>Tasar\u0131m\u0131n\u0131za dair sunumun teslimi i\u00e7in pdf format tercih edilecektir. Bu sunum dosyas\u0131 i\u00e7erisinde tasar\u0131m\u0131n\u0131z\u0131n foto\u011fraflar\u0131, g\u00f6rselleri, \u00e7izimler veya t\u00fcm materyallerin bir araya toplanm\u0131\u015f hali olabilir.<\/li>\n<li>Sunum i\u00e7in powerpoint format kullanman\u0131z durumunda, sunum i\u00e7eri\u011finde yer alan g\u00f6rsel, video, linkleri ayr\u0131ca bir klas\u00f6r halinde di\u011fer materyaller b\u00f6l\u00fcm\u00fcne y\u00fcklemeniz gerekecektir.\u00a0T\u00fcm g\u00f6rselleriniz (.pdf) veya (.jpg)\u00a0uzant\u0131l\u0131 olmal\u0131.<\/li>\n<li>Teslim edece\u011finiz materyalleri ayr\u0131 g\u00f6rseller\/foto\u011fraflar olarak vermek istemeniz halinde t\u00fcm g\u00f6rsellerinizi bir dok\u00fcmanda (bir PDF dosyas\u0131nda) ardarda eklemeniz gerekiyor.<\/li>\n<li>Sunum dok\u00fcman\u0131 100 MB boyutunu a\u015fmamal\u0131.<\/li>\n<li>Video teslim ediyorsan\u0131z, 60 saniyeyi a\u015fmayan, (.mp4) uzant\u0131l\u0131 olmal\u0131. Video 50 MB boyutunu a\u015fmamal\u0131.<\/li>\n<li>A\u00e7\u0131klay\u0131c\u0131 metin ise 500 kelimeyi a\u015fmayan, (.doc), (.docx) uzant\u0131l\u0131 olmal\u0131. Kendinizi daha iyi ifade edece\u011finize inan\u0131yorsan\u0131z teslim dili \u0130ngilizce de olabilir.<\/li>\n<li>Teslim edece\u011finiz dosyalar\u0131n isimlendirmesi \u015fu \u015fekilde olmal\u0131: isimsoyisim_sunum.pdf,\u00a0\u00a0isimsoyisim_metin.docx,\u00a0isimsoyisim_ek1, isimsoyisim_ek2 vb.<\/li>\n<\/ul>\n<p><strong>Teslim edilen i\u00e7eriklerin sorumlulu\u011fu ve yay\u0131n hakk\u0131na dair bilgilendirme:<\/strong><\/p>\n<ul>\n<li>AURA \u0130stanbul taraf\u0131ndan d\u00fczenlenen AURA Forum\u2019a kat\u0131larak, AURA \u0130stanbul\u2019un tasar\u0131m\u0131n\u0131za dair i\u00e7eri\u011fi \u00e7e\u015fitli kanallarda payla\u015fmas\u0131 ve yay\u0131nlamas\u0131n\u0131 kabul etmi\u015f say\u0131l\u0131yorsunuz.<\/li>\n<li>\u00dcretti\u011finiz i\u00e7eri\u011fin payla\u015f\u0131lmas\u0131n\u0131 istemedi\u011finiz takdirde, bunu bize ayr\u0131ca yaz\u0131l\u0131 olarak beyan etmeniz gerekiyor.<\/li>\n<li>Teslim edilen t\u00fcm \u00fcretimlerin \u00f6zg\u00fcnl\u00fc\u011f\u00fc ve ger\u00e7ekli\u011fi yar\u0131\u015fmac\u0131lar\u0131n kendi sorumlulu\u011fundad\u0131r.<\/li>\n<li>AURA \u0130stanbul, \u00f6zg\u00fcn olmad\u0131\u011f\u0131 tespit edilen fikir ve \u00fcretimleri programdan diskalifiye etme hakk\u0131na sahiptir.<\/li>\n<\/ul>\n<p><strong>Forum s\u00fcrecinde sosyal medyada payla\u015f\u0131m yapabilir miyim?<\/strong><\/p>\n<ul>\n<li>Dilerseniz, etkinlik \u00f6ncesinde, #auraistanbul #auraforum #tasar\u0131mc\u0131larbulu\u015fuyor hashtaglerini kullanarak ve AURA \u0130stanbul\u2019un sosyal medya hesaplar\u0131n\u0131 etiketleyerek (Instagram: @auraistanbul, Twitter:\u00a0@aura_istanbul,\u00a0Facebook: @auraistanbulakademi) s\u00fcre\u00e7 a\u015famas\u0131nda payla\u015f\u0131mlar yapabilirsiniz.<\/li>\n<\/ul>\n<p style=\"text-align: left;\"><b>#auraistanbul #auraforum #tasar\u0131mc\u0131larbulu\u015fuyor<\/b><\/p>\n<p>[\/vc_column_text][\/vc_column_inner][\/vc_row_inner][vc_empty_space][vc_btn title=&#8221;BA\u015eVURU FORMU&#8221; color=&#8221;inverse&#8221; align=&#8221;center&#8221; link=&#8221;url:https%3A%2F%2Fforms.gle%2FWMYKUrfQdas5auWf8|||&#8221;][\/vc_column][\/vc_row][vc_row][vc_column][vc_empty_space height=&#8221;64px&#8221;][vc_text_separator title=&#8221;V\u0130DEO AR\u015e\u0130V\u0130 &#8221; border_width=&#8221;4&#8243;][vc_empty_space height=&#8221;64px&#8221;][vc_row_inner][vc_column_inner width=&#8221;1\/3&#8243;][vc_video link=&#8221;https:\/\/www.youtube.com\/watch?v=ZTKUWw_fCBE&#8221; align=&#8221;center&#8221;][vc_empty_space height=&#8221;24px&#8221;][vc_column_text]<\/p>\n<p class=\"title style-scope ytd-video-primary-info-renderer\" style=\"text-align: center;\"><strong>AURA Forum #1: Tasar\u0131mc\u0131lar Bulu\u015fuyor&#8230;<\/strong><\/p>\n<p style=\"text-align: center;\">Naz Kayalar (Grafik Tasar\u0131mc\u0131), \u00d6zlem Delikanl\u0131 (Mimar \/ AURA Alumni G\u00fcz&#8217;18), Emre Kuzlu (Mimar \/ I-AM Istanbul), \u00dcmit Altun (End\u00fcstri \u00dcr\u00fcnleri Tasar\u0131mc\u0131s\u0131 \/ DesignUM), H\u00fcseyin Yanar\u00a0(Mimar \/ Orpheus North Architects)<\/p>\n<p>[\/vc_column_text][\/vc_column_inner][vc_column_inner width=&#8221;1\/3&#8243;][vc_video link=&#8221;https:\/\/www.youtube.com\/watch?v=5eVDfFoXWXM&#8221; align=&#8221;center&#8221;][vc_empty_space height=&#8221;24px&#8221;][vc_column_text]<\/p>\n<p class=\"title style-scope ytd-video-primary-info-renderer\" style=\"text-align: center;\"><strong>AURA Forum #2: Tasar\u0131mc\u0131lar Bulu\u015fuyor&#8230;<\/strong><\/p>\n<p style=\"text-align: center;\">Alp \u015eerif Besen (Mimar \/ Falan Fanzin), Sebahat Karc\u0131 (Multidisipliner Tasar\u0131mc\u0131), Eylem Pala (Nest.ist), Tuna Han Ko\u00e7 (Mimar \/ Rasa St\u00fcdyo), Cem Sorgu\u00e7 (Mimar \/ CM Mimarl\u0131k)<\/p>\n<p>[\/vc_column_text][\/vc_column_inner][vc_column_inner width=&#8221;1\/3&#8243;][vc_video link=&#8221;https:\/\/www.youtube.com\/watch?v=i5JnaAMBMjg&amp;list=PL2BKzkLHqq-cxTrWFyh5X3sNlG41CZiDb&amp;index=4&#8243; align=&#8221;center&#8221;][vc_empty_space height=&#8221;24px&#8221;][vc_column_text]<\/p>\n<p class=\"title style-scope ytd-video-primary-info-renderer\" style=\"text-align: center;\"><strong>AURA Forum #3: Tasar\u0131mc\u0131lar Bulu\u015fuyor&#8230;<\/strong><\/p>\n<p style=\"text-align: center;\">Ay\u015fe Alt\u0131ner (End\u00fcstri \u00dcr\u00fcnleri Tasar\u0131mc\u0131s\u0131), Alt \u00dcst, G\u00fc\u00e7l\u00fc Polat (Cam Sanat\u00e7\u0131s\u0131), \u0130smail Kocata\u015f (Mimar), Han T\u00fcmertekin (Mimar)<\/p>\n<p>[\/vc_column_text][\/vc_column_inner][\/vc_row_inner][vc_empty_space height=&#8221;24px&#8221;][vc_row_inner][vc_column_inner width=&#8221;1\/3&#8243;][vc_video link=&#8221;https:\/\/youtu.be\/rPzu6KGV9Ww&#8221;][vc_empty_space height=&#8221;24px&#8221;][vc_column_text]<\/p>\n<p class=\"title style-scope ytd-video-primary-info-renderer\" style=\"text-align: center;\"><strong>AURA Forum #4: Tasar\u0131mc\u0131lar Bulu\u015fuyor&#8230;<\/strong><\/p>\n<p style=\"text-align: center;\">Ay\u015fenur Tu\u011f\u00e7e \u00d6zt\u00fcrk (Mimar \/ AURA Alumni Bahar&#8217;19), Mine Kavaso\u011fullar\u0131 (Mimar \/ Mimar\u0131n Tersi),\u00a0 Feyyaz Yaman (Ressam \/ Kar\u015f\u0131 Sanat), Ezgi Bak\u00e7ay (Sanat Kuramc\u0131s\u0131), Celal Abdi G\u00fczer (Mimar)<\/p>\n<p>[\/vc_column_text][\/vc_column_inner][vc_column_inner width=&#8221;1\/3&#8243;][vc_video link=&#8221;https:\/\/youtu.be\/mvHDint8P4Y&#8221;][vc_empty_space height=&#8221;24px&#8221;][vc_column_text]<\/p>\n<p class=\"title style-scope ytd-video-primary-info-renderer\" style=\"text-align: center;\"><strong>AURA Forum #5: Tasar\u0131mc\u0131lar Bulu\u015fuyor&#8230;<\/strong><\/p>\n<p style=\"text-align: center;\">Delal Ba\u015fe\u011fmez (Mimar \/ AURA Alumni Yaz Akademisi), Ba\u015fak \u0130ncekara (\u015eehir Planc\u0131s\u0131), Ahmet G\u00f6rsev (Ayd\u0131nlatma Tasar\u0131mc\u0131s\u0131), Atilla Kuzu (\u0130\u00e7 Mimar \/ ZOOM TPU)<\/p>\n<p>[\/vc_column_text][\/vc_column_inner][vc_column_inner width=&#8221;1\/3&#8243;][vc_video link=&#8221;https:\/\/www.youtube.com\/watch?v=8lJjoP9LIg8&#8243;][vc_empty_space height=&#8221;24px&#8221;][vc_column_text]<\/p>\n<p class=\"title style-scope ytd-video-primary-info-renderer\" style=\"text-align: center;\"><strong>AURA Forum #6: Tasar\u0131mc\u0131lar Bulu\u015fuyor&#8230;<\/strong><\/p>\n<p style=\"text-align: center;\">G\u00fclistan Kenano\u011flu (Mimar), Billur Turan (Yap\u0131m Tasar\u0131mc\u0131s\u0131), Mu\u011flak Standartlar Enstit\u00fcs\u00fc [Cansu C\u00fcrgen &amp; Av\u015far G\u00fcrp\u0131nar &amp; Sel\u00e7uk Artut], \u00d6mer Sel\u00e7uk Baz (Mimar \/ Yal\u0131n Mimarl\u0131k )<\/p>\n<p>[\/vc_column_text][\/vc_column_inner][\/vc_row_inner][vc_empty_space height=&#8221;64px&#8221;][vc_row_inner][vc_column_inner width=&#8221;1\/3&#8243;][vc_video link=&#8221;https:\/\/youtu.be\/uS29IRqTPkE&#8221;][vc_empty_space height=&#8221;24px&#8221;][vc_column_text]<\/p>\n<p class=\"title style-scope ytd-video-primary-info-renderer\" style=\"text-align: center;\"><strong>AURA Forum #7: Tasar\u0131mc\u0131lar Bulu\u015fuyor&#8230;<\/strong><\/p>\n<p style=\"text-align: center;\">Nusret U\u015fun (Mimar),\u00a0Zeynep Burcu K\u00e2ya (Mimar, Oyun Tasar\u0131mc\u0131s\u0131) &amp; Ahmetcan Alpan (\u015eehir Planc\u0131s\u0131, Akademisyen),\u00a0Hasan Burak Aky\u0131ld\u0131z (\u0130\u00e7 Mimar)<\/p>\n<p>[\/vc_column_text][\/vc_column_inner][vc_column_inner width=&#8221;1\/3&#8243;][vc_video link=&#8221;https:\/\/youtu.be\/0BPgU1rGBv0&#8243;][vc_empty_space height=&#8221;24px&#8221;][vc_column_text]<\/p>\n<p class=\"title style-scope ytd-video-primary-info-renderer\" style=\"text-align: center;\"><strong>AURA Forum #8: Tasar\u0131mc\u0131lar Bulu\u015fuyor&#8230;<\/strong><\/p>\n<p style=\"text-align: center;\">B\u00fc\u015fra Al (Mimar \/ Plug Ofis), Bilge Nur Salt\u0131k (Tasar\u0131mc\u0131, Form&amp;Seek Studio), Berk K\u0131r (Sanat\u00e7\u0131, Sanat Tarih\u00e7isi)<\/p>\n<p>[\/vc_column_text][\/vc_column_inner][vc_column_inner width=&#8221;1\/3&#8243;][vc_video link=&#8221;https:\/\/www.youtube.com\/watch?v=G_w265xb6Ms&amp;t=3s&#8221;][vc_empty_space height=&#8221;24px&#8221;][vc_column_text]<\/p>\n<p class=\"title style-scope ytd-video-primary-info-renderer\" style=\"text-align: center;\"><strong>AURA Forum #9: Tasar\u0131mc\u0131lar Bulu\u015fuyor&#8230;<\/strong><\/p>\n<p style=\"text-align: center;\">Selcen Fidan (Mimar), Bengisu Boz (Beslenme Uzman\u0131) &amp; \u00d6znur \u00c7akan (Mimar), Ela Cindoruk (Tasar\u0131mc\u0131)<\/p>\n<p>[\/vc_column_text][\/vc_column_inner][\/vc_row_inner][\/vc_column][\/vc_row][vc_row][vc_column][vc_empty_space height=&#8221;64px&#8221;][vc_images_carousel images=&#8221;7932,7934,7935,7933&#8243; img_size=&#8221;full&#8221; onclick=&#8221;link_no&#8221; speed=&#8221;3000&#8243; autoplay=&#8221;yes&#8221; wrap=&#8221;yes&#8221;][vc_empty_space height=&#8221;64px&#8221;][vc_empty_space height=&#8221;64px&#8221;][\/vc_column][\/vc_row][vc_section][\/vc_section]<\/p>\n<\/div>","protected":false},"excerpt":{"rendered":"<p>[vc_row 0=&#8221;&#8221;][vc_column 0=&#8221;&#8221;][vc_empty_space 0=&#8221;&#8221;][vc_single_image image=&#8221;7946&#8243; img_size=&#8221;full&#8221;][vc_empty_space 0=&#8221;&#8221; height=&#8221;64px&#8221;][vc_row_inner 0=&#8221;&#8221;][vc_column_inner width=&#8221;1\/2&#8243;][vc_column_text] Tasar\u0131mc\u0131lar Bulu\u015fuyor&#8230; [\/vc_column_text][vc_empty_space 0=&#8221;&#8221; height=&#8221;16px&#8221;][vc_column_text 0=&#8221;&#8221;]AURA \u0130stanbul farkl\u0131 disiplinlerden tasar\u0131mc\u0131lar\u0131n \u00f6zg\u00fcn projelerini payla\u015fabilecekleri yeni bir platform olan AURA Forum i\u00e7in [&hellip;]<\/p>\n","protected":false},"author":2,"featured_media":2220,"parent":0,"menu_order":0,"comment_status":"closed","ping_status":"closed","template":"","meta":{"_acf_changed":false,"_seopress_robots_primary_cat":"","_seopress_titles_title":"AURA Forum: Tasar\u0131mc\u0131lara A\u00e7\u0131k \u00c7a\u011fr\u0131 | %%sitetitle%%","_seopress_titles_desc":"AURA \u0130stanbul farkl\u0131 disiplinlerden tasar\u0131mc\u0131lar\u0131n \u00f6zg\u00fcn projelerini payla\u015fabilecekleri yeni bir bulu\u015fma serisi olan AURA Forum i\u00e7in a\u00e7\u0131k \u00e7a\u011fr\u0131da bulunuyor.","_seopress_robots_index":"","_price":"","_stock":"","_tribe_ticket_header":"","_tribe_default_ticket_provider":"","_tribe_ticket_capacity":"0","_ticket_start_date":"","_ticket_end_date":"","_tribe_ticket_show_description":"","_tribe_ticket_show_not_going":false,"_tribe_ticket_use_global_stock":"","_tribe_ticket_global_stock_level":"","_global_stock_mode":"","_global_stock_cap":"","_tribe_rsvp_for_event":"","_tribe_ticket_going_count":"","_tribe_ticket_not_going_count":"","_tribe_tickets_list":"[]","_tribe_ticket_has_attendee_info_fields":false,"_EventAllDay":false,"_EventTimezone":"","_EventStartDate":"","_EventEndDate":"","_EventStartDateUTC":"","_EventEndDateUTC":"","_EventShowMap":false,"_EventShowMapLink":false,"_EventURL":"","_EventCost":"","_EventCostDescription":"","_EventCurrencySymbol":"","_EventCurrencyCode":"","_EventCurrencyPosition":"","_EventDateTimeSeparator":"","_EventTimeRangeSeparator":"","_EventOrganizerID":[],"_EventVenueID":[],"_OrganizerEmail":"","_OrganizerPhone":"","_OrganizerWebsite":"","_VenueAddress":"","_VenueCity":"","_VenueCountry":"","_VenueProvince":"","_VenueState":"","_VenueZip":"","_VenuePhone":"","_VenueURL":"","_VenueStateProvince":"","_VenueLat":"","_VenueLng":"","_VenueShowMap":false,"_VenueShowMapLink":false,"footnotes":"","_tec_slr_enabled":"","_tec_slr_layout":""},"class_list":["post-7895","page","type-page","status-publish","has-post-thumbnail","hentry"],"acf":[],"ticketed":false,"_links":{"self":[{"href":"https:\/\/aura-istanbul.com\/index.php\/wp-json\/wp\/v2\/pages\/7895","targetHints":{"allow":["GET"]}}],"collection":[{"href":"https:\/\/aura-istanbul.com\/index.php\/wp-json\/wp\/v2\/pages"}],"about":[{"href":"https:\/\/aura-istanbul.com\/index.php\/wp-json\/wp\/v2\/types\/page"}],"author":[{"embeddable":true,"href":"https:\/\/aura-istanbul.com\/index.php\/wp-json\/wp\/v2\/users\/2"}],"replies":[{"embeddable":true,"href":"https:\/\/aura-istanbul.com\/index.php\/wp-json\/wp\/v2\/comments?post=7895"}],"version-history":[{"count":40,"href":"https:\/\/aura-istanbul.com\/index.php\/wp-json\/wp\/v2\/pages\/7895\/revisions"}],"predecessor-version":[{"id":8909,"href":"https:\/\/aura-istanbul.com\/index.php\/wp-json\/wp\/v2\/pages\/7895\/revisions\/8909"}],"wp:featuredmedia":[{"embeddable":true,"href":"https:\/\/aura-istanbul.com\/index.php\/wp-json\/wp\/v2\/media\/2220"}],"wp:attachment":[{"href":"https:\/\/aura-istanbul.com\/index.php\/wp-json\/wp\/v2\/media?parent=7895"}],"curies":[{"name":"wp","href":"https:\/\/api.w.org\/{rel}","templated":true}]}}