{"id":8555,"date":"2021-02-25T13:51:08","date_gmt":"2021-02-25T10:51:08","guid":{"rendered":"https:\/\/aura-istanbul.com\/?page_id=8555"},"modified":"2021-02-26T13:58:57","modified_gmt":"2021-02-26T10:58:57","slug":"arek-qadrra-beste-kopuz","status":"publish","type":"page","link":"https:\/\/aura-istanbul.com\/index.php\/arek-qadrra-beste-kopuz\/","title":{"rendered":"AURA Alumni: Arek Qadrra &#038; Beste Kopuz"},"content":{"rendered":"<div class=\"wpb-content-wrapper\"><p>[vc_section][vc_row][vc_column width=&#8221;1\/6&#8243;][vc_single_image image=&#8221;8583&#8243; img_size=&#8221;large&#8221; alignment=&#8221;center&#8221;][vc_empty_space][vc_column_text]<strong>Arek Qadrra\u00a0 <\/strong><\/p>\n<p><strong>Beste Kopuz<\/strong>[\/vc_column_text][vc_empty_space height=&#8221;16px&#8221;][vc_column_text]Sanat\u00e7\u0131 \u0130kilisi<br \/>\nMarmara \u00dcniversitesi G\u00fczel Sanatlar Fak\u00fcltesi, Resim B\u00f6l\u00fcm\u00fc<\/p>\n<p>G\u00fcz 2020<br \/>\nDan\u0131\u015fman: B\u00fc\u015fra Al &#8211; Sinan Logie[\/vc_column_text][vc_empty_space][vc_row_inner][vc_column_inner width=&#8221;1\/4&#8243;][vc_icon icon_fontawesome=&#8221;fa fa-envelope-o&#8221; color=&#8221;chino&#8221; size=&#8221;xs&#8221; link=&#8221;url:mailto%3Aarek.beste%40gmail.com||target:%20_blank|&#8221;][\/vc_column_inner][vc_column_inner width=&#8221;1\/4&#8243;][vc_icon icon_fontawesome=&#8221;fa fa-globe&#8221; color=&#8221;chino&#8221; size=&#8221;xs&#8221; link=&#8221;url:https%3A%2F%2Fwww.bestekopuz.com%2F|||&#8221;][\/vc_column_inner][vc_column_inner width=&#8221;1\/4&#8243;][vc_icon icon_fontawesome=&#8221;fa fa-globe&#8221; color=&#8221;chino&#8221; link=&#8221;url:https%3A%2F%2Fwww.arekqadrra.com%2F|||&#8221;][\/vc_column_inner][\/vc_row_inner][\/vc_column][vc_column width=&#8221;2\/3&#8243;][vc_column_text]<\/p>\n<p style=\"text-align: left;\"><strong>\u201cZ\u201d Ekseninde Bo\u015fluk M\u00fclkiyeti<\/strong><\/p>\n<p>[\/vc_column_text][vc_column_text]Bu \u00e7al\u0131\u015fma, hava hakk\u0131 ve m\u00fclkiyet kavramlar\u0131 \u00fczerine, bo\u015fluk-doluluk, hukuk ve mimarl\u0131k tart\u0131\u015fmalar\u0131 ba\u011flam\u0131nda, bizim gibi sanat k\u00f6kenli iki ara\u015ft\u0131rmac\u0131 i\u00e7in, bir ba\u015flang\u0131\u00e7 noktas\u0131 oldu. Kent ba\u011flam\u0131nda mekansal bo\u015fluk alg\u0131s\u0131 ve k\u00fclt\u00fcr-do\u011fa kar\u015f\u0131tl\u0131\u011f\u0131, negatif pozitif hacim sorunsallar\u0131 dikey eksende ara\u015ft\u0131r\u0131ld\u0131. Mimarl\u0131k disiplininde m\u00fclkiyet ve hava hakk\u0131 konular\u0131n\u0131 irdeleyerek bo\u015flu\u011fun nas\u0131l tan\u0131mland\u0131\u011f\u0131, tasarland\u0131\u011f\u0131 ve nas\u0131l sahiplenildi\u011fi \u00fczerine proje geli\u015ftirmek hedeflendi.<\/p>\n<p>\u00c7al\u0131\u015fman\u0131n do\u011frultusuna istinaden, daha \u00e7ok yerin y\u00fczeyi ve \u00fcst\u00fc baz al\u0131narak, \u015fehrin t\u00fcm kamusal ve \u00f6zel yap\u0131lar b\u00fct\u00fcn\u00fcn\u00fcn (\u015fehir sil\u00fcetinin) dikey eksende (k\u00fclt\u00fcr\u00fcn genel olarak bo\u015fluk kabul etti\u011fi) havada kaplad\u0131\u011f\u0131 alan, hacim ve m\u00fclkiyet konular\u0131 incelendi.<\/p>\n<p>Anahtar Kelimeler: M\u00fclkiyet, Hak, Hukuk, Bo\u015fluk, Bo\u015flu\u011fun M\u00fclkiyeti, Dikey Kent, Hava Hakk\u0131[\/vc_column_text][vc_empty_space][vc_gallery interval=&#8221;10&#8243; images=&#8221;8752,8753,8754,8755,8756&#8243; img_size=&#8221;full&#8221;][\/vc_column][vc_column width=&#8221;1\/6&#8243;][vc_single_image image=&#8221;8611&#8243; img_size=&#8221;full&#8221; alignment=&#8221;center&#8221; style=&#8221;vc_box_border&#8221; onclick=&#8221;custom_link&#8221; img_link_target=&#8221;_blank&#8221;][vc_empty_space height=&#8221;16px&#8221;][vc_row_inner][vc_column_inner][vc_column_text][\/vc_column_text][\/vc_column_inner][\/vc_row_inner][\/vc_column][\/vc_row][\/vc_section]<\/p>\n<\/div>","protected":false},"excerpt":{"rendered":"<p>[vc_section][vc_row][vc_column width=&#8221;1\/6&#8243;][vc_single_image image=&#8221;8583&#8243; img_size=&#8221;large&#8221; alignment=&#8221;center&#8221;][vc_empty_space][vc_column_text]Arek Qadrra\u00a0 Beste Kopuz[\/vc_column_text][vc_empty_space height=&#8221;16px&#8221;][vc_column_text]Sanat\u00e7\u0131 \u0130kilisi Marmara \u00dcniversitesi G\u00fczel Sanatlar Fak\u00fcltesi, Resim B\u00f6l\u00fcm\u00fc G\u00fcz 2020 Dan\u0131\u015fman: B\u00fc\u015fra Al &#8211; Sinan Logie[\/vc_column_text][vc_empty_space][vc_row_inner][vc_column_inner width=&#8221;1\/4&#8243;][vc_icon icon_fontawesome=&#8221;fa fa-envelope-o&#8221; color=&#8221;chino&#8221; size=&#8221;xs&#8221; [&hellip;]<\/p>\n","protected":false},"author":7,"featured_media":0,"parent":0,"menu_order":0,"comment_status":"closed","ping_status":"closed","template":"","meta":{"_acf_changed":false,"_seopress_robots_primary_cat":"","_seopress_titles_title":"Arek Qadrra & Beste Kopuz: \u201cZ\u201d Ekseninde Bo\u015fluk M\u00fclkiyeti | %%sitetitle%%","_seopress_titles_desc":"Bu \u00e7al\u0131\u015fma, hava hakk\u0131 ve m\u00fclkiyet kavramlar\u0131 \u00fczerine, bo\u015fluk-doluluk, hukuk ve mimarl\u0131k tart\u0131\u015fmalar\u0131 ba\u011flam\u0131nda, bizim gibi sanat k\u00f6kenli iki ara\u015ft\u0131rmac\u0131 i\u00e7in, bir ba\u015flang\u0131\u00e7 noktas\u0131 oldu. Kent ba\u011flam\u0131nda mekansal bo\u015fluk alg\u0131s\u0131 ve k\u00fclt\u00fcr-do\u011fa kar\u015f\u0131tl\u0131\u011f\u0131, negatif pozitif hacim sorunsallar\u0131 dikey eksende ara\u015ft\u0131r\u0131ld\u0131.","_seopress_robots_index":"","_price":"","_stock":"","_tribe_ticket_header":"","_tribe_default_ticket_provider":"","_tribe_ticket_capacity":"0","_ticket_start_date":"","_ticket_end_date":"","_tribe_ticket_show_description":"","_tribe_ticket_show_not_going":false,"_tribe_ticket_use_global_stock":"","_tribe_ticket_global_stock_level":"","_global_stock_mode":"","_global_stock_cap":"","_tribe_rsvp_for_event":"","_tribe_ticket_going_count":"","_tribe_ticket_not_going_count":"","_tribe_tickets_list":"[]","_tribe_ticket_has_attendee_info_fields":false,"_EventAllDay":false,"_EventTimezone":"","_EventStartDate":"","_EventEndDate":"","_EventStartDateUTC":"","_EventEndDateUTC":"","_EventShowMap":false,"_EventShowMapLink":false,"_EventURL":"","_EventCost":"","_EventCostDescription":"","_EventCurrencySymbol":"","_EventCurrencyCode":"","_EventCurrencyPosition":"","_EventDateTimeSeparator":"","_EventTimeRangeSeparator":"","_EventOrganizerID":[],"_EventVenueID":[],"_OrganizerEmail":"","_OrganizerPhone":"","_OrganizerWebsite":"","_VenueAddress":"","_VenueCity":"","_VenueCountry":"","_VenueProvince":"","_VenueState":"","_VenueZip":"","_VenuePhone":"","_VenueURL":"","_VenueStateProvince":"","_VenueLat":"","_VenueLng":"","_VenueShowMap":false,"_VenueShowMapLink":false,"footnotes":"","_tec_slr_enabled":"","_tec_slr_layout":""},"class_list":["post-8555","page","type-page","status-publish","hentry"],"acf":[],"ticketed":false,"_links":{"self":[{"href":"https:\/\/aura-istanbul.com\/index.php\/wp-json\/wp\/v2\/pages\/8555","targetHints":{"allow":["GET"]}}],"collection":[{"href":"https:\/\/aura-istanbul.com\/index.php\/wp-json\/wp\/v2\/pages"}],"about":[{"href":"https:\/\/aura-istanbul.com\/index.php\/wp-json\/wp\/v2\/types\/page"}],"author":[{"embeddable":true,"href":"https:\/\/aura-istanbul.com\/index.php\/wp-json\/wp\/v2\/users\/7"}],"replies":[{"embeddable":true,"href":"https:\/\/aura-istanbul.com\/index.php\/wp-json\/wp\/v2\/comments?post=8555"}],"version-history":[{"count":10,"href":"https:\/\/aura-istanbul.com\/index.php\/wp-json\/wp\/v2\/pages\/8555\/revisions"}],"predecessor-version":[{"id":12972,"href":"https:\/\/aura-istanbul.com\/index.php\/wp-json\/wp\/v2\/pages\/8555\/revisions\/12972"}],"wp:attachment":[{"href":"https:\/\/aura-istanbul.com\/index.php\/wp-json\/wp\/v2\/media?parent=8555"}],"curies":[{"name":"wp","href":"https:\/\/api.w.org\/{rel}","templated":true}]}}