{"id":8617,"date":"2021-02-25T14:39:51","date_gmt":"2021-02-25T11:39:51","guid":{"rendered":"https:\/\/aura-istanbul.com\/?page_id=8617"},"modified":"2021-02-25T14:41:45","modified_gmt":"2021-02-25T11:41:45","slug":"aura-alumni-aycil-yilmaz","status":"publish","type":"page","link":"https:\/\/aura-istanbul.com\/index.php\/aura-alumni-aycil-yilmaz\/","title":{"rendered":"AURA Alumni: Ay\u00e7\u0131l Y\u0131lmaz"},"content":{"rendered":"<div class=\"wpb-content-wrapper\"><p>[vc_section][vc_row][vc_column width=&#8221;1\/6&#8243;][vc_single_image image=&#8221;8584&#8243; img_size=&#8221;large&#8221; alignment=&#8221;center&#8221;][vc_empty_space][vc_column_text]<strong>Ay\u00e7\u0131l Y\u0131lmaz<\/strong>[\/vc_column_text][vc_empty_space height=&#8221;16px&#8221;][vc_column_text]Mimar<br \/>\nYeditepe \u00dcniversitesi<\/p>\n<p>G\u00fcz 2020<br \/>\nDan\u0131\u015fman: B\u00fc\u015fra Al &#8211; Sinan Logie[\/vc_column_text][vc_empty_space][vc_row_inner][vc_column_inner width=&#8221;1\/4&#8243;][vc_icon icon_fontawesome=&#8221;fa fa-envelope-o&#8221; color=&#8221;chino&#8221; size=&#8221;xs&#8221; link=&#8221;url:mailto%3Aaycilyilmaz%40gmail.com||target:%20_blank|&#8221;][\/vc_column_inner][vc_column_inner width=&#8221;1\/4&#8243;][vc_icon icon_fontawesome=&#8221;fa fa-linkedin-square&#8221; color=&#8221;chino&#8221; size=&#8221;xs&#8221; link=&#8221;url:https%3A%2F%2Fwww.linkedin.com%2Fin%2Fay%25C3%25A7%25C4%25B1l-y%25C4%25B1lmaz-b7957765%2F|||&#8221;][\/vc_column_inner][vc_column_inner width=&#8221;1\/4&#8243;][vc_icon icon_fontawesome=&#8221;fa fa-file-text&#8221; color=&#8221;chino&#8221; size=&#8221;xs&#8221; link=&#8221;url:https%3A%2F%2Fissuu.com%2Faycilyilmaz%3Fissuu_product%3Dheader%26issuu_subproduct%3Ddocument_page%26issuu_context%3Dlink%26issuu_cta%3Dprofile|||&#8221;][\/vc_column_inner][\/vc_row_inner][\/vc_column][vc_column width=&#8221;2\/3&#8243;][vc_column_text]<\/p>\n<p style=\"text-align: left;\"><strong>Bir Organizma Olarak Bo\u015fluk: Varl\u0131klar\u0131n Hemzemindeki Temsili<\/strong><\/p>\n<p>[\/vc_column_text][vc_column_text]\u0130lk olarak, bo\u015fluk s\u00f6zc\u00fc\u011f\u00fcn\u00fcn etimolojik anlam\u0131na bakt\u0131\u011f\u0131m\u0131zda, T\u00fcrk Dil Kurumu\u2019nun B\u00fcy\u00fck T\u00fcrk\u00e7e S\u00f6zl\u00fc\u011f\u00fc\u2019nde \u201cbo\u015fluk\u201d \u201coyuk, \u00e7ukur, kapanmam\u0131\u015f yer\u201d, \u201cbo\u015f olan yer\u201d, \u201ckesinti, kopukluk\u201d, \u201ceksiklik, yoksunluk duygusu\u201d, \u201cbo\u015f olma durumu\u201d olarak tan\u0131mlan\u0131r. (http:\/\/www.tdk.gov.tr). Kelime anlam\u0131 a\u00e7\u0131s\u0131ndan genel olarak yoksunluk durumuna, var olmayana kar\u015f\u0131l\u0131k gelmesi, tan\u0131m\u0131n\u0131 doluluk, k\u00fctle ve var olan gibi kar\u015f\u0131t kavramalar \u00fczerinden olu\u015fturdu\u011funu g\u00f6r\u00fcyoruz. Ayn\u0131 zamanda bo\u015fluk s\u00f6zc\u00fc\u011f\u00fc mekan, yer, alan, uzay, oda gibi s\u00f6zc\u00fcklerle bir arada d\u00fc\u015f\u00fcn\u00fclmekte hatta birbirlerinin yerine kullan\u0131lmaktad\u0131r.<\/p>\n<p>Buna g\u00f6re bo\u015fluk, genel anlamda olmayana\/var olmayana\/eksik olana\/yoksunlu\u011fa kar\u015f\u0131l\u0131k gelmektedir. Asl\u0131nda Doluluktan yoksun olana bo\u015fluk olarak tan\u0131ml\u0131yoruz. Bo\u015flu\u011fun tarihteki kavramsal anlamlar\u0131na bakarak bu bak\u0131\u015f a\u00e7\u0131s\u0131n\u0131 nas\u0131l olu\u015fturdu\u011fumuz g\u00f6rebiliriz. Bo\u015flu\u011fun bu negatif anlam\u0131 yerine pozitif anlam\u0131 aranm\u0131\u015ft\u0131r.<\/p>\n<p>Anahtar Kelimeler: Kent Ya\u015fam\u0131, Etkile\u015fim, Kar\u015f\u0131la\u015fma, Hiyerar\u015fi, De\u011fi\u015fim, Mekan, Hareket, Zaman[\/vc_column_text][vc_empty_space][vc_gallery interval=&#8221;10&#8243; images=&#8221;8627,8625,8624,8626,8628&#8243; img_size=&#8221;full&#8221;][\/vc_column][vc_column width=&#8221;1\/6&#8243;][vc_single_image image=&#8221;8620&#8243; img_size=&#8221;full&#8221; alignment=&#8221;center&#8221; style=&#8221;vc_box_border&#8221; onclick=&#8221;custom_link&#8221; img_link_target=&#8221;_blank&#8221;][vc_empty_space height=&#8221;16px&#8221;][vc_row_inner][vc_column_inner][vc_column_text][\/vc_column_text][\/vc_column_inner][\/vc_row_inner][vc_row_inner][vc_column_inner width=&#8221;2\/3&#8243;][\/vc_column_inner][vc_column_inner width=&#8221;1\/3&#8243;][\/vc_column_inner][\/vc_row_inner][\/vc_column][\/vc_row][\/vc_section]<\/p>\n<\/div>","protected":false},"excerpt":{"rendered":"<p>[vc_section][vc_row][vc_column width=&#8221;1\/6&#8243;][vc_single_image image=&#8221;8584&#8243; img_size=&#8221;large&#8221; alignment=&#8221;center&#8221;][vc_empty_space][vc_column_text]Ay\u00e7\u0131l Y\u0131lmaz[\/vc_column_text][vc_empty_space height=&#8221;16px&#8221;][vc_column_text]Mimar Yeditepe \u00dcniversitesi G\u00fcz 2020 Dan\u0131\u015fman: B\u00fc\u015fra Al &#8211; Sinan Logie[\/vc_column_text][vc_empty_space][vc_row_inner][vc_column_inner width=&#8221;1\/4&#8243;][vc_icon icon_fontawesome=&#8221;fa fa-envelope-o&#8221; color=&#8221;chino&#8221; size=&#8221;xs&#8221; link=&#8221;url:mailto%3Aaycilyilmaz%40gmail.com||target:%20_blank|&#8221;][\/vc_column_inner][vc_column_inner width=&#8221;1\/4&#8243;][vc_icon icon_fontawesome=&#8221;fa fa-linkedin-square&#8221; color=&#8221;chino&#8221; size=&#8221;xs&#8221; link=&#8221;url:https%3A%2F%2Fwww.linkedin.com%2Fin%2Fay%25C3%25A7%25C4%25B1l-y%25C4%25B1lmaz-b7957765%2F|||&#8221;][\/vc_column_inner][vc_column_inner width=&#8221;1\/4&#8243;][vc_icon [&hellip;]<\/p>\n","protected":false},"author":7,"featured_media":0,"parent":0,"menu_order":0,"comment_status":"closed","ping_status":"closed","template":"","meta":{"_acf_changed":false,"_seopress_robots_primary_cat":"","_seopress_titles_title":"Ay\u00e7\u0131l Y\u0131lmaz : Bir Organizma Olarak Bo\u015fluk: Varl\u0131klar\u0131n Hemzemindeki Temsili | %%sitetitle%%","_seopress_titles_desc":"Buna g\u00f6re bo\u015fluk, genel anlamda olmayana\/var olmayana\/eksik olana\/yoksunlu\u011fa kar\u015f\u0131l\u0131k gelmektedir. Asl\u0131nda Doluluktan yoksun olana bo\u015fluk olarak tan\u0131ml\u0131yoruz. Bo\u015flu\u011fun tarihteki kavramsal anlamlar\u0131na bakarak bu bak\u0131\u015f a\u00e7\u0131s\u0131n\u0131 nas\u0131l olu\u015fturdu\u011fumuz g\u00f6rebiliriz. Bo\u015flu\u011fun bu negatif anlam\u0131 yerine pozitif anlam\u0131 aranm\u0131\u015ft\u0131r.","_seopress_robots_index":"","_price":"","_stock":"","_tribe_ticket_header":"","_tribe_default_ticket_provider":"","_tribe_ticket_capacity":"0","_ticket_start_date":"","_ticket_end_date":"","_tribe_ticket_show_description":"","_tribe_ticket_show_not_going":false,"_tribe_ticket_use_global_stock":"","_tribe_ticket_global_stock_level":"","_global_stock_mode":"","_global_stock_cap":"","_tribe_rsvp_for_event":"","_tribe_ticket_going_count":"","_tribe_ticket_not_going_count":"","_tribe_tickets_list":"[]","_tribe_ticket_has_attendee_info_fields":false,"_EventAllDay":false,"_EventTimezone":"","_EventStartDate":"","_EventEndDate":"","_EventStartDateUTC":"","_EventEndDateUTC":"","_EventShowMap":false,"_EventShowMapLink":false,"_EventURL":"","_EventCost":"","_EventCostDescription":"","_EventCurrencySymbol":"","_EventCurrencyCode":"","_EventCurrencyPosition":"","_EventDateTimeSeparator":"","_EventTimeRangeSeparator":"","_EventOrganizerID":[],"_EventVenueID":[],"_OrganizerEmail":"","_OrganizerPhone":"","_OrganizerWebsite":"","_VenueAddress":"","_VenueCity":"","_VenueCountry":"","_VenueProvince":"","_VenueState":"","_VenueZip":"","_VenuePhone":"","_VenueURL":"","_VenueStateProvince":"","_VenueLat":"","_VenueLng":"","_VenueShowMap":false,"_VenueShowMapLink":false,"footnotes":"","_tec_slr_enabled":"","_tec_slr_layout":""},"class_list":["post-8617","page","type-page","status-publish","hentry"],"acf":[],"ticketed":false,"_links":{"self":[{"href":"https:\/\/aura-istanbul.com\/index.php\/wp-json\/wp\/v2\/pages\/8617","targetHints":{"allow":["GET"]}}],"collection":[{"href":"https:\/\/aura-istanbul.com\/index.php\/wp-json\/wp\/v2\/pages"}],"about":[{"href":"https:\/\/aura-istanbul.com\/index.php\/wp-json\/wp\/v2\/types\/page"}],"author":[{"embeddable":true,"href":"https:\/\/aura-istanbul.com\/index.php\/wp-json\/wp\/v2\/users\/7"}],"replies":[{"embeddable":true,"href":"https:\/\/aura-istanbul.com\/index.php\/wp-json\/wp\/v2\/comments?post=8617"}],"version-history":[{"count":2,"href":"https:\/\/aura-istanbul.com\/index.php\/wp-json\/wp\/v2\/pages\/8617\/revisions"}],"predecessor-version":[{"id":8630,"href":"https:\/\/aura-istanbul.com\/index.php\/wp-json\/wp\/v2\/pages\/8617\/revisions\/8630"}],"wp:attachment":[{"href":"https:\/\/aura-istanbul.com\/index.php\/wp-json\/wp\/v2\/media?parent=8617"}],"curies":[{"name":"wp","href":"https:\/\/api.w.org\/{rel}","templated":true}]}}