{"id":8656,"date":"2021-02-25T15:35:35","date_gmt":"2021-02-25T12:35:35","guid":{"rendered":"https:\/\/aura-istanbul.com\/?page_id=8656"},"modified":"2021-02-25T15:36:48","modified_gmt":"2021-02-25T12:36:48","slug":"aura-alumni-emre-tas","status":"publish","type":"page","link":"https:\/\/aura-istanbul.com\/index.php\/aura-alumni-emre-tas\/","title":{"rendered":"AURA Alumni: Emre Ta\u015f"},"content":{"rendered":"<div class=\"wpb-content-wrapper\"><p>[vc_section][vc_row][vc_column width=&#8221;1\/6&#8243;][vc_single_image image=&#8221;8588&#8243; img_size=&#8221;large&#8221; alignment=&#8221;center&#8221;][vc_empty_space][vc_column_text]<strong>Emre Ta\u015f<\/strong>[\/vc_column_text][vc_empty_space height=&#8221;16px&#8221;][vc_column_text]Mimar<br \/>\nEski\u015fehir Osmangazi \u00dcniversitesi<\/p>\n<p>G\u00fcz 2020<br \/>\nDan\u0131\u015fman: B\u00fc\u015fra Al &#8211; Sinan Logie[\/vc_column_text][vc_empty_space][vc_row_inner][vc_column_inner width=&#8221;1\/4&#8243;][vc_icon icon_fontawesome=&#8221;fa fa-envelope-o&#8221; color=&#8221;chino&#8221; size=&#8221;xs&#8221; link=&#8221;url:mailto%3Aemretas7753%40gmail.com|||&#8221;][\/vc_column_inner][vc_column_inner width=&#8221;1\/4&#8243;][vc_icon icon_fontawesome=&#8221;fa fa-linkedin-square&#8221; color=&#8221;chino&#8221; size=&#8221;xs&#8221; link=&#8221;url:https%3A%2F%2Fwww.linkedin.com%2Fin%2Femre-ta%25C5%259F-388767105%2F|||&#8221;][\/vc_column_inner][vc_column_inner width=&#8221;1\/4&#8243;][\/vc_column_inner][vc_column_inner width=&#8221;1\/4&#8243;][\/vc_column_inner][\/vc_row_inner][\/vc_column][vc_column width=&#8221;2\/3&#8243;][vc_column_text]<strong>Su, Kent ve Mit<\/strong>[\/vc_column_text][vc_column_text]Kenti \u201csu\u201d metaforu \u00fczerinden okumaya \u00e7al\u0131\u015farak kentsel mek\u00e2n i\u00e7in yamuk bir bak\u0131\u015f\u0131 tarif etmeye giri\u015fmek bu \u00e7al\u0131\u015fman\u0131n temel amac\u0131 oldu. Okuma Yalova\u2019 da bir su co\u011frafyas\u0131 \u00fczerine kurulu, g\u00fcn\u00fcm\u00fczde de faal olan \u00e7e\u015fitli su yap\u0131lar\u0131n\u0131n konumland\u0131\u011f\u0131\u00a0antik bir yerle\u015fime\u00a0bak\u0131yor.<\/p>\n<p>\u00c7al\u0131\u015fma b\u00f6lgeye ait s\u00f6zl\u00fc k\u00fclt\u00fcrde aktar\u0131la gelmi\u015f mitlerin tespiti ve bunlar\u0131n mek\u00e2nsal kar\u015f\u0131l\u0131klar\u0131n\u0131n tayini ile ba\u015fl\u0131yor. Ba\u015fta; kolektif bilincin \u00fcrete geldi\u011fi anlat\u0131lar\u0131 analiz etmek, insan zihninin nas\u0131l i\u015fledi\u011fine dair bilgileri su y\u00fczeyine \u00e7\u0131karmas\u0131 y\u00f6n\u00fcyle de\u011ferlidir. B\u00f6ylece insan\u0131n mek\u00e2nla olan \u00e7arp\u0131k ve ak\u0131l d\u0131\u015f\u0131 ili\u015fkisini a\u00e7\u0131\u011fa \u00e7\u0131karan veriler ortaya konabilecektir. Ard\u0131ndan mek\u00e2n\u0131n alg\u0131lan\u0131\u015f\u0131 ve \u00fcretimi \u00fczerine deneysel yapma y\u00f6ntemleri geli\u015ftirilerek elde edilen bilgiye eklemlenmesi ama\u00e7lanacak. Tarifi yap\u0131lan yamuk bak\u0131\u015f\u0131n &#8220;su mimarl\u0131\u011f\u0131n\u0131&#8221; kurman\u0131n\u00a0ve ifade etmenin y\u00f6ntemleri aranacakt\u0131r.<\/p>\n<p>Anahtar Kelimeler: Su, Panoptikon, Beden, Modernite, Yamuk Bakmak, Antikite, D\u00e9rive, Kolektif Bilin\u00e7, Arzu Mekan\u0131, Temsil, Kodlama[\/vc_column_text][vc_empty_space][vc_gallery interval=&#8221;10&#8243; images=&#8221;8657,8658,8660,8661,8662&#8243; img_size=&#8221;full&#8221;][\/vc_column][vc_column width=&#8221;1\/6&#8243;][vc_single_image image=&#8221;8664&#8243; img_size=&#8221;full&#8221; alignment=&#8221;center&#8221; style=&#8221;vc_box_border&#8221; onclick=&#8221;custom_link&#8221; img_link_target=&#8221;_blank&#8221;][vc_empty_space height=&#8221;16px&#8221;][vc_row_inner][vc_column_inner][vc_column_text][\/vc_column_text][\/vc_column_inner][\/vc_row_inner][vc_row_inner][vc_column_inner width=&#8221;2\/3&#8243;][vc_column_text]Proje videosunu izlemek i\u00e7in:[\/vc_column_text][\/vc_column_inner][vc_column_inner width=&#8221;1\/3&#8243;][vc_icon icon_fontawesome=&#8221;fa fa-video-camera&#8221; color=&#8221;chino&#8221; size=&#8221;sm&#8221; link=&#8221;url:https%3A%2F%2Fyoutu.be%2FyQul1x3C-Pc||target:%20_blank|&#8221;][\/vc_column_inner][\/vc_row_inner][\/vc_column][\/vc_row][\/vc_section]<\/p>\n<\/div>","protected":false},"excerpt":{"rendered":"<p>[vc_section][vc_row][vc_column width=&#8221;1\/6&#8243;][vc_single_image image=&#8221;8588&#8243; img_size=&#8221;large&#8221; alignment=&#8221;center&#8221;][vc_empty_space][vc_column_text]Emre Ta\u015f[\/vc_column_text][vc_empty_space height=&#8221;16px&#8221;][vc_column_text]Mimar Eski\u015fehir Osmangazi \u00dcniversitesi G\u00fcz 2020 Dan\u0131\u015fman: B\u00fc\u015fra Al &#8211; Sinan Logie[\/vc_column_text][vc_empty_space][vc_row_inner][vc_column_inner width=&#8221;1\/4&#8243;][vc_icon icon_fontawesome=&#8221;fa fa-envelope-o&#8221; color=&#8221;chino&#8221; size=&#8221;xs&#8221; link=&#8221;url:mailto%3Aemretas7753%40gmail.com|||&#8221;][\/vc_column_inner][vc_column_inner width=&#8221;1\/4&#8243;][vc_icon icon_fontawesome=&#8221;fa fa-linkedin-square&#8221; color=&#8221;chino&#8221; size=&#8221;xs&#8221; link=&#8221;url:https%3A%2F%2Fwww.linkedin.com%2Fin%2Femre-ta%25C5%259F-388767105%2F|||&#8221;][\/vc_column_inner][vc_column_inner [&hellip;]<\/p>\n","protected":false},"author":7,"featured_media":0,"parent":0,"menu_order":0,"comment_status":"closed","ping_status":"closed","template":"","meta":{"_acf_changed":false,"_seopress_robots_primary_cat":"","_seopress_titles_title":"Emre Ta\u015f: Su, Kent ve Mit | %%sitetitle%%","_seopress_titles_desc":"Kenti \u201csu\u201d metaforu \u00fczerinden okumaya \u00e7al\u0131\u015farak kentsel mek\u00e2n i\u00e7in yamuk bir bak\u0131\u015f\u0131 tarif etmeye giri\u015fmek bu \u00e7al\u0131\u015fman\u0131n temel amac\u0131 oldu. Okuma Yalova\u2019 da bir su co\u011frafyas\u0131 \u00fczerine kurulu, g\u00fcn\u00fcm\u00fczde de faal olan \u00e7e\u015fitli su yap\u0131lar\u0131n\u0131n konumland\u0131\u011f\u0131\u00a0antik bir yerle\u015fime\u00a0bak\u0131yor.","_seopress_robots_index":"","_price":"","_stock":"","_tribe_ticket_header":"","_tribe_default_ticket_provider":"","_tribe_ticket_capacity":"0","_ticket_start_date":"","_ticket_end_date":"","_tribe_ticket_show_description":"","_tribe_ticket_show_not_going":false,"_tribe_ticket_use_global_stock":"","_tribe_ticket_global_stock_level":"","_global_stock_mode":"","_global_stock_cap":"","_tribe_rsvp_for_event":"","_tribe_ticket_going_count":"","_tribe_ticket_not_going_count":"","_tribe_tickets_list":"[]","_tribe_ticket_has_attendee_info_fields":false,"_EventAllDay":false,"_EventTimezone":"","_EventStartDate":"","_EventEndDate":"","_EventStartDateUTC":"","_EventEndDateUTC":"","_EventShowMap":false,"_EventShowMapLink":false,"_EventURL":"","_EventCost":"","_EventCostDescription":"","_EventCurrencySymbol":"","_EventCurrencyCode":"","_EventCurrencyPosition":"","_EventDateTimeSeparator":"","_EventTimeRangeSeparator":"","_EventOrganizerID":[],"_EventVenueID":[],"_OrganizerEmail":"","_OrganizerPhone":"","_OrganizerWebsite":"","_VenueAddress":"","_VenueCity":"","_VenueCountry":"","_VenueProvince":"","_VenueState":"","_VenueZip":"","_VenuePhone":"","_VenueURL":"","_VenueStateProvince":"","_VenueLat":"","_VenueLng":"","_VenueShowMap":false,"_VenueShowMapLink":false,"footnotes":"","_tec_slr_enabled":"","_tec_slr_layout":""},"class_list":["post-8656","page","type-page","status-publish","hentry"],"acf":[],"ticketed":false,"_links":{"self":[{"href":"https:\/\/aura-istanbul.com\/index.php\/wp-json\/wp\/v2\/pages\/8656","targetHints":{"allow":["GET"]}}],"collection":[{"href":"https:\/\/aura-istanbul.com\/index.php\/wp-json\/wp\/v2\/pages"}],"about":[{"href":"https:\/\/aura-istanbul.com\/index.php\/wp-json\/wp\/v2\/types\/page"}],"author":[{"embeddable":true,"href":"https:\/\/aura-istanbul.com\/index.php\/wp-json\/wp\/v2\/users\/7"}],"replies":[{"embeddable":true,"href":"https:\/\/aura-istanbul.com\/index.php\/wp-json\/wp\/v2\/comments?post=8656"}],"version-history":[{"count":2,"href":"https:\/\/aura-istanbul.com\/index.php\/wp-json\/wp\/v2\/pages\/8656\/revisions"}],"predecessor-version":[{"id":8666,"href":"https:\/\/aura-istanbul.com\/index.php\/wp-json\/wp\/v2\/pages\/8656\/revisions\/8666"}],"wp:attachment":[{"href":"https:\/\/aura-istanbul.com\/index.php\/wp-json\/wp\/v2\/media?parent=8656"}],"curies":[{"name":"wp","href":"https:\/\/api.w.org\/{rel}","templated":true}]}}