{"id":8659,"date":"2021-02-25T15:52:07","date_gmt":"2021-02-25T12:52:07","guid":{"rendered":"https:\/\/aura-istanbul.com\/?page_id=8659"},"modified":"2021-02-25T15:52:07","modified_gmt":"2021-02-25T12:52:07","slug":"aura-alumni-hilal-nur-balkan","status":"publish","type":"page","link":"https:\/\/aura-istanbul.com\/index.php\/aura-alumni-hilal-nur-balkan\/","title":{"rendered":"AURA Alumni: Hilal Nur Balkan"},"content":{"rendered":"<div class=\"wpb-content-wrapper\"><p>[vc_section][vc_row][vc_column width=&#8221;1\/6&#8243;][vc_single_image image=&#8221;8667&#8243; img_size=&#8221;large&#8221; alignment=&#8221;center&#8221;][vc_empty_space][vc_column_text]<strong>Hilal Nur Balkan<\/strong>[\/vc_column_text][vc_empty_space height=&#8221;16px&#8221;][vc_column_text]Mimar<br \/>\nMimar Sinan G\u00fczel Sanatlar \u00dcniversitesi<\/p>\n<p>G\u00fcz 2020<br \/>\nDan\u0131\u015fman: B\u00fc\u015fra Al &#8211; Sinan Logie[\/vc_column_text][vc_empty_space][vc_row_inner][vc_column_inner width=&#8221;1\/4&#8243;][vc_icon icon_fontawesome=&#8221;fa fa-envelope-o&#8221; color=&#8221;chino&#8221; size=&#8221;xs&#8221; link=&#8221;url:mailto%3Ahilalbalkan2%40gmail.com||target:%20_blank|&#8221;][\/vc_column_inner][vc_column_inner width=&#8221;1\/4&#8243;][\/vc_column_inner][vc_column_inner width=&#8221;1\/4&#8243;][\/vc_column_inner][\/vc_row_inner][\/vc_column][vc_column width=&#8221;2\/3&#8243;][vc_column_text]<strong>Belle\u011fin Y\u0131k\u0131m\u0131; Y\u0131k\u0131m\u0131n Belle\u011fi, Tarlaba\u015f\u0131<\/strong>[\/vc_column_text][vc_column_text]Bu ara\u015ft\u0131rma projesinde, kentsel dokuda sosyal ve fiziksel olarak i\u00e7i bo\u015falt\u0131lm\u0131\u015f, terk edilmeye zorlanm\u0131\u015f, istimlak edilerek a\u00e7\u0131lan bo\u015fluklar\u0131n kentsel bellekteki s\u00fcreci g\u00f6zlemlenmi\u015ftir. Tarlaba\u015f\u0131 kentsel d\u00f6n\u00fc\u015f\u00fcm s\u00fcreci \u00f6zelinde, ili\u015fki a\u011flar\u0131n\u0131n, kentsel sistemin nas\u0131l etkilendi\u011fi, kamusal bo\u015fluklar\u0131n ve toplumsal ili\u015fkilerin de\u011fi\u015fimi \u00fczerinden bir inceleme hedeflenmi\u015ftir.<\/p>\n<p>Belle\u011fin y\u0131k\u0131m\u0131, zaman, mekan ve alg\u0131n\u0131n kolektif belle\u011fe d\u00f6n\u00fc\u015f\u00fcm\u00fc ve bu ili\u015fkilerden herhangi biri eksildi\u011finde s\u00fcrecin nas\u0131l i\u015fleyece\u011fi \u00fczerine bir incelemedir. Tarihsel s\u00fcre\u00e7te Tarlaba\u015f\u0131\u2019n\u0131n kentsel bellek olu\u015fumu ve kayb\u0131 de\u011ferlendirilmi\u015ftir.<\/p>\n<p>Y\u0131k\u0131m\u0131n belle\u011fi, uzayan y\u0131k\u0131m s\u00fcrecinin, kentsel bellekte nas\u0131l yer edindi\u011fi ve sosyal ya\u015fam\u0131n bu s\u00fcre\u00e7te nas\u0131l etkilendi\u011fini sorgulam\u0131\u015ft\u0131r. \u0130ncelemeler, izlenimler ve s\u00fcrece tan\u0131kl\u0131k sonras\u0131nda, kentsel d\u00f6n\u00fc\u015f\u00fcm ve belleksizle\u015ftirme ile ilgili bilinci a\u00e7\u0131k tutmak ve gelinen durumun sosyal, fiziksel ve toplumsal yans\u0131malar\u0131 vurgulanmak istenmektedir.<\/p>\n<p>Anahtar Kelimeler: Kentle\u015fme S\u00fcreci, Toplumsal Mekan, Biyo-iktidar, Kentsel Bellek, \u0130li\u015fki A\u011flar\u0131 Y\u0131k\u0131m \u0130mgeleri[\/vc_column_text][vc_empty_space][vc_gallery interval=&#8221;10&#8243; images=&#8221;8673,8672,8671,8670,8669&#8243; img_size=&#8221;full&#8221;][\/vc_column][vc_column width=&#8221;1\/6&#8243;][vc_single_image image=&#8221;8663&#8243; img_size=&#8221;full&#8221; alignment=&#8221;center&#8221; style=&#8221;vc_box_border&#8221; onclick=&#8221;custom_link&#8221; img_link_target=&#8221;_blank&#8221;][vc_empty_space height=&#8221;16px&#8221;][vc_row_inner][vc_column_inner][vc_column_text][\/vc_column_text][\/vc_column_inner][\/vc_row_inner][vc_empty_space height=&#8221;16px&#8221;][vc_row_inner][vc_column_inner width=&#8221;2\/3&#8243;][\/vc_column_inner][vc_column_inner width=&#8221;1\/3&#8243;][\/vc_column_inner][\/vc_row_inner][\/vc_column][\/vc_row][\/vc_section]<\/p>\n<\/div>","protected":false},"excerpt":{"rendered":"<p>[vc_section][vc_row][vc_column width=&#8221;1\/6&#8243;][vc_single_image image=&#8221;8667&#8243; img_size=&#8221;large&#8221; alignment=&#8221;center&#8221;][vc_empty_space][vc_column_text]Hilal Nur Balkan[\/vc_column_text][vc_empty_space height=&#8221;16px&#8221;][vc_column_text]Mimar Mimar Sinan G\u00fczel Sanatlar \u00dcniversitesi G\u00fcz 2020 Dan\u0131\u015fman: B\u00fc\u015fra Al &#8211; Sinan Logie[\/vc_column_text][vc_empty_space][vc_row_inner][vc_column_inner width=&#8221;1\/4&#8243;][vc_icon icon_fontawesome=&#8221;fa fa-envelope-o&#8221; color=&#8221;chino&#8221; size=&#8221;xs&#8221; link=&#8221;url:mailto%3Ahilalbalkan2%40gmail.com||target:%20_blank|&#8221;][\/vc_column_inner][vc_column_inner width=&#8221;1\/4&#8243;][\/vc_column_inner][vc_column_inner width=&#8221;1\/4&#8243;][\/vc_column_inner][\/vc_row_inner][\/vc_column][vc_column width=&#8221;2\/3&#8243;][vc_column_text]Belle\u011fin [&hellip;]<\/p>\n","protected":false},"author":7,"featured_media":0,"parent":0,"menu_order":0,"comment_status":"closed","ping_status":"closed","template":"","meta":{"_acf_changed":false,"_seopress_robots_primary_cat":"","_seopress_titles_title":"Hilal Nur Balkan: Belle\u011fin Y\u0131k\u0131m\u0131; Y\u0131k\u0131m\u0131n Belle\u011fi, Tarlaba\u015f\u0131 | %%sitetitle%%","_seopress_titles_desc":"Bu ara\u015ft\u0131rma projesinde, kentsel dokuda sosyal ve fiziksel olarak i\u00e7i bo\u015falt\u0131lm\u0131\u015f, terk edilmeye zorlanm\u0131\u015f, istimlak edilerek a\u00e7\u0131lan bo\u015fluklar\u0131n kentsel bellekteki s\u00fcreci g\u00f6zlemlenmi\u015ftir. Tarlaba\u015f\u0131 kentsel d\u00f6n\u00fc\u015f\u00fcm s\u00fcreci \u00f6zelinde, ili\u015fki a\u011flar\u0131n\u0131n, kentsel sistemin nas\u0131l etkilendi\u011fi, kamusal bo\u015fluklar\u0131n ve toplumsal ili\u015fkilerin de\u011fi\u015fimi \u00fczerinden bir inceleme hedeflenmi\u015ftir.","_seopress_robots_index":"","_price":"","_stock":"","_tribe_ticket_header":"","_tribe_default_ticket_provider":"","_tribe_ticket_capacity":"0","_ticket_start_date":"","_ticket_end_date":"","_tribe_ticket_show_description":"","_tribe_ticket_show_not_going":false,"_tribe_ticket_use_global_stock":"","_tribe_ticket_global_stock_level":"","_global_stock_mode":"","_global_stock_cap":"","_tribe_rsvp_for_event":"","_tribe_ticket_going_count":"","_tribe_ticket_not_going_count":"","_tribe_tickets_list":"[]","_tribe_ticket_has_attendee_info_fields":false,"_EventAllDay":false,"_EventTimezone":"","_EventStartDate":"","_EventEndDate":"","_EventStartDateUTC":"","_EventEndDateUTC":"","_EventShowMap":false,"_EventShowMapLink":false,"_EventURL":"","_EventCost":"","_EventCostDescription":"","_EventCurrencySymbol":"","_EventCurrencyCode":"","_EventCurrencyPosition":"","_EventDateTimeSeparator":"","_EventTimeRangeSeparator":"","_EventOrganizerID":[],"_EventVenueID":[],"_OrganizerEmail":"","_OrganizerPhone":"","_OrganizerWebsite":"","_VenueAddress":"","_VenueCity":"","_VenueCountry":"","_VenueProvince":"","_VenueState":"","_VenueZip":"","_VenuePhone":"","_VenueURL":"","_VenueStateProvince":"","_VenueLat":"","_VenueLng":"","_VenueShowMap":false,"_VenueShowMapLink":false,"footnotes":"","_tec_slr_enabled":"","_tec_slr_layout":""},"class_list":["post-8659","page","type-page","status-publish","hentry"],"acf":[],"ticketed":false,"_links":{"self":[{"href":"https:\/\/aura-istanbul.com\/index.php\/wp-json\/wp\/v2\/pages\/8659","targetHints":{"allow":["GET"]}}],"collection":[{"href":"https:\/\/aura-istanbul.com\/index.php\/wp-json\/wp\/v2\/pages"}],"about":[{"href":"https:\/\/aura-istanbul.com\/index.php\/wp-json\/wp\/v2\/types\/page"}],"author":[{"embeddable":true,"href":"https:\/\/aura-istanbul.com\/index.php\/wp-json\/wp\/v2\/users\/7"}],"replies":[{"embeddable":true,"href":"https:\/\/aura-istanbul.com\/index.php\/wp-json\/wp\/v2\/comments?post=8659"}],"version-history":[{"count":1,"href":"https:\/\/aura-istanbul.com\/index.php\/wp-json\/wp\/v2\/pages\/8659\/revisions"}],"predecessor-version":[{"id":8675,"href":"https:\/\/aura-istanbul.com\/index.php\/wp-json\/wp\/v2\/pages\/8659\/revisions\/8675"}],"wp:attachment":[{"href":"https:\/\/aura-istanbul.com\/index.php\/wp-json\/wp\/v2\/media?parent=8659"}],"curies":[{"name":"wp","href":"https:\/\/api.w.org\/{rel}","templated":true}]}}