{"id":8668,"date":"2021-02-25T15:55:41","date_gmt":"2021-02-25T12:55:41","guid":{"rendered":"https:\/\/aura-istanbul.com\/?page_id=8668"},"modified":"2021-02-26T14:03:29","modified_gmt":"2021-02-26T11:03:29","slug":"aura-alumni-liana-kuyumcuyan","status":"publish","type":"page","link":"https:\/\/aura-istanbul.com\/index.php\/aura-alumni-liana-kuyumcuyan\/","title":{"rendered":"AURA Alumni: Liana Kuyumcuyan"},"content":{"rendered":"<div class=\"wpb-content-wrapper\"><p>[vc_section][vc_row][vc_column width=&#8221;1\/6&#8243;][vc_single_image image=&#8221;8589&#8243; img_size=&#8221;large&#8221; alignment=&#8221;center&#8221;][vc_empty_space][vc_column_text]<strong>Liana Kuyumcuyan<\/strong>[\/vc_column_text][vc_empty_space height=&#8221;16px&#8221;][vc_column_text]End\u00fcstri \u00dcr\u00fcnleri Tasar\u0131mc\u0131s\u0131<br \/>\n\u0130stanbul Bilgi \u00dcniversitesi<\/p>\n<p>G\u00fcz 2020<br \/>\nDan\u0131\u015fman: B\u00fc\u015fra Al &#8211; Sinan Logie[\/vc_column_text][vc_empty_space][vc_row_inner][vc_column_inner width=&#8221;1\/4&#8243;][vc_icon icon_fontawesome=&#8221;fa fa-envelope-o&#8221; color=&#8221;chino&#8221; size=&#8221;xs&#8221; link=&#8221;url:mailto%3Alianakuyumcuyan%40gmail.com|||&#8221;][\/vc_column_inner][vc_column_inner width=&#8221;1\/4&#8243;][vc_icon icon_fontawesome=&#8221;fa fa-linkedin-square&#8221; color=&#8221;chino&#8221; size=&#8221;xs&#8221; link=&#8221;url:https%3A%2F%2Fwww.linkedin.com%2Fin%2Fliana-kuyumcuyan-651074b7%2F|||&#8221;][\/vc_column_inner][vc_column_inner width=&#8221;1\/4&#8243;][vc_icon icon_fontawesome=&#8221;fa fa-file-text&#8221; color=&#8221;chino&#8221; size=&#8221;xs&#8221; link=&#8221;url:https%3A%2F%2Fissuu.com%2Flianakuyumcuyan||target:%20_blank|&#8221;][\/vc_column_inner][vc_column_inner width=&#8221;1\/4&#8243;][\/vc_column_inner][\/vc_row_inner][\/vc_column][vc_column width=&#8221;2\/3&#8243;][vc_column_text]<strong>Politik Ara\u00e7 Olarak Mimari \u0130mge: Taksim \u00d6rne\u011fi<\/strong>[\/vc_column_text][vc_column_text]Taksim Meydan\u0131, T\u00fcrkiye\u2019nin Cumhuriyet rejimine ge\u00e7ti\u011fi d\u00f6nemde, \u00f6nceki sisteme kar\u015f\u0131 temiz bir sayfa a\u00e7mak \u00fczere tasarlanm\u0131\u015f bir aland\u0131r. \u0130stanbul\u2019un o y\u0131llarda var olan di\u011fer meydanlar\u0131na g\u00f6re Taksim\u2019in fark\u0131, yeni rejimin ideolojisini yans\u0131tacak bir yer olarak planlanmas\u0131nda ve burada kutlamalar ve toplanmalar\u0131n olaca\u011f\u0131 \u00f6ng\u00f6r\u00fclerek tasarlanm\u0131\u015f olmas\u0131nda yatar.<\/p>\n<p>Bu \u00e7al\u0131\u015fma, her d\u00f6nem devlet eliyle d\u00f6n\u00fc\u015fm\u00fc\u015f ve ulusal haf\u0131zaya farkl\u0131 \u015fekillerde kaz\u0131nm\u0131\u015f Taksim\u2019de bulunan ve bulunmayan, ancak izleri g\u00f6r\u00fcnen mimari imgelerin politik ara\u00e7 olarak nas\u0131l kullan\u0131ld\u0131\u011f\u0131n\u0131 kendi d\u00f6neminin tarihsel \u00e7er\u00e7evesinde anlamay\u0131 ama\u00e7lamaktad\u0131r.<\/p>\n<p>Devletin mimari ve kentsel \u00f6\u011feleri bir manip\u00fclasyon arac\u0131 olarak kullan\u0131\u015f\u0131n\u0131 anla\u015f\u0131l\u0131r k\u0131lmak i\u00e7in par\u00e7alar\u0131na ay\u0131rmak ve incelemek, g\u00fcndelik hayatta mek\u00e2n\u0131n kullan\u0131c\u0131lar\u0131n\u0131n da bu arac\u0131n nas\u0131l i\u015fledi\u011fini anlamalar\u0131nda yard\u0131mc\u0131 olmas\u0131 beklenmektedir.<\/p>\n<p>Anahtar Kelimeler: Taksim Meydan\u0131, Kentsel Mekan, Mimari \u0130mge, Kentsel \u0130mge, Kar\u015f\u0131tl\u0131k Mekan\u0131, Bak\u0131\u015f A\u00e7\u0131s\u0131[\/vc_column_text][vc_empty_space][vc_gallery interval=&#8221;10&#8243; images=&#8221;8676,8677,8678,8679,8680&#8243; img_size=&#8221;full&#8221;][\/vc_column][vc_column width=&#8221;1\/6&#8243;][vc_single_image image=&#8221;8674&#8243; img_size=&#8221;full&#8221; alignment=&#8221;center&#8221; style=&#8221;vc_box_border&#8221; onclick=&#8221;custom_link&#8221; img_link_target=&#8221;_blank&#8221;][vc_empty_space height=&#8221;16px&#8221;][vc_row_inner][vc_column_inner][vc_column_text][\/vc_column_text][\/vc_column_inner][\/vc_row_inner][vc_row_inner][vc_column_inner width=&#8221;1\/3&#8243;][\/vc_column_inner][\/vc_row_inner][\/vc_column][\/vc_row][\/vc_section]<\/p>\n<\/div>","protected":false},"excerpt":{"rendered":"<p>[vc_section][vc_row][vc_column width=&#8221;1\/6&#8243;][vc_single_image image=&#8221;8589&#8243; img_size=&#8221;large&#8221; alignment=&#8221;center&#8221;][vc_empty_space][vc_column_text]Liana Kuyumcuyan[\/vc_column_text][vc_empty_space height=&#8221;16px&#8221;][vc_column_text]End\u00fcstri \u00dcr\u00fcnleri Tasar\u0131mc\u0131s\u0131 \u0130stanbul Bilgi \u00dcniversitesi G\u00fcz 2020 Dan\u0131\u015fman: B\u00fc\u015fra Al &#8211; Sinan Logie[\/vc_column_text][vc_empty_space][vc_row_inner][vc_column_inner width=&#8221;1\/4&#8243;][vc_icon icon_fontawesome=&#8221;fa fa-envelope-o&#8221; color=&#8221;chino&#8221; size=&#8221;xs&#8221; link=&#8221;url:mailto%3Alianakuyumcuyan%40gmail.com|||&#8221;][\/vc_column_inner][vc_column_inner width=&#8221;1\/4&#8243;][vc_icon icon_fontawesome=&#8221;fa fa-linkedin-square&#8221; color=&#8221;chino&#8221; [&hellip;]<\/p>\n","protected":false},"author":7,"featured_media":0,"parent":0,"menu_order":0,"comment_status":"closed","ping_status":"closed","template":"","meta":{"_acf_changed":false,"_seopress_robots_primary_cat":"","_seopress_titles_title":"Liana Kuyumcuyan: Politik Ara\u00e7 Olarak Mimari \u0130mge: Taksim \u00d6rne\u011fi | %%sitetitle%%","_seopress_titles_desc":"Bu \u00e7al\u0131\u015fma, her d\u00f6nem devlet eliyle d\u00f6n\u00fc\u015fm\u00fc\u015f ve ulusal haf\u0131zaya farkl\u0131 \u015fekillerde kaz\u0131nm\u0131\u015f Taksim\u2019de bulunan ve bulunmayan, ancak izleri g\u00f6r\u00fcnen mimari imgelerin politik ara\u00e7 olarak nas\u0131l kullan\u0131ld\u0131\u011f\u0131n\u0131 kendi d\u00f6neminin tarihsel \u00e7er\u00e7evesinde anlamay\u0131 ama\u00e7lamaktad\u0131r.","_seopress_robots_index":"","_price":"","_stock":"","_tribe_ticket_header":"","_tribe_default_ticket_provider":"","_tribe_ticket_capacity":"0","_ticket_start_date":"","_ticket_end_date":"","_tribe_ticket_show_description":"","_tribe_ticket_show_not_going":false,"_tribe_ticket_use_global_stock":"","_tribe_ticket_global_stock_level":"","_global_stock_mode":"","_global_stock_cap":"","_tribe_rsvp_for_event":"","_tribe_ticket_going_count":"","_tribe_ticket_not_going_count":"","_tribe_tickets_list":"[]","_tribe_ticket_has_attendee_info_fields":false,"_EventAllDay":false,"_EventTimezone":"","_EventStartDate":"","_EventEndDate":"","_EventStartDateUTC":"","_EventEndDateUTC":"","_EventShowMap":false,"_EventShowMapLink":false,"_EventURL":"","_EventCost":"","_EventCostDescription":"","_EventCurrencySymbol":"","_EventCurrencyCode":"","_EventCurrencyPosition":"","_EventDateTimeSeparator":"","_EventTimeRangeSeparator":"","_EventOrganizerID":[],"_EventVenueID":[],"_OrganizerEmail":"","_OrganizerPhone":"","_OrganizerWebsite":"","_VenueAddress":"","_VenueCity":"","_VenueCountry":"","_VenueProvince":"","_VenueState":"","_VenueZip":"","_VenuePhone":"","_VenueURL":"","_VenueStateProvince":"","_VenueLat":"","_VenueLng":"","_VenueShowMap":false,"_VenueShowMapLink":false,"footnotes":"","_tec_slr_enabled":"","_tec_slr_layout":""},"class_list":["post-8668","page","type-page","status-publish","hentry"],"acf":[],"ticketed":false,"_links":{"self":[{"href":"https:\/\/aura-istanbul.com\/index.php\/wp-json\/wp\/v2\/pages\/8668","targetHints":{"allow":["GET"]}}],"collection":[{"href":"https:\/\/aura-istanbul.com\/index.php\/wp-json\/wp\/v2\/pages"}],"about":[{"href":"https:\/\/aura-istanbul.com\/index.php\/wp-json\/wp\/v2\/types\/page"}],"author":[{"embeddable":true,"href":"https:\/\/aura-istanbul.com\/index.php\/wp-json\/wp\/v2\/users\/7"}],"replies":[{"embeddable":true,"href":"https:\/\/aura-istanbul.com\/index.php\/wp-json\/wp\/v2\/comments?post=8668"}],"version-history":[{"count":2,"href":"https:\/\/aura-istanbul.com\/index.php\/wp-json\/wp\/v2\/pages\/8668\/revisions"}],"predecessor-version":[{"id":8759,"href":"https:\/\/aura-istanbul.com\/index.php\/wp-json\/wp\/v2\/pages\/8668\/revisions\/8759"}],"wp:attachment":[{"href":"https:\/\/aura-istanbul.com\/index.php\/wp-json\/wp\/v2\/media?parent=8668"}],"curies":[{"name":"wp","href":"https:\/\/api.w.org\/{rel}","templated":true}]}}