{"id":8682,"date":"2021-02-25T16:09:54","date_gmt":"2021-02-25T13:09:54","guid":{"rendered":"https:\/\/aura-istanbul.com\/?page_id=8682"},"modified":"2021-02-25T16:09:54","modified_gmt":"2021-02-25T13:09:54","slug":"aura-alumni-mine-ozturk","status":"publish","type":"page","link":"https:\/\/aura-istanbul.com\/index.php\/aura-alumni-mine-ozturk\/","title":{"rendered":"AURA Alumni: Mine \u00d6zt\u00fcrk"},"content":{"rendered":"<div class=\"wpb-content-wrapper\"><p>[vc_section][vc_row][vc_column width=&#8221;1\/6&#8243;][vc_single_image image=&#8221;8590&#8243; img_size=&#8221;large&#8221; alignment=&#8221;center&#8221;][vc_empty_space][vc_column_text]<strong>Mine \u00d6zt\u00fcrk<\/strong>[\/vc_column_text][vc_empty_space height=&#8221;16px&#8221;][vc_column_text]Mimar<br \/>\nDokuz Eyl\u00fcl \u00dcniversitesi<\/p>\n<p>G\u00fcz 2020<br \/>\nDan\u0131\u015fman: B\u00fc\u015fra Al &#8211; Sinan Logie[\/vc_column_text][vc_empty_space][vc_row_inner][vc_column_inner width=&#8221;1\/4&#8243;][vc_icon icon_fontawesome=&#8221;fa fa-envelope-o&#8221; color=&#8221;chino&#8221; size=&#8221;xs&#8221; link=&#8221;url:mailto%3Amineozturk1998%40gmail.com|||&#8221;][\/vc_column_inner][vc_column_inner width=&#8221;1\/4&#8243;][vc_icon icon_fontawesome=&#8221;fa fa-linkedin-square&#8221; color=&#8221;chino&#8221; size=&#8221;xs&#8221; link=&#8221;url:https%3A%2F%2Ftr.linkedin.com%2Fin%2Fmine-%25C3%25B6zt%25C3%25BCrk|||&#8221;][\/vc_column_inner][vc_column_inner width=&#8221;1\/4&#8243;][vc_icon icon_fontawesome=&#8221;fa fa-file-text&#8221; color=&#8221;chino&#8221; size=&#8221;xs&#8221; link=&#8221;url:https%3A%2F%2Fissuu.com%2Fmiineozturk||target:%20_blank|&#8221;][\/vc_column_inner][vc_column_inner width=&#8221;1\/4&#8243;][vc_icon icon_fontawesome=&#8221;fa fa-behance-square&#8221; color=&#8221;chino&#8221; size=&#8221;xs&#8221; link=&#8221;url:https%3A%2F%2Fwww.behance.net%2Fmineztrk|||&#8221;][\/vc_column_inner][\/vc_row_inner][\/vc_column][vc_column width=&#8221;2\/3&#8243;][vc_column_text]<strong>K\u0131rsalda Bo\u015flu\u011fun Devinimi<\/strong>[\/vc_column_text][vc_column_text]Bu \u00e7al\u0131\u015fmada; katmanl\u0131 k\u0131rsal yap\u0131 i\u00e7erisinde y\u00fcr\u00fcyerek farkl\u0131 ritimlerin de\u015fifre edilmesi ama\u00e7lanm\u0131\u015ft\u0131r.<\/p>\n<p>\u00c7al\u0131\u015fma, y\u00fcr\u00fcy\u00fc\u015f uygulamas\u0131n\u0131 hem bo\u015flu\u011fun de\u011fi\u015finimini g\u00f6zlemleme arac\u0131 hem de manzaray\u0131 s\u00fcrekli (yeniden) in\u015fa eden estetik bir uygulama olarak g\u00f6rmektedir. Bu ba\u011flamda \u00e7al\u0131\u015fman\u0131n ilk k\u0131sm\u0131, k\u0131rsalda bo\u015flu\u011fa dair bir bak\u0131\u015f kurmay\u0131 hedeflemektedir.<\/p>\n<p>\u0130kinci b\u00f6l\u00fcmde belli bir rota \u00fczerinde yap\u0131lan bir dizi g\u00fcnl\u00fck y\u00fcr\u00fcy\u00fc\u015f s\u0131ras\u0131nda toplanan \u00e7e\u015fitli verilerden yararlan\u0131larak bir anlat\u0131 olu\u015fturmaktad\u0131r. Sonu\u00e7 olarak, ara\u015ft\u0131rmalar do\u011frultusunda edinilen bilginin farkl\u0131 bak\u0131\u015f a\u00e7\u0131lar\u0131 ve zamansall\u0131k ile deneyimletilmesi ama\u00e7lanm\u0131\u015ft\u0131r. Belirlenen rota \u00fczerinde deneyimletilmesine olanak veren farkl\u0131 alt bo\u015fluklar ve deneyim alanlar\u0131 olu\u015fturan be\u015f adet mek\u00e2nsal kurgu olu\u015fturulmu\u015ftur.<\/p>\n<p>Anahtar Kelimeler: K\u0131rsal, Bo\u015fluk, Ritim, Devinim, Y\u00fcr\u00fcme, K\u0131rsal Okumas\u0131[\/vc_column_text][vc_empty_space][vc_gallery interval=&#8221;10&#8243; images=&#8221;8684,8685,8686,8687,8688&#8243; img_size=&#8221;full&#8221;][\/vc_column][vc_column width=&#8221;1\/6&#8243;][vc_single_image image=&#8221;8683&#8243; img_size=&#8221;full&#8221; alignment=&#8221;center&#8221; style=&#8221;vc_box_border&#8221; onclick=&#8221;custom_link&#8221; img_link_target=&#8221;_blank&#8221;][vc_empty_space height=&#8221;16px&#8221;][vc_row_inner][vc_column_inner][vc_column_text][\/vc_column_text][\/vc_column_inner][\/vc_row_inner][vc_row_inner][vc_column_inner width=&#8221;1\/3&#8243;][\/vc_column_inner][\/vc_row_inner][\/vc_column][\/vc_row][\/vc_section]<\/p>\n<\/div>","protected":false},"excerpt":{"rendered":"<p>[vc_section][vc_row][vc_column width=&#8221;1\/6&#8243;][vc_single_image image=&#8221;8590&#8243; img_size=&#8221;large&#8221; alignment=&#8221;center&#8221;][vc_empty_space][vc_column_text]Mine \u00d6zt\u00fcrk[\/vc_column_text][vc_empty_space height=&#8221;16px&#8221;][vc_column_text]Mimar Dokuz Eyl\u00fcl \u00dcniversitesi G\u00fcz 2020 Dan\u0131\u015fman: B\u00fc\u015fra Al &#8211; Sinan Logie[\/vc_column_text][vc_empty_space][vc_row_inner][vc_column_inner width=&#8221;1\/4&#8243;][vc_icon icon_fontawesome=&#8221;fa fa-envelope-o&#8221; color=&#8221;chino&#8221; size=&#8221;xs&#8221; link=&#8221;url:mailto%3Amineozturk1998%40gmail.com|||&#8221;][\/vc_column_inner][vc_column_inner width=&#8221;1\/4&#8243;][vc_icon icon_fontawesome=&#8221;fa fa-linkedin-square&#8221; color=&#8221;chino&#8221; size=&#8221;xs&#8221; link=&#8221;url:https%3A%2F%2Ftr.linkedin.com%2Fin%2Fmine-%25C3%25B6zt%25C3%25BCrk|||&#8221;][\/vc_column_inner][vc_column_inner [&hellip;]<\/p>\n","protected":false},"author":7,"featured_media":0,"parent":0,"menu_order":0,"comment_status":"closed","ping_status":"closed","template":"","meta":{"_acf_changed":false,"_seopress_robots_primary_cat":"","_seopress_titles_title":"Mine \u00d6zt\u00fcrk: K\u0131rsalda Bo\u015flu\u011fun Devinimi | %%sitetitle%%","_seopress_titles_desc":"Bu \u00e7al\u0131\u015fmada; katmanl\u0131 k\u0131rsal yap\u0131 i\u00e7erisinde y\u00fcr\u00fcyerek farkl\u0131 ritimlerin de\u015fifre edilmesi ama\u00e7lanm\u0131\u015ft\u0131r.\r\n\u00c7al\u0131\u015fma, y\u00fcr\u00fcy\u00fc\u015f uygulamas\u0131n\u0131 hem bo\u015flu\u011fun de\u011fi\u015finimini g\u00f6zlemleme arac\u0131 hem de manzaray\u0131 s\u00fcrekli (yeniden) in\u015fa eden estetik bir uygulama olarak g\u00f6rmektedir.","_seopress_robots_index":"","_price":"","_stock":"","_tribe_ticket_header":"","_tribe_default_ticket_provider":"","_tribe_ticket_capacity":"0","_ticket_start_date":"","_ticket_end_date":"","_tribe_ticket_show_description":"","_tribe_ticket_show_not_going":false,"_tribe_ticket_use_global_stock":"","_tribe_ticket_global_stock_level":"","_global_stock_mode":"","_global_stock_cap":"","_tribe_rsvp_for_event":"","_tribe_ticket_going_count":"","_tribe_ticket_not_going_count":"","_tribe_tickets_list":"[]","_tribe_ticket_has_attendee_info_fields":false,"_EventAllDay":false,"_EventTimezone":"","_EventStartDate":"","_EventEndDate":"","_EventStartDateUTC":"","_EventEndDateUTC":"","_EventShowMap":false,"_EventShowMapLink":false,"_EventURL":"","_EventCost":"","_EventCostDescription":"","_EventCurrencySymbol":"","_EventCurrencyCode":"","_EventCurrencyPosition":"","_EventDateTimeSeparator":"","_EventTimeRangeSeparator":"","_EventOrganizerID":[],"_EventVenueID":[],"_OrganizerEmail":"","_OrganizerPhone":"","_OrganizerWebsite":"","_VenueAddress":"","_VenueCity":"","_VenueCountry":"","_VenueProvince":"","_VenueState":"","_VenueZip":"","_VenuePhone":"","_VenueURL":"","_VenueStateProvince":"","_VenueLat":"","_VenueLng":"","_VenueShowMap":false,"_VenueShowMapLink":false,"footnotes":"","_tec_slr_enabled":"","_tec_slr_layout":""},"class_list":["post-8682","page","type-page","status-publish","hentry"],"acf":[],"ticketed":false,"_links":{"self":[{"href":"https:\/\/aura-istanbul.com\/index.php\/wp-json\/wp\/v2\/pages\/8682","targetHints":{"allow":["GET"]}}],"collection":[{"href":"https:\/\/aura-istanbul.com\/index.php\/wp-json\/wp\/v2\/pages"}],"about":[{"href":"https:\/\/aura-istanbul.com\/index.php\/wp-json\/wp\/v2\/types\/page"}],"author":[{"embeddable":true,"href":"https:\/\/aura-istanbul.com\/index.php\/wp-json\/wp\/v2\/users\/7"}],"replies":[{"embeddable":true,"href":"https:\/\/aura-istanbul.com\/index.php\/wp-json\/wp\/v2\/comments?post=8682"}],"version-history":[{"count":1,"href":"https:\/\/aura-istanbul.com\/index.php\/wp-json\/wp\/v2\/pages\/8682\/revisions"}],"predecessor-version":[{"id":8689,"href":"https:\/\/aura-istanbul.com\/index.php\/wp-json\/wp\/v2\/pages\/8682\/revisions\/8689"}],"wp:attachment":[{"href":"https:\/\/aura-istanbul.com\/index.php\/wp-json\/wp\/v2\/media?parent=8682"}],"curies":[{"name":"wp","href":"https:\/\/api.w.org\/{rel}","templated":true}]}}