{"id":8690,"date":"2021-02-25T16:31:39","date_gmt":"2021-02-25T13:31:39","guid":{"rendered":"https:\/\/aura-istanbul.com\/?page_id=8690"},"modified":"2021-02-25T16:31:39","modified_gmt":"2021-02-25T13:31:39","slug":"aura-alumni-mine-soyler","status":"publish","type":"page","link":"https:\/\/aura-istanbul.com\/index.php\/aura-alumni-mine-soyler\/","title":{"rendered":"AURA Alumni: Mine S\u00f6yler"},"content":{"rendered":"<div class=\"wpb-content-wrapper\"><p>[vc_section][vc_row][vc_column width=&#8221;1\/6&#8243;][vc_single_image image=&#8221;8591&#8243; img_size=&#8221;large&#8221; alignment=&#8221;center&#8221;][vc_empty_space][vc_column_text]<strong>Mine S\u00f6yler<\/strong>[\/vc_column_text][vc_empty_space height=&#8221;16px&#8221;][vc_column_text]Sanat Tarih\u00e7isi<br \/>\nHacettepe \u00dcniversitesi<\/p>\n<p>G\u00fcz 2020<br \/>\nDan\u0131\u015fman: B\u00fc\u015fra Al &#8211; Sinan Logie[\/vc_column_text][vc_empty_space][vc_row_inner][vc_column_inner width=&#8221;1\/4&#8243;][vc_icon icon_fontawesome=&#8221;fa fa-envelope-o&#8221; color=&#8221;chino&#8221; size=&#8221;xs&#8221; link=&#8221;url:mailto%3Amine.soyler%40gmail.com|||&#8221;][\/vc_column_inner][vc_column_inner width=&#8221;1\/4&#8243;][vc_icon icon_fontawesome=&#8221;fa fa-linkedin-square&#8221; color=&#8221;chino&#8221; size=&#8221;xs&#8221; link=&#8221;url:https%3A%2F%2Fwww.linkedin.com%2Fin%2Fmine-s%25C3%25B6yler-86a567ba%2F||target:%20_blank|&#8221;][\/vc_column_inner][vc_column_inner width=&#8221;1\/4&#8243;][\/vc_column_inner][vc_column_inner width=&#8221;1\/4&#8243;][\/vc_column_inner][\/vc_row_inner][\/vc_column][vc_column width=&#8221;2\/3&#8243;][vc_column_text]<strong>Tafon: Bir Bo\u015fluk \u00d6r\u00fcnt\u00fcs\u00fc<\/strong>[\/vc_column_text][vc_column_text]Proje, sanat tarih\u00e7isi, yer bilimci ve beden odakl\u0131 sanatsal yarat\u0131m kanallar\u0131 \u00fczerinde pratik ve teorik \u00e7al\u0131\u015fmalar s\u00fcrd\u00fcrmekte olan bir ara\u015ft\u0131rmac\u0131 perspektifi ile haz\u0131rlanm\u0131\u015ft\u0131r. Proje \u00f6nerisi geli\u015ftirilirken ara\u015ft\u0131rmac\u0131n\u0131n y\u00fcksek lisans tez \u00e7al\u0131\u015fmalar\u0131nda odaklanm\u0131\u015f oldu\u011fu konulardan kesitler se\u00e7ilmi\u015f ve bu kavramlar temel al\u0131nm\u0131\u015ft\u0131r. Kavramlar\u0131n sentezlerinden yola \u00e7\u0131k\u0131larak kurgu olu\u015fturulmu\u015ftur. Sergi, kolektif eylemlerden \u00f6r\u00fcnt\u00fclenen bir bo\u015fluk deneyimi olarak tasarlanm\u0131\u015f ve mek\u00e2nsal bir \u00f6r\u00fcnt\u00fc \u00f6nerisi ile diyalog kurucu bir rol \u00fcstlenmesi hedeflenmi\u015ftir.<\/p>\n<p>Proje kapsam\u0131nda bo\u015fluk, amorf ya da tan\u0131mlanm\u0131\u015f bir geometrik \u015fekli olan, bo\u015f kalm\u0131\u015f, bo\u015f b\u0131rak\u0131lm\u0131\u015f, bo\u015f k\u0131l\u0131nm\u0131\u015f, bo\u015f san\u0131lm\u0131\u015f ya da bo\u015f yap\u0131lm\u0131\u015f olan mekanlar ve anlar olarak ele al\u0131nmaktad\u0131r. Bir di\u011fer yan\u0131 ile yeni diyaloglar kurulmas\u0131n\u0131, yeni fikirler ve \u00fcretimlerin olu\u015fmas\u0131n\u0131 m\u00fcmk\u00fcn k\u0131labilecek olan yarat\u0131c\u0131 alanlar, bir an durup soluklanma hali, g\u00f6zlemleme f\u0131rsat\u0131 ve eyleme ge\u00e7ebilme olana\u011f\u0131 olarak tan\u0131mlanmaktad\u0131r.<\/p>\n<p>Anahtar Kelimeler: Bo\u015fluk, Tafon, Performans, G\u00fcnl\u00fck Ritim, \u00d6r\u00fcnt\u00fc, Diyalog, Kolektif Eylem, Kent, Beden, A\u011f[\/vc_column_text][vc_empty_space][vc_gallery interval=&#8221;10&#8243; images=&#8221;8693,8692,8695,8697,8696&#8243; img_size=&#8221;full&#8221;][\/vc_column][vc_column width=&#8221;1\/6&#8243;][vc_single_image image=&#8221;8691&#8243; img_size=&#8221;full&#8221; alignment=&#8221;center&#8221; style=&#8221;vc_box_border&#8221; onclick=&#8221;custom_link&#8221; img_link_target=&#8221;_blank&#8221;][vc_empty_space height=&#8221;16px&#8221;][vc_row_inner][vc_column_inner][vc_column_text][\/vc_column_text][\/vc_column_inner][\/vc_row_inner][vc_row_inner][vc_column_inner width=&#8221;1\/3&#8243;][\/vc_column_inner][\/vc_row_inner][\/vc_column][\/vc_row][\/vc_section]<\/p>\n<\/div>","protected":false},"excerpt":{"rendered":"<p>[vc_section][vc_row][vc_column width=&#8221;1\/6&#8243;][vc_single_image image=&#8221;8591&#8243; img_size=&#8221;large&#8221; alignment=&#8221;center&#8221;][vc_empty_space][vc_column_text]Mine S\u00f6yler[\/vc_column_text][vc_empty_space height=&#8221;16px&#8221;][vc_column_text]Sanat Tarih\u00e7isi Hacettepe \u00dcniversitesi G\u00fcz 2020 Dan\u0131\u015fman: B\u00fc\u015fra Al &#8211; Sinan Logie[\/vc_column_text][vc_empty_space][vc_row_inner][vc_column_inner width=&#8221;1\/4&#8243;][vc_icon icon_fontawesome=&#8221;fa fa-envelope-o&#8221; color=&#8221;chino&#8221; size=&#8221;xs&#8221; link=&#8221;url:mailto%3Amine.soyler%40gmail.com|||&#8221;][\/vc_column_inner][vc_column_inner width=&#8221;1\/4&#8243;][vc_icon icon_fontawesome=&#8221;fa fa-linkedin-square&#8221; color=&#8221;chino&#8221; size=&#8221;xs&#8221; link=&#8221;url:https%3A%2F%2Fwww.linkedin.com%2Fin%2Fmine-s%25C3%25B6yler-86a567ba%2F||target:%20_blank|&#8221;][\/vc_column_inner][vc_column_inner [&hellip;]<\/p>\n","protected":false},"author":7,"featured_media":0,"parent":0,"menu_order":0,"comment_status":"closed","ping_status":"closed","template":"","meta":{"_acf_changed":false,"_seopress_robots_primary_cat":"","_seopress_titles_title":"Mine S\u00f6yler: Tafon: Bir Bo\u015fluk \u00d6r\u00fcnt\u00fcs\u00fc | %%sitetitle%%","_seopress_titles_desc":"Proje, sanat tarih\u00e7isi, yer bilimci ve beden odakl\u0131 sanatsal yarat\u0131m kanallar\u0131 \u00fczerinde pratik ve teorik \u00e7al\u0131\u015fmalar s\u00fcrd\u00fcrmekte olan bir ara\u015ft\u0131rmac\u0131 perspektifi ile haz\u0131rlanm\u0131\u015ft\u0131r. Proje \u00f6nerisi geli\u015ftirilirken ara\u015ft\u0131rmac\u0131n\u0131n y\u00fcksek lisans tez \u00e7al\u0131\u015fmalar\u0131nda odaklanm\u0131\u015f oldu\u011fu konulardan kesitler se\u00e7ilmi\u015f ve bu kavramlar temel al\u0131nm\u0131\u015ft\u0131r. Kavramlar\u0131n sentezlerinden yola \u00e7\u0131k\u0131larak kurgu olu\u015fturulmu\u015ftur.","_seopress_robots_index":"","_price":"","_stock":"","_tribe_ticket_header":"","_tribe_default_ticket_provider":"","_tribe_ticket_capacity":"0","_ticket_start_date":"","_ticket_end_date":"","_tribe_ticket_show_description":"","_tribe_ticket_show_not_going":false,"_tribe_ticket_use_global_stock":"","_tribe_ticket_global_stock_level":"","_global_stock_mode":"","_global_stock_cap":"","_tribe_rsvp_for_event":"","_tribe_ticket_going_count":"","_tribe_ticket_not_going_count":"","_tribe_tickets_list":"[]","_tribe_ticket_has_attendee_info_fields":false,"_EventAllDay":false,"_EventTimezone":"","_EventStartDate":"","_EventEndDate":"","_EventStartDateUTC":"","_EventEndDateUTC":"","_EventShowMap":false,"_EventShowMapLink":false,"_EventURL":"","_EventCost":"","_EventCostDescription":"","_EventCurrencySymbol":"","_EventCurrencyCode":"","_EventCurrencyPosition":"","_EventDateTimeSeparator":"","_EventTimeRangeSeparator":"","_EventOrganizerID":[],"_EventVenueID":[],"_OrganizerEmail":"","_OrganizerPhone":"","_OrganizerWebsite":"","_VenueAddress":"","_VenueCity":"","_VenueCountry":"","_VenueProvince":"","_VenueState":"","_VenueZip":"","_VenuePhone":"","_VenueURL":"","_VenueStateProvince":"","_VenueLat":"","_VenueLng":"","_VenueShowMap":false,"_VenueShowMapLink":false,"footnotes":"","_tec_slr_enabled":"","_tec_slr_layout":""},"class_list":["post-8690","page","type-page","status-publish","hentry"],"acf":[],"ticketed":false,"_links":{"self":[{"href":"https:\/\/aura-istanbul.com\/index.php\/wp-json\/wp\/v2\/pages\/8690","targetHints":{"allow":["GET"]}}],"collection":[{"href":"https:\/\/aura-istanbul.com\/index.php\/wp-json\/wp\/v2\/pages"}],"about":[{"href":"https:\/\/aura-istanbul.com\/index.php\/wp-json\/wp\/v2\/types\/page"}],"author":[{"embeddable":true,"href":"https:\/\/aura-istanbul.com\/index.php\/wp-json\/wp\/v2\/users\/7"}],"replies":[{"embeddable":true,"href":"https:\/\/aura-istanbul.com\/index.php\/wp-json\/wp\/v2\/comments?post=8690"}],"version-history":[{"count":1,"href":"https:\/\/aura-istanbul.com\/index.php\/wp-json\/wp\/v2\/pages\/8690\/revisions"}],"predecessor-version":[{"id":8698,"href":"https:\/\/aura-istanbul.com\/index.php\/wp-json\/wp\/v2\/pages\/8690\/revisions\/8698"}],"wp:attachment":[{"href":"https:\/\/aura-istanbul.com\/index.php\/wp-json\/wp\/v2\/media?parent=8690"}],"curies":[{"name":"wp","href":"https:\/\/api.w.org\/{rel}","templated":true}]}}