{"id":9028,"date":"2021-08-16T10:53:16","date_gmt":"2021-08-16T07:53:16","guid":{"rendered":"https:\/\/aura-istanbul.com\/?page_id=9028"},"modified":"2025-09-23T20:21:25","modified_gmt":"2025-09-23T17:21:25","slug":"aura-alumni-beyza-nur-ozturk","status":"publish","type":"page","link":"https:\/\/aura-istanbul.com\/index.php\/aura-alumni-beyza-nur-ozturk\/","title":{"rendered":"AURA Alumni: Beyza Nur \u00d6zt\u00fcrk"},"content":{"rendered":"<div class=\"wpb-content-wrapper\"><p>[vc_section][vc_row][vc_column width=&#8221;1\/6&#8243;][vc_single_image image=&#8221;9034&#8243; img_size=&#8221;large&#8221; alignment=&#8221;center&#8221;][vc_empty_space][vc_column_text]<strong>Beyza Nur \u00d6zt\u00fcrk<\/strong>[\/vc_column_text][vc_empty_space height=&#8221;16px&#8221;][vc_column_text]Mimar<br \/>\nYeditepe \u00dcniversitesi<\/p>\n<p>Bahar 2021<br \/>\nDan\u0131\u015fman: Carlos Zarco Sanz &#8211; Zuhal Kol[\/vc_column_text][vc_empty_space][\/vc_column][vc_column width=&#8221;2\/3&#8243;][vc_column_text]<\/p>\n<p style=\"text-align: left;\"><strong>Kamusal ve Ekolojik D\u00f6ng\u00fcsel Yamalar<\/strong><\/p>\n<p>[\/vc_column_text][vc_column_text]Bu projenin ana sorunu \u0130stanbul\u2019da kamusal ye\u015fil alan problemi \u00fczerine ara\u015ft\u0131rmak, d\u00fc\u015f\u00fcnmek ve potansiyelleri ke\u015ffetmektir. Proje sadece Sultanbeyli \u00f6zelinde de\u011fil, kamusal ye\u015fil alan ve sosyal donat\u0131 konular\u0131nda \u0130stanbul\u2019un bir\u00e7ok yerinde kar\u015f\u0131la\u015ft\u0131\u011f\u0131m\u0131z benzer durumlar kar\u015f\u0131s\u0131nda kullan\u0131labilecek uyarlanabilir bir sistem \u00f6nerisini geli\u015ftirmeyi hedefler. \u0130stanbul genelinde yap\u0131lan ki\u015fi ba\u015f\u0131na d\u00fc\u015fen \u2018aktif ye\u015fil alan\u2019 ara\u015ft\u0131rmas\u0131ndan sonra, bu miktar\u0131n\u0131n 0.54 m\u00b2 oldu\u011fu Sultanbeyli \u00e7al\u0131\u015fma alan\u0131 olarak se\u00e7ilmi\u015ftir. \u0130ncelenen b\u00f6lgede ise \u00f6neri olarak mevcut dere aks\u0131 merkez olacak \u015fekilde, kademeli olarak ve farkl\u0131 y\u00f6ntemlerle derenin \u00f6zg\u00fcr b\u0131rak\u0131lmas\u0131 ve bu alanlar\u0131n kamusal ye\u015fil alan ve sosyal donat\u0131 kurgusuna kat\u0131lmas\u0131 hedeflenmi\u015ftir. Belirlenen m\u00fcdahalelerle kamusal ye\u015fil alan miktar\u0131n\u0131n 10 kat artmas\u0131 ve sosyal donat\u0131n\u0131n 2 kat artt\u0131r\u0131lmas\u0131 sa\u011flanabilir. \u00c7\u00fcnk\u00fc kamusal mekandan bahsederken, \u00f6zellikle kamusal ye\u015fil alanlardan sadece bug\u00fcn\u00fc ve ya\u015fad\u0131\u011f\u0131m\u0131z \u00e7evreyi d\u00fc\u015f\u00fcnemeyiz. Do\u011fal s\u0131n\u0131rlar bizim hayal edebilece\u011fimizden \u00e7ok daha g\u00fc\u00e7l\u00fc ve nesiller boyunca, bizden \u00f6nce de sonra da varl\u0131klar\u0131n\u0131 devam ettirecek olanlar. Konuya bu \u015fekilde bakarsak, bu alanlara yap\u0131lacak herhangi bir m\u00fcdahalenin, t\u00fcm siyasetten ve ideolojilerden ba\u011f\u0131ms\u0131z bir bilin\u00e7le t\u00fcm evren i\u00e7in, ge\u00e7mi\u015fler ve gelecek olanlar i\u00e7in d\u00fc\u015f\u00fcn\u00fclmesi gerekti\u011fi vurgulanmak ve olas\u0131l\u0131klar g\u00f6sterilmek istenmi\u015ftir. Do\u011fan\u0131n s\u00fcreklili\u011fi kamusal ya\u015fam\u0131n da s\u00fcreklili\u011fi de\u011fil midir?[\/vc_column_text][vc_empty_space][vc_gallery interval=&#8221;10&#8243; images=&#8221;9032,9029,9033,9030,9031&#8243; img_size=&#8221;full&#8221;][\/vc_column][vc_column width=&#8221;1\/6&#8243;][vc_single_image image=&#8221;9035&#8243; img_size=&#8221;full&#8221; alignment=&#8221;center&#8221; style=&#8221;vc_box_border&#8221; onclick=&#8221;custom_link&#8221; img_link_target=&#8221;_blank&#8221;][vc_empty_space height=&#8221;16px&#8221;][vc_row_inner][vc_column_inner][\/vc_column_inner][\/vc_row_inner][vc_row_inner][vc_column_inner width=&#8221;2\/3&#8243;][\/vc_column_inner][vc_column_inner width=&#8221;1\/3&#8243;][\/vc_column_inner][\/vc_row_inner][\/vc_column][\/vc_row][\/vc_section]<\/p>\n<\/div>","protected":false},"excerpt":{"rendered":"<p>[vc_section][vc_row][vc_column width=&#8221;1\/6&#8243;][vc_single_image image=&#8221;9034&#8243; img_size=&#8221;large&#8221; alignment=&#8221;center&#8221;][vc_empty_space][vc_column_text]Beyza Nur \u00d6zt\u00fcrk[\/vc_column_text][vc_empty_space height=&#8221;16px&#8221;][vc_column_text]Mimar Yeditepe \u00dcniversitesi Bahar 2021 Dan\u0131\u015fman: Carlos Zarco Sanz &#8211; Zuhal Kol[\/vc_column_text][vc_empty_space][\/vc_column][vc_column width=&#8221;2\/3&#8243;][vc_column_text] Kamusal ve Ekolojik D\u00f6ng\u00fcsel Yamalar [\/vc_column_text][vc_column_text]Bu projenin ana sorunu \u0130stanbul\u2019da [&hellip;]<\/p>\n","protected":false},"author":7,"featured_media":0,"parent":0,"menu_order":0,"comment_status":"closed","ping_status":"closed","template":"","meta":{"_acf_changed":false,"_seopress_robots_primary_cat":"","_seopress_titles_title":"Kamusal ve Ekolojik D\u00f6ng\u00fcsel Yamalar, Beyza Nur \u00d6zt\u00fcrk | %%sitetitle%%","_seopress_titles_desc":"Bu projenin ana sorunu \u0130stanbul\u2019da kamusal ye\u015fil alan problemi \u00fczerine ara\u015ft\u0131rmak, d\u00fc\u015f\u00fcnmek ve potansiyelleri ke\u015ffetmektir. Do\u011fan\u0131n s\u00fcreklili\u011fi kamusal ya\u015fam\u0131n da s\u00fcreklili\u011fi de\u011fil midir?","_seopress_robots_index":"","_price":"","_stock":"","_tribe_ticket_header":"","_tribe_default_ticket_provider":"","_tribe_ticket_capacity":"0","_ticket_start_date":"","_ticket_end_date":"","_tribe_ticket_show_description":"","_tribe_ticket_show_not_going":false,"_tribe_ticket_use_global_stock":"","_tribe_ticket_global_stock_level":"","_global_stock_mode":"","_global_stock_cap":"","_tribe_rsvp_for_event":"","_tribe_ticket_going_count":"","_tribe_ticket_not_going_count":"","_tribe_tickets_list":"[]","_tribe_ticket_has_attendee_info_fields":false,"_EventAllDay":false,"_EventTimezone":"","_EventStartDate":"","_EventEndDate":"","_EventStartDateUTC":"","_EventEndDateUTC":"","_EventShowMap":false,"_EventShowMapLink":false,"_EventURL":"","_EventCost":"","_EventCostDescription":"","_EventCurrencySymbol":"","_EventCurrencyCode":"","_EventCurrencyPosition":"","_EventDateTimeSeparator":"","_EventTimeRangeSeparator":"","_EventOrganizerID":[],"_EventVenueID":[],"_OrganizerEmail":"","_OrganizerPhone":"","_OrganizerWebsite":"","_VenueAddress":"","_VenueCity":"","_VenueCountry":"","_VenueProvince":"","_VenueState":"","_VenueZip":"","_VenuePhone":"","_VenueURL":"","_VenueStateProvince":"","_VenueLat":"","_VenueLng":"","_VenueShowMap":false,"_VenueShowMapLink":false,"footnotes":"","_tec_slr_enabled":"","_tec_slr_layout":""},"class_list":["post-9028","page","type-page","status-publish","hentry"],"acf":[],"ticketed":false,"_links":{"self":[{"href":"https:\/\/aura-istanbul.com\/index.php\/wp-json\/wp\/v2\/pages\/9028","targetHints":{"allow":["GET"]}}],"collection":[{"href":"https:\/\/aura-istanbul.com\/index.php\/wp-json\/wp\/v2\/pages"}],"about":[{"href":"https:\/\/aura-istanbul.com\/index.php\/wp-json\/wp\/v2\/types\/page"}],"author":[{"embeddable":true,"href":"https:\/\/aura-istanbul.com\/index.php\/wp-json\/wp\/v2\/users\/7"}],"replies":[{"embeddable":true,"href":"https:\/\/aura-istanbul.com\/index.php\/wp-json\/wp\/v2\/comments?post=9028"}],"version-history":[{"count":3,"href":"https:\/\/aura-istanbul.com\/index.php\/wp-json\/wp\/v2\/pages\/9028\/revisions"}],"predecessor-version":[{"id":15140,"href":"https:\/\/aura-istanbul.com\/index.php\/wp-json\/wp\/v2\/pages\/9028\/revisions\/15140"}],"wp:attachment":[{"href":"https:\/\/aura-istanbul.com\/index.php\/wp-json\/wp\/v2\/media?parent=9028"}],"curies":[{"name":"wp","href":"https:\/\/api.w.org\/{rel}","templated":true}]}}