{"id":9037,"date":"2021-08-16T10:56:47","date_gmt":"2021-08-16T07:56:47","guid":{"rendered":"https:\/\/aura-istanbul.com\/?page_id=9037"},"modified":"2025-09-23T20:21:50","modified_gmt":"2025-09-23T17:21:50","slug":"aura-alumni-demet-sati","status":"publish","type":"page","link":"https:\/\/aura-istanbul.com\/index.php\/aura-alumni-demet-sati\/","title":{"rendered":"AURA Alumni: Demet Sat\u0131"},"content":{"rendered":"<div class=\"wpb-content-wrapper\"><p>[vc_section][vc_row][vc_column width=&#8221;1\/6&#8243;][vc_single_image image=&#8221;9039&#8243; img_size=&#8221;large&#8221; alignment=&#8221;center&#8221;][vc_empty_space][vc_column_text]<strong>Demet Sat\u0131<\/strong>[\/vc_column_text][vc_empty_space height=&#8221;16px&#8221;][vc_column_text]Mimar<br \/>\nMimar Sinan G\u00fczel Sanatlar \u00dcniversitesi<\/p>\n<p>Bahar 2021<br \/>\nDan\u0131\u015fman: Tuna Han Ko\u00e7 &#8211; Zeynep Alt\u0131nba\u015fl\u0131[\/vc_column_text][vc_empty_space][\/vc_column][vc_column width=&#8221;2\/3&#8243;][vc_column_text]<\/p>\n<p style=\"text-align: left;\"><strong>Kent Deneyimi \u00dczerine Bir Y\u00f6ntem \u00d6nerisi: Zihinleme<\/strong><\/p>\n<p>[\/vc_column_text][vc_column_text]Calvino\u2019ya g\u00f6re, kenti kent yapan, onun i\u00e7inde anlat\u0131lan ve ya\u015fanan hik\u00e2yelerdir. Bundan hareketle \u00e7al\u0131\u015fma, yeni bir kent deneyimi y\u00f6ntemi \u00f6nerisi olan \u201czihinleme\u201dyi, \u0130stanbul\u2019a gezi amac\u0131yla gelmi\u015f iki arkada\u015f\u0131n hik\u00e2yesi \u00fczerinden anlat\u0131r. Bu iki arkada\u015f daha \u00f6nce \u0130stanbul\u2019a hi\u00e7 gitmeseler de s\u00fcrekli \u0130stanbul hakk\u0131nda okumalar yapm\u0131\u015flar ve \u0130stanbul\u2019u kendi zihinlerinde defalarca gezmi\u015flerdir. Bir g\u00fcn, art\u0131k \u0130stanbul\u2019a gitme vaktinin geldi\u011fine karar verirler ve kenti deneyimlemek \u00fczere \u0130stanbul\u2019a yola \u00e7\u0131karlar. Hik\u00e2yede, iki arkada\u015f\u0131n \u0130stanbul gezisi boyunca ya\u015fad\u0131klar\u0131, d\u00fc\u015f\u00fcnd\u00fckleri ve fark ettikleri \u00fczerinden; kent alg\u0131lar\u0131, deneyimleri, rastlant\u0131lar\u0131, bellekleri ve soyut ve somut olma durumlar\u0131, k\u0131saca, fiziksel bir mek\u00e2n olan kentle kurduklar\u0131 zihinsel ili\u015fkiler sorgulan\u0131r. Bu sorgulama biz okuyucular taraf\u0131ndan de\u011fil, karakterler taraf\u0131ndan yap\u0131l\u0131r. Kent deneyimi i\u00e7in ba\u015fka bir y\u00f6ntem olmas\u0131 gerekti\u011fini savunan iki arkada\u015f\u0131n maceras\u0131, \u201czihinleme\u201dyi ve bu y\u00f6ntem kullanarak olu\u015fturulmu\u015f \u201cMindCity\u201d mobil oyununu ke\u015ffetmeleriyle devam eder. Oyuncular\u0131n asl\u0131nda kentte \u00e7oktan var olan \u00fc\u00e7 farkl\u0131 rol aras\u0131nda s\u00fcrekli ge\u00e7i\u015f yapt\u0131\u011f\u0131 oyun; farkl\u0131 bak\u0131\u015f a\u00e7\u0131lar\u0131ndan kenti deneyimlemeye olanak tan\u0131r. MindCity arac\u0131l\u0131\u011f\u0131yla zihinlerde yarat\u0131lan \u0130stabullar aras\u0131nda seyahat eden oyuncu, kendi \u0130stanbul\u2019unu kuracak, onlar\u0131n \u0130stanbul\u2019unu gezecek ve bizim \u0130stanbul\u2019umuza dokunacakt\u0131r.[\/vc_column_text][vc_empty_space][vc_gallery interval=&#8221;10&#8243; images=&#8221;9320,9318,9321,9319,9322&#8243; img_size=&#8221;full&#8221;][\/vc_column][vc_column width=&#8221;1\/6&#8243;][vc_single_image image=&#8221;9038&#8243; img_size=&#8221;full&#8221; alignment=&#8221;center&#8221; style=&#8221;vc_box_border&#8221; onclick=&#8221;custom_link&#8221; img_link_target=&#8221;_blank&#8221;][vc_empty_space height=&#8221;16px&#8221;][vc_row_inner][vc_column_inner][\/vc_column_inner][\/vc_row_inner][vc_row_inner][vc_column_inner width=&#8221;2\/3&#8243;][\/vc_column_inner][vc_column_inner width=&#8221;1\/3&#8243;][\/vc_column_inner][\/vc_row_inner][\/vc_column][\/vc_row][\/vc_section]<\/p>\n<\/div>","protected":false},"excerpt":{"rendered":"<p>[vc_section][vc_row][vc_column width=&#8221;1\/6&#8243;][vc_single_image image=&#8221;9039&#8243; img_size=&#8221;large&#8221; alignment=&#8221;center&#8221;][vc_empty_space][vc_column_text]Demet Sat\u0131[\/vc_column_text][vc_empty_space height=&#8221;16px&#8221;][vc_column_text]Mimar Mimar Sinan G\u00fczel Sanatlar \u00dcniversitesi Bahar 2021 Dan\u0131\u015fman: Tuna Han Ko\u00e7 &#8211; Zeynep Alt\u0131nba\u015fl\u0131[\/vc_column_text][vc_empty_space][\/vc_column][vc_column width=&#8221;2\/3&#8243;][vc_column_text] Kent Deneyimi \u00dczerine Bir Y\u00f6ntem \u00d6nerisi: Zihinleme [\/vc_column_text][vc_column_text]Calvino\u2019ya [&hellip;]<\/p>\n","protected":false},"author":7,"featured_media":0,"parent":0,"menu_order":0,"comment_status":"closed","ping_status":"closed","template":"","meta":{"_acf_changed":false,"_seopress_robots_primary_cat":"","_seopress_titles_title":"Kent Deneyimi \u00dczerine Bir Y\u00f6ntem \u00d6nerisi: Zihinleme, Demet Sat\u0131 | %%sitetitle%%","_seopress_titles_desc":"Calvino\u2019ya g\u00f6re, kenti kent yapan, onun i\u00e7inde anlat\u0131lan ve ya\u015fanan hik\u00e2yelerdir. Bundan hareketle \u00e7al\u0131\u015fma, yeni bir kent deneyimi y\u00f6ntemi \u00f6nerisi olan \u201czihinleme\u201dyi, \u0130stanbul\u2019a gezi amac\u0131yla gelmi\u015f iki arkada\u015f\u0131n hik\u00e2yesi \u00fczerinden anlat\u0131r.","_seopress_robots_index":"","_price":"","_stock":"","_tribe_ticket_header":"","_tribe_default_ticket_provider":"","_tribe_ticket_capacity":"0","_ticket_start_date":"","_ticket_end_date":"","_tribe_ticket_show_description":"","_tribe_ticket_show_not_going":false,"_tribe_ticket_use_global_stock":"","_tribe_ticket_global_stock_level":"","_global_stock_mode":"","_global_stock_cap":"","_tribe_rsvp_for_event":"","_tribe_ticket_going_count":"","_tribe_ticket_not_going_count":"","_tribe_tickets_list":"[]","_tribe_ticket_has_attendee_info_fields":false,"_EventAllDay":false,"_EventTimezone":"","_EventStartDate":"","_EventEndDate":"","_EventStartDateUTC":"","_EventEndDateUTC":"","_EventShowMap":false,"_EventShowMapLink":false,"_EventURL":"","_EventCost":"","_EventCostDescription":"","_EventCurrencySymbol":"","_EventCurrencyCode":"","_EventCurrencyPosition":"","_EventDateTimeSeparator":"","_EventTimeRangeSeparator":"","_EventOrganizerID":[],"_EventVenueID":[],"_OrganizerEmail":"","_OrganizerPhone":"","_OrganizerWebsite":"","_VenueAddress":"","_VenueCity":"","_VenueCountry":"","_VenueProvince":"","_VenueState":"","_VenueZip":"","_VenuePhone":"","_VenueURL":"","_VenueStateProvince":"","_VenueLat":"","_VenueLng":"","_VenueShowMap":false,"_VenueShowMapLink":false,"footnotes":"","_tec_slr_enabled":"","_tec_slr_layout":""},"class_list":["post-9037","page","type-page","status-publish","hentry"],"acf":[],"ticketed":false,"_links":{"self":[{"href":"https:\/\/aura-istanbul.com\/index.php\/wp-json\/wp\/v2\/pages\/9037","targetHints":{"allow":["GET"]}}],"collection":[{"href":"https:\/\/aura-istanbul.com\/index.php\/wp-json\/wp\/v2\/pages"}],"about":[{"href":"https:\/\/aura-istanbul.com\/index.php\/wp-json\/wp\/v2\/types\/page"}],"author":[{"embeddable":true,"href":"https:\/\/aura-istanbul.com\/index.php\/wp-json\/wp\/v2\/users\/7"}],"replies":[{"embeddable":true,"href":"https:\/\/aura-istanbul.com\/index.php\/wp-json\/wp\/v2\/comments?post=9037"}],"version-history":[{"count":5,"href":"https:\/\/aura-istanbul.com\/index.php\/wp-json\/wp\/v2\/pages\/9037\/revisions"}],"predecessor-version":[{"id":15141,"href":"https:\/\/aura-istanbul.com\/index.php\/wp-json\/wp\/v2\/pages\/9037\/revisions\/15141"}],"wp:attachment":[{"href":"https:\/\/aura-istanbul.com\/index.php\/wp-json\/wp\/v2\/media?parent=9037"}],"curies":[{"name":"wp","href":"https:\/\/api.w.org\/{rel}","templated":true}]}}