{"id":9042,"date":"2021-08-16T10:57:46","date_gmt":"2021-08-16T07:57:46","guid":{"rendered":"https:\/\/aura-istanbul.com\/?page_id=9042"},"modified":"2025-09-23T20:20:29","modified_gmt":"2025-09-23T17:20:29","slug":"aura-alumni-deniz-koldas","status":"publish","type":"page","link":"https:\/\/aura-istanbul.com\/index.php\/aura-alumni-deniz-koldas\/","title":{"rendered":"AURA Alumni: Deniz Kolda\u015f"},"content":{"rendered":"<div class=\"wpb-content-wrapper\"><p>[vc_section][vc_row][vc_column width=&#8221;1\/6&#8243;][vc_single_image image=&#8221;9046&#8243; img_size=&#8221;large&#8221; alignment=&#8221;center&#8221;][vc_empty_space][vc_column_text]<strong>Deniz Kolda\u015f<\/strong>[\/vc_column_text][vc_empty_space height=&#8221;16px&#8221;][vc_column_text]\u0130\u00e7 Mimar<br \/>\n\u0130stanbul Teknik \u00dcniversitesi<\/p>\n<p>Bahar 2021<br \/>\nDan\u0131\u015fman: Carlos Zarco Sanz &#8211; Zuhal Kol[\/vc_column_text][vc_empty_space][\/vc_column][vc_column width=&#8221;2\/3&#8243;][vc_column_text]<\/p>\n<p style=\"text-align: left;\"><strong>Ev Gezmesi<\/strong><\/p>\n<p>[\/vc_column_text][vc_column_text]Proje temel olarak sokak ba\u011flam\u0131nda kentsel i\u00e7 mekan kapsam\u0131nda alg\u0131lanan, bireylerin konut yo\u011funluklu semtlerde bina \u00e7ekme mesafesinde kurgulad\u0131klar\u0131 mekansal manip\u00fclasyon yarat\u0131mlar\u0131n\u0131 tespit etmek, belgelemek ve aidiyet kavram\u0131 \u00fczerinden sorgulama \u00e7al\u0131\u015fmas\u0131d\u0131r. Proje \u00fcr\u00fcn\u00fc olarak yap\u0131lan mekansal manip\u00fclasyonlar\u0131n toplanmas\u0131, plan ve kesit d\u00fczlemlerinde ifade edilerek ar\u015fivlenmesi ve bir web sayfas\u0131 arac\u0131l\u0131\u011f\u0131yla yay\u0131nlanmas\u0131 \u015feklinde ilerler. Kentsel i\u00e7 mekan tan\u0131m\u0131 \u00fczerinden mekansal tan\u0131m olu\u015fturulur. Manip\u00fclasyonlar\u0131n hangi objeler ile nerede ve nas\u0131l kurgulanm\u0131\u015f oldu\u011fu tart\u0131\u015f\u0131l\u0131r ve mahremiyet kavram\u0131 \u00fczerinden aidiyet hissi sorgulan\u0131r. A\u015fa\u011f\u0131dan yukar\u0131 yap\u0131lm\u0131\u015f olan bu mekansal m\u00fcdahalelerin az\u0131msanamayacak d\u00fczeyde fazla olmas\u0131 durumu tespit edilir ve bu konuda benimsenen farkl\u0131 g\u00f6r\u00fc\u015flerden bahsedilir. Kurulan bu yar\u0131 mahrem mekanlar\u0131n \u00f6zellikleri, \u00f6znel olarak alg\u0131lanan etki alanlar\u0131n\u0131n s\u0131n\u0131rlar\u0131 ve alg\u0131lanan \u00fczerinden aidiyet kavram\u0131 sorgulan\u0131r.[\/vc_column_text][vc_empty_space][vc_gallery interval=&#8221;10&#8243; images=&#8221;9049,9051,9047,9050,9048&#8243; img_size=&#8221;full&#8221;][\/vc_column][vc_column width=&#8221;1\/6&#8243;][vc_single_image image=&#8221;9052&#8243; img_size=&#8221;full&#8221; alignment=&#8221;center&#8221; style=&#8221;vc_box_border&#8221; onclick=&#8221;custom_link&#8221; img_link_target=&#8221;_blank&#8221;][vc_empty_space height=&#8221;16px&#8221;][vc_row_inner][vc_column_inner][\/vc_column_inner][\/vc_row_inner][vc_row_inner][vc_column_inner width=&#8221;2\/3&#8243;][\/vc_column_inner][vc_column_inner width=&#8221;1\/3&#8243;][\/vc_column_inner][\/vc_row_inner][\/vc_column][\/vc_row][\/vc_section]<\/p>\n<\/div>","protected":false},"excerpt":{"rendered":"<p>[vc_section][vc_row][vc_column width=&#8221;1\/6&#8243;][vc_single_image image=&#8221;9046&#8243; img_size=&#8221;large&#8221; alignment=&#8221;center&#8221;][vc_empty_space][vc_column_text]Deniz Kolda\u015f[\/vc_column_text][vc_empty_space height=&#8221;16px&#8221;][vc_column_text]\u0130\u00e7 Mimar \u0130stanbul Teknik \u00dcniversitesi Bahar 2021 Dan\u0131\u015fman: Carlos Zarco Sanz &#8211; Zuhal Kol[\/vc_column_text][vc_empty_space][\/vc_column][vc_column width=&#8221;2\/3&#8243;][vc_column_text] Ev Gezmesi [\/vc_column_text][vc_column_text]Proje temel olarak sokak ba\u011flam\u0131nda kentsel i\u00e7 [&hellip;]<\/p>\n","protected":false},"author":7,"featured_media":0,"parent":0,"menu_order":0,"comment_status":"closed","ping_status":"closed","template":"","meta":{"_acf_changed":false,"_seopress_robots_primary_cat":"","_seopress_titles_title":"Ev Gezmesi, Deniz Kolda\u015f | %%sitetitle%%","_seopress_titles_desc":"Proje temel olarak sokak ba\u011flam\u0131nda kentsel i\u00e7 mekan kapsam\u0131nda alg\u0131lanan, bireylerin konut yo\u011funluklu semtlerde bina \u00e7ekme mesafesinde kurgulad\u0131klar\u0131 mekansal manip\u00fclasyon yarat\u0131mlar\u0131n\u0131 tespit etmek, belgelemek ve aidiyet kavram\u0131 \u00fczerinden sorgulama \u00e7al\u0131\u015fmas\u0131d\u0131r.","_seopress_robots_index":"","_price":"","_stock":"","_tribe_ticket_header":"","_tribe_default_ticket_provider":"","_tribe_ticket_capacity":"0","_ticket_start_date":"","_ticket_end_date":"","_tribe_ticket_show_description":"","_tribe_ticket_show_not_going":false,"_tribe_ticket_use_global_stock":"","_tribe_ticket_global_stock_level":"","_global_stock_mode":"","_global_stock_cap":"","_tribe_rsvp_for_event":"","_tribe_ticket_going_count":"","_tribe_ticket_not_going_count":"","_tribe_tickets_list":"[]","_tribe_ticket_has_attendee_info_fields":false,"_EventAllDay":false,"_EventTimezone":"","_EventStartDate":"","_EventEndDate":"","_EventStartDateUTC":"","_EventEndDateUTC":"","_EventShowMap":false,"_EventShowMapLink":false,"_EventURL":"","_EventCost":"","_EventCostDescription":"","_EventCurrencySymbol":"","_EventCurrencyCode":"","_EventCurrencyPosition":"","_EventDateTimeSeparator":"","_EventTimeRangeSeparator":"","_EventOrganizerID":[],"_EventVenueID":[],"_OrganizerEmail":"","_OrganizerPhone":"","_OrganizerWebsite":"","_VenueAddress":"","_VenueCity":"","_VenueCountry":"","_VenueProvince":"","_VenueState":"","_VenueZip":"","_VenuePhone":"","_VenueURL":"","_VenueStateProvince":"","_VenueLat":"","_VenueLng":"","_VenueShowMap":false,"_VenueShowMapLink":false,"footnotes":"","_tec_slr_enabled":"","_tec_slr_layout":""},"class_list":["post-9042","page","type-page","status-publish","hentry"],"acf":[],"ticketed":false,"_links":{"self":[{"href":"https:\/\/aura-istanbul.com\/index.php\/wp-json\/wp\/v2\/pages\/9042","targetHints":{"allow":["GET"]}}],"collection":[{"href":"https:\/\/aura-istanbul.com\/index.php\/wp-json\/wp\/v2\/pages"}],"about":[{"href":"https:\/\/aura-istanbul.com\/index.php\/wp-json\/wp\/v2\/types\/page"}],"author":[{"embeddable":true,"href":"https:\/\/aura-istanbul.com\/index.php\/wp-json\/wp\/v2\/users\/7"}],"replies":[{"embeddable":true,"href":"https:\/\/aura-istanbul.com\/index.php\/wp-json\/wp\/v2\/comments?post=9042"}],"version-history":[{"count":3,"href":"https:\/\/aura-istanbul.com\/index.php\/wp-json\/wp\/v2\/pages\/9042\/revisions"}],"predecessor-version":[{"id":15138,"href":"https:\/\/aura-istanbul.com\/index.php\/wp-json\/wp\/v2\/pages\/9042\/revisions\/15138"}],"wp:attachment":[{"href":"https:\/\/aura-istanbul.com\/index.php\/wp-json\/wp\/v2\/media?parent=9042"}],"curies":[{"name":"wp","href":"https:\/\/api.w.org\/{rel}","templated":true}]}}