{"id":9054,"date":"2021-08-16T10:59:05","date_gmt":"2021-08-16T07:59:05","guid":{"rendered":"https:\/\/aura-istanbul.com\/?page_id=9054"},"modified":"2025-09-23T20:20:17","modified_gmt":"2025-09-23T17:20:17","slug":"aura-alumni-ege-rafet-yaksi","status":"publish","type":"page","link":"https:\/\/aura-istanbul.com\/index.php\/aura-alumni-ege-rafet-yaksi\/","title":{"rendered":"AURA Alumni: Ege Rafet Yak\u015fi"},"content":{"rendered":"<div class=\"wpb-content-wrapper\"><p>[vc_section][vc_row][vc_column width=&#8221;1\/6&#8243;][vc_single_image image=&#8221;9061&#8243; img_size=&#8221;large&#8221; alignment=&#8221;center&#8221;][vc_empty_space][vc_column_text]<strong>Ege Rafet Yak\u015fi<\/strong>[\/vc_column_text][vc_empty_space height=&#8221;16px&#8221;][vc_column_text]Mimar<br \/>\n\u0130stanbul Bilgi \u00dcniversitesi<\/p>\n<p>Bahar 2021<br \/>\nDan\u0131\u015fman: Tuna Han Ko\u00e7 &#8211; Zeynep Alt\u0131nba\u015fl\u0131[\/vc_column_text][vc_empty_space][\/vc_column][vc_column width=&#8221;2\/3&#8243;][vc_column_text]<\/p>\n<p style=\"text-align: left;\"><strong>Ve Kente Bir \u201c\u015eey\u201d Olur: \u0130stanbul \u00dczerine Spek\u00fclatif Bir Senaryo<\/strong><\/p>\n<p>[\/vc_column_text][vc_column_text]Y\u0131llar i\u00e7inde artm\u0131\u015f olan n\u00fcfusun, 2020 y\u0131l\u0131 itibari ile azalmas\u0131 bize bir \u015feyler s\u00f6ylemek ister. \u0130stanbul art\u0131k b\u00fcy\u00fcmek istememektedir. Y\u0131llar i\u00e7erisinde yap\u0131lan \u201cyat\u0131r\u0131mlar\u201d bo\u015f kal\u0131r. \u00c7e\u015fitli biyopolitikalarla iz d\u00fc\u015f\u00fcm\u00fcn\u00fc artt\u0131rma \u00e7abas\u0131 verimli ve ekonomik de\u011fildir. B\u00fcy\u00fcme her an durabilece\u011fi gibi bir kriz sonucu k\u00fc\u00e7\u00fclme e\u011filimine de girebilir. Fakat krizlerden yeni bilgiler do\u011far. \u00d6rne\u011fin ya\u015fad\u0131\u011f\u0131m\u0131z pandemi s\u00fcreci ile bir\u00e7ok sekt\u00f6r uzaktan \u00e7al\u0131\u015fma s\u00fcrecine girer bu sayede \u0130stanbul\u2019da \u00e7al\u0131\u015fan bir ki\u015fi i\u015fini ba\u015fka bir \u015fehirde ya\u015fayarak s\u00fcrd\u00fcrebilir hale gelir. pandemi krizi bize bunun m\u00fcmk\u00fcn oldu\u011funu g\u00f6sterir. \u00c7\u00fcnk\u00fc insan bu krizle birlikte ya\u015famak zorunda kal\u0131r. Bu \u00e7al\u0131\u015fma Mega proje kavram\u0131n\u0131 bir iktidar arac\u0131 olmak \u00e7\u0131kar\u0131p kentin arzu-\u00fcre- timi g\u00fcc\u00fcn\u00fc elinden alan ve insanlar\u0131n farkl\u0131 bir \u015fekilde arzulamas\u0131n\u0131 sa\u011flayan \u201c\u015eey\u201d ad\u0131nda bir mega proje \u00fcretimi \u00fczerinden; monolit bir k\u00fctlenin \u0130stanbul\u2019da belirmesi \u00fczerinden yapar. Bu Mega proje devasa bir altyap\u0131d\u0131r. Kentin arzu \u00fcre- timi g\u00fcc\u00fcn\u00fc i\u015flevsiz k\u0131ld\u0131\u011f\u0131 i\u00e7in kent k\u00fc\u00e7\u00fclmeye ba\u015flar. Kent makroformunu kendi i\u00e7ine do\u011fru k\u00fc\u00e7\u00fclt\u00fcr. K\u00fc\u00e7\u00fclen kent do\u011fa taraf\u0131ndan tekrar ele ge\u00e7irilir. Kentten geriye sadece kendi i\u00e7inde \u00e7al\u0131\u015fabilen tak\u0131madalar kal\u0131r. \u201c\u015eey\u201d, \u0130stanbul\u2019un b\u00fcy\u00fcme s\u00fcrecini de i\u00e7ine alarak ile gelecekte olas\u0131 bir k\u00fc\u00e7\u00fclme senaryosu ile tek bir ana s\u0131k\u0131\u015ft\u0131ran bir kurgu \u00fcretir. \u201c\u015eey\u201d, d\u0131\u015far\u0131da kenti k\u00fc\u00e7\u00fclt\u00fcrken i\u00e7ine kentin hikayesini ironik bir \u015fekilde al\u0131r. \u015eey, G\u00f6rsel Bir Manifestodur. G\u00f6rsellerin kendi hikayeleri vard\u0131r. bu hikayeler \u0130stanbul\u2019un b\u00fcy\u00fcme hikayesini analojik anlat\u0131larla tersine \u00e7evirir. Kentin, herhangi bir olay sonucu k\u00fc\u00e7\u00fclebilece\u011fini konu edinir. bunu yaparken Kenti B\u00fcy\u00fctmeye \u00c7al\u0131\u015fan Mega projeleri ele\u015ftirir.[\/vc_column_text][vc_empty_space][vc_gallery interval=&#8221;10&#8243; images=&#8221;9074,9077,9075,9073,9076&#8243; img_size=&#8221;full&#8221;][\/vc_column][vc_column width=&#8221;1\/6&#8243;][vc_single_image image=&#8221;9062&#8243; img_size=&#8221;full&#8221; alignment=&#8221;center&#8221; style=&#8221;vc_box_border&#8221; onclick=&#8221;custom_link&#8221; img_link_target=&#8221;_blank&#8221;][vc_empty_space height=&#8221;16px&#8221;][vc_row_inner][vc_column_inner][\/vc_column_inner][\/vc_row_inner][vc_row_inner][vc_column_inner width=&#8221;2\/3&#8243;][\/vc_column_inner][vc_column_inner width=&#8221;1\/3&#8243;][\/vc_column_inner][\/vc_row_inner][\/vc_column][\/vc_row][\/vc_section]<\/p>\n<\/div>","protected":false},"excerpt":{"rendered":"<p>[vc_section][vc_row][vc_column width=&#8221;1\/6&#8243;][vc_single_image image=&#8221;9061&#8243; img_size=&#8221;large&#8221; alignment=&#8221;center&#8221;][vc_empty_space][vc_column_text]Ege Rafet Yak\u015fi[\/vc_column_text][vc_empty_space height=&#8221;16px&#8221;][vc_column_text]Mimar \u0130stanbul Bilgi \u00dcniversitesi Bahar 2021 Dan\u0131\u015fman: Tuna Han Ko\u00e7 &#8211; Zeynep Alt\u0131nba\u015fl\u0131[\/vc_column_text][vc_empty_space][\/vc_column][vc_column width=&#8221;2\/3&#8243;][vc_column_text] Ve Kente Bir \u201c\u015eey\u201d Olur: \u0130stanbul \u00dczerine Spek\u00fclatif Bir [&hellip;]<\/p>\n","protected":false},"author":7,"featured_media":0,"parent":0,"menu_order":0,"comment_status":"closed","ping_status":"closed","template":"","meta":{"_acf_changed":false,"_seopress_robots_primary_cat":"","_seopress_titles_title":"Ve Kente Bir \u201c\u015eey\u201d Olur: \u0130stanbul \u00dczerine Spek\u00fclatif Bir Senaryo, Ege Rafet Yak\u015fi | %%sitetitle%%","_seopress_titles_desc":"\u015eey, G\u00f6rsel Bir Manifestodur. G\u00f6rsellerin kendi hikayeleri vard\u0131r. bu hikayeler \u0130stanbul\u2019un b\u00fcy\u00fcme hikayesini analojik anlat\u0131larla tersine \u00e7evirir. Kentin, herhangi bir olay sonucu k\u00fc\u00e7\u00fclebilece\u011fini konu edinir. bunu yaparken Kenti B\u00fcy\u00fctmeye \u00c7al\u0131\u015fan Mega projeleri ele\u015ftirir.","_seopress_robots_index":"","_price":"","_stock":"","_tribe_ticket_header":"","_tribe_default_ticket_provider":"","_tribe_ticket_capacity":"0","_ticket_start_date":"","_ticket_end_date":"","_tribe_ticket_show_description":"","_tribe_ticket_show_not_going":false,"_tribe_ticket_use_global_stock":"","_tribe_ticket_global_stock_level":"","_global_stock_mode":"","_global_stock_cap":"","_tribe_rsvp_for_event":"","_tribe_ticket_going_count":"","_tribe_ticket_not_going_count":"","_tribe_tickets_list":"[]","_tribe_ticket_has_attendee_info_fields":false,"_EventAllDay":false,"_EventTimezone":"","_EventStartDate":"","_EventEndDate":"","_EventStartDateUTC":"","_EventEndDateUTC":"","_EventShowMap":false,"_EventShowMapLink":false,"_EventURL":"","_EventCost":"","_EventCostDescription":"","_EventCurrencySymbol":"","_EventCurrencyCode":"","_EventCurrencyPosition":"","_EventDateTimeSeparator":"","_EventTimeRangeSeparator":"","_EventOrganizerID":[],"_EventVenueID":[],"_OrganizerEmail":"","_OrganizerPhone":"","_OrganizerWebsite":"","_VenueAddress":"","_VenueCity":"","_VenueCountry":"","_VenueProvince":"","_VenueState":"","_VenueZip":"","_VenuePhone":"","_VenueURL":"","_VenueStateProvince":"","_VenueLat":"","_VenueLng":"","_VenueShowMap":false,"_VenueShowMapLink":false,"footnotes":"","_tec_slr_enabled":"","_tec_slr_layout":""},"class_list":["post-9054","page","type-page","status-publish","hentry"],"acf":[],"ticketed":false,"_links":{"self":[{"href":"https:\/\/aura-istanbul.com\/index.php\/wp-json\/wp\/v2\/pages\/9054","targetHints":{"allow":["GET"]}}],"collection":[{"href":"https:\/\/aura-istanbul.com\/index.php\/wp-json\/wp\/v2\/pages"}],"about":[{"href":"https:\/\/aura-istanbul.com\/index.php\/wp-json\/wp\/v2\/types\/page"}],"author":[{"embeddable":true,"href":"https:\/\/aura-istanbul.com\/index.php\/wp-json\/wp\/v2\/users\/7"}],"replies":[{"embeddable":true,"href":"https:\/\/aura-istanbul.com\/index.php\/wp-json\/wp\/v2\/comments?post=9054"}],"version-history":[{"count":3,"href":"https:\/\/aura-istanbul.com\/index.php\/wp-json\/wp\/v2\/pages\/9054\/revisions"}],"predecessor-version":[{"id":15137,"href":"https:\/\/aura-istanbul.com\/index.php\/wp-json\/wp\/v2\/pages\/9054\/revisions\/15137"}],"wp:attachment":[{"href":"https:\/\/aura-istanbul.com\/index.php\/wp-json\/wp\/v2\/media?parent=9054"}],"curies":[{"name":"wp","href":"https:\/\/api.w.org\/{rel}","templated":true}]}}