{"id":9064,"date":"2021-08-16T11:01:51","date_gmt":"2021-08-16T08:01:51","guid":{"rendered":"https:\/\/aura-istanbul.com\/?page_id=9064"},"modified":"2025-09-23T20:20:04","modified_gmt":"2025-09-23T17:20:04","slug":"aura-alumni-eren-caglar","status":"publish","type":"page","link":"https:\/\/aura-istanbul.com\/index.php\/aura-alumni-eren-caglar\/","title":{"rendered":"AURA Alumni: Eren \u00c7a\u011flar"},"content":{"rendered":"<div class=\"wpb-content-wrapper\"><p>[vc_section][vc_row][vc_column width=&#8221;1\/6&#8243;][vc_single_image image=&#8221;9065&#8243; img_size=&#8221;large&#8221; alignment=&#8221;center&#8221;][vc_empty_space][vc_column_text]<strong>Eren \u00c7a\u011flar<\/strong>[\/vc_column_text][vc_empty_space height=&#8221;16px&#8221;][vc_column_text]Mimar<br \/>\nMimar Sinan G\u00fczel Sanatlar \u00dcniversitesi<\/p>\n<p>Bahar 2021<br \/>\nDan\u0131\u015fman: Carlos Zarco Sanz &#8211; Zuhal Kol[\/vc_column_text][vc_empty_space][\/vc_column][vc_column width=&#8221;2\/3&#8243;][vc_column_text]<\/p>\n<p style=\"text-align: left;\"><strong>Politik Bir Eylem Olarak Mimarl\u0131k: Fark\u0131ndal\u0131k \u0130\u00e7in Tasarlamak<\/strong><\/p>\n<p>[\/vc_column_text][vc_column_text]Han, konaklama ve ticaret gibi farkl\u0131 i\u015flevleri bar\u0131nd\u0131ran, genellikle Orta Do\u011fu, Asya ve Kuzey Afrika\u2019da g\u00f6r\u00fclen tarihi bir yap\u0131 tipolojisidir. 15. y\u00fczy\u0131ldan g\u00fcn\u00fcm\u00fcz\u00fc kadar bu tipte yap\u0131lar\u0131n bir araya geldi\u011fi \u201c\u0130stanbul Hanlar B\u00f6lgesi\u201d kentsel bir miras alan\u0131d\u0131r. Fakat bu tarihi yap\u0131lar s\u00fcrekli de\u011fi\u015fen sosyal ve ekonomik ko\u015fullara adapte olamam\u0131\u015f ve yok olmaya ba\u015flam\u0131\u015ft\u0131r. Proje, ba\u015flang\u0131\u00e7ta bu yap\u0131 grubunun nas\u0131l tekrar kente kazand\u0131r\u0131laca\u011f\u0131na odaklanm\u0131\u015f olsa da kurtarma s\u00fcreci kamusal otoriteleri, koruma kurulunu, k\u00fclt\u00fcr bakanl\u0131\u011f\u0131n\u0131, m\u00fclk sahiplerini vb. bir\u00e7ok akt\u00f6r\u00fc i\u00e7eren restorasyon gibi geni\u015f \u00e7apl\u0131 bir m\u00fcdahalelere ihtiya\u00e7 duymaktad\u0131r. Bu m\u00fcdahale beraberinde uzun ve b\u00fcrokratik bir s\u00fcre\u00e7 getirmektedir. Fakat akt\u00f6rlerin bu problemle ilgili ortak bir kayg\u0131ya sahip olmamalar\u0131 nedeniyle bu uzun s\u00fcrecin ba\u015flamas\u0131 m\u00fcmk\u00fcn g\u00f6r\u00fcnmemektedir. Ara\u015ft\u0131rma s\u00fcrecinde ki bu saptamalarla birlikte proje, \u00f6ncelikli olarak problemle ilgili fark\u0131ndal\u0131\u011f\u0131 artt\u0131rmay\u0131 ama\u00e7lamaktad\u0131r. Dolay\u0131s\u0131yla mimarl\u0131k provokat\u00f6r bir araca, proje ise politik bir eyleme d\u00f6n\u00fc\u015f\u00fcr. Bu sebeple proje, ge\u00e7ici etkinlikler ve enstalasyonlar \u00fcreterek t\u00fcm akt\u00f6rleri bir araya getirmeyi ama\u00e7layan \u201cHan Zirvesi\u201d isimli politik bir etkinlik dizisi \u00f6nermektedir. Bu etkinlik bir hareket ba\u015flatmak ve uzun koruma s\u00fcrecinin ba\u015flang\u0131\u00e7 noktas\u0131 olmay\u0131 planlamaktad\u0131r.[\/vc_column_text][vc_empty_space][vc_gallery interval=&#8221;10&#8243; images=&#8221;9070,9068,9067,9069,9071&#8243; img_size=&#8221;full&#8221;][\/vc_column][vc_column width=&#8221;1\/6&#8243;][vc_single_image image=&#8221;9066&#8243; img_size=&#8221;full&#8221; alignment=&#8221;center&#8221; style=&#8221;vc_box_border&#8221; onclick=&#8221;custom_link&#8221; img_link_target=&#8221;_blank&#8221;][vc_empty_space height=&#8221;16px&#8221;][vc_row_inner][vc_column_inner][\/vc_column_inner][\/vc_row_inner][vc_row_inner][vc_column_inner width=&#8221;2\/3&#8243;][\/vc_column_inner][vc_column_inner width=&#8221;1\/3&#8243;][\/vc_column_inner][\/vc_row_inner][\/vc_column][\/vc_row][\/vc_section]<\/p>\n<\/div>","protected":false},"excerpt":{"rendered":"<p>[vc_section][vc_row][vc_column width=&#8221;1\/6&#8243;][vc_single_image image=&#8221;9065&#8243; img_size=&#8221;large&#8221; alignment=&#8221;center&#8221;][vc_empty_space][vc_column_text]Eren \u00c7a\u011flar[\/vc_column_text][vc_empty_space height=&#8221;16px&#8221;][vc_column_text]Mimar Mimar Sinan G\u00fczel Sanatlar \u00dcniversitesi Bahar 2021 Dan\u0131\u015fman: Carlos Zarco Sanz &#8211; Zuhal Kol[\/vc_column_text][vc_empty_space][\/vc_column][vc_column width=&#8221;2\/3&#8243;][vc_column_text] Politik Bir Eylem Olarak Mimarl\u0131k: Fark\u0131ndal\u0131k \u0130\u00e7in Tasarlamak [&hellip;]<\/p>\n","protected":false},"author":7,"featured_media":0,"parent":0,"menu_order":0,"comment_status":"closed","ping_status":"closed","template":"","meta":{"_acf_changed":false,"_seopress_robots_primary_cat":"","_seopress_titles_title":"Politik Bir Eylem Olarak Mimarl\u0131k: Fark\u0131ndal\u0131k \u0130\u00e7in Tasarlamak, Eren \u00c7a\u011flar | %%sitetitle%%","_seopress_titles_desc":"Proje, ge\u00e7ici etkinlikler ve enstalasyonlar \u00fcreterek t\u00fcm akt\u00f6rleri bir araya getirmeyi ama\u00e7layan \u201cHan Zirvesi\u201d isimli politik bir etkinlik dizisi \u00f6nermektedir. Bu etkinlik bir hareket ba\u015flatmak ve uzun koruma s\u00fcrecinin ba\u015flang\u0131\u00e7 noktas\u0131 olmay\u0131 planlamaktad\u0131r.","_seopress_robots_index":"","_price":"","_stock":"","_tribe_ticket_header":"","_tribe_default_ticket_provider":"","_tribe_ticket_capacity":"0","_ticket_start_date":"","_ticket_end_date":"","_tribe_ticket_show_description":"","_tribe_ticket_show_not_going":false,"_tribe_ticket_use_global_stock":"","_tribe_ticket_global_stock_level":"","_global_stock_mode":"","_global_stock_cap":"","_tribe_rsvp_for_event":"","_tribe_ticket_going_count":"","_tribe_ticket_not_going_count":"","_tribe_tickets_list":"[]","_tribe_ticket_has_attendee_info_fields":false,"_EventAllDay":false,"_EventTimezone":"","_EventStartDate":"","_EventEndDate":"","_EventStartDateUTC":"","_EventEndDateUTC":"","_EventShowMap":false,"_EventShowMapLink":false,"_EventURL":"","_EventCost":"","_EventCostDescription":"","_EventCurrencySymbol":"","_EventCurrencyCode":"","_EventCurrencyPosition":"","_EventDateTimeSeparator":"","_EventTimeRangeSeparator":"","_EventOrganizerID":[],"_EventVenueID":[],"_OrganizerEmail":"","_OrganizerPhone":"","_OrganizerWebsite":"","_VenueAddress":"","_VenueCity":"","_VenueCountry":"","_VenueProvince":"","_VenueState":"","_VenueZip":"","_VenuePhone":"","_VenueURL":"","_VenueStateProvince":"","_VenueLat":"","_VenueLng":"","_VenueShowMap":false,"_VenueShowMapLink":false,"footnotes":"","_tec_slr_enabled":"","_tec_slr_layout":""},"class_list":["post-9064","page","type-page","status-publish","hentry"],"acf":[],"ticketed":false,"_links":{"self":[{"href":"https:\/\/aura-istanbul.com\/index.php\/wp-json\/wp\/v2\/pages\/9064","targetHints":{"allow":["GET"]}}],"collection":[{"href":"https:\/\/aura-istanbul.com\/index.php\/wp-json\/wp\/v2\/pages"}],"about":[{"href":"https:\/\/aura-istanbul.com\/index.php\/wp-json\/wp\/v2\/types\/page"}],"author":[{"embeddable":true,"href":"https:\/\/aura-istanbul.com\/index.php\/wp-json\/wp\/v2\/users\/7"}],"replies":[{"embeddable":true,"href":"https:\/\/aura-istanbul.com\/index.php\/wp-json\/wp\/v2\/comments?post=9064"}],"version-history":[{"count":3,"href":"https:\/\/aura-istanbul.com\/index.php\/wp-json\/wp\/v2\/pages\/9064\/revisions"}],"predecessor-version":[{"id":15136,"href":"https:\/\/aura-istanbul.com\/index.php\/wp-json\/wp\/v2\/pages\/9064\/revisions\/15136"}],"wp:attachment":[{"href":"https:\/\/aura-istanbul.com\/index.php\/wp-json\/wp\/v2\/media?parent=9064"}],"curies":[{"name":"wp","href":"https:\/\/api.w.org\/{rel}","templated":true}]}}