{"id":9084,"date":"2021-08-16T11:15:28","date_gmt":"2021-08-16T08:15:28","guid":{"rendered":"https:\/\/aura-istanbul.com\/?page_id=9084"},"modified":"2025-09-23T20:19:41","modified_gmt":"2025-09-23T17:19:41","slug":"aura-alumni-evrim-elif-yurttas","status":"publish","type":"page","link":"https:\/\/aura-istanbul.com\/index.php\/aura-alumni-evrim-elif-yurttas\/","title":{"rendered":"AURA Alumni: Evrim Elif Yurtta\u015f"},"content":{"rendered":"<div class=\"wpb-content-wrapper\"><p>[vc_section][vc_row][vc_column width=&#8221;1\/6&#8243;][vc_single_image image=&#8221;9089&#8243; img_size=&#8221;large&#8221; alignment=&#8221;center&#8221;][vc_empty_space][vc_column_text]<strong>Evrim Elif Yurtta\u015f<\/strong>[\/vc_column_text][vc_empty_space height=&#8221;16px&#8221;][vc_column_text]Peyzaj Mimar\u0131<br \/>\n\u0130stanbul Teknik \u00dcniversitesi<\/p>\n<p>Bahar 2021<br \/>\nDan\u0131\u015fman: Carlos Zarco Sanz &#8211; Zuhal Kol[\/vc_column_text][vc_empty_space][\/vc_column][vc_column width=&#8221;2\/3&#8243;][vc_column_text]<\/p>\n<p style=\"text-align: left;\"><strong>Tozla\u015fma: Kentin Ekolojik ve Sosyal S\u00fcksesyonu<\/strong><\/p>\n<p>[\/vc_column_text][vc_column_text]Ge\u00e7mi\u015ften g\u00fcn\u00fcm\u00fcze insan-do\u011fa ili\u015fkisi, de\u011fi\u015fen zaman ve ya\u015fanan geli\u015fmeler ile bir i\u015fbirli\u011fi halinden t\u00fcm ko\u015fullara ve de\u011fi\u015fime kapal\u0131, insan\u0131n \u00fcst\u00fcnl\u00fck kurdu\u011fu bir sistem halini alm\u0131\u015ft\u0131r. Bu projede, bu iki sistemin birbirine kar\u0131\u015ft\u0131\u011f\u0131 kentlerde mevcut durumu okumak, insan-do\u011fa olarak ayr\u0131\u015fm\u0131\u015f bu d\u00fczenin asl\u0131nda ayn\u0131 ekosistemin par\u00e7alar\u0131 olarak i\u015fbirli\u011fi i\u00e7inde ya\u015fama olanaklar\u0131n\u0131 ara\u015ft\u0131rmak ama\u00e7lanm\u0131\u015ft\u0131r. Bu i\u015fbirli\u011fi \u00f6nerisine kentte hem ekolojik hem de sosyal tozla\u015fma temelli s\u00fcsksesyon stratejileri geli\u015ftirilmi\u015ftir. \u0130stanbul&#8217;un kuzey ormanlar\u0131 ile kent dokusunun kesi\u015fti\u011fi Ba\u015fak\u015fehir-Sultangazi b\u00f6lgesinde bir pilot proje ger\u00e7ekle\u015ftirilip \u00f6nerilerin bir emsal olu\u015fturmas\u0131 ve farkl\u0131 b\u00f6lgelere uyarlanabilir olmas\u0131 ama\u00e7lanm\u0131\u015ft\u0131r. Projede \u00f6l\u00e7ekler aras\u0131 ge\u00e7i\u015flerle s\u00fcre\u00e7 bazl\u0131 bir strateji geli\u015ftirilmi\u015ftir. Kuzey ormanlar\u0131ndan gelen tohum kayna\u011f\u0131n\u0131 kentin i\u00e7ine s\u0131zd\u0131rmak ad\u0131na orman dokusu potansiyel yeni alanlarla ba\u011flanm\u0131\u015f ve bunu takip eden tozla\u015fma rotalar\u0131 olu\u015fturulmu\u015ftur. Her \u00f6l\u00e7ekte bu ba\u011flant\u0131sall\u0131\u011fa hizmet eden yeni ekolojik d\u00fczenlemeler kent bo\u015fluklar\u0131na entegre edilmi\u015ftir. Sosyal tozla\u015fma i\u00e7in ise ekolojik altyap\u0131 ile beraber \u00e7al\u0131\u015fan ve bir mobil uygulama ile desteklenmi\u015f yeni karar alma bi\u00e7imleri, yeni bir araya geli\u015fler ve yeni ekopolitikalar i\u00e7eren bir kentsel ya\u015fant\u0131 \u00f6nerilmi\u015ftir.[\/vc_column_text][vc_empty_space][vc_gallery interval=&#8221;10&#8243; images=&#8221;9091,9095,9093,9094,9097&#8243; img_size=&#8221;full&#8221;][\/vc_column][vc_column width=&#8221;1\/6&#8243;][vc_single_image image=&#8221;9090&#8243; img_size=&#8221;full&#8221; alignment=&#8221;center&#8221; style=&#8221;vc_box_border&#8221; onclick=&#8221;custom_link&#8221; img_link_target=&#8221;_blank&#8221;][vc_empty_space height=&#8221;16px&#8221;][vc_row_inner][vc_column_inner][\/vc_column_inner][\/vc_row_inner][vc_row_inner][vc_column_inner width=&#8221;2\/3&#8243;][\/vc_column_inner][vc_column_inner width=&#8221;1\/3&#8243;][\/vc_column_inner][\/vc_row_inner][\/vc_column][\/vc_row][\/vc_section]<\/p>\n<\/div>","protected":false},"excerpt":{"rendered":"<p>[vc_section][vc_row][vc_column width=&#8221;1\/6&#8243;][vc_single_image image=&#8221;9089&#8243; img_size=&#8221;large&#8221; alignment=&#8221;center&#8221;][vc_empty_space][vc_column_text]Evrim Elif Yurtta\u015f[\/vc_column_text][vc_empty_space height=&#8221;16px&#8221;][vc_column_text]Peyzaj Mimar\u0131 \u0130stanbul Teknik \u00dcniversitesi Bahar 2021 Dan\u0131\u015fman: Carlos Zarco Sanz &#8211; Zuhal Kol[\/vc_column_text][vc_empty_space][\/vc_column][vc_column width=&#8221;2\/3&#8243;][vc_column_text] Tozla\u015fma: Kentin Ekolojik ve Sosyal S\u00fcksesyonu [\/vc_column_text][vc_column_text]Ge\u00e7mi\u015ften g\u00fcn\u00fcm\u00fcze [&hellip;]<\/p>\n","protected":false},"author":7,"featured_media":0,"parent":0,"menu_order":0,"comment_status":"closed","ping_status":"closed","template":"","meta":{"_acf_changed":false,"_seopress_robots_primary_cat":"","_seopress_titles_title":"Tozla\u015fma: Kentin Ekolojik ve Sosyal S\u00fcksesyonu, Evrim Elif Yurtta\u015f | %%sitetitle%%","_seopress_titles_desc":"Ge\u00e7mi\u015ften g\u00fcn\u00fcm\u00fcze insan-do\u011fa ili\u015fkisi, de\u011fi\u015fen zaman ve ya\u015fanan geli\u015fmeler ile bir i\u015fbirli\u011fi halinden t\u00fcm ko\u015fullara ve de\u011fi\u015fime kapal\u0131, insan\u0131n \u00fcst\u00fcnl\u00fck kurdu\u011fu bir sistem halini alm\u0131\u015ft\u0131r. Bu projede, bu iki sistemin birbirine kar\u0131\u015ft\u0131\u011f\u0131 kentlerde mevcut durumu okumak, insan-do\u011fa olarak ayr\u0131\u015fm\u0131\u015f bu d\u00fczenin asl\u0131nda ayn\u0131 ekosistemin par\u00e7alar\u0131 olarak i\u015fbirli\u011fi i\u00e7inde ya\u015fama olanaklar\u0131n\u0131 ara\u015ft\u0131rmak ama\u00e7lanm\u0131\u015ft\u0131r.","_seopress_robots_index":"","_price":"","_stock":"","_tribe_ticket_header":"","_tribe_default_ticket_provider":"","_tribe_ticket_capacity":"0","_ticket_start_date":"","_ticket_end_date":"","_tribe_ticket_show_description":"","_tribe_ticket_show_not_going":false,"_tribe_ticket_use_global_stock":"","_tribe_ticket_global_stock_level":"","_global_stock_mode":"","_global_stock_cap":"","_tribe_rsvp_for_event":"","_tribe_ticket_going_count":"","_tribe_ticket_not_going_count":"","_tribe_tickets_list":"[]","_tribe_ticket_has_attendee_info_fields":false,"_EventAllDay":false,"_EventTimezone":"","_EventStartDate":"","_EventEndDate":"","_EventStartDateUTC":"","_EventEndDateUTC":"","_EventShowMap":false,"_EventShowMapLink":false,"_EventURL":"","_EventCost":"","_EventCostDescription":"","_EventCurrencySymbol":"","_EventCurrencyCode":"","_EventCurrencyPosition":"","_EventDateTimeSeparator":"","_EventTimeRangeSeparator":"","_EventOrganizerID":[],"_EventVenueID":[],"_OrganizerEmail":"","_OrganizerPhone":"","_OrganizerWebsite":"","_VenueAddress":"","_VenueCity":"","_VenueCountry":"","_VenueProvince":"","_VenueState":"","_VenueZip":"","_VenuePhone":"","_VenueURL":"","_VenueStateProvince":"","_VenueLat":"","_VenueLng":"","_VenueShowMap":false,"_VenueShowMapLink":false,"footnotes":"","_tec_slr_enabled":"","_tec_slr_layout":""},"class_list":["post-9084","page","type-page","status-publish","hentry"],"acf":[],"ticketed":false,"_links":{"self":[{"href":"https:\/\/aura-istanbul.com\/index.php\/wp-json\/wp\/v2\/pages\/9084","targetHints":{"allow":["GET"]}}],"collection":[{"href":"https:\/\/aura-istanbul.com\/index.php\/wp-json\/wp\/v2\/pages"}],"about":[{"href":"https:\/\/aura-istanbul.com\/index.php\/wp-json\/wp\/v2\/types\/page"}],"author":[{"embeddable":true,"href":"https:\/\/aura-istanbul.com\/index.php\/wp-json\/wp\/v2\/users\/7"}],"replies":[{"embeddable":true,"href":"https:\/\/aura-istanbul.com\/index.php\/wp-json\/wp\/v2\/comments?post=9084"}],"version-history":[{"count":3,"href":"https:\/\/aura-istanbul.com\/index.php\/wp-json\/wp\/v2\/pages\/9084\/revisions"}],"predecessor-version":[{"id":15134,"href":"https:\/\/aura-istanbul.com\/index.php\/wp-json\/wp\/v2\/pages\/9084\/revisions\/15134"}],"wp:attachment":[{"href":"https:\/\/aura-istanbul.com\/index.php\/wp-json\/wp\/v2\/media?parent=9084"}],"curies":[{"name":"wp","href":"https:\/\/api.w.org\/{rel}","templated":true}]}}