{"id":9092,"date":"2021-08-16T11:16:42","date_gmt":"2021-08-16T08:16:42","guid":{"rendered":"https:\/\/aura-istanbul.com\/?page_id=9092"},"modified":"2025-09-23T20:19:30","modified_gmt":"2025-09-23T17:19:30","slug":"aura-alumni-gizem-caliskan","status":"publish","type":"page","link":"https:\/\/aura-istanbul.com\/index.php\/aura-alumni-gizem-caliskan\/","title":{"rendered":"AURA Alumni: Gizem \u00c7al\u0131\u015fkan"},"content":{"rendered":"<div class=\"wpb-content-wrapper\"><p>[vc_section][vc_row][vc_column width=&#8221;1\/6&#8243;][vc_single_image image=&#8221;9098&#8243; img_size=&#8221;large&#8221; alignment=&#8221;center&#8221;][vc_empty_space][vc_column_text]<strong>Gizem \u00c7al\u0131\u015fkan<\/strong>[\/vc_column_text][vc_empty_space height=&#8221;16px&#8221;][vc_column_text]Mimar<br \/>\n\u0130zmir Ekonomi \u00dcniversitesi<\/p>\n<p>Bahar 2021<br \/>\nDan\u0131\u015fman: Carlos Zarco Sanz &#8211; Zuhal Kol[\/vc_column_text][vc_empty_space][\/vc_column][vc_column width=&#8221;2\/3&#8243;][vc_column_text]<\/p>\n<p style=\"text-align: left;\"><strong>Gelece\u011fin Hikikomorileri: Topluma Geri D\u00f6n\u00fc\u015f<\/strong><\/p>\n<p>[\/vc_column_text][vc_column_text]Hikikomori terimi geri hareket etmek anlam\u0131na gelen hiki ve i\u00e7e d\u00f6nmek anlam\u0131na gelen komoru fiillerinden olu\u015fur. Bu bozukluk \u00e7o\u011funlukla hayattan kopmu\u015f, gizlenmi\u015f; g\u00fcnlerce, aylarca, hatta y\u0131llarca odalar\u0131nda ya\u015fayan ergenlik \u00e7a\u011f\u0131ndakileri ve gen\u00e7 yeti\u015fkinleri etkilemektedir. Hikikomori sebep oldu\u011fu yaln\u0131zl\u0131k ve izole olmak durumlar\u0131 do\u011frultusunda g\u00fcn\u00fcm\u00fcz bireylerinde de farkl\u0131 formlardaki tan\u0131mlarla kendini g\u00f6stermektedir. Bireyleri izole etti\u011fi d\u00fc\u015f\u00fcn\u00fclen dijital d\u00fcnyalar\u0131 kullanarak bireyi ger\u00e7ek hayata ve fiziksel mekanlara geri \u00e7a\u011f\u0131rmak m\u00fcmk\u00fcn m\u00fcd\u00fcr? sorusuna yan\u0131t arayarak ba\u015flayan ara\u015ft\u0131rma gelece\u011fin hikikomorileri olarak tan\u0131mlanan bireylerin, al\u0131\u015f\u0131k olduklar\u0131 bir mecra arac\u0131l\u0131\u011f\u0131yla a\u015famal\u0131 \u015fekilde topluma geri d\u00f6n\u00fc\u015f\u00fcne y\u00f6nelik bir denemeyi konu al\u0131r. Ara\u015ft\u0131rma boyunca yaln\u0131zl\u0131k ve s\u00fcre\u00e7 kavramlar\u0131n\u0131n ili\u015fkisi \u00fczerinde durulmu\u015ftur. Bu \u00e7al\u0131\u015fman\u0131n amac\u0131: Uyarlanabilir olma kavram\u0131 \u00fczerinden dijital ara y\u00fcz ile mek\u00e2nsal ara\u00e7 kombinasyonundan olu\u015fan bir alternatif \u00f6neri geli\u015ftirerek; fiziksel mek\u00e2n, sanal d\u00fcnya ve oyun kavram\u0131n\u0131n i\u00e7 i\u00e7e ge\u00e7mesi ve sosyal etkile\u015fimin artt\u0131r\u0131lmas\u0131na y\u00f6nelik bir kamusal a\u00e7\u0131k alan olan Bostanl\u0131 Sahili \u00fczerinde pilot \u00e7al\u0131\u015fmalar yapmakt\u0131r.[\/vc_column_text][vc_empty_space][vc_gallery interval=&#8221;10&#8243; images=&#8221;9100,9101,9102,9103,9104&#8243; img_size=&#8221;full&#8221;][\/vc_column][vc_column width=&#8221;1\/6&#8243;][vc_single_image image=&#8221;9105&#8243; img_size=&#8221;full&#8221; alignment=&#8221;center&#8221; style=&#8221;vc_box_border&#8221; onclick=&#8221;custom_link&#8221; img_link_target=&#8221;_blank&#8221;][vc_empty_space height=&#8221;16px&#8221;][vc_row_inner][vc_column_inner][\/vc_column_inner][\/vc_row_inner][vc_row_inner][vc_column_inner width=&#8221;2\/3&#8243;][\/vc_column_inner][vc_column_inner width=&#8221;1\/3&#8243;][\/vc_column_inner][\/vc_row_inner][\/vc_column][\/vc_row][\/vc_section]<\/p>\n<\/div>","protected":false},"excerpt":{"rendered":"<p>[vc_section][vc_row][vc_column width=&#8221;1\/6&#8243;][vc_single_image image=&#8221;9098&#8243; img_size=&#8221;large&#8221; alignment=&#8221;center&#8221;][vc_empty_space][vc_column_text]Gizem \u00c7al\u0131\u015fkan[\/vc_column_text][vc_empty_space height=&#8221;16px&#8221;][vc_column_text]Mimar \u0130zmir Ekonomi \u00dcniversitesi Bahar 2021 Dan\u0131\u015fman: Carlos Zarco Sanz &#8211; Zuhal Kol[\/vc_column_text][vc_empty_space][\/vc_column][vc_column width=&#8221;2\/3&#8243;][vc_column_text] Gelece\u011fin Hikikomorileri: Topluma Geri D\u00f6n\u00fc\u015f [\/vc_column_text][vc_column_text]Hikikomori terimi geri hareket etmek [&hellip;]<\/p>\n","protected":false},"author":7,"featured_media":0,"parent":0,"menu_order":0,"comment_status":"closed","ping_status":"closed","template":"","meta":{"_acf_changed":false,"_seopress_robots_primary_cat":"","_seopress_titles_title":"Gelece\u011fin Hikikomorileri: Topluma Geri D\u00f6n\u00fc\u015f, Gizem \u00c7al\u0131\u015fkan | %%sitetitle%%","_seopress_titles_desc":"Bu \u00e7al\u0131\u015fman\u0131n amac\u0131: Uyarlanabilir olma kavram\u0131 \u00fczerinden dijital ara y\u00fcz ile mek\u00e2nsal ara\u00e7 kombinasyonundan olu\u015fan bir alternatif \u00f6neri geli\u015ftirerek; fiziksel mek\u00e2n, sanal d\u00fcnya ve oyun kavram\u0131n\u0131n i\u00e7 i\u00e7e ge\u00e7mesi ve sosyal etkile\u015fimin artt\u0131r\u0131lmas\u0131na y\u00f6nelik bir kamusal a\u00e7\u0131k alan olan Bostanl\u0131 Sahili \u00fczerinde pilot \u00e7al\u0131\u015fmalar yapmakt\u0131r.","_seopress_robots_index":"","_price":"","_stock":"","_tribe_ticket_header":"","_tribe_default_ticket_provider":"","_tribe_ticket_capacity":"0","_ticket_start_date":"","_ticket_end_date":"","_tribe_ticket_show_description":"","_tribe_ticket_show_not_going":false,"_tribe_ticket_use_global_stock":"","_tribe_ticket_global_stock_level":"","_global_stock_mode":"","_global_stock_cap":"","_tribe_rsvp_for_event":"","_tribe_ticket_going_count":"","_tribe_ticket_not_going_count":"","_tribe_tickets_list":"[]","_tribe_ticket_has_attendee_info_fields":false,"_EventAllDay":false,"_EventTimezone":"","_EventStartDate":"","_EventEndDate":"","_EventStartDateUTC":"","_EventEndDateUTC":"","_EventShowMap":false,"_EventShowMapLink":false,"_EventURL":"","_EventCost":"","_EventCostDescription":"","_EventCurrencySymbol":"","_EventCurrencyCode":"","_EventCurrencyPosition":"","_EventDateTimeSeparator":"","_EventTimeRangeSeparator":"","_EventOrganizerID":[],"_EventVenueID":[],"_OrganizerEmail":"","_OrganizerPhone":"","_OrganizerWebsite":"","_VenueAddress":"","_VenueCity":"","_VenueCountry":"","_VenueProvince":"","_VenueState":"","_VenueZip":"","_VenuePhone":"","_VenueURL":"","_VenueStateProvince":"","_VenueLat":"","_VenueLng":"","_VenueShowMap":false,"_VenueShowMapLink":false,"footnotes":"","_tec_slr_enabled":"","_tec_slr_layout":""},"class_list":["post-9092","page","type-page","status-publish","hentry"],"acf":[],"ticketed":false,"_links":{"self":[{"href":"https:\/\/aura-istanbul.com\/index.php\/wp-json\/wp\/v2\/pages\/9092","targetHints":{"allow":["GET"]}}],"collection":[{"href":"https:\/\/aura-istanbul.com\/index.php\/wp-json\/wp\/v2\/pages"}],"about":[{"href":"https:\/\/aura-istanbul.com\/index.php\/wp-json\/wp\/v2\/types\/page"}],"author":[{"embeddable":true,"href":"https:\/\/aura-istanbul.com\/index.php\/wp-json\/wp\/v2\/users\/7"}],"replies":[{"embeddable":true,"href":"https:\/\/aura-istanbul.com\/index.php\/wp-json\/wp\/v2\/comments?post=9092"}],"version-history":[{"count":3,"href":"https:\/\/aura-istanbul.com\/index.php\/wp-json\/wp\/v2\/pages\/9092\/revisions"}],"predecessor-version":[{"id":15133,"href":"https:\/\/aura-istanbul.com\/index.php\/wp-json\/wp\/v2\/pages\/9092\/revisions\/15133"}],"wp:attachment":[{"href":"https:\/\/aura-istanbul.com\/index.php\/wp-json\/wp\/v2\/media?parent=9092"}],"curies":[{"name":"wp","href":"https:\/\/api.w.org\/{rel}","templated":true}]}}