{"id":9107,"date":"2021-08-16T11:17:33","date_gmt":"2021-08-16T08:17:33","guid":{"rendered":"https:\/\/aura-istanbul.com\/?page_id=9107"},"modified":"2025-09-23T20:18:52","modified_gmt":"2025-09-23T17:18:52","slug":"aura-alumni-halil-durmus","status":"publish","type":"page","link":"https:\/\/aura-istanbul.com\/index.php\/aura-alumni-halil-durmus\/","title":{"rendered":"AURA Alumni: Halil Durmu\u015f"},"content":{"rendered":"<div class=\"wpb-content-wrapper\"><p>[vc_section][vc_row][vc_column width=&#8221;1\/6&#8243;][vc_single_image image=&#8221;9113&#8243; img_size=&#8221;large&#8221; alignment=&#8221;center&#8221;][vc_empty_space][vc_column_text]<strong>Halil Durmu\u015f<\/strong>[\/vc_column_text][vc_empty_space height=&#8221;16px&#8221;][vc_column_text]Mimar<br \/>\n\u0130stanbul Teknik \u00dcniversitesi<\/p>\n<p>Bahar 2021<br \/>\nDan\u0131\u015fman: Tuna Han Ko\u00e7 &#8211; Zeynep Alt\u0131nba\u015fl\u0131[\/vc_column_text][vc_empty_space][\/vc_column][vc_column width=&#8221;2\/3&#8243;][vc_column_text]<\/p>\n<p style=\"text-align: left;\"><strong>Makine: K\u00fclt\u00fcrpark \u00dczerinden Mimarl\u0131\u011f\u0131n \u00d6znesini Yeniden D\u00fc\u015flemek<\/strong><\/p>\n<p>[\/vc_column_text][vc_column_text]\u0130zmir K\u00fclt\u00fcrpark alan\u0131 tarihsel s\u00fcre\u00e7 \u00fczerinden okundu\u011funda yerin varolu\u015f ve s\u00fcre\u011fen \u00f6znesinin insan oldu\u011funu kavr\u0131yoruz. Bu alan\u0131n olu\u015fumunda insan\u0131n kendisini ve yeri olu\u015fturma arzusunun her zaman var oldu\u011funu g\u00f6r\u00fcyoruz. Bu da tarihsel s\u00fcre\u00e7 boyunca insan\u0131n kendi izini yere b\u0131rakmas\u0131na yol a\u00e7m\u0131\u015ft\u0131r. \u0130nsan\u0131n konumunu belirleyen onun yere yapt\u0131\u011f\u0131 m\u00fcdahale ve izleri olmaktad\u0131r. Ancak gelecek teknolojik paradigmalar\u0131 ile ba\u015fat \u00f6zne olan insan bireyi konumunu koruyabilecek mi? Temel sorumuz gelecekteki yeni \u00f6znenin kim ya da ne olaca\u011f\u0131d\u0131r. Bu \u00f6znenin insan, do\u011fa ve teknoloji ara kesitinde yerini nas\u0131l kuraca\u011f\u0131d\u0131r. Art\u0131k K\u00fclt\u00fcrpark alan\u0131 eskiden oldu\u011fu gibi kent i\u00e7in bir odak alan\u0131 olamamaktad\u0131r. Bu sebeple park\u0131n tekrardan \u201ciyile\u015ftirilmesi\u201d s\u00f6z konusudur. (Tekeli,2016) Bu iyile\u015ftirme yine insan eliyle s\u00f6zde do\u011fa imaj\u0131yla kamuya sunulmaktad\u0131r. Burada devreye girecek olan \u015fey ise bir makinad\u0131r. Bu makina kendi d\u00fc\u015f\u00fcnme yap\u0131s\u0131 ile do\u011fa ile i\u015fbirlik\u00e7i bir \u015fekilde alanda yerini almaktad\u0131r. Bu makina insan merkezli d\u00fc\u015f\u00fcncenin aksine alan\u0131 de\u011fi\u015ftirmeden d\u00f6n\u00fc\u015ft\u00fcrmeyi \u00f6nermektedir. Bunu yeri kendi anlama sistemi \u00fczerinden ger\u00e7ekle\u015ftirmektedir.[\/vc_column_text][vc_empty_space][vc_gallery interval=&#8221;10&#8243; images=&#8221;9108,9109,9110,9111,9112&#8243; img_size=&#8221;full&#8221;][\/vc_column][vc_column width=&#8221;1\/6&#8243;][vc_single_image image=&#8221;9114&#8243; img_size=&#8221;full&#8221; alignment=&#8221;center&#8221; style=&#8221;vc_box_border&#8221; onclick=&#8221;custom_link&#8221; img_link_target=&#8221;_blank&#8221;][vc_empty_space height=&#8221;16px&#8221;][vc_row_inner][vc_column_inner][\/vc_column_inner][\/vc_row_inner][vc_row_inner][vc_column_inner width=&#8221;2\/3&#8243;][\/vc_column_inner][vc_column_inner width=&#8221;1\/3&#8243;][\/vc_column_inner][\/vc_row_inner][\/vc_column][\/vc_row][\/vc_section]<\/p>\n<\/div>","protected":false},"excerpt":{"rendered":"<p>[vc_section][vc_row][vc_column width=&#8221;1\/6&#8243;][vc_single_image image=&#8221;9113&#8243; img_size=&#8221;large&#8221; alignment=&#8221;center&#8221;][vc_empty_space][vc_column_text]Halil Durmu\u015f[\/vc_column_text][vc_empty_space height=&#8221;16px&#8221;][vc_column_text]Mimar \u0130stanbul Teknik \u00dcniversitesi Bahar 2021 Dan\u0131\u015fman: Tuna Han Ko\u00e7 &#8211; Zeynep Alt\u0131nba\u015fl\u0131[\/vc_column_text][vc_empty_space][\/vc_column][vc_column width=&#8221;2\/3&#8243;][vc_column_text] Makine: K\u00fclt\u00fcrpark \u00dczerinden Mimarl\u0131\u011f\u0131n \u00d6znesini Yeniden D\u00fc\u015flemek [\/vc_column_text][vc_column_text]\u0130zmir K\u00fclt\u00fcrpark alan\u0131 [&hellip;]<\/p>\n","protected":false},"author":7,"featured_media":0,"parent":0,"menu_order":0,"comment_status":"closed","ping_status":"closed","template":"","meta":{"_acf_changed":false,"_seopress_robots_primary_cat":"","_seopress_titles_title":"Makine: K\u00fclt\u00fcrpark \u00dczerinden Mimarl\u0131\u011f\u0131n \u00d6znesini Yeniden D\u00fc\u015flemek, Halil Durmu\u015f | %%sitetitle%%","_seopress_titles_desc":"\u0130nsan\u0131n konumunu belirleyen onun yere yapt\u0131\u011f\u0131 m\u00fcdahale ve izleri olmaktad\u0131r. Ancak gelecek teknolojik paradigmalar\u0131 ile ba\u015fat \u00f6zne olan insan bireyi konumunu koruyabilecek mi? Temel sorumuz gelecekteki yeni \u00f6znenin kim ya da ne olaca\u011f\u0131d\u0131r.","_seopress_robots_index":"","_price":"","_stock":"","_tribe_ticket_header":"","_tribe_default_ticket_provider":"","_tribe_ticket_capacity":"0","_ticket_start_date":"","_ticket_end_date":"","_tribe_ticket_show_description":"","_tribe_ticket_show_not_going":false,"_tribe_ticket_use_global_stock":"","_tribe_ticket_global_stock_level":"","_global_stock_mode":"","_global_stock_cap":"","_tribe_rsvp_for_event":"","_tribe_ticket_going_count":"","_tribe_ticket_not_going_count":"","_tribe_tickets_list":"[]","_tribe_ticket_has_attendee_info_fields":false,"_EventAllDay":false,"_EventTimezone":"","_EventStartDate":"","_EventEndDate":"","_EventStartDateUTC":"","_EventEndDateUTC":"","_EventShowMap":false,"_EventShowMapLink":false,"_EventURL":"","_EventCost":"","_EventCostDescription":"","_EventCurrencySymbol":"","_EventCurrencyCode":"","_EventCurrencyPosition":"","_EventDateTimeSeparator":"","_EventTimeRangeSeparator":"","_EventOrganizerID":[],"_EventVenueID":[],"_OrganizerEmail":"","_OrganizerPhone":"","_OrganizerWebsite":"","_VenueAddress":"","_VenueCity":"","_VenueCountry":"","_VenueProvince":"","_VenueState":"","_VenueZip":"","_VenuePhone":"","_VenueURL":"","_VenueStateProvince":"","_VenueLat":"","_VenueLng":"","_VenueShowMap":false,"_VenueShowMapLink":false,"footnotes":"","_tec_slr_enabled":"","_tec_slr_layout":""},"class_list":["post-9107","page","type-page","status-publish","hentry"],"acf":[],"ticketed":false,"_links":{"self":[{"href":"https:\/\/aura-istanbul.com\/index.php\/wp-json\/wp\/v2\/pages\/9107","targetHints":{"allow":["GET"]}}],"collection":[{"href":"https:\/\/aura-istanbul.com\/index.php\/wp-json\/wp\/v2\/pages"}],"about":[{"href":"https:\/\/aura-istanbul.com\/index.php\/wp-json\/wp\/v2\/types\/page"}],"author":[{"embeddable":true,"href":"https:\/\/aura-istanbul.com\/index.php\/wp-json\/wp\/v2\/users\/7"}],"replies":[{"embeddable":true,"href":"https:\/\/aura-istanbul.com\/index.php\/wp-json\/wp\/v2\/comments?post=9107"}],"version-history":[{"count":3,"href":"https:\/\/aura-istanbul.com\/index.php\/wp-json\/wp\/v2\/pages\/9107\/revisions"}],"predecessor-version":[{"id":15132,"href":"https:\/\/aura-istanbul.com\/index.php\/wp-json\/wp\/v2\/pages\/9107\/revisions\/15132"}],"wp:attachment":[{"href":"https:\/\/aura-istanbul.com\/index.php\/wp-json\/wp\/v2\/media?parent=9107"}],"curies":[{"name":"wp","href":"https:\/\/api.w.org\/{rel}","templated":true}]}}