{"id":9144,"date":"2021-08-16T11:28:13","date_gmt":"2021-08-16T08:28:13","guid":{"rendered":"https:\/\/aura-istanbul.com\/?page_id=9144"},"modified":"2025-09-23T20:17:43","modified_gmt":"2025-09-23T17:17:43","slug":"aura-alumni-ozlem-kayahan","status":"publish","type":"page","link":"https:\/\/aura-istanbul.com\/index.php\/aura-alumni-ozlem-kayahan\/","title":{"rendered":"AURA Alumni: \u00d6zlem Kayahan"},"content":{"rendered":"<div class=\"wpb-content-wrapper\"><p>[vc_section][vc_row][vc_column width=&#8221;1\/6&#8243;][vc_single_image image=&#8221;9163&#8243; img_size=&#8221;large&#8221; alignment=&#8221;center&#8221;][vc_empty_space][vc_column_text]<strong>\u00d6zlem Kayahan<\/strong>[\/vc_column_text][vc_empty_space height=&#8221;16px&#8221;][vc_column_text]Mimar<br \/>\nMimar Sinan G\u00fczel Sanatlar \u00dcniversitesi<\/p>\n<p>Bahar 2021<br \/>\nDan\u0131\u015fman: Carlos Zarco Sanz &#8211; Zuhal Kol[\/vc_column_text][vc_empty_space][\/vc_column][vc_column width=&#8221;2\/3&#8243;][vc_column_text]<\/p>\n<p style=\"text-align: left;\"><strong>\u0130stanbul\u2019da Kentsel Tar\u0131m\u0131n Sembol\u00fc Bostanlar ve Bostanlar\u0131n Kentte Yeniden Canland\u0131r\u0131lmas\u0131<\/strong><\/p>\n<p>[\/vc_column_text][vc_column_text]50\u2019lerden sonra modernist kentsel tasar\u0131mc\u0131lar kentleri zonlara ay\u0131r\u0131p \u00e7ekirdek-periferi modelini benimsemeye ba\u015flam\u0131\u015f. Bu model tar\u0131m aktivitesine g\u00f6lge d\u00fc\u015f\u00fcrm\u00fc\u015f ve tar\u0131m art\u0131k kent d\u0131\u015f\u0131 bir aktivite olarak g\u00f6r\u00fclmeye ba\u015flam\u0131\u015f. Kent zonlara ayr\u0131ld\u0131k\u00e7a tar\u0131m bilin\u00e7li veya bilin\u00e7siz bir \u015fekilde k\u0131rsala do\u011fru itilmeye ba\u015flam\u0131\u015f. Bunun sonucunda tar\u0131m alanlar\u0131n\u0131n, yap\u0131s\u0131, ba\u011flam\u0131 ve \u00f6l\u00e7e\u011fi de\u011fi\u015fmi\u015f. Geleneksel tar\u0131m y\u00f6ntemleri de yerini end\u00fcstriyel tar\u0131m y\u00f6ntemlerine b\u0131rakm\u0131\u015f ve b\u00f6ylelikle tar\u0131m do\u011faya zarar veren bir aktivite haline gelmi\u015f. \u0130stanbul\u2019da bu de\u011fi\u015fimi ge\u00e7ti\u011fimiz yar\u0131m y\u00fczy\u0131lda g\u00f6rmek m\u00fcmk\u00fcn bu y\u00fczden bu \u00e7al\u0131\u015fma eski bostanlar\u0131n da yer ald\u0131\u011f\u0131 \u0130stanbul\u2019un tarihi \u00e7ekirde\u011fine odaklanm\u0131\u015ft\u0131r. Kent b\u00fct\u00fcn insanc\u0131l veya insanc\u0131l olmayan aktiviteleri bir arada bar\u0131nd\u0131rmal\u0131 ve farkl\u0131 kar\u015f\u0131la\u015fmalara zemin olacak kendili\u011findenli\u011fe ve \u00e7e\u015fitlili\u011fe olanak vermelidir. \u0130stanbul gibi bir metropolde, tar\u0131m her zaman en birle\u015ftirici aktivitelerden biri olmu\u015f yine de g\u00fcn\u00fcm\u00fczde kentlerde varl\u0131\u011f\u0131n\u0131 yitirmi\u015ftir. Bostanlar\u0131n kentte yeniden canland\u0131r\u0131lmas\u0131 yitip giden aktiviteler yan\u0131nda yeni aktiviteler bar\u0131nd\u0131r\u0131p bunlar\u0131n yeni kente entegre olmas\u0131n\u0131 da sa\u011flayabilir. Do\u011fal ve bilimsel y\u00f6ntemler kullan\u0131larak Bostanlar kentin do\u011faya olan zarar\u0131n\u0131 daha aza indirgeme potansiyeline sahip.[\/vc_column_text][vc_empty_space][vc_gallery interval=&#8221;10&#8243; images=&#8221;9161,9160,9159,9157,9154&#8243; img_size=&#8221;full&#8221;][\/vc_column][vc_column width=&#8221;1\/6&#8243;][vc_single_image image=&#8221;9162&#8243; img_size=&#8221;full&#8221; alignment=&#8221;center&#8221; style=&#8221;vc_box_border&#8221; onclick=&#8221;custom_link&#8221; img_link_target=&#8221;_blank&#8221;][vc_empty_space height=&#8221;16px&#8221;][vc_row_inner][vc_column_inner][\/vc_column_inner][\/vc_row_inner][vc_row_inner][vc_column_inner width=&#8221;2\/3&#8243;][\/vc_column_inner][vc_column_inner width=&#8221;1\/3&#8243;][\/vc_column_inner][\/vc_row_inner][\/vc_column][\/vc_row][\/vc_section]<\/p>\n<\/div>","protected":false},"excerpt":{"rendered":"<p>[vc_section][vc_row][vc_column width=&#8221;1\/6&#8243;][vc_single_image image=&#8221;9163&#8243; img_size=&#8221;large&#8221; alignment=&#8221;center&#8221;][vc_empty_space][vc_column_text]\u00d6zlem Kayahan[\/vc_column_text][vc_empty_space height=&#8221;16px&#8221;][vc_column_text]Mimar Mimar Sinan G\u00fczel Sanatlar \u00dcniversitesi Bahar 2021 Dan\u0131\u015fman: Carlos Zarco Sanz &#8211; Zuhal Kol[\/vc_column_text][vc_empty_space][\/vc_column][vc_column width=&#8221;2\/3&#8243;][vc_column_text] \u0130stanbul\u2019da Kentsel Tar\u0131m\u0131n Sembol\u00fc Bostanlar ve Bostanlar\u0131n Kentte [&hellip;]<\/p>\n","protected":false},"author":7,"featured_media":0,"parent":0,"menu_order":0,"comment_status":"closed","ping_status":"closed","template":"","meta":{"_acf_changed":false,"_seopress_robots_primary_cat":"","_seopress_titles_title":"\u0130stanbul\u2019da Kentsel Tar\u0131m\u0131n Sembol\u00fc Bostanlar ve Bostanlar\u0131n Kentte Yeniden Canland\u0131r\u0131lmas\u0131, \u00d6zlem Kayahan | %%sitetitle%%","_seopress_titles_desc":"\u0130stanbul gibi bir metropolde, tar\u0131m her zaman en birle\u015ftirici aktivitelerden biri olmu\u015f yine de g\u00fcn\u00fcm\u00fczde kentlerde varl\u0131\u011f\u0131n\u0131 yitirmi\u015ftir. Bostanlar\u0131n kentte yeniden canland\u0131r\u0131lmas\u0131 yitip giden aktiviteler yan\u0131nda yeni aktiviteler bar\u0131nd\u0131r\u0131p bunlar\u0131n yeni kente entegre olmas\u0131n\u0131 da sa\u011flayabilir.","_seopress_robots_index":"","_price":"","_stock":"","_tribe_ticket_header":"","_tribe_default_ticket_provider":"","_tribe_ticket_capacity":"0","_ticket_start_date":"","_ticket_end_date":"","_tribe_ticket_show_description":"","_tribe_ticket_show_not_going":false,"_tribe_ticket_use_global_stock":"","_tribe_ticket_global_stock_level":"","_global_stock_mode":"","_global_stock_cap":"","_tribe_rsvp_for_event":"","_tribe_ticket_going_count":"","_tribe_ticket_not_going_count":"","_tribe_tickets_list":"[]","_tribe_ticket_has_attendee_info_fields":false,"_EventAllDay":false,"_EventTimezone":"","_EventStartDate":"","_EventEndDate":"","_EventStartDateUTC":"","_EventEndDateUTC":"","_EventShowMap":false,"_EventShowMapLink":false,"_EventURL":"","_EventCost":"","_EventCostDescription":"","_EventCurrencySymbol":"","_EventCurrencyCode":"","_EventCurrencyPosition":"","_EventDateTimeSeparator":"","_EventTimeRangeSeparator":"","_EventOrganizerID":[],"_EventVenueID":[],"_OrganizerEmail":"","_OrganizerPhone":"","_OrganizerWebsite":"","_VenueAddress":"","_VenueCity":"","_VenueCountry":"","_VenueProvince":"","_VenueState":"","_VenueZip":"","_VenuePhone":"","_VenueURL":"","_VenueStateProvince":"","_VenueLat":"","_VenueLng":"","_VenueShowMap":false,"_VenueShowMapLink":false,"footnotes":"","_tec_slr_enabled":"","_tec_slr_layout":""},"class_list":["post-9144","page","type-page","status-publish","hentry"],"acf":[],"ticketed":false,"_links":{"self":[{"href":"https:\/\/aura-istanbul.com\/index.php\/wp-json\/wp\/v2\/pages\/9144","targetHints":{"allow":["GET"]}}],"collection":[{"href":"https:\/\/aura-istanbul.com\/index.php\/wp-json\/wp\/v2\/pages"}],"about":[{"href":"https:\/\/aura-istanbul.com\/index.php\/wp-json\/wp\/v2\/types\/page"}],"author":[{"embeddable":true,"href":"https:\/\/aura-istanbul.com\/index.php\/wp-json\/wp\/v2\/users\/7"}],"replies":[{"embeddable":true,"href":"https:\/\/aura-istanbul.com\/index.php\/wp-json\/wp\/v2\/comments?post=9144"}],"version-history":[{"count":5,"href":"https:\/\/aura-istanbul.com\/index.php\/wp-json\/wp\/v2\/pages\/9144\/revisions"}],"predecessor-version":[{"id":15127,"href":"https:\/\/aura-istanbul.com\/index.php\/wp-json\/wp\/v2\/pages\/9144\/revisions\/15127"}],"wp:attachment":[{"href":"https:\/\/aura-istanbul.com\/index.php\/wp-json\/wp\/v2\/media?parent=9144"}],"curies":[{"name":"wp","href":"https:\/\/api.w.org\/{rel}","templated":true}]}}