{"id":9153,"date":"2021-08-16T11:42:28","date_gmt":"2021-08-16T08:42:28","guid":{"rendered":"https:\/\/aura-istanbul.com\/?page_id=9153"},"modified":"2025-09-23T20:17:19","modified_gmt":"2025-09-23T17:17:19","slug":"aura-alumni-s-sayim-pamuk","status":"publish","type":"page","link":"https:\/\/aura-istanbul.com\/index.php\/aura-alumni-s-sayim-pamuk\/","title":{"rendered":"AURA Alumni: S. Sayim Pamuk"},"content":{"rendered":"<div class=\"wpb-content-wrapper\"><p>[vc_section][vc_row][vc_column width=&#8221;1\/6&#8243;][vc_single_image image=&#8221;9165&#8243; img_size=&#8221;large&#8221; alignment=&#8221;center&#8221;][vc_empty_space][vc_column_text]<strong>S. Sayim Pamuk<\/strong>[\/vc_column_text][vc_empty_space height=&#8221;16px&#8221;][vc_column_text]Mimar<br \/>\nSakarya \u00dcniversitesi<\/p>\n<p>Bahar 2021<br \/>\nDan\u0131\u015fman: Tuna Han Ko\u00e7 &#8211; Zeynep Alt\u0131nba\u015fl\u0131[\/vc_column_text][vc_empty_space][\/vc_column][vc_column width=&#8221;2\/3&#8243;][vc_column_text]<\/p>\n<p style=\"text-align: left;\"><strong>Metropoldeki \u0130n\u015fan\u0131n Halleri: Ge\u00e7ici Str\u00fckt\u00fcr Olarak \u0130skelenin Sorgusu<\/strong><\/p>\n<p>[\/vc_column_text][vc_column_text]Metropollerdeki in\u015faat alanlar\u0131n\u0131n yap\u0131m s\u00fcresi boyunca zaman alg\u0131s\u0131n\u0131 de\u011fi\u015ftiren, ge\u00e7ici bir str\u00fckt\u00fcr olan in\u015faat iskeleleri ara\u015ft\u0131rma konusu olarak ele al\u0131nm\u0131\u015ft\u0131r. Kent i\u00e7erisindeki in\u015faat faaliyeti g\u00f6steren alanlar\u0131n \u00e7eperlerini ku\u015fatan ge\u00e7ici str\u00fckt\u00fcrlerin in\u015faat bittikten sonra di\u011fer in\u015faat sahas\u0131na ta\u015f\u0131nmas\u0131yla ya da in\u015faat s\u00fcresinin uzamas\u0131 ile asl\u0131nda hayat\u0131m\u0131zda kal\u0131c\u0131 hale gelmektedir. Ara\u015ft\u0131rman\u0131n amac\u0131, i\u015fgalci pozisyonda var olan bu eklentilerin tersine bir bak\u0131\u015f a\u00e7\u0131s\u0131yla kentlinin i\u015fgalci pozisyona gelmesi durumunda iskelenin kent i\u00e7erisindeki yerini ve yeni kazanabilece\u011fi potansiyelleri ortaya \u00e7\u0131karmakt\u0131r. Ballantyne (2012)\u2019\u0131n aktard\u0131\u011f\u0131 \u00fczere, Deleuze ve Guattari, duyu organlar\u0131m\u0131z\u0131 makineler olarak tasavvur ederler ve kulland\u0131\u011f\u0131m\u0131z t\u00fcm ara\u00e7lar\u0131n bu makinelerin par\u00e7alar\u0131 haline geldikleri ifade edilmektedir. Sonradan tak\u0131lan par\u00e7alar birer proteze d\u00f6n\u00fc\u015f\u00fcr. Kent bir beden olarak okundu\u011funda ise o beden zamanla geli\u015fmesiyle yeni durumlara adapte olmaya ba\u015flamaktad\u0131r. Mevcut ihtiya\u00e7lara, \u015fartlara g\u00f6re kente eklemlenen str\u00fckt\u00fcrler art\u0131k kentsel protezler olarak hayat bulmaya ba\u015flamaktad\u0131r[\/vc_column_text][vc_empty_space][vc_gallery interval=&#8221;10&#8243; images=&#8221;9166,9167,9168,9169,9170&#8243; img_size=&#8221;full&#8221;][\/vc_column][vc_column width=&#8221;1\/6&#8243;][vc_single_image image=&#8221;9171&#8243; img_size=&#8221;full&#8221; alignment=&#8221;center&#8221; style=&#8221;vc_box_border&#8221; onclick=&#8221;custom_link&#8221; img_link_target=&#8221;_blank&#8221;][vc_empty_space height=&#8221;16px&#8221;][vc_row_inner][vc_column_inner][\/vc_column_inner][\/vc_row_inner][vc_row_inner][vc_column_inner width=&#8221;2\/3&#8243;][\/vc_column_inner][vc_column_inner width=&#8221;1\/3&#8243;][\/vc_column_inner][\/vc_row_inner][\/vc_column][\/vc_row][\/vc_section]<\/p>\n<\/div>","protected":false},"excerpt":{"rendered":"<p>[vc_section][vc_row][vc_column width=&#8221;1\/6&#8243;][vc_single_image image=&#8221;9165&#8243; img_size=&#8221;large&#8221; alignment=&#8221;center&#8221;][vc_empty_space][vc_column_text]S. Sayim Pamuk[\/vc_column_text][vc_empty_space height=&#8221;16px&#8221;][vc_column_text]Mimar Sakarya \u00dcniversitesi Bahar 2021 Dan\u0131\u015fman: Tuna Han Ko\u00e7 &#8211; Zeynep Alt\u0131nba\u015fl\u0131[\/vc_column_text][vc_empty_space][\/vc_column][vc_column width=&#8221;2\/3&#8243;][vc_column_text] Metropoldeki \u0130n\u015fan\u0131n Halleri: Ge\u00e7ici Str\u00fckt\u00fcr Olarak \u0130skelenin Sorgusu [\/vc_column_text][vc_column_text]Metropollerdeki in\u015faat [&hellip;]<\/p>\n","protected":false},"author":7,"featured_media":0,"parent":0,"menu_order":0,"comment_status":"closed","ping_status":"closed","template":"","meta":{"_acf_changed":false,"_seopress_robots_primary_cat":"","_seopress_titles_title":"Metropoldeki \u0130n\u015fan\u0131n Halleri: Ge\u00e7ici Str\u00fckt\u00fcr Olarak \u0130skelenin Sorgusu, S. Sayim Pamuk | %%sitetitle%%","_seopress_titles_desc":"Metropollerdeki in\u015faat alanlar\u0131n\u0131n yap\u0131m s\u00fcresi boyunca zaman alg\u0131s\u0131n\u0131 de\u011fi\u015ftiren, ge\u00e7ici bir str\u00fckt\u00fcr olan in\u015faat iskeleleri ara\u015ft\u0131rma konusu olarak ele al\u0131nm\u0131\u015ft\u0131r. Ara\u015ft\u0131rman\u0131n amac\u0131, i\u015fgalci pozisyonda var olan bu eklentilerin tersine bir bak\u0131\u015f a\u00e7\u0131s\u0131yla kentlinin i\u015fgalci pozisyona gelmesi durumunda iskelenin kent i\u00e7erisindeki yerini ve yeni kazanabilece\u011fi potansiyelleri ortaya \u00e7\u0131karmakt\u0131r.","_seopress_robots_index":"","_price":"","_stock":"","_tribe_ticket_header":"","_tribe_default_ticket_provider":"","_tribe_ticket_capacity":"0","_ticket_start_date":"","_ticket_end_date":"","_tribe_ticket_show_description":"","_tribe_ticket_show_not_going":false,"_tribe_ticket_use_global_stock":"","_tribe_ticket_global_stock_level":"","_global_stock_mode":"","_global_stock_cap":"","_tribe_rsvp_for_event":"","_tribe_ticket_going_count":"","_tribe_ticket_not_going_count":"","_tribe_tickets_list":"[]","_tribe_ticket_has_attendee_info_fields":false,"_EventAllDay":false,"_EventTimezone":"","_EventStartDate":"","_EventEndDate":"","_EventStartDateUTC":"","_EventEndDateUTC":"","_EventShowMap":false,"_EventShowMapLink":false,"_EventURL":"","_EventCost":"","_EventCostDescription":"","_EventCurrencySymbol":"","_EventCurrencyCode":"","_EventCurrencyPosition":"","_EventDateTimeSeparator":"","_EventTimeRangeSeparator":"","_EventOrganizerID":[],"_EventVenueID":[],"_OrganizerEmail":"","_OrganizerPhone":"","_OrganizerWebsite":"","_VenueAddress":"","_VenueCity":"","_VenueCountry":"","_VenueProvince":"","_VenueState":"","_VenueZip":"","_VenuePhone":"","_VenueURL":"","_VenueStateProvince":"","_VenueLat":"","_VenueLng":"","_VenueShowMap":false,"_VenueShowMapLink":false,"footnotes":"","_tec_slr_enabled":"","_tec_slr_layout":""},"class_list":["post-9153","page","type-page","status-publish","hentry"],"acf":[],"ticketed":false,"_links":{"self":[{"href":"https:\/\/aura-istanbul.com\/index.php\/wp-json\/wp\/v2\/pages\/9153","targetHints":{"allow":["GET"]}}],"collection":[{"href":"https:\/\/aura-istanbul.com\/index.php\/wp-json\/wp\/v2\/pages"}],"about":[{"href":"https:\/\/aura-istanbul.com\/index.php\/wp-json\/wp\/v2\/types\/page"}],"author":[{"embeddable":true,"href":"https:\/\/aura-istanbul.com\/index.php\/wp-json\/wp\/v2\/users\/7"}],"replies":[{"embeddable":true,"href":"https:\/\/aura-istanbul.com\/index.php\/wp-json\/wp\/v2\/comments?post=9153"}],"version-history":[{"count":4,"href":"https:\/\/aura-istanbul.com\/index.php\/wp-json\/wp\/v2\/pages\/9153\/revisions"}],"predecessor-version":[{"id":15126,"href":"https:\/\/aura-istanbul.com\/index.php\/wp-json\/wp\/v2\/pages\/9153\/revisions\/15126"}],"wp:attachment":[{"href":"https:\/\/aura-istanbul.com\/index.php\/wp-json\/wp\/v2\/media?parent=9153"}],"curies":[{"name":"wp","href":"https:\/\/api.w.org\/{rel}","templated":true}]}}