{"id":9173,"date":"2021-08-16T11:41:28","date_gmt":"2021-08-16T08:41:28","guid":{"rendered":"https:\/\/aura-istanbul.com\/?page_id=9173"},"modified":"2025-09-23T20:17:03","modified_gmt":"2025-09-23T17:17:03","slug":"aura-alumni-samed-kaya","status":"publish","type":"page","link":"https:\/\/aura-istanbul.com\/index.php\/aura-alumni-samed-kaya\/","title":{"rendered":"AURA Alumni: Samed Kaya"},"content":{"rendered":"<div class=\"wpb-content-wrapper\"><p>[vc_section][vc_row][vc_column width=&#8221;1\/6&#8243;][vc_single_image image=&#8221;9174&#8243; img_size=&#8221;large&#8221; alignment=&#8221;center&#8221;][vc_empty_space][vc_column_text]<strong>Samed Kaya<\/strong>[\/vc_column_text][vc_empty_space height=&#8221;16px&#8221;][vc_column_text]Mimar<br \/>\n\u0130stanbul Teknik \u00dcniversitesi<\/p>\n<p>Bahar 2021<br \/>\nDan\u0131\u015fman: Carlos Zarco Sanz &#8211; Zuhal Kol[\/vc_column_text][vc_empty_space][\/vc_column][vc_column width=&#8221;2\/3&#8243;][vc_column_text]<\/p>\n<p style=\"text-align: left;\"><strong>Hayaletler \u0130le Ya\u015famak<\/strong><\/p>\n<p>[\/vc_column_text][vc_column_text]H\u0131zl\u0131 kentle\u015fme, k\u00fcreselle\u015fme ve kentlerin artan yo\u011funlu\u011fu kent dokusunda beklenmedik sonu\u00e7lar do\u011furmaktad\u0131r. Sosyo-politik ve sosyo-ekonomik de\u011fi\u015fimler ise in\u015fa ve t\u00fcketim odakl\u0131 yap\u0131l\u0131 \u00e7evrenin normal d\u00f6ng\u00fcs\u00fcnde bir araf alan yarat\u0131r. Ortaya \u00e7\u0131kan ara durumlarda \u015fehrin ve g\u00fcndelik hayat\u0131n ak\u0131\u015f\u0131ndan kopan mekanlar hayalet olmaya ba\u015flar. Hayalet mekanlar, \u015fehir i\u00e7inde var olan terk edilmi\u015f veya etkin olarak kullan\u0131lmayan yerler olarak tan\u0131mlanabilir. Onlar ne \u00f6l\u00fc ne de diri. Metropol\u00fcn ko\u015fu\u015fturmacas\u0131n\u0131n g\u00f6lgesinde, her g\u00fcn yan\u0131ndan ge\u00e7ti\u011fimiz ve kan\u0131ksad\u0131\u011f\u0131m\u0131z bu par\u00e7alar, metropol ya\u015fam\u0131nda bize e\u015flik eden bir nevi \u201cAntroposen hayaletler\u201d. Daha spesifik olarak, altyap\u0131lar\u0131n ihmal edilmi\u015f\/art\u0131k alanlar\u0131, terk edilmi\u015f\/kullan\u0131lmayan yap\u0131lar ve yar\u0131m kalm\u0131\u015f in\u015faatlar. \u201cHayaletler ile Ya\u015famak\u201c, hayalet mekanlar\u0131 kat\u0131l\u0131mc\u0131 stratejilerle d\u00f6n\u00fc\u015ft\u00fcrmek i\u00e7in i\u015fgal taktikleri ve spek\u00fclatif senaryolar i\u00e7eren interaktif ve k\u00fcresel olarak yerelle\u015ftirilmi\u015f bir mek\u00e2nsal tarifler kitab\u0131. Mekansal tarif kitab\u0131 iki ana konuyu i\u00e7ermektedir: hayalet mek\u00e2nlar\u0131 yakalamak i\u00e7in izlenecek stratejik ad\u0131mlar ve bu stratejileri izleyerek bir \u00f6rnek \u00e7al\u0131\u015fma olarak \u0130stanbul S\u00f6\u011f\u00fctl\u00fc\u00e7e\u015fme \u0130stasyon B\u00f6lgesi.[\/vc_column_text][vc_empty_space][vc_gallery interval=&#8221;10&#8243; images=&#8221;9175,9176,9177,9178,9179&#8243; img_size=&#8221;full&#8221;][\/vc_column][vc_column width=&#8221;1\/6&#8243;][vc_single_image image=&#8221;9180&#8243; img_size=&#8221;full&#8221; alignment=&#8221;center&#8221; style=&#8221;vc_box_border&#8221; onclick=&#8221;custom_link&#8221; img_link_target=&#8221;_blank&#8221;][vc_empty_space height=&#8221;16px&#8221;][vc_row_inner][vc_column_inner][\/vc_column_inner][\/vc_row_inner][vc_row_inner][vc_column_inner width=&#8221;2\/3&#8243;][\/vc_column_inner][vc_column_inner width=&#8221;1\/3&#8243;][\/vc_column_inner][\/vc_row_inner][\/vc_column][\/vc_row][\/vc_section]<\/p>\n<\/div>","protected":false},"excerpt":{"rendered":"<p>[vc_section][vc_row][vc_column width=&#8221;1\/6&#8243;][vc_single_image image=&#8221;9174&#8243; img_size=&#8221;large&#8221; alignment=&#8221;center&#8221;][vc_empty_space][vc_column_text]Samed Kaya[\/vc_column_text][vc_empty_space height=&#8221;16px&#8221;][vc_column_text]Mimar \u0130stanbul Teknik \u00dcniversitesi Bahar 2021 Dan\u0131\u015fman: Carlos Zarco Sanz &#8211; Zuhal Kol[\/vc_column_text][vc_empty_space][\/vc_column][vc_column width=&#8221;2\/3&#8243;][vc_column_text] Hayaletler \u0130le Ya\u015famak [\/vc_column_text][vc_column_text]H\u0131zl\u0131 kentle\u015fme, k\u00fcreselle\u015fme ve kentlerin artan yo\u011funlu\u011fu [&hellip;]<\/p>\n","protected":false},"author":7,"featured_media":0,"parent":0,"menu_order":0,"comment_status":"closed","ping_status":"closed","template":"","meta":{"_acf_changed":false,"_seopress_robots_primary_cat":"","_seopress_titles_title":"Hayaletler \u0130le Ya\u015famak, Samed Kaya | %%sitetitle%%","_seopress_titles_desc":"\u201cHayaletler ile Ya\u015famak\u201c, hayalet mekanlar\u0131 kat\u0131l\u0131mc\u0131 stratejilerle d\u00f6n\u00fc\u015ft\u00fcrmek i\u00e7in i\u015fgal taktikleri ve spek\u00fclatif senaryolar i\u00e7eren interaktif ve k\u00fcresel olarak yerelle\u015ftirilmi\u015f bir mek\u00e2nsal tarifler kitab\u0131. Mekansal tarif kitab\u0131 iki ana konuyu i\u00e7ermektedir: hayalet mek\u00e2nlar\u0131 yakalamak i\u00e7in izlenecek stratejik ad\u0131mlar ve bu stratejileri izleyerek bir \u00f6rnek \u00e7al\u0131\u015fma olarak \u0130stanbul S\u00f6\u011f\u00fctl\u00fc\u00e7e\u015fme \u0130stasyon B\u00f6lgesi.","_seopress_robots_index":"","_price":"","_stock":"","_tribe_ticket_header":"","_tribe_default_ticket_provider":"","_tribe_ticket_capacity":"0","_ticket_start_date":"","_ticket_end_date":"","_tribe_ticket_show_description":"","_tribe_ticket_show_not_going":false,"_tribe_ticket_use_global_stock":"","_tribe_ticket_global_stock_level":"","_global_stock_mode":"","_global_stock_cap":"","_tribe_rsvp_for_event":"","_tribe_ticket_going_count":"","_tribe_ticket_not_going_count":"","_tribe_tickets_list":"[]","_tribe_ticket_has_attendee_info_fields":false,"_EventAllDay":false,"_EventTimezone":"","_EventStartDate":"","_EventEndDate":"","_EventStartDateUTC":"","_EventEndDateUTC":"","_EventShowMap":false,"_EventShowMapLink":false,"_EventURL":"","_EventCost":"","_EventCostDescription":"","_EventCurrencySymbol":"","_EventCurrencyCode":"","_EventCurrencyPosition":"","_EventDateTimeSeparator":"","_EventTimeRangeSeparator":"","_EventOrganizerID":[],"_EventVenueID":[],"_OrganizerEmail":"","_OrganizerPhone":"","_OrganizerWebsite":"","_VenueAddress":"","_VenueCity":"","_VenueCountry":"","_VenueProvince":"","_VenueState":"","_VenueZip":"","_VenuePhone":"","_VenueURL":"","_VenueStateProvince":"","_VenueLat":"","_VenueLng":"","_VenueShowMap":false,"_VenueShowMapLink":false,"footnotes":"","_tec_slr_enabled":"","_tec_slr_layout":""},"class_list":["post-9173","page","type-page","status-publish","hentry"],"acf":[],"ticketed":false,"_links":{"self":[{"href":"https:\/\/aura-istanbul.com\/index.php\/wp-json\/wp\/v2\/pages\/9173","targetHints":{"allow":["GET"]}}],"collection":[{"href":"https:\/\/aura-istanbul.com\/index.php\/wp-json\/wp\/v2\/pages"}],"about":[{"href":"https:\/\/aura-istanbul.com\/index.php\/wp-json\/wp\/v2\/types\/page"}],"author":[{"embeddable":true,"href":"https:\/\/aura-istanbul.com\/index.php\/wp-json\/wp\/v2\/users\/7"}],"replies":[{"embeddable":true,"href":"https:\/\/aura-istanbul.com\/index.php\/wp-json\/wp\/v2\/comments?post=9173"}],"version-history":[{"count":3,"href":"https:\/\/aura-istanbul.com\/index.php\/wp-json\/wp\/v2\/pages\/9173\/revisions"}],"predecessor-version":[{"id":15125,"href":"https:\/\/aura-istanbul.com\/index.php\/wp-json\/wp\/v2\/pages\/9173\/revisions\/15125"}],"wp:attachment":[{"href":"https:\/\/aura-istanbul.com\/index.php\/wp-json\/wp\/v2\/media?parent=9173"}],"curies":[{"name":"wp","href":"https:\/\/api.w.org\/{rel}","templated":true}]}}