{"id":9182,"date":"2021-08-16T11:44:39","date_gmt":"2021-08-16T08:44:39","guid":{"rendered":"https:\/\/aura-istanbul.com\/?page_id=9182"},"modified":"2025-09-23T20:16:49","modified_gmt":"2025-09-23T17:16:49","slug":"aura-alumni-selin-tuysuz","status":"publish","type":"page","link":"https:\/\/aura-istanbul.com\/index.php\/aura-alumni-selin-tuysuz\/","title":{"rendered":"AURA Alumni: Selin T\u00fcys\u00fcz"},"content":{"rendered":"<div class=\"wpb-content-wrapper\"><p>[vc_section][vc_row][vc_column width=&#8221;1\/6&#8243;][vc_single_image image=&#8221;9183&#8243; img_size=&#8221;large&#8221; alignment=&#8221;center&#8221;][vc_empty_space][vc_column_text]<strong>Selin T\u00fcys\u00fcz<\/strong>[\/vc_column_text][vc_empty_space height=&#8221;16px&#8221;][vc_column_text]Mimar<br \/>\nMEF \u00dcniversitesi<\/p>\n<p>Bahar 2021<br \/>\nDan\u0131\u015fman: Tuna Han Ko\u00e7 &#8211; Zeynep Alt\u0131nba\u015fl\u0131[\/vc_column_text][vc_empty_space][\/vc_column][vc_column width=&#8221;2\/3&#8243;][vc_column_text]<\/p>\n<p style=\"text-align: left;\"><strong>\u0130stanbul Bo\u011faz\u0131\u2019n\u0131n Hiperger\u00e7e\u011fi Bosphorus City<\/strong><\/p>\n<p>[\/vc_column_text][vc_column_text]Jean Baudrillard, hiperger\u00e7ek veya sim\u00fclasyon kavram\u0131n\u0131 bir k\u00f6ken ya da bir ger\u00e7eklikten yoksun ger\u00e7e\u011fin modeller arac\u0131l\u0131\u011f\u0131yla t\u00fcretilmesi olarak tan\u0131mlar. Bu s\u00f6ylem ba\u011flam\u0131nda, sim\u00fclasyon ve ger\u00e7eklik kavramlar\u0131 i\u00e7 i\u00e7e ge\u00e7er. Ger\u00e7ek olarak tan\u0131mlanan ile ger\u00e7ek olmayan aras\u0131ndaki mesafe yok olur. \u00c7al\u0131\u015fman\u0131n amac\u0131, sim\u00fclasyon kavram\u0131n\u0131 \u0130stanbul Bo\u011faz\u0131 ger\u00e7ekli\u011fi \u00fczerinden d\u00fc\u015f\u00fcnmek, var olan ger\u00e7ekli\u011fi kurgusal bir dille ilerleterek sorgulamakt\u0131r. Bu sorgulama, \u0130stanbul\u2019un par\u00e7alanmas\u0131 sonucu yeni bo\u011fazlar\u0131n olu\u015fmas\u0131 ile de\u011ferlendirilir. Jean Baudrillard ve Umberto Eco, Walt Disney\u2019in s\u00fcperviz\u00f6rl\u00fc\u011f\u00fc ile tasarlanan Disneyland tema park\u0131n\u0131n Amerika\u2019n\u0131n minyat\u00fcrle\u015ftirilmi\u015f toplumsal bir mikrokozmosuna benziyor oldu\u011funu savunur. Disneyland ve hiperger\u00e7eklik kavram\u0131 \u00fczerinden y\u00fcr\u00fct\u00fclen bu teori, \u0130stanbul\u2019un K\u00fc\u00e7\u00fck\u00e7ekmece il\u00e7esinde konumlanan Bosphorus City kapal\u0131 sitesi \u00fczerinden uyarlan\u0131r. \u0130stanbul Bo\u011faz\u0131\u2019n\u0131n turistik deneyimleri ile konut sitesi konforunu bir araya getirerek pazarlamay\u0131 ama\u00e7layan bu yap\u0131 ile konsept konut projeleri ve \u0130stanbul\u2019un ili\u015fkisi, sim\u00fclasyon kavram\u0131 \u00fczerinden de\u011ferlendirilir.[\/vc_column_text][vc_empty_space][vc_gallery interval=&#8221;10&#8243; images=&#8221;9185,9186,9187,9188,9189&#8243; img_size=&#8221;full&#8221;][\/vc_column][vc_column width=&#8221;1\/6&#8243;][vc_single_image image=&#8221;9184&#8243; img_size=&#8221;full&#8221; alignment=&#8221;center&#8221; style=&#8221;vc_box_border&#8221; onclick=&#8221;custom_link&#8221; img_link_target=&#8221;_blank&#8221;][vc_empty_space height=&#8221;16px&#8221;][vc_row_inner][vc_column_inner][\/vc_column_inner][\/vc_row_inner][vc_row_inner][vc_column_inner width=&#8221;2\/3&#8243;][\/vc_column_inner][vc_column_inner width=&#8221;1\/3&#8243;][\/vc_column_inner][\/vc_row_inner][\/vc_column][\/vc_row][\/vc_section]<\/p>\n<\/div>","protected":false},"excerpt":{"rendered":"<p>[vc_section][vc_row][vc_column width=&#8221;1\/6&#8243;][vc_single_image image=&#8221;9183&#8243; img_size=&#8221;large&#8221; alignment=&#8221;center&#8221;][vc_empty_space][vc_column_text]Selin T\u00fcys\u00fcz[\/vc_column_text][vc_empty_space height=&#8221;16px&#8221;][vc_column_text]Mimar MEF \u00dcniversitesi Bahar 2021 Dan\u0131\u015fman: Tuna Han Ko\u00e7 &#8211; Zeynep Alt\u0131nba\u015fl\u0131[\/vc_column_text][vc_empty_space][\/vc_column][vc_column width=&#8221;2\/3&#8243;][vc_column_text] \u0130stanbul Bo\u011faz\u0131\u2019n\u0131n Hiperger\u00e7e\u011fi Bosphorus City [\/vc_column_text][vc_column_text]Jean Baudrillard, hiperger\u00e7ek veya sim\u00fclasyon kavram\u0131n\u0131 [&hellip;]<\/p>\n","protected":false},"author":7,"featured_media":0,"parent":0,"menu_order":0,"comment_status":"closed","ping_status":"closed","template":"","meta":{"_acf_changed":false,"_seopress_robots_primary_cat":"","_seopress_titles_title":"\u0130stanbul Bo\u011faz\u0131\u2019n\u0131n Hiperger\u00e7e\u011fi Bosphorus City, Selin T\u00fcys\u00fcz | %%sitetitle%%","_seopress_titles_desc":"\u00c7al\u0131\u015fman\u0131n amac\u0131, sim\u00fclasyon kavram\u0131n\u0131 \u0130stanbul Bo\u011faz\u0131 ger\u00e7ekli\u011fi \u00fczerinden d\u00fc\u015f\u00fcnmek, var olan ger\u00e7ekli\u011fi kurgusal bir dille ilerleterek sorgulamakt\u0131r. Bu sorgulama, \u0130stanbul\u2019un par\u00e7alanmas\u0131 sonucu yeni bo\u011fazlar\u0131n olu\u015fmas\u0131 ile de\u011ferlendirilir.","_seopress_robots_index":"","_price":"","_stock":"","_tribe_ticket_header":"","_tribe_default_ticket_provider":"","_tribe_ticket_capacity":"0","_ticket_start_date":"","_ticket_end_date":"","_tribe_ticket_show_description":"","_tribe_ticket_show_not_going":false,"_tribe_ticket_use_global_stock":"","_tribe_ticket_global_stock_level":"","_global_stock_mode":"","_global_stock_cap":"","_tribe_rsvp_for_event":"","_tribe_ticket_going_count":"","_tribe_ticket_not_going_count":"","_tribe_tickets_list":"[]","_tribe_ticket_has_attendee_info_fields":false,"_EventAllDay":false,"_EventTimezone":"","_EventStartDate":"","_EventEndDate":"","_EventStartDateUTC":"","_EventEndDateUTC":"","_EventShowMap":false,"_EventShowMapLink":false,"_EventURL":"","_EventCost":"","_EventCostDescription":"","_EventCurrencySymbol":"","_EventCurrencyCode":"","_EventCurrencyPosition":"","_EventDateTimeSeparator":"","_EventTimeRangeSeparator":"","_EventOrganizerID":[],"_EventVenueID":[],"_OrganizerEmail":"","_OrganizerPhone":"","_OrganizerWebsite":"","_VenueAddress":"","_VenueCity":"","_VenueCountry":"","_VenueProvince":"","_VenueState":"","_VenueZip":"","_VenuePhone":"","_VenueURL":"","_VenueStateProvince":"","_VenueLat":"","_VenueLng":"","_VenueShowMap":false,"_VenueShowMapLink":false,"footnotes":"","_tec_slr_enabled":"","_tec_slr_layout":""},"class_list":["post-9182","page","type-page","status-publish","hentry"],"acf":[],"ticketed":false,"_links":{"self":[{"href":"https:\/\/aura-istanbul.com\/index.php\/wp-json\/wp\/v2\/pages\/9182","targetHints":{"allow":["GET"]}}],"collection":[{"href":"https:\/\/aura-istanbul.com\/index.php\/wp-json\/wp\/v2\/pages"}],"about":[{"href":"https:\/\/aura-istanbul.com\/index.php\/wp-json\/wp\/v2\/types\/page"}],"author":[{"embeddable":true,"href":"https:\/\/aura-istanbul.com\/index.php\/wp-json\/wp\/v2\/users\/7"}],"replies":[{"embeddable":true,"href":"https:\/\/aura-istanbul.com\/index.php\/wp-json\/wp\/v2\/comments?post=9182"}],"version-history":[{"count":3,"href":"https:\/\/aura-istanbul.com\/index.php\/wp-json\/wp\/v2\/pages\/9182\/revisions"}],"predecessor-version":[{"id":15124,"href":"https:\/\/aura-istanbul.com\/index.php\/wp-json\/wp\/v2\/pages\/9182\/revisions\/15124"}],"wp:attachment":[{"href":"https:\/\/aura-istanbul.com\/index.php\/wp-json\/wp\/v2\/media?parent=9182"}],"curies":[{"name":"wp","href":"https:\/\/api.w.org\/{rel}","templated":true}]}}