{"id":9209,"date":"2021-08-16T11:51:16","date_gmt":"2021-08-16T08:51:16","guid":{"rendered":"https:\/\/aura-istanbul.com\/?page_id=9209"},"modified":"2025-09-23T20:15:59","modified_gmt":"2025-09-23T17:15:59","slug":"aura-alumni-zeynep-hazal-tokmak","status":"publish","type":"page","link":"https:\/\/aura-istanbul.com\/index.php\/aura-alumni-zeynep-hazal-tokmak\/","title":{"rendered":"AURA Alumni: Zeynep Hazal Tokmak"},"content":{"rendered":"<div class=\"wpb-content-wrapper\"><p>[vc_section][vc_row][vc_column width=&#8221;1\/6&#8243;][vc_single_image image=&#8221;9210&#8243; img_size=&#8221;large&#8221; alignment=&#8221;center&#8221;][vc_empty_space][vc_column_text]<strong>Zeynep Hazal Tokmak<\/strong>[\/vc_column_text][vc_empty_space height=&#8221;16px&#8221;][vc_column_text]Mimar<br \/>\n\u0130stanbul Alt\u0131nba\u015f \u00dcniversitesi<\/p>\n<p>Bahar 2021<br \/>\nDan\u0131\u015fman: Tuna Han Ko\u00e7 &#8211; Zeynep Alt\u0131nba\u015fl\u0131[\/vc_column_text][vc_empty_space][\/vc_column][vc_column width=&#8221;2\/3&#8243;][vc_column_text]<\/p>\n<p style=\"text-align: left;\"><strong>Mu\u011flak Mek\u00e2n; Mek\u00e2nsal Olanakl\u0131l\u0131k H\u00e2lleri<\/strong><\/p>\n<p>[\/vc_column_text][vc_column_text]St\u00fcdyo \u00e7al\u0131\u015fmas\u0131 s\u00fcresince mu\u011flak mek\u00e2nlar otoritenin kontrol alan\u0131 d\u0131\u015f\u0131nda kalan, bireyin zihninde sorgulanmaya a\u00e7\u0131k anlamlar \u00e7a\u011fr\u0131\u015ft\u0131ran bir mek\u00e2n \u00e7e\u015fidi olarak ele al\u0131nm\u0131\u015ft\u0131r. Ara\u015ft\u0131rmaya ba\u015flarken baz\u0131 sorular sorulmu\u015f ve bu sorular \u00e7al\u0131\u015fman\u0131n temel motivasyonu olmu\u015ftur. Bu sorulardan baz\u0131lar\u0131 ise \u015funlard\u0131r: -Mek\u00e2n\u0131 mutlak d\u00fc\u015f\u00fcnce sisteminin d\u0131\u015f\u0131na \u00e7\u0131karak d\u00fc\u015f\u00fcnmek bireyde nas\u0131l fark\u0131ndal\u0131klara sebep olabilir? -Bir mek\u00e2n\u0131n birbirinden farkl\u0131 deneyim ve akt\u00f6rlere sahip olmas\u0131 o mek\u00e2n\u0131 alg\u0131lay\u0131\u015f\u0131m\u0131z\u0131 nas\u0131l etkiler? \u00c7al\u0131\u015fma b\u00f6lgesi olarak Be\u015fikta\u015f belirlendi. B\u00f6lge i\u00e7inden ki\u015fisel 6 mikro \u00f6l\u00e7ekli ve b\u00f6lge d\u0131\u015f\u0131ndan 2 makro \u00f6l\u00e7ekli mu\u011flak mek\u00e2n se\u00e7ilmi\u015ftir. Se\u00e7ilen mek\u00e2nlar \u00fczerinden yap\u0131lan mek\u00e2n okumalar\u0131 ve g\u00f6rsel anlat\u0131lar ile birlikte mu\u011flakl\u0131\u011f\u0131n \u00e7e\u015fitli ortaya \u00e7\u0131k\u0131\u015f halleri \u00fczerinden d\u00fc\u015f\u00fcnce prati\u011fimizde ki olanakl\u0131l\u0131klar\u0131 incelenmi\u015ftir. \u00c7al\u0131\u015fman\u0131n stratejisi ise bu mek\u00e2nlar\u0131n s\u00fcreklili\u011fini alttan alta besleyen veya yok eden rizomatik ili\u015fkilere b\u00fcy\u00fcte\u00e7 tutarak de\u015fifre etmek olarak belirlenmi\u015ftir.[\/vc_column_text][vc_empty_space][vc_gallery interval=&#8221;10&#8243; images=&#8221;9212,9213,9218,9215,9216&#8243; img_size=&#8221;full&#8221;][\/vc_column][vc_column width=&#8221;1\/6&#8243;][vc_single_image image=&#8221;9211&#8243; img_size=&#8221;full&#8221; alignment=&#8221;center&#8221; style=&#8221;vc_box_border&#8221; onclick=&#8221;custom_link&#8221; img_link_target=&#8221;_blank&#8221;][vc_empty_space height=&#8221;16px&#8221;][vc_row_inner][vc_column_inner][\/vc_column_inner][\/vc_row_inner][vc_row_inner][vc_column_inner width=&#8221;2\/3&#8243;][\/vc_column_inner][vc_column_inner width=&#8221;1\/3&#8243;][\/vc_column_inner][\/vc_row_inner][\/vc_column][\/vc_row][\/vc_section]<\/p>\n<\/div>","protected":false},"excerpt":{"rendered":"<p>[vc_section][vc_row][vc_column width=&#8221;1\/6&#8243;][vc_single_image image=&#8221;9210&#8243; img_size=&#8221;large&#8221; alignment=&#8221;center&#8221;][vc_empty_space][vc_column_text]Zeynep Hazal Tokmak[\/vc_column_text][vc_empty_space height=&#8221;16px&#8221;][vc_column_text]Mimar \u0130stanbul Alt\u0131nba\u015f \u00dcniversitesi Bahar 2021 Dan\u0131\u015fman: Tuna Han Ko\u00e7 &#8211; Zeynep Alt\u0131nba\u015fl\u0131[\/vc_column_text][vc_empty_space][\/vc_column][vc_column width=&#8221;2\/3&#8243;][vc_column_text] Mu\u011flak Mek\u00e2n; Mek\u00e2nsal Olanakl\u0131l\u0131k H\u00e2lleri [\/vc_column_text][vc_column_text]St\u00fcdyo \u00e7al\u0131\u015fmas\u0131 s\u00fcresince mu\u011flak [&hellip;]<\/p>\n","protected":false},"author":7,"featured_media":0,"parent":0,"menu_order":0,"comment_status":"closed","ping_status":"closed","template":"","meta":{"_acf_changed":false,"_seopress_robots_primary_cat":"","_seopress_titles_title":"Mu\u011flak Mek\u00e2n; Mek\u00e2nsal Olanakl\u0131l\u0131k H\u00e2lleri, Zeynep Hazal Tokmak | %%sitetitle%%","_seopress_titles_desc":"Ara\u015ft\u0131rmaya ba\u015flarken baz\u0131 sorular sorulmu\u015f ve bu sorular \u00e7al\u0131\u015fman\u0131n temel motivasyonu olmu\u015ftur. Bu sorulardan baz\u0131lar\u0131 ise \u015funlard\u0131r: -Mek\u00e2n\u0131 mutlak d\u00fc\u015f\u00fcnce sisteminin d\u0131\u015f\u0131na \u00e7\u0131karak d\u00fc\u015f\u00fcnmek bireyde nas\u0131l fark\u0131ndal\u0131klara sebep olabilir? -Bir mek\u00e2n\u0131n birbirinden farkl\u0131 deneyim ve akt\u00f6rlere sahip olmas\u0131 o mek\u00e2n\u0131 alg\u0131lay\u0131\u015f\u0131m\u0131z\u0131 nas\u0131l etkiler?","_seopress_robots_index":"","_price":"","_stock":"","_tribe_ticket_header":"","_tribe_default_ticket_provider":"","_tribe_ticket_capacity":"0","_ticket_start_date":"","_ticket_end_date":"","_tribe_ticket_show_description":"","_tribe_ticket_show_not_going":false,"_tribe_ticket_use_global_stock":"","_tribe_ticket_global_stock_level":"","_global_stock_mode":"","_global_stock_cap":"","_tribe_rsvp_for_event":"","_tribe_ticket_going_count":"","_tribe_ticket_not_going_count":"","_tribe_tickets_list":"[]","_tribe_ticket_has_attendee_info_fields":false,"_EventAllDay":false,"_EventTimezone":"","_EventStartDate":"","_EventEndDate":"","_EventStartDateUTC":"","_EventEndDateUTC":"","_EventShowMap":false,"_EventShowMapLink":false,"_EventURL":"","_EventCost":"","_EventCostDescription":"","_EventCurrencySymbol":"","_EventCurrencyCode":"","_EventCurrencyPosition":"","_EventDateTimeSeparator":"","_EventTimeRangeSeparator":"","_EventOrganizerID":[],"_EventVenueID":[],"_OrganizerEmail":"","_OrganizerPhone":"","_OrganizerWebsite":"","_VenueAddress":"","_VenueCity":"","_VenueCountry":"","_VenueProvince":"","_VenueState":"","_VenueZip":"","_VenuePhone":"","_VenueURL":"","_VenueStateProvince":"","_VenueLat":"","_VenueLng":"","_VenueShowMap":false,"_VenueShowMapLink":false,"footnotes":"","_tec_slr_enabled":"","_tec_slr_layout":""},"class_list":["post-9209","page","type-page","status-publish","hentry"],"acf":[],"ticketed":false,"_links":{"self":[{"href":"https:\/\/aura-istanbul.com\/index.php\/wp-json\/wp\/v2\/pages\/9209","targetHints":{"allow":["GET"]}}],"collection":[{"href":"https:\/\/aura-istanbul.com\/index.php\/wp-json\/wp\/v2\/pages"}],"about":[{"href":"https:\/\/aura-istanbul.com\/index.php\/wp-json\/wp\/v2\/types\/page"}],"author":[{"embeddable":true,"href":"https:\/\/aura-istanbul.com\/index.php\/wp-json\/wp\/v2\/users\/7"}],"replies":[{"embeddable":true,"href":"https:\/\/aura-istanbul.com\/index.php\/wp-json\/wp\/v2\/comments?post=9209"}],"version-history":[{"count":4,"href":"https:\/\/aura-istanbul.com\/index.php\/wp-json\/wp\/v2\/pages\/9209\/revisions"}],"predecessor-version":[{"id":15121,"href":"https:\/\/aura-istanbul.com\/index.php\/wp-json\/wp\/v2\/pages\/9209\/revisions\/15121"}],"wp:attachment":[{"href":"https:\/\/aura-istanbul.com\/index.php\/wp-json\/wp\/v2\/media?parent=9209"}],"curies":[{"name":"wp","href":"https:\/\/api.w.org\/{rel}","templated":true}]}}