{"id":9829,"date":"2022-02-15T12:59:28","date_gmt":"2022-02-15T09:59:28","guid":{"rendered":"https:\/\/aura-istanbul.com\/?page_id=9829"},"modified":"2025-09-23T20:45:27","modified_gmt":"2025-09-23T17:45:27","slug":"aura-alumni-beyza-ayaz","status":"publish","type":"page","link":"https:\/\/aura-istanbul.com\/index.php\/aura-alumni-beyza-ayaz\/","title":{"rendered":"AURA Alumni: Beyza Ayaz"},"content":{"rendered":"<div class=\"wpb-content-wrapper\"><p>[vc_section][vc_row][vc_column width=&#8221;1\/6&#8243;][vc_single_image image=&#8221;9839&#8243; img_size=&#8221;large&#8221; alignment=&#8221;center&#8221;][vc_empty_space][vc_column_text]<strong>Beyza Ayaz<\/strong>[\/vc_column_text][vc_empty_space height=&#8221;16px&#8221;][vc_column_text]Mimar<br \/>\nTOBB Ekonomi ve Teknoloji \u00dcniversitesi<\/p>\n<p>G\u00fcz 2021<br \/>\nDan\u0131\u015fman: Carlos Zarco Sanz &#8211; Zuhal Kol[\/vc_column_text][vc_empty_space][\/vc_column][vc_column width=&#8221;2\/3&#8243;][vc_column_text]<\/p>\n<p style=\"text-align: left;\"><strong>Kanal \u0130stanbul\u2019a Simulakralar ve Sim\u00fclasyon Teorisi \u00dczerinden Ele\u015ftiri; \u0130stopya<\/strong><\/p>\n<p>[\/vc_column_text][vc_column_text]<em>Reality is lost right now. People are living in simulacra which is surrounding them as a replaced reality.\u00a0<\/em>(Baudrillard, 1981)<\/p>\n<p>Jean Baudrillard, semboller ve i\u015faretlerin mevcut toplumumuzun t\u00fcm ger\u00e7ekli\u011fini ve anlam\u0131n\u0131 de\u011fi\u015ftirdi\u011fini ve insan deneyiminin ger\u00e7ekli\u011fin bir sim\u00fclasyonu oldu\u011funu, \u201cSim\u00fclakralar ve Sim\u00fclasyon Teorisi\u2019nde belirtmektedir. Baudrillard\u2019a g\u00f6re art\u0131k ger\u00e7ekli\u011fin i\u00e7erisinde ya\u015famamakta, bizleri \u00e7evreleyen bu yeni ger\u00e7eklikte alg\u0131m\u0131z\u0131 bir ger\u00e7eklik aray\u0131\u015f\u0131na y\u00f6neltmemekte ve de \u00e7evremizdeki imitasyonlar\u0131n varl\u0131klar\u0131n\u0131 tamam\u0131yla kabul ederek ya\u015famaktay\u0131z.<\/p>\n<p>Sim\u00fclakra kavram\u0131n\u0131n mimarl\u0131k ile ili\u015fkisini kurduktan sonra \u0130stanbul kentine y\u00f6nelerek bu kavram\u0131n T\u00fcrkiye\u2019deki en b\u00fcy\u00fck \u015fehirde kar\u015f\u0131l\u0131k buldu\u011fu mekanlar\u0131 ara\u015ft\u0131rmaya ba\u015flad\u0131m ve ard\u0131ndan 7 y\u0131lda yap\u0131lmas\u0131 planlanan Kanal \u0130stanbul\u2019un yaratabilece\u011fi etkilerin sosyal sonu\u00e7lar\u0131n\u0131 g\u00f6z \u00f6n\u00fcnde bulundurarak bir senaryo yaz\u0131m\u0131na y\u00f6neldim. Senaryoya g\u00f6re Terkos G\u00f6l\u00fc yak\u0131nlar\u0131nda ailesiyle ya\u015famakta olan Jale karakteri, k\u00f6ylerinin y\u0131k\u0131lma tehlikesi ve di\u011fer insanlar\u0131n hiperrealistik d\u00fc\u015f\u00fcnceleri ile sava\u015fmaktad\u0131r. Bir buldozerin ans\u0131z\u0131n gelip evlerini y\u0131kmas\u0131 sonucu zamanda bir yolculuk yapan Jale, kendisini 2070 y\u0131l\u0131n\u0131n Kanal \u0130stanbul projesi i\u00e7erisinde bulmu\u015ftur ve de ge\u00e7mi\u015fe d\u00f6n\u00fcp kentini Kanal \u0130stanbul\u2019un olumsuz etkilerinden kurtarmak istemektedir.[\/vc_column_text][vc_empty_space][vc_gallery interval=&#8221;10&#8243; images=&#8221;9833,9834,9835,9836,9837&#8243; img_size=&#8221;full&#8221;][\/vc_column][vc_column width=&#8221;1\/6&#8243;][vc_single_image image=&#8221;9838&#8243; img_size=&#8221;full&#8221; alignment=&#8221;center&#8221; style=&#8221;vc_box_border&#8221; onclick=&#8221;custom_link&#8221; img_link_target=&#8221;_blank&#8221;][vc_empty_space height=&#8221;16px&#8221;][vc_row_inner][vc_column_inner][vc_column_text]\u00c7izgi Roman; \u0130stopya i\u00e7in <a href=\"https:\/\/drive.google.com\/file\/d\/1o6RzpFZ5WFwiy1-YTG6fvUIJTjYjn3N9\/view\">t\u0131klay\u0131n.<\/a>[\/vc_column_text][\/vc_column_inner][\/vc_row_inner][vc_row_inner][vc_column_inner width=&#8221;2\/3&#8243;][\/vc_column_inner][vc_column_inner width=&#8221;1\/3&#8243;][\/vc_column_inner][\/vc_row_inner][\/vc_column][\/vc_row][\/vc_section]<\/p>\n<\/div>","protected":false},"excerpt":{"rendered":"<p>[vc_section][vc_row][vc_column width=&#8221;1\/6&#8243;][vc_single_image image=&#8221;9839&#8243; img_size=&#8221;large&#8221; alignment=&#8221;center&#8221;][vc_empty_space][vc_column_text]Beyza Ayaz[\/vc_column_text][vc_empty_space height=&#8221;16px&#8221;][vc_column_text]Mimar TOBB Ekonomi ve Teknoloji \u00dcniversitesi G\u00fcz 2021 Dan\u0131\u015fman: Carlos Zarco Sanz &#8211; Zuhal Kol[\/vc_column_text][vc_empty_space][\/vc_column][vc_column width=&#8221;2\/3&#8243;][vc_column_text] Kanal \u0130stanbul\u2019a Simulakralar ve Sim\u00fclasyon Teorisi \u00dczerinden Ele\u015ftiri; [&hellip;]<\/p>\n","protected":false},"author":7,"featured_media":0,"parent":0,"menu_order":0,"comment_status":"closed","ping_status":"closed","template":"","meta":{"_acf_changed":false,"_seopress_robots_primary_cat":"","_seopress_titles_title":"Kanal \u0130stanbul\u2019a Simulakralar ve Sim\u00fclasyon Teorisi \u00dczerinden Ele\u015ftiri; \u0130stopya, Beyza Ayaz | %%sitetitle%%","_seopress_titles_desc":"Projede, sim\u00fclakra kavram\u0131n\u0131n mimarl\u0131k ile ili\u015fkisini kurduktan sonra \u0130stanbul kentine y\u00f6nelerek bu kavram\u0131n T\u00fcrkiye\u2019deki en b\u00fcy\u00fck \u015fehirde kar\u015f\u0131l\u0131k buldu\u011fu mekanlar\u0131 ara\u015ft\u0131r\u0131ld\u0131.","_seopress_robots_index":"","_price":"","_stock":"","_tribe_ticket_header":"","_tribe_default_ticket_provider":"","_tribe_ticket_capacity":"0","_ticket_start_date":"","_ticket_end_date":"","_tribe_ticket_show_description":"","_tribe_ticket_show_not_going":false,"_tribe_ticket_use_global_stock":"","_tribe_ticket_global_stock_level":"","_global_stock_mode":"","_global_stock_cap":"","_tribe_rsvp_for_event":"","_tribe_ticket_going_count":"","_tribe_ticket_not_going_count":"","_tribe_tickets_list":"[]","_tribe_ticket_has_attendee_info_fields":false,"_EventAllDay":false,"_EventTimezone":"","_EventStartDate":"","_EventEndDate":"","_EventStartDateUTC":"","_EventEndDateUTC":"","_EventShowMap":false,"_EventShowMapLink":false,"_EventURL":"","_EventCost":"","_EventCostDescription":"","_EventCurrencySymbol":"","_EventCurrencyCode":"","_EventCurrencyPosition":"","_EventDateTimeSeparator":"","_EventTimeRangeSeparator":"","_EventOrganizerID":[],"_EventVenueID":[],"_OrganizerEmail":"","_OrganizerPhone":"","_OrganizerWebsite":"","_VenueAddress":"","_VenueCity":"","_VenueCountry":"","_VenueProvince":"","_VenueState":"","_VenueZip":"","_VenuePhone":"","_VenueURL":"","_VenueStateProvince":"","_VenueLat":"","_VenueLng":"","_VenueShowMap":false,"_VenueShowMapLink":false,"footnotes":"","_tec_slr_enabled":"","_tec_slr_layout":""},"class_list":["post-9829","page","type-page","status-publish","hentry"],"acf":[],"ticketed":false,"_links":{"self":[{"href":"https:\/\/aura-istanbul.com\/index.php\/wp-json\/wp\/v2\/pages\/9829","targetHints":{"allow":["GET"]}}],"collection":[{"href":"https:\/\/aura-istanbul.com\/index.php\/wp-json\/wp\/v2\/pages"}],"about":[{"href":"https:\/\/aura-istanbul.com\/index.php\/wp-json\/wp\/v2\/types\/page"}],"author":[{"embeddable":true,"href":"https:\/\/aura-istanbul.com\/index.php\/wp-json\/wp\/v2\/users\/7"}],"replies":[{"embeddable":true,"href":"https:\/\/aura-istanbul.com\/index.php\/wp-json\/wp\/v2\/comments?post=9829"}],"version-history":[{"count":2,"href":"https:\/\/aura-istanbul.com\/index.php\/wp-json\/wp\/v2\/pages\/9829\/revisions"}],"predecessor-version":[{"id":15177,"href":"https:\/\/aura-istanbul.com\/index.php\/wp-json\/wp\/v2\/pages\/9829\/revisions\/15177"}],"wp:attachment":[{"href":"https:\/\/aura-istanbul.com\/index.php\/wp-json\/wp\/v2\/media?parent=9829"}],"curies":[{"name":"wp","href":"https:\/\/api.w.org\/{rel}","templated":true}]}}