{"id":9851,"date":"2022-02-15T14:51:19","date_gmt":"2022-02-15T11:51:19","guid":{"rendered":"https:\/\/aura-istanbul.com\/?page_id=9851"},"modified":"2025-09-23T20:44:55","modified_gmt":"2025-09-23T17:44:55","slug":"aura-alumni-cagatay-comakli","status":"publish","type":"page","link":"https:\/\/aura-istanbul.com\/index.php\/aura-alumni-cagatay-comakli\/","title":{"rendered":"AURA Alumni: \u00c7a\u011fatay \u00c7omakl\u0131"},"content":{"rendered":"<div class=\"wpb-content-wrapper\"><p>[vc_section][vc_row][vc_column width=&#8221;1\/6&#8243;][vc_single_image image=&#8221;9852&#8243; img_size=&#8221;large&#8221; alignment=&#8221;center&#8221;][vc_empty_space][vc_column_text]<strong>\u00c7a\u011fatay \u00c7omakl\u0131\u00a0<\/strong>[\/vc_column_text][vc_empty_space height=&#8221;16px&#8221;][vc_column_text]Mimar<br \/>\nAtat\u00fcrk \u00dcniversitesi<\/p>\n<p>G\u00fcz 2021<br \/>\nDan\u0131\u015fman: Tuna Han Ko\u00e7 &#8211; Zeynep Alt\u0131nba\u015fl\u0131[\/vc_column_text][vc_empty_space][\/vc_column][vc_column width=&#8221;2\/3&#8243;][vc_column_text]<\/p>\n<p style=\"text-align: left;\"><strong>\u0130stanbul\u2019un Kentsel ve K\u0131rsal Dinamiklerinin Sinemasal Ger\u00e7ekli\u011fi<\/strong><\/p>\n<p>[\/vc_column_text][vc_column_text]<span style=\"font-weight: 400;\">\u2018\u2018\u0130stanbul\u2019da g\u00fcndelik ya\u015famda kentsel ve k\u0131rsal dinamikler t\u00fcm \u00e7\u0131plaklar\u0131yla g\u00f6z \u00f6n\u00fcne serildi\u011finde bizlere ne s\u00f6yler?\u2019\u2019 sorusuyla ba\u015flayan \u00e7al\u0131\u015fmada, foto\u011fraf\u00e7\u0131l\u0131k disiplini ara\u015ft\u0131rma s\u00fcrecine dahil edildi. Yap\u0131lan ara\u015ft\u0131rmalar ve g\u00f6zlemler sonucunda sonu\u00e7 \u00fcr\u00fcn\u00fcn bir k\u0131sa film olmas\u0131 kararla\u015ft\u0131r\u0131ld\u0131. \u0130zleyicinin, haz\u0131rlanan g\u00f6rseller ve videolar \u00fczerinden, kentsel ve k\u0131rsal dinamikler \u00fczerine sorgulamalar yapabilmesini sa\u011flamak, ara\u015ft\u0131rman\u0131n str\u00fckt\u00fcr\u00fcn\u00fc olu\u015fturdu.<\/span><\/p>\n<p><span style=\"font-weight: 400;\">\u0130stanbul\u2019un kentsel ve k\u0131rsal ya\u015fam\u0131ndaki rutinler, anlar, ger\u00e7eklikler; Dzigo Vertov\u2019un \u2018\u2019Sineman\u0131n as\u0131l i\u015flevi belgelerin, ger\u00e7eklerin, hayat\u0131n, tarihsel s\u00fcre\u00e7lerin kayda ge\u00e7irilmesidir. Sahnelenmemi\u015f \u015fekilde \u00e7ekilen hayat\u0131n her an\u0131, gizli kamerayla ya da benzer bir teknikle hayatta oldu\u011fu haliyle gizli \u00e7ekilen, habersiz yakalanan her kare, film \u015feridine kaydedilmi\u015f bir ger\u00e7e\u011fi,film ger\u00e7e\u011fini yans\u0131t\u0131r.\u2019\u2019 al\u0131nt\u0131s\u0131ndan yola \u00e7\u0131k\u0131larak haz\u0131rlanan k\u0131sa film ile aktar\u0131ld\u0131.<\/span>[\/vc_column_text][vc_empty_space][vc_video link=&#8221;https:\/\/www.youtube.com\/watch?v=uBEiv87sSLA&#8221;][vc_empty_space][vc_gallery interval=&#8221;10&#8243; images=&#8221;9853,9854,9855,9856&#8243; img_size=&#8221;full&#8221;][\/vc_column][vc_column width=&#8221;1\/6&#8243;][vc_single_image image=&#8221;9857&#8243; img_size=&#8221;full&#8221; alignment=&#8221;center&#8221; style=&#8221;vc_box_border&#8221; onclick=&#8221;custom_link&#8221; img_link_target=&#8221;_blank&#8221;][vc_empty_space height=&#8221;16px&#8221;][vc_row_inner][vc_column_inner][\/vc_column_inner][\/vc_row_inner][vc_row_inner][vc_column_inner width=&#8221;2\/3&#8243;][vc_column_text]<a href=\"https:\/\/www.youtube.com\/watch?v=uBEiv87sSLA\">&#8220;Aray\u0131\u015f&#8221; K\u0131sa Film<\/a>[\/vc_column_text][\/vc_column_inner][vc_column_inner width=&#8221;1\/3&#8243;][vc_icon icon_fontawesome=&#8221;fa fa-youtube-play&#8221; color=&#8221;chino&#8221; link=&#8221;url:https%3A%2F%2Fwww.youtube.com%2Fwatch%3Fv%3DuBEiv87sSLA|||&#8221;][\/vc_column_inner][\/vc_row_inner][\/vc_column][\/vc_row][\/vc_section]<\/p>\n<\/div>","protected":false},"excerpt":{"rendered":"<p>[vc_section][vc_row][vc_column width=&#8221;1\/6&#8243;][vc_single_image image=&#8221;9852&#8243; img_size=&#8221;large&#8221; alignment=&#8221;center&#8221;][vc_empty_space][vc_column_text]\u00c7a\u011fatay \u00c7omakl\u0131\u00a0[\/vc_column_text][vc_empty_space height=&#8221;16px&#8221;][vc_column_text]Mimar Atat\u00fcrk \u00dcniversitesi G\u00fcz 2021 Dan\u0131\u015fman: Tuna Han Ko\u00e7 &#8211; Zeynep Alt\u0131nba\u015fl\u0131[\/vc_column_text][vc_empty_space][\/vc_column][vc_column width=&#8221;2\/3&#8243;][vc_column_text] \u0130stanbul\u2019un Kentsel ve K\u0131rsal Dinamiklerinin Sinemasal Ger\u00e7ekli\u011fi [\/vc_column_text][vc_column_text]\u2018\u2018\u0130stanbul\u2019da g\u00fcndelik ya\u015famda kentsel [&hellip;]<\/p>\n","protected":false},"author":7,"featured_media":0,"parent":0,"menu_order":0,"comment_status":"closed","ping_status":"closed","template":"","meta":{"_acf_changed":false,"_seopress_robots_primary_cat":"","_seopress_titles_title":"\u0130stanbul\u2019un Kentsel ve K\u0131rsal Dinamiklerinin Sinemasal Ger\u00e7ekli\u011fi, \u00c7a\u011fatay \u00c7omakl\u0131 | %%sitetitle%%","_seopress_titles_desc":"\u0130zleyicinin k\u0131sa film \u00fczerinden kentsel ve k\u0131rsal dinamikler \u00fczerine sorgulamalar yapabilmesini sa\u011flamak ara\u015ft\u0131rman\u0131n str\u00fckt\u00fcr\u00fcn\u00fc olu\u015fturmaktad\u0131r.","_seopress_robots_index":"","_price":"","_stock":"","_tribe_ticket_header":"","_tribe_default_ticket_provider":"","_tribe_ticket_capacity":"0","_ticket_start_date":"","_ticket_end_date":"","_tribe_ticket_show_description":"","_tribe_ticket_show_not_going":false,"_tribe_ticket_use_global_stock":"","_tribe_ticket_global_stock_level":"","_global_stock_mode":"","_global_stock_cap":"","_tribe_rsvp_for_event":"","_tribe_ticket_going_count":"","_tribe_ticket_not_going_count":"","_tribe_tickets_list":"[]","_tribe_ticket_has_attendee_info_fields":false,"_EventAllDay":false,"_EventTimezone":"","_EventStartDate":"","_EventEndDate":"","_EventStartDateUTC":"","_EventEndDateUTC":"","_EventShowMap":false,"_EventShowMapLink":false,"_EventURL":"","_EventCost":"","_EventCostDescription":"","_EventCurrencySymbol":"","_EventCurrencyCode":"","_EventCurrencyPosition":"","_EventDateTimeSeparator":"","_EventTimeRangeSeparator":"","_EventOrganizerID":[],"_EventVenueID":[],"_OrganizerEmail":"","_OrganizerPhone":"","_OrganizerWebsite":"","_VenueAddress":"","_VenueCity":"","_VenueCountry":"","_VenueProvince":"","_VenueState":"","_VenueZip":"","_VenuePhone":"","_VenueURL":"","_VenueStateProvince":"","_VenueLat":"","_VenueLng":"","_VenueShowMap":false,"_VenueShowMapLink":false,"footnotes":"","_tec_slr_enabled":"","_tec_slr_layout":""},"class_list":["post-9851","page","type-page","status-publish","hentry"],"acf":[],"ticketed":false,"_links":{"self":[{"href":"https:\/\/aura-istanbul.com\/index.php\/wp-json\/wp\/v2\/pages\/9851","targetHints":{"allow":["GET"]}}],"collection":[{"href":"https:\/\/aura-istanbul.com\/index.php\/wp-json\/wp\/v2\/pages"}],"about":[{"href":"https:\/\/aura-istanbul.com\/index.php\/wp-json\/wp\/v2\/types\/page"}],"author":[{"embeddable":true,"href":"https:\/\/aura-istanbul.com\/index.php\/wp-json\/wp\/v2\/users\/7"}],"replies":[{"embeddable":true,"href":"https:\/\/aura-istanbul.com\/index.php\/wp-json\/wp\/v2\/comments?post=9851"}],"version-history":[{"count":7,"href":"https:\/\/aura-istanbul.com\/index.php\/wp-json\/wp\/v2\/pages\/9851\/revisions"}],"predecessor-version":[{"id":15175,"href":"https:\/\/aura-istanbul.com\/index.php\/wp-json\/wp\/v2\/pages\/9851\/revisions\/15175"}],"wp:attachment":[{"href":"https:\/\/aura-istanbul.com\/index.php\/wp-json\/wp\/v2\/media?parent=9851"}],"curies":[{"name":"wp","href":"https:\/\/api.w.org\/{rel}","templated":true}]}}